{"id":9643,"date":"2018-04-25T11:47:55","date_gmt":"2018-04-25T11:47:55","guid":{"rendered":"https:\/\/lumart.fr\/?post_type=product&#038;p=9643"},"modified":"2023-07-13T14:21:23","modified_gmt":"2023-07-13T12:21:23","slug":"passy-applique-tgm-252","status":"publish","type":"product","link":"https:\/\/lumart.fr\/fr\/les-collections\/exterieur\/appliques-exterieur\/passy-applique-tgm-252\/","title":{"rendered":"Passy - Applique TGM"},"content":{"rendered":"<p>La sobri\u00e9t\u00e9 des lignes ponctu\u00e9es de d\u00e9licates boules en laiton fait de la collection Passy un grand classique d\u2019inspiration XIX\u00e8me qu\u2019il est possible de marier \u00e0 un grand nombre d\u2019architectures. Ce sont aussi les lanternes Passy que l\u2019on associera aux appliques de la collection <a href=\"https:\/\/lumart.fr\/fr\/les-collections\/exterieur\/appliques-exterieur\/alma-applique-gm-273\/\">Alma<\/a>.<\/p>\n","protected":false},"excerpt":{"rendered":"<p>Applique Passy TGM &#8211; Finition vieux laiton <a href=\"https:\/\/lumart.fr\/fr\/les-collections\/exterieur\/appliques-exterieur\/passy-applique-tgm-252\/\" class=\"more\">[ &hellip; ]<\/a><\/p>\n","protected":false},"featured_media":9646,"template":"","meta":[],"product_cat":[231],"product_tag":[],"acf":[],"yoast_head":"<!-- This site is optimized with the Yoast SEO plugin v17.8 - https:\/\/yoast.com\/wordpress\/plugins\/seo\/ -->\n<meta name=\"description\" content=\"La sobri\u00e9t\u00e9 des lignes ponctu\u00e9es de d\u00e9licates boules en laiton fait de la collection Passy un grand classique d\u2019inspiration XIX\u00e8me qu\u2019il est possible de marier \u00e0 un grand nombre d\u2019architectures. Ce sont aussi les lanternes Passy que l\u2019on associera aux appliques de la collection Alma.\" \/>\n<meta name=\"robots\" content=\"index, follow, max-snippet:-1, max-image-preview:large, max-video-preview:-1\" \/>\n<link rel=\"canonical\" href=\"https:\/\/lumart.fr\/fr\/les-collections\/exterieur\/appliques-exterieur\/passy-applique-tgm-252\/\" \/>\n<meta property=\"og:locale\" content=\"fr_FR\" \/>\n<meta property=\"og:type\" content=\"article\" \/>\n<meta property=\"og:title\" content=\"Passy applique TGM (252) - Lum&#039;art - Luminaires haut de gamme\" \/>\n<meta property=\"og:description\" content=\"La sobri\u00e9t\u00e9 des lignes ponctu\u00e9es de d\u00e9licates boules en laiton fait de la collection Passy un grand classique d\u2019inspiration XIX\u00e8me qu\u2019il est possible de marier \u00e0 un grand nombre d\u2019architectures. Ce sont aussi les lanternes Passy que l\u2019on associera aux appliques de la collection Alma.\" \/>\n<meta property=\"og:url\" content=\"https:\/\/lumart.fr\/fr\/les-collections\/exterieur\/appliques-exterieur\/passy-applique-tgm-252\/\" \/>\n<meta property=\"og:site_name\" content=\"Lum&#039;art\" \/>\n<meta property=\"article:publisher\" content=\"https:\/\/www.facebook.com\/LumArt-1543826629180391\/\" \/>\n<meta property=\"article:modified_time\" content=\"2023-07-13T12:21:23+00:00\" \/>\n<meta property=\"og:image\" content=\"https:\/\/lumart.fr\/wp-content\/uploads\/2018\/04\/252-Applique-Passy-TGM-VL-Lumart-BD2.jpg\" \/>\n\t<meta property=\"og:image:width\" content=\"2551\" \/>\n\t<meta property=\"og:image:height\" content=\"1701\" \/>\n<meta name=\"twitter:card\" content=\"summary\" \/>\n<script type=\"application\/ld+json\" class=\"yoast-schema-graph\">{\"@context\":\"https:\/\/schema.org\",\"@graph\":[{\"@type\":\"WebSite\",\"@id\":\"https:\/\/lumart.fr\/fr\/#website\",\"url\":\"https:\/\/lumart.fr\/fr\/\",\"name\":\"Lum'art\",\"description\":\"\",\"potentialAction\":[{\"@type\":\"SearchAction\",\"target\":{\"@type\":\"EntryPoint\",\"urlTemplate\":\"https:\/\/lumart.fr\/fr\/?s={search_term_string}\"},\"query-input\":\"required name=search_term_string\"}],\"inLanguage\":\"fr-FR\"},{\"@type\":\"ImageObject\",\"@id\":\"https:\/\/lumart.fr\/fr\/les-collections\/exterieur\/appliques-exterieur\/passy-applique-tgm-252\/#primaryimage\",\"inLanguage\":\"fr-FR\",\"url\":\"\/wp-content\/uploads\/2018\/04\/252-Applique-Passy-TGM-VL-Lumart-BD2.jpg\",\"contentUrl\":\"\/wp-content\/uploads\/2018\/04\/252-Applique-Passy-TGM-VL-Lumart-BD2.jpg\",\"width\":2551,\"height\":1701,\"caption\":\"Applique Passy TGM - Finition Vieux laiton\"},{\"@type\":\"WebPage\",\"@id\":\"https:\/\/lumart.fr\/fr\/les-collections\/exterieur\/appliques-exterieur\/passy-applique-tgm-252\/#webpage\",\"url\":\"https:\/\/lumart.fr\/fr\/les-collections\/exterieur\/appliques-exterieur\/passy-applique-tgm-252\/\",\"name\":\"Passy applique TGM (252) - Lum'art - Luminaires haut de gamme\",\"isPartOf\":{\"@id\":\"https:\/\/lumart.fr\/fr\/#website\"},\"primaryImageOfPage\":{\"@id\":\"https:\/\/lumart.fr\/fr\/les-collections\/exterieur\/appliques-exterieur\/passy-applique-tgm-252\/#primaryimage\"},\"datePublished\":\"2018-04-25T11:47:55+00:00\",\"dateModified\":\"2023-07-13T12:21:23+00:00\",\"description\":\"La sobri\\u00e9t\\u00e9 des lignes ponctu\\u00e9es de d\\u00e9licates boules en laiton fait de la collection Passy un grand classique d\\u2019inspiration XIX\\u00e8me qu\\u2019il est possible de marier \\u00e0 un grand nombre d\\u2019architectures. Ce sont aussi les lanternes Passy que l\\u2019on associera aux appliques de la collection Alma.\",\"breadcrumb\":{\"@id\":\"https:\/\/lumart.fr\/fr\/les-collections\/exterieur\/appliques-exterieur\/passy-applique-tgm-252\/#breadcrumb\"},\"inLanguage\":\"fr-FR\",\"potentialAction\":[{\"@type\":\"ReadAction\",\"target\":[\"https:\/\/lumart.fr\/fr\/les-collections\/exterieur\/appliques-exterieur\/passy-applique-tgm-252\/\"]}]},{\"@type\":\"BreadcrumbList\",\"@id\":\"https:\/\/lumart.fr\/fr\/les-collections\/exterieur\/appliques-exterieur\/passy-applique-tgm-252\/#breadcrumb\",\"itemListElement\":[{\"@type\":\"ListItem\",\"position\":1,\"name\":\"Home\",\"item\":\"https:\/\/lumart.fr\/fr\/\"},{\"@type\":\"ListItem\",\"position\":2,\"name\":\"Les Collections\",\"item\":\"https:\/\/lumart.fr\/fr\/les-collections\/\"},{\"@type\":\"ListItem\",\"position\":3,\"name\":\"Passy - Applique TGM\"}]}]}<\/script>\n<!-- \/ Yoast SEO plugin. -->","yoast_head_json":{"description":"La sobri\u00e9t\u00e9 des lignes ponctu\u00e9es de d\u00e9licates boules en laiton fait de la collection Passy un grand classique d\u2019inspiration XIX\u00e8me qu\u2019il est possible de marier \u00e0 un grand nombre d\u2019architectures. Ce sont aussi les lanternes Passy que l\u2019on associera aux appliques de la collection Alma.","robots":{"index":"index","follow":"follow","max-snippet":"max-snippet:-1","max-image-preview":"max-image-preview:large","max-video-preview":"max-video-preview:-1"},"canonical":"https:\/\/lumart.fr\/fr\/les-collections\/exterieur\/appliques-exterieur\/passy-applique-tgm-252\/","og_locale":"fr_FR","og_type":"article","og_title":"Passy applique TGM (252) - Lum'art - Luminaires haut de gamme","og_description":"La sobri\u00e9t\u00e9 des lignes ponctu\u00e9es de d\u00e9licates boules en laiton fait de la collection Passy un grand classique d\u2019inspiration XIX\u00e8me qu\u2019il est possible de marier \u00e0 un grand nombre d\u2019architectures. Ce sont aussi les lanternes Passy que l\u2019on associera aux appliques de la collection Alma.","og_url":"https:\/\/lumart.fr\/fr\/les-collections\/exterieur\/appliques-exterieur\/passy-applique-tgm-252\/","og_site_name":"Lum&#039;art","article_publisher":"https:\/\/www.facebook.com\/LumArt-1543826629180391\/","article_modified_time":"2023-07-13T12:21:23+00:00","og_image":[{"width":2551,"height":1701,"url":"https:\/\/lumart.fr\/wp-content\/uploads\/2018\/04\/252-Applique-Passy-TGM-VL-Lumart-BD2.jpg","type":"image\/jpeg"}],"twitter_card":"summary","schema":{"@context":"https:\/\/schema.org","@graph":[{"@type":"WebSite","@id":"https:\/\/lumart.fr\/fr\/#website","url":"https:\/\/lumart.fr\/fr\/","name":"Lum'art","description":"","potentialAction":[{"@type":"SearchAction","target":{"@type":"EntryPoint","urlTemplate":"https:\/\/lumart.fr\/fr\/?s={search_term_string}"},"query-input":"required name=search_term_string"}],"inLanguage":"fr-FR"},{"@type":"ImageObject","@id":"https:\/\/lumart.fr\/fr\/les-collections\/exterieur\/appliques-exterieur\/passy-applique-tgm-252\/#primaryimage","inLanguage":"fr-FR","url":"\/wp-content\/uploads\/2018\/04\/252-Applique-Passy-TGM-VL-Lumart-BD2.jpg","contentUrl":"\/wp-content\/uploads\/2018\/04\/252-Applique-Passy-TGM-VL-Lumart-BD2.jpg","width":2551,"height":1701,"caption":"Applique Passy TGM - Finition Vieux laiton"},{"@type":"WebPage","@id":"https:\/\/lumart.fr\/fr\/les-collections\/exterieur\/appliques-exterieur\/passy-applique-tgm-252\/#webpage","url":"https:\/\/lumart.fr\/fr\/les-collections\/exterieur\/appliques-exterieur\/passy-applique-tgm-252\/","name":"Passy applique TGM (252) - Lum'art - Luminaires haut de gamme","isPartOf":{"@id":"https:\/\/lumart.fr\/fr\/#website"},"primaryImageOfPage":{"@id":"https:\/\/lumart.fr\/fr\/les-collections\/exterieur\/appliques-exterieur\/passy-applique-tgm-252\/#primaryimage"},"datePublished":"2018-04-25T11:47:55+00:00","dateModified":"2023-07-13T12:21:23+00:00","description":"La sobri\u00e9t\u00e9 des lignes ponctu\u00e9es de d\u00e9licates boules en laiton fait de la collection Passy un grand classique d\u2019inspiration XIX\u00e8me qu\u2019il est possible de marier \u00e0 un grand nombre d\u2019architectures. Ce sont aussi les lanternes Passy que l\u2019on associera aux appliques de la collection Alma.","breadcrumb":{"@id":"https:\/\/lumart.fr\/fr\/les-collections\/exterieur\/appliques-exterieur\/passy-applique-tgm-252\/#breadcrumb"},"inLanguage":"fr-FR","potentialAction":[{"@type":"ReadAction","target":["https:\/\/lumart.fr\/fr\/les-collections\/exterieur\/appliques-exterieur\/passy-applique-tgm-252\/"]}]},{"@type":"BreadcrumbList","@id":"https:\/\/lumart.fr\/fr\/les-collections\/exterieur\/appliques-exterieur\/passy-applique-tgm-252\/#breadcrumb","itemListElement":[{"@type":"ListItem","position":1,"name":"Home","item":"https:\/\/lumart.fr\/fr\/"},{"@type":"ListItem","position":2,"name":"Les Collections","item":"https:\/\/lumart.fr\/fr\/les-collections\/"},{"@type":"ListItem","position":3,"name":"Passy - Applique TGM"}]}]}},"_links":{"self":[{"href":"https:\/\/lumart.fr\/fr\/wp-json\/wp\/v2\/product\/9643"}],"collection":[{"href":"https:\/\/lumart.fr\/fr\/wp-json\/wp\/v2\/product"}],"about":[{"href":"https:\/\/lumart.fr\/fr\/wp-json\/wp\/v2\/types\/product"}],"wp:featuredmedia":[{"embeddable":true,"href":"https:\/\/lumart.fr\/fr\/wp-json\/wp\/v2\/media\/9646"}],"wp:attachment":[{"href":"https:\/\/lumart.fr\/fr\/wp-json\/wp\/v2\/media?parent=9643"}],"wp:term":[{"taxonomy":"product_cat","embeddable":true,"href":"https:\/\/lumart.fr\/fr\/wp-json\/wp\/v2\/product_cat?post=9643"},{"taxonomy":"product_tag","embeddable":true,"href":"https:\/\/lumart.fr\/fr\/wp-json\/wp\/v2\/product_tag?post=9643"}],"curies":[{"name":"wp","href":"https:\/\/api.w.org\/{rel}","templated":true}]}}