{"id":773,"date":"2017-12-04T11:59:47","date_gmt":"2017-12-04T11:59:47","guid":{"rendered":"https:\/\/lumart.fr\/collections\/non%20class\u00e9\/antana-lanterne-tgm-1010-4\/"},"modified":"2023-06-19T15:16:53","modified_gmt":"2023-06-19T13:16:53","slug":"antana-lanterne-tgm-1010-4","status":"publish","type":"product","link":"https:\/\/lumart.fr\/fr\/les-collections\/exterieur\/lanternes\/antana-lanterne-tgm-1010-4\/","title":{"rendered":"Antana - Lanterne TGM"},"content":{"rendered":"<p>La rectitude des lignes de la collection Antana conf\u00e8re un esprit r\u00e9solument contemporain \u00e0 l&rsquo;ensemble des mod\u00e8les. Dans sa version lanterne, Antana accentue encore sa signature design avec un simple ou un double pont de lumi\u00e8res \u00e0 sa base.<\/p>\n","protected":false},"excerpt":{"rendered":"<p>La rectitude des lignes de la collection Antana conf\u00e8re un esprit r\u00e9solument contemporain \u00e0 l&rsquo;ensemble des mod\u00e8les. Dans sa version lanterne, Antana accentue encore sa signature design avec un simple ou un double pont de lumi\u00e8res \u00e0 sa base.<\/p>\n","protected":false},"featured_media":9693,"template":"","meta":[],"product_cat":[233],"product_tag":[],"acf":[],"yoast_head":"<!-- This site is optimized with the Yoast SEO plugin v17.8 - https:\/\/yoast.com\/wordpress\/plugins\/seo\/ -->\n<meta name=\"robots\" content=\"index, follow, max-snippet:-1, max-image-preview:large, max-video-preview:-1\" \/>\n<link rel=\"canonical\" href=\"https:\/\/lumart.fr\/fr\/les-collections\/exterieur\/lanternes\/antana-lanterne-tgm-1010-4\/\" \/>\n<meta property=\"og:locale\" content=\"fr_FR\" \/>\n<meta property=\"og:type\" content=\"article\" \/>\n<meta property=\"og:title\" content=\"Antana Lanterne TGM (1010\/4) - Lum&#039;art\" \/>\n<meta property=\"og:description\" content=\"La rectitude des lignes de la collection Antana conf\u00e8re un esprit r\u00e9solument contemporain \u00e0 l&rsquo;ensemble des mod\u00e8les. Dans sa version lanterne, Antana accentue encore sa signature design avec un simple ou un double pont de lumi\u00e8res \u00e0 sa base.\" \/>\n<meta property=\"og:url\" content=\"https:\/\/lumart.fr\/fr\/les-collections\/exterieur\/lanternes\/antana-lanterne-tgm-1010-4\/\" \/>\n<meta property=\"og:site_name\" content=\"Lum&#039;art\" \/>\n<meta property=\"article:publisher\" content=\"https:\/\/www.facebook.com\/LumArt-1543826629180391\/\" \/>\n<meta property=\"article:modified_time\" content=\"2023-06-19T13:16:53+00:00\" \/>\n<meta property=\"og:image\" content=\"https:\/\/lumart.fr\/wp-content\/uploads\/2017\/12\/1010-4-Lanterne-Antana-TGM-L-Lumart-BD1-1.jpg\" \/>\n\t<meta property=\"og:image:width\" content=\"2551\" \/>\n\t<meta property=\"og:image:height\" content=\"1701\" \/>\n<meta name=\"twitter:card\" content=\"summary\" \/>\n<script type=\"application\/ld+json\" class=\"yoast-schema-graph\">{\"@context\":\"https:\/\/schema.org\",\"@graph\":[{\"@type\":\"WebSite\",\"@id\":\"https:\/\/lumart.fr\/fr\/#website\",\"url\":\"https:\/\/lumart.fr\/fr\/\",\"name\":\"Lum'art\",\"description\":\"\",\"potentialAction\":[{\"@type\":\"SearchAction\",\"target\":{\"@type\":\"EntryPoint\",\"urlTemplate\":\"https:\/\/lumart.fr\/fr\/?s={search_term_string}\"},\"query-input\":\"required name=search_term_string\"}],\"inLanguage\":\"fr-FR\"},{\"@type\":\"ImageObject\",\"@id\":\"https:\/\/lumart.fr\/fr\/les-collections\/exterieur\/lanternes\/antana-lanterne-tgm-1010-4\/#primaryimage\",\"inLanguage\":\"fr-FR\",\"url\":\"\/wp-content\/uploads\/2017\/12\/1010-4-Lanterne-Antana-TGM-L-Lumart-BD1-1.jpg\",\"contentUrl\":\"\/wp-content\/uploads\/2017\/12\/1010-4-Lanterne-Antana-TGM-L-Lumart-BD1-1.jpg\",\"width\":2551,\"height\":1701,\"caption\":\"Lanterne Antana TGM - Finition laque noire\"},{\"@type\":\"WebPage\",\"@id\":\"https:\/\/lumart.fr\/fr\/les-collections\/exterieur\/lanternes\/antana-lanterne-tgm-1010-4\/#webpage\",\"url\":\"https:\/\/lumart.fr\/fr\/les-collections\/exterieur\/lanternes\/antana-lanterne-tgm-1010-4\/\",\"name\":\"Antana Lanterne TGM (1010\/4) - Lum&#039;art\",\"isPartOf\":{\"@id\":\"https:\/\/lumart.fr\/fr\/#website\"},\"primaryImageOfPage\":{\"@id\":\"https:\/\/lumart.fr\/fr\/les-collections\/exterieur\/lanternes\/antana-lanterne-tgm-1010-4\/#primaryimage\"},\"datePublished\":\"2017-12-04T11:59:47+00:00\",\"dateModified\":\"2023-06-19T13:16:53+00:00\",\"breadcrumb\":{\"@id\":\"https:\/\/lumart.fr\/fr\/les-collections\/exterieur\/lanternes\/antana-lanterne-tgm-1010-4\/#breadcrumb\"},\"inLanguage\":\"fr-FR\",\"potentialAction\":[{\"@type\":\"ReadAction\",\"target\":[\"https:\/\/lumart.fr\/fr\/les-collections\/exterieur\/lanternes\/antana-lanterne-tgm-1010-4\/\"]}]},{\"@type\":\"BreadcrumbList\",\"@id\":\"https:\/\/lumart.fr\/fr\/les-collections\/exterieur\/lanternes\/antana-lanterne-tgm-1010-4\/#breadcrumb\",\"itemListElement\":[{\"@type\":\"ListItem\",\"position\":1,\"name\":\"Home\",\"item\":\"https:\/\/lumart.fr\/fr\/\"},{\"@type\":\"ListItem\",\"position\":2,\"name\":\"Les Collections\",\"item\":\"https:\/\/lumart.fr\/fr\/les-collections\/\"},{\"@type\":\"ListItem\",\"position\":3,\"name\":\"Antana - Lanterne TGM\"}]}]}<\/script>\n<!-- \/ Yoast SEO plugin. -->","yoast_head_json":{"robots":{"index":"index","follow":"follow","max-snippet":"max-snippet:-1","max-image-preview":"max-image-preview:large","max-video-preview":"max-video-preview:-1"},"canonical":"https:\/\/lumart.fr\/fr\/les-collections\/exterieur\/lanternes\/antana-lanterne-tgm-1010-4\/","og_locale":"fr_FR","og_type":"article","og_title":"Antana Lanterne TGM (1010\/4) - Lum&#039;art","og_description":"La rectitude des lignes de la collection Antana conf\u00e8re un esprit r\u00e9solument contemporain \u00e0 l&rsquo;ensemble des mod\u00e8les. Dans sa version lanterne, Antana accentue encore sa signature design avec un simple ou un double pont de lumi\u00e8res \u00e0 sa base.","og_url":"https:\/\/lumart.fr\/fr\/les-collections\/exterieur\/lanternes\/antana-lanterne-tgm-1010-4\/","og_site_name":"Lum&#039;art","article_publisher":"https:\/\/www.facebook.com\/LumArt-1543826629180391\/","article_modified_time":"2023-06-19T13:16:53+00:00","og_image":[{"width":2551,"height":1701,"url":"https:\/\/lumart.fr\/wp-content\/uploads\/2017\/12\/1010-4-Lanterne-Antana-TGM-L-Lumart-BD1-1.jpg","type":"image\/jpeg"}],"twitter_card":"summary","schema":{"@context":"https:\/\/schema.org","@graph":[{"@type":"WebSite","@id":"https:\/\/lumart.fr\/fr\/#website","url":"https:\/\/lumart.fr\/fr\/","name":"Lum'art","description":"","potentialAction":[{"@type":"SearchAction","target":{"@type":"EntryPoint","urlTemplate":"https:\/\/lumart.fr\/fr\/?s={search_term_string}"},"query-input":"required name=search_term_string"}],"inLanguage":"fr-FR"},{"@type":"ImageObject","@id":"https:\/\/lumart.fr\/fr\/les-collections\/exterieur\/lanternes\/antana-lanterne-tgm-1010-4\/#primaryimage","inLanguage":"fr-FR","url":"\/wp-content\/uploads\/2017\/12\/1010-4-Lanterne-Antana-TGM-L-Lumart-BD1-1.jpg","contentUrl":"\/wp-content\/uploads\/2017\/12\/1010-4-Lanterne-Antana-TGM-L-Lumart-BD1-1.jpg","width":2551,"height":1701,"caption":"Lanterne Antana TGM - Finition laque noire"},{"@type":"WebPage","@id":"https:\/\/lumart.fr\/fr\/les-collections\/exterieur\/lanternes\/antana-lanterne-tgm-1010-4\/#webpage","url":"https:\/\/lumart.fr\/fr\/les-collections\/exterieur\/lanternes\/antana-lanterne-tgm-1010-4\/","name":"Antana Lanterne TGM (1010\/4) - Lum&#039;art","isPartOf":{"@id":"https:\/\/lumart.fr\/fr\/#website"},"primaryImageOfPage":{"@id":"https:\/\/lumart.fr\/fr\/les-collections\/exterieur\/lanternes\/antana-lanterne-tgm-1010-4\/#primaryimage"},"datePublished":"2017-12-04T11:59:47+00:00","dateModified":"2023-06-19T13:16:53+00:00","breadcrumb":{"@id":"https:\/\/lumart.fr\/fr\/les-collections\/exterieur\/lanternes\/antana-lanterne-tgm-1010-4\/#breadcrumb"},"inLanguage":"fr-FR","potentialAction":[{"@type":"ReadAction","target":["https:\/\/lumart.fr\/fr\/les-collections\/exterieur\/lanternes\/antana-lanterne-tgm-1010-4\/"]}]},{"@type":"BreadcrumbList","@id":"https:\/\/lumart.fr\/fr\/les-collections\/exterieur\/lanternes\/antana-lanterne-tgm-1010-4\/#breadcrumb","itemListElement":[{"@type":"ListItem","position":1,"name":"Home","item":"https:\/\/lumart.fr\/fr\/"},{"@type":"ListItem","position":2,"name":"Les Collections","item":"https:\/\/lumart.fr\/fr\/les-collections\/"},{"@type":"ListItem","position":3,"name":"Antana - Lanterne TGM"}]}]}},"_links":{"self":[{"href":"https:\/\/lumart.fr\/fr\/wp-json\/wp\/v2\/product\/773"}],"collection":[{"href":"https:\/\/lumart.fr\/fr\/wp-json\/wp\/v2\/product"}],"about":[{"href":"https:\/\/lumart.fr\/fr\/wp-json\/wp\/v2\/types\/product"}],"wp:featuredmedia":[{"embeddable":true,"href":"https:\/\/lumart.fr\/fr\/wp-json\/wp\/v2\/media\/9693"}],"wp:attachment":[{"href":"https:\/\/lumart.fr\/fr\/wp-json\/wp\/v2\/media?parent=773"}],"wp:term":[{"taxonomy":"product_cat","embeddable":true,"href":"https:\/\/lumart.fr\/fr\/wp-json\/wp\/v2\/product_cat?post=773"},{"taxonomy":"product_tag","embeddable":true,"href":"https:\/\/lumart.fr\/fr\/wp-json\/wp\/v2\/product_tag?post=773"}],"curies":[{"name":"wp","href":"https:\/\/api.w.org\/{rel}","templated":true}]}}