{"id":6368,"date":"2017-12-18T14:36:48","date_gmt":"2017-12-18T14:36:48","guid":{"rendered":"https:\/\/lumart.fr\/les-collections\/non%20class\u00e9\/bellecour-lanterne-gm-182\/"},"modified":"2019-03-06T15:19:42","modified_gmt":"2019-03-06T15:19:42","slug":"bellecour-lanterne-gm-182","status":"publish","type":"product","link":"https:\/\/lumart.fr\/fr\/les-collections\/exterieur\/lanternes\/bellecour-lanterne-gm-182\/","title":{"rendered":"Bellecour - Lanterne GM"},"content":{"rendered":"<p>Nouveau classique, la collection Bellecour signe un grand nombre de cr\u00e9ations architecturales contemporaines. Tout en transparence et en sobri\u00e9t\u00e9, elle s&rsquo;accommode \u00e9galement de b\u00e2ti plus traditionnel voire ancien auquel elle donne une touche design. Attention tr\u00e8s belle ampoule exig\u00e9e !<\/p>\n","protected":false},"excerpt":{"rendered":"<p>Nouveau classique, la collection Bellecour signe un grand nombre de cr\u00e9ations architecturales contemporaines. Tout en transparence et en sobri\u00e9t\u00e9, elle s&rsquo;accommode \u00e9galement de b\u00e2ti plus traditionnel voire ancien auquel elle donne une touche design. Attention tr\u00e8s belle ampoule exig\u00e9e !<\/p>\n","protected":false},"featured_media":1881,"template":"","meta":[],"product_cat":[233],"product_tag":[],"acf":[],"yoast_head":"<!-- This site is optimized with the Yoast SEO plugin v17.8 - https:\/\/yoast.com\/wordpress\/plugins\/seo\/ -->\n<meta name=\"description\" content=\"Nouveau classique, la collection Bellecour signe un grand nombre de cr\u00e9ations architecturales contemporaines. Tout en transparence et en sobri\u00e9t\u00e9, elle s&#039;accommode \u00e9galement de b\u00e2ti plus traditionnel voire ancien auquel elle donne une touche design. Attention tr\u00e8s belle ampoule exig\u00e9e !\" \/>\n<meta name=\"robots\" content=\"index, follow, max-snippet:-1, max-image-preview:large, max-video-preview:-1\" \/>\n<link rel=\"canonical\" href=\"https:\/\/lumart.fr\/fr\/les-collections\/exterieur\/lanternes\/bellecour-lanterne-gm-182\/\" \/>\n<meta property=\"og:locale\" content=\"fr_FR\" \/>\n<meta property=\"og:type\" content=\"article\" \/>\n<meta property=\"og:title\" content=\"Lanterne Bellecour GM (182) - Lum&#039;art\" \/>\n<meta property=\"og:description\" content=\"Nouveau classique, la collection Bellecour signe un grand nombre de cr\u00e9ations architecturales contemporaines. Tout en transparence et en sobri\u00e9t\u00e9, elle s&#039;accommode \u00e9galement de b\u00e2ti plus traditionnel voire ancien auquel elle donne une touche design. Attention tr\u00e8s belle ampoule exig\u00e9e !\" \/>\n<meta property=\"og:url\" content=\"https:\/\/lumart.fr\/fr\/les-collections\/exterieur\/lanternes\/bellecour-lanterne-gm-182\/\" \/>\n<meta property=\"og:site_name\" content=\"Lum&#039;art\" \/>\n<meta property=\"article:publisher\" content=\"https:\/\/www.facebook.com\/LumArt-1543826629180391\/\" \/>\n<meta property=\"article:modified_time\" content=\"2019-03-06T15:19:42+00:00\" \/>\n<meta property=\"og:image\" content=\"https:\/\/lumart.fr\/wp-content\/uploads\/2017\/12\/182-Lanterne-Bellecour-GM-VL-Lumart-BD-2.jpg\" \/>\n\t<meta property=\"og:image:width\" content=\"2551\" \/>\n\t<meta property=\"og:image:height\" content=\"1701\" \/>\n<meta name=\"twitter:card\" content=\"summary\" \/>\n<script type=\"application\/ld+json\" class=\"yoast-schema-graph\">{\"@context\":\"https:\/\/schema.org\",\"@graph\":[{\"@type\":\"WebSite\",\"@id\":\"https:\/\/lumart.fr\/fr\/#website\",\"url\":\"https:\/\/lumart.fr\/fr\/\",\"name\":\"Lum'art\",\"description\":\"\",\"potentialAction\":[{\"@type\":\"SearchAction\",\"target\":{\"@type\":\"EntryPoint\",\"urlTemplate\":\"https:\/\/lumart.fr\/fr\/?s={search_term_string}\"},\"query-input\":\"required name=search_term_string\"}],\"inLanguage\":\"fr-FR\"},{\"@type\":\"ImageObject\",\"@id\":\"https:\/\/lumart.fr\/fr\/les-collections\/exterieur\/lanternes\/bellecour-lanterne-gm-182\/#primaryimage\",\"inLanguage\":\"fr-FR\",\"url\":\"\/wp-content\/uploads\/2017\/12\/182-Lanterne-Bellecour-GM-VL-Lumart-BD-2.jpg\",\"contentUrl\":\"\/wp-content\/uploads\/2017\/12\/182-Lanterne-Bellecour-GM-VL-Lumart-BD-2.jpg\",\"width\":2551,\"height\":1701,\"caption\":\"Lanterne Bellecour GM - Finition vieux laiton\"},{\"@type\":\"WebPage\",\"@id\":\"https:\/\/lumart.fr\/fr\/les-collections\/exterieur\/lanternes\/bellecour-lanterne-gm-182\/#webpage\",\"url\":\"https:\/\/lumart.fr\/fr\/les-collections\/exterieur\/lanternes\/bellecour-lanterne-gm-182\/\",\"name\":\"Lanterne Bellecour GM (182) - Lum'art\",\"isPartOf\":{\"@id\":\"https:\/\/lumart.fr\/fr\/#website\"},\"primaryImageOfPage\":{\"@id\":\"https:\/\/lumart.fr\/fr\/les-collections\/exterieur\/lanternes\/bellecour-lanterne-gm-182\/#primaryimage\"},\"datePublished\":\"2017-12-18T14:36:48+00:00\",\"dateModified\":\"2019-03-06T15:19:42+00:00\",\"description\":\"Nouveau classique, la collection Bellecour signe un grand nombre de cr\\u00e9ations architecturales contemporaines. Tout en transparence et en sobri\\u00e9t\\u00e9, elle s'accommode \\u00e9galement de b\\u00e2ti plus traditionnel voire ancien auquel elle donne une touche design. Attention tr\\u00e8s belle ampoule exig\\u00e9e !\",\"breadcrumb\":{\"@id\":\"https:\/\/lumart.fr\/fr\/les-collections\/exterieur\/lanternes\/bellecour-lanterne-gm-182\/#breadcrumb\"},\"inLanguage\":\"fr-FR\",\"potentialAction\":[{\"@type\":\"ReadAction\",\"target\":[\"https:\/\/lumart.fr\/fr\/les-collections\/exterieur\/lanternes\/bellecour-lanterne-gm-182\/\"]}]},{\"@type\":\"BreadcrumbList\",\"@id\":\"https:\/\/lumart.fr\/fr\/les-collections\/exterieur\/lanternes\/bellecour-lanterne-gm-182\/#breadcrumb\",\"itemListElement\":[{\"@type\":\"ListItem\",\"position\":1,\"name\":\"Home\",\"item\":\"https:\/\/lumart.fr\/fr\/\"},{\"@type\":\"ListItem\",\"position\":2,\"name\":\"Les Collections\",\"item\":\"https:\/\/lumart.fr\/fr\/les-collections\/\"},{\"@type\":\"ListItem\",\"position\":3,\"name\":\"Bellecour - Lanterne GM\"}]}]}<\/script>\n<!-- \/ Yoast SEO plugin. -->","yoast_head_json":{"description":"Nouveau classique, la collection Bellecour signe un grand nombre de cr\u00e9ations architecturales contemporaines. Tout en transparence et en sobri\u00e9t\u00e9, elle s'accommode \u00e9galement de b\u00e2ti plus traditionnel voire ancien auquel elle donne une touche design. Attention tr\u00e8s belle ampoule exig\u00e9e !","robots":{"index":"index","follow":"follow","max-snippet":"max-snippet:-1","max-image-preview":"max-image-preview:large","max-video-preview":"max-video-preview:-1"},"canonical":"https:\/\/lumart.fr\/fr\/les-collections\/exterieur\/lanternes\/bellecour-lanterne-gm-182\/","og_locale":"fr_FR","og_type":"article","og_title":"Lanterne Bellecour GM (182) - Lum'art","og_description":"Nouveau classique, la collection Bellecour signe un grand nombre de cr\u00e9ations architecturales contemporaines. Tout en transparence et en sobri\u00e9t\u00e9, elle s'accommode \u00e9galement de b\u00e2ti plus traditionnel voire ancien auquel elle donne une touche design. Attention tr\u00e8s belle ampoule exig\u00e9e !","og_url":"https:\/\/lumart.fr\/fr\/les-collections\/exterieur\/lanternes\/bellecour-lanterne-gm-182\/","og_site_name":"Lum&#039;art","article_publisher":"https:\/\/www.facebook.com\/LumArt-1543826629180391\/","article_modified_time":"2019-03-06T15:19:42+00:00","og_image":[{"width":2551,"height":1701,"url":"https:\/\/lumart.fr\/wp-content\/uploads\/2017\/12\/182-Lanterne-Bellecour-GM-VL-Lumart-BD-2.jpg","type":"image\/jpeg"}],"twitter_card":"summary","schema":{"@context":"https:\/\/schema.org","@graph":[{"@type":"WebSite","@id":"https:\/\/lumart.fr\/fr\/#website","url":"https:\/\/lumart.fr\/fr\/","name":"Lum'art","description":"","potentialAction":[{"@type":"SearchAction","target":{"@type":"EntryPoint","urlTemplate":"https:\/\/lumart.fr\/fr\/?s={search_term_string}"},"query-input":"required name=search_term_string"}],"inLanguage":"fr-FR"},{"@type":"ImageObject","@id":"https:\/\/lumart.fr\/fr\/les-collections\/exterieur\/lanternes\/bellecour-lanterne-gm-182\/#primaryimage","inLanguage":"fr-FR","url":"\/wp-content\/uploads\/2017\/12\/182-Lanterne-Bellecour-GM-VL-Lumart-BD-2.jpg","contentUrl":"\/wp-content\/uploads\/2017\/12\/182-Lanterne-Bellecour-GM-VL-Lumart-BD-2.jpg","width":2551,"height":1701,"caption":"Lanterne Bellecour GM - Finition vieux laiton"},{"@type":"WebPage","@id":"https:\/\/lumart.fr\/fr\/les-collections\/exterieur\/lanternes\/bellecour-lanterne-gm-182\/#webpage","url":"https:\/\/lumart.fr\/fr\/les-collections\/exterieur\/lanternes\/bellecour-lanterne-gm-182\/","name":"Lanterne Bellecour GM (182) - Lum'art","isPartOf":{"@id":"https:\/\/lumart.fr\/fr\/#website"},"primaryImageOfPage":{"@id":"https:\/\/lumart.fr\/fr\/les-collections\/exterieur\/lanternes\/bellecour-lanterne-gm-182\/#primaryimage"},"datePublished":"2017-12-18T14:36:48+00:00","dateModified":"2019-03-06T15:19:42+00:00","description":"Nouveau classique, la collection Bellecour signe un grand nombre de cr\u00e9ations architecturales contemporaines. Tout en transparence et en sobri\u00e9t\u00e9, elle s'accommode \u00e9galement de b\u00e2ti plus traditionnel voire ancien auquel elle donne une touche design. Attention tr\u00e8s belle ampoule exig\u00e9e !","breadcrumb":{"@id":"https:\/\/lumart.fr\/fr\/les-collections\/exterieur\/lanternes\/bellecour-lanterne-gm-182\/#breadcrumb"},"inLanguage":"fr-FR","potentialAction":[{"@type":"ReadAction","target":["https:\/\/lumart.fr\/fr\/les-collections\/exterieur\/lanternes\/bellecour-lanterne-gm-182\/"]}]},{"@type":"BreadcrumbList","@id":"https:\/\/lumart.fr\/fr\/les-collections\/exterieur\/lanternes\/bellecour-lanterne-gm-182\/#breadcrumb","itemListElement":[{"@type":"ListItem","position":1,"name":"Home","item":"https:\/\/lumart.fr\/fr\/"},{"@type":"ListItem","position":2,"name":"Les Collections","item":"https:\/\/lumart.fr\/fr\/les-collections\/"},{"@type":"ListItem","position":3,"name":"Bellecour - Lanterne GM"}]}]}},"_links":{"self":[{"href":"https:\/\/lumart.fr\/fr\/wp-json\/wp\/v2\/product\/6368"}],"collection":[{"href":"https:\/\/lumart.fr\/fr\/wp-json\/wp\/v2\/product"}],"about":[{"href":"https:\/\/lumart.fr\/fr\/wp-json\/wp\/v2\/types\/product"}],"wp:featuredmedia":[{"embeddable":true,"href":"https:\/\/lumart.fr\/fr\/wp-json\/wp\/v2\/media\/1881"}],"wp:attachment":[{"href":"https:\/\/lumart.fr\/fr\/wp-json\/wp\/v2\/media?parent=6368"}],"wp:term":[{"taxonomy":"product_cat","embeddable":true,"href":"https:\/\/lumart.fr\/fr\/wp-json\/wp\/v2\/product_cat?post=6368"},{"taxonomy":"product_tag","embeddable":true,"href":"https:\/\/lumart.fr\/fr\/wp-json\/wp\/v2\/product_tag?post=6368"}],"curies":[{"name":"wp","href":"https:\/\/api.w.org\/{rel}","templated":true}]}}