{"id":6364,"date":"2017-12-18T14:36:46","date_gmt":"2017-12-18T14:36:46","guid":{"rendered":"https:\/\/lumart.fr\/les-collections\/non%20class\u00e9\/cleo-applique-3431\/"},"modified":"2023-07-13T14:42:14","modified_gmt":"2023-07-13T12:42:14","slug":"cleo-applique-3431","status":"publish","type":"product","link":"https:\/\/lumart.fr\/fr\/les-collections\/interieur\/appliques\/cleo-applique-3431\/","title":{"rendered":"Cl\u00e9o - Applique"},"content":{"rendered":"<p>Une boule de lumi\u00e8re d\u00e9licatement pos\u00e9e sur sa corole de laiton ou de zinc pour ponctuer votre mur ou plafond de touches de lumi\u00e8re. Chambre, salle de bain, salon, autour d\u2019un miroir \u00e0 jouer en paire, dans un couloir en r\u00e9p\u00e9tition, Cleo apporte une touche contemporaine \u00e0 votre int\u00e9rieur.<\/p>\n","protected":false},"excerpt":{"rendered":"<p>Une boule de lumi\u00e8re d\u00e9licatement pos\u00e9e sur sa corole de laiton ou de zinc pour ponctuer votre mur ou plafond de touches de lumi\u00e8re. Chambre, salle de bain, salon, autour d\u2019un miroir \u00e0 jouer en paire, dans un couloir en r\u00e9p\u00e9tition, Cleo apporte une touche contemporaine \u00e0 votre int\u00e9rieur. <a href=\"https:\/\/lumart.fr\/fr\/les-collections\/interieur\/appliques\/cleo-applique-3431\/\" class=\"more\">[ &hellip; ]<\/a><\/p>\n","protected":false},"featured_media":3878,"template":"","meta":[],"product_cat":[229],"product_tag":[],"acf":[],"yoast_head":"<!-- This site is optimized with the Yoast SEO plugin v17.8 - https:\/\/yoast.com\/wordpress\/plugins\/seo\/ -->\n<meta name=\"description\" content=\"Une boule de lumi\u00e8re d\u00e9licatement pos\u00e9e sur sa corole de laiton ou de zinc pour ponctuer votre mur de touches de lumi\u00e8re. Chambre, salle de bain, salon, autour d&#039;un miroir \u00e0 jouer en paire, dans un couloir en r\u00e9p\u00e9tition, Cleo apporte une touche contemporaine \u00e0 votre int\u00e9rieur.\" \/>\n<meta name=\"robots\" content=\"index, follow, max-snippet:-1, max-image-preview:large, max-video-preview:-1\" \/>\n<link rel=\"canonical\" href=\"https:\/\/lumart.fr\/fr\/les-collections\/interieur\/appliques\/cleo-applique-3431\/\" \/>\n<meta property=\"og:locale\" content=\"fr_FR\" \/>\n<meta property=\"og:type\" content=\"article\" \/>\n<meta property=\"og:title\" content=\"Applique Cl\u00e9o (3431) - Lum&#039;art\" \/>\n<meta property=\"og:description\" content=\"Une boule de lumi\u00e8re d\u00e9licatement pos\u00e9e sur sa corole de laiton ou de zinc pour ponctuer votre mur de touches de lumi\u00e8re. Chambre, salle de bain, salon, autour d&#039;un miroir \u00e0 jouer en paire, dans un couloir en r\u00e9p\u00e9tition, Cleo apporte une touche contemporaine \u00e0 votre int\u00e9rieur.\" \/>\n<meta property=\"og:url\" content=\"https:\/\/lumart.fr\/fr\/les-collections\/interieur\/appliques\/cleo-applique-3431\/\" \/>\n<meta property=\"og:site_name\" content=\"Lum&#039;art\" \/>\n<meta property=\"article:publisher\" content=\"https:\/\/www.facebook.com\/LumArt-1543826629180391\/\" \/>\n<meta property=\"article:modified_time\" content=\"2023-07-13T12:42:14+00:00\" \/>\n<meta property=\"og:image\" content=\"https:\/\/lumart.fr\/wp-content\/uploads\/2017\/12\/3431-Applique-Cleo-LB-Lumart-BD-1.jpg\" \/>\n\t<meta property=\"og:image:width\" content=\"2551\" \/>\n\t<meta property=\"og:image:height\" content=\"1701\" \/>\n<meta name=\"twitter:card\" content=\"summary\" \/>\n<script type=\"application\/ld+json\" class=\"yoast-schema-graph\">{\"@context\":\"https:\/\/schema.org\",\"@graph\":[{\"@type\":\"WebSite\",\"@id\":\"https:\/\/lumart.fr\/fr\/#website\",\"url\":\"https:\/\/lumart.fr\/fr\/\",\"name\":\"Lum'art\",\"description\":\"\",\"potentialAction\":[{\"@type\":\"SearchAction\",\"target\":{\"@type\":\"EntryPoint\",\"urlTemplate\":\"https:\/\/lumart.fr\/fr\/?s={search_term_string}\"},\"query-input\":\"required name=search_term_string\"}],\"inLanguage\":\"fr-FR\"},{\"@type\":\"ImageObject\",\"@id\":\"https:\/\/lumart.fr\/fr\/les-collections\/interieur\/appliques\/cleo-applique-3431\/#primaryimage\",\"inLanguage\":\"fr-FR\",\"url\":\"\/wp-content\/uploads\/2017\/12\/3431-Applique-Cleo-LB-Lumart-BD-1.jpg\",\"contentUrl\":\"\/wp-content\/uploads\/2017\/12\/3431-Applique-Cleo-LB-Lumart-BD-1.jpg\",\"width\":2551,\"height\":1701,\"caption\":\"Applique Cl\\u00e9o - Finition laiton bross\\u00e9\"},{\"@type\":\"WebPage\",\"@id\":\"https:\/\/lumart.fr\/fr\/les-collections\/interieur\/appliques\/cleo-applique-3431\/#webpage\",\"url\":\"https:\/\/lumart.fr\/fr\/les-collections\/interieur\/appliques\/cleo-applique-3431\/\",\"name\":\"Applique Cl\\u00e9o (3431) - Lum'art\",\"isPartOf\":{\"@id\":\"https:\/\/lumart.fr\/fr\/#website\"},\"primaryImageOfPage\":{\"@id\":\"https:\/\/lumart.fr\/fr\/les-collections\/interieur\/appliques\/cleo-applique-3431\/#primaryimage\"},\"datePublished\":\"2017-12-18T14:36:46+00:00\",\"dateModified\":\"2023-07-13T12:42:14+00:00\",\"description\":\"Une boule de lumi\\u00e8re d\\u00e9licatement pos\\u00e9e sur sa corole de laiton ou de zinc pour ponctuer votre mur de touches de lumi\\u00e8re. Chambre, salle de bain, salon, autour d'un miroir \\u00e0 jouer en paire, dans un couloir en r\\u00e9p\\u00e9tition, Cleo apporte une touche contemporaine \\u00e0 votre int\\u00e9rieur.\",\"breadcrumb\":{\"@id\":\"https:\/\/lumart.fr\/fr\/les-collections\/interieur\/appliques\/cleo-applique-3431\/#breadcrumb\"},\"inLanguage\":\"fr-FR\",\"potentialAction\":[{\"@type\":\"ReadAction\",\"target\":[\"https:\/\/lumart.fr\/fr\/les-collections\/interieur\/appliques\/cleo-applique-3431\/\"]}]},{\"@type\":\"BreadcrumbList\",\"@id\":\"https:\/\/lumart.fr\/fr\/les-collections\/interieur\/appliques\/cleo-applique-3431\/#breadcrumb\",\"itemListElement\":[{\"@type\":\"ListItem\",\"position\":1,\"name\":\"Home\",\"item\":\"https:\/\/lumart.fr\/fr\/\"},{\"@type\":\"ListItem\",\"position\":2,\"name\":\"Les Collections\",\"item\":\"https:\/\/lumart.fr\/fr\/les-collections\/\"},{\"@type\":\"ListItem\",\"position\":3,\"name\":\"Cl\\u00e9o - Applique\"}]}]}<\/script>\n<!-- \/ Yoast SEO plugin. -->","yoast_head_json":{"description":"Une boule de lumi\u00e8re d\u00e9licatement pos\u00e9e sur sa corole de laiton ou de zinc pour ponctuer votre mur de touches de lumi\u00e8re. Chambre, salle de bain, salon, autour d'un miroir \u00e0 jouer en paire, dans un couloir en r\u00e9p\u00e9tition, Cleo apporte une touche contemporaine \u00e0 votre int\u00e9rieur.","robots":{"index":"index","follow":"follow","max-snippet":"max-snippet:-1","max-image-preview":"max-image-preview:large","max-video-preview":"max-video-preview:-1"},"canonical":"https:\/\/lumart.fr\/fr\/les-collections\/interieur\/appliques\/cleo-applique-3431\/","og_locale":"fr_FR","og_type":"article","og_title":"Applique Cl\u00e9o (3431) - Lum'art","og_description":"Une boule de lumi\u00e8re d\u00e9licatement pos\u00e9e sur sa corole de laiton ou de zinc pour ponctuer votre mur de touches de lumi\u00e8re. Chambre, salle de bain, salon, autour d'un miroir \u00e0 jouer en paire, dans un couloir en r\u00e9p\u00e9tition, Cleo apporte une touche contemporaine \u00e0 votre int\u00e9rieur.","og_url":"https:\/\/lumart.fr\/fr\/les-collections\/interieur\/appliques\/cleo-applique-3431\/","og_site_name":"Lum&#039;art","article_publisher":"https:\/\/www.facebook.com\/LumArt-1543826629180391\/","article_modified_time":"2023-07-13T12:42:14+00:00","og_image":[{"width":2551,"height":1701,"url":"https:\/\/lumart.fr\/wp-content\/uploads\/2017\/12\/3431-Applique-Cleo-LB-Lumart-BD-1.jpg","type":"image\/jpeg"}],"twitter_card":"summary","schema":{"@context":"https:\/\/schema.org","@graph":[{"@type":"WebSite","@id":"https:\/\/lumart.fr\/fr\/#website","url":"https:\/\/lumart.fr\/fr\/","name":"Lum'art","description":"","potentialAction":[{"@type":"SearchAction","target":{"@type":"EntryPoint","urlTemplate":"https:\/\/lumart.fr\/fr\/?s={search_term_string}"},"query-input":"required name=search_term_string"}],"inLanguage":"fr-FR"},{"@type":"ImageObject","@id":"https:\/\/lumart.fr\/fr\/les-collections\/interieur\/appliques\/cleo-applique-3431\/#primaryimage","inLanguage":"fr-FR","url":"\/wp-content\/uploads\/2017\/12\/3431-Applique-Cleo-LB-Lumart-BD-1.jpg","contentUrl":"\/wp-content\/uploads\/2017\/12\/3431-Applique-Cleo-LB-Lumart-BD-1.jpg","width":2551,"height":1701,"caption":"Applique Cl\u00e9o - Finition laiton bross\u00e9"},{"@type":"WebPage","@id":"https:\/\/lumart.fr\/fr\/les-collections\/interieur\/appliques\/cleo-applique-3431\/#webpage","url":"https:\/\/lumart.fr\/fr\/les-collections\/interieur\/appliques\/cleo-applique-3431\/","name":"Applique Cl\u00e9o (3431) - Lum'art","isPartOf":{"@id":"https:\/\/lumart.fr\/fr\/#website"},"primaryImageOfPage":{"@id":"https:\/\/lumart.fr\/fr\/les-collections\/interieur\/appliques\/cleo-applique-3431\/#primaryimage"},"datePublished":"2017-12-18T14:36:46+00:00","dateModified":"2023-07-13T12:42:14+00:00","description":"Une boule de lumi\u00e8re d\u00e9licatement pos\u00e9e sur sa corole de laiton ou de zinc pour ponctuer votre mur de touches de lumi\u00e8re. Chambre, salle de bain, salon, autour d'un miroir \u00e0 jouer en paire, dans un couloir en r\u00e9p\u00e9tition, Cleo apporte une touche contemporaine \u00e0 votre int\u00e9rieur.","breadcrumb":{"@id":"https:\/\/lumart.fr\/fr\/les-collections\/interieur\/appliques\/cleo-applique-3431\/#breadcrumb"},"inLanguage":"fr-FR","potentialAction":[{"@type":"ReadAction","target":["https:\/\/lumart.fr\/fr\/les-collections\/interieur\/appliques\/cleo-applique-3431\/"]}]},{"@type":"BreadcrumbList","@id":"https:\/\/lumart.fr\/fr\/les-collections\/interieur\/appliques\/cleo-applique-3431\/#breadcrumb","itemListElement":[{"@type":"ListItem","position":1,"name":"Home","item":"https:\/\/lumart.fr\/fr\/"},{"@type":"ListItem","position":2,"name":"Les Collections","item":"https:\/\/lumart.fr\/fr\/les-collections\/"},{"@type":"ListItem","position":3,"name":"Cl\u00e9o - Applique"}]}]}},"_links":{"self":[{"href":"https:\/\/lumart.fr\/fr\/wp-json\/wp\/v2\/product\/6364"}],"collection":[{"href":"https:\/\/lumart.fr\/fr\/wp-json\/wp\/v2\/product"}],"about":[{"href":"https:\/\/lumart.fr\/fr\/wp-json\/wp\/v2\/types\/product"}],"wp:featuredmedia":[{"embeddable":true,"href":"https:\/\/lumart.fr\/fr\/wp-json\/wp\/v2\/media\/3878"}],"wp:attachment":[{"href":"https:\/\/lumart.fr\/fr\/wp-json\/wp\/v2\/media?parent=6364"}],"wp:term":[{"taxonomy":"product_cat","embeddable":true,"href":"https:\/\/lumart.fr\/fr\/wp-json\/wp\/v2\/product_cat?post=6364"},{"taxonomy":"product_tag","embeddable":true,"href":"https:\/\/lumart.fr\/fr\/wp-json\/wp\/v2\/product_tag?post=6364"}],"curies":[{"name":"wp","href":"https:\/\/api.w.org\/{rel}","templated":true}]}}