{"id":6348,"date":"2017-12-18T14:36:37","date_gmt":"2017-12-18T14:36:37","guid":{"rendered":"https:\/\/lumart.fr\/les-collections\/non%20class\u00e9\/voltaire-lampe-7101\/"},"modified":"2023-07-13T14:00:59","modified_gmt":"2023-07-13T12:00:59","slug":"voltaire-lampe-7101","status":"publish","type":"product","link":"https:\/\/lumart.fr\/fr\/les-collections\/interieur\/lampes\/voltaire-lampe-7101\/","title":{"rendered":"Voltaire - Lampe"},"content":{"rendered":"<p>Le bras articul\u00e9 signe la collection Voltaire qui se d\u00e9cline en applique, lampe et liseuse. Subtilement classique, la collection Voltaire est livr\u00e9e sans abat-jour et permet d&rsquo;int\u00e9grer tous les int\u00e9rieurs avec l&rsquo;abat-jour de votre choix.<\/p>\n","protected":false},"excerpt":{"rendered":"<p>Le bras articul\u00e9 signe la collection Voltaire qui se d\u00e9cline en applique, lampe et liseuse. Subtilement classique, la collection Voltaire est livr\u00e9e sans abat-jour et permet d&rsquo;int\u00e9grer tous les int\u00e9rieurs avec l&rsquo;abat-jour de votre choix.<\/p>\n","protected":false},"featured_media":11654,"template":"","meta":[],"product_cat":[238],"product_tag":[],"acf":[],"yoast_head":"<!-- This site is optimized with the Yoast SEO plugin v17.8 - https:\/\/yoast.com\/wordpress\/plugins\/seo\/ -->\n<meta name=\"description\" content=\"Le bras articul\u00e9 signe la collection Voltaire qui se d\u00e9cline en applique, lampe et liseuse. Subtilement classique, la collection Voltaire est livr\u00e9e sans abat-jour et permet d&#039;int\u00e9grer tous les int\u00e9rieurs avec l&#039;abat-jour de votre choix.\" \/>\n<meta name=\"robots\" content=\"index, follow, max-snippet:-1, max-image-preview:large, max-video-preview:-1\" \/>\n<link rel=\"canonical\" href=\"https:\/\/lumart.fr\/fr\/les-collections\/interieur\/lampes\/voltaire-lampe-7101\/\" \/>\n<meta property=\"og:locale\" content=\"fr_FR\" \/>\n<meta property=\"og:type\" content=\"article\" \/>\n<meta property=\"og:title\" content=\"Lampe Voltaire (7101) - Lum&#039;art\" \/>\n<meta property=\"og:description\" content=\"Le bras articul\u00e9 signe la collection Voltaire qui se d\u00e9cline en applique, lampe et liseuse. Subtilement classique, la collection Voltaire est livr\u00e9e sans abat-jour et permet d&#039;int\u00e9grer tous les int\u00e9rieurs avec l&#039;abat-jour de votre choix.\" \/>\n<meta property=\"og:url\" content=\"https:\/\/lumart.fr\/fr\/les-collections\/interieur\/lampes\/voltaire-lampe-7101\/\" \/>\n<meta property=\"og:site_name\" content=\"Lum&#039;art\" \/>\n<meta property=\"article:publisher\" content=\"https:\/\/www.facebook.com\/LumArt-1543826629180391\/\" \/>\n<meta property=\"article:modified_time\" content=\"2023-07-13T12:00:59+00:00\" \/>\n<meta property=\"og:image\" content=\"https:\/\/lumart.fr\/wp-content\/uploads\/2021\/10\/7101-Lampe-Voltaire-LP-Lumart-BD-3.jpg\" \/>\n\t<meta property=\"og:image:width\" content=\"1984\" \/>\n\t<meta property=\"og:image:height\" content=\"1323\" \/>\n<meta name=\"twitter:card\" content=\"summary\" \/>\n<script type=\"application\/ld+json\" class=\"yoast-schema-graph\">{\"@context\":\"https:\/\/schema.org\",\"@graph\":[{\"@type\":\"WebSite\",\"@id\":\"https:\/\/lumart.fr\/fr\/#website\",\"url\":\"https:\/\/lumart.fr\/fr\/\",\"name\":\"Lum'art\",\"description\":\"\",\"potentialAction\":[{\"@type\":\"SearchAction\",\"target\":{\"@type\":\"EntryPoint\",\"urlTemplate\":\"https:\/\/lumart.fr\/fr\/?s={search_term_string}\"},\"query-input\":\"required name=search_term_string\"}],\"inLanguage\":\"fr-FR\"},{\"@type\":\"ImageObject\",\"@id\":\"https:\/\/lumart.fr\/fr\/les-collections\/interieur\/lampes\/voltaire-lampe-7101\/#primaryimage\",\"inLanguage\":\"fr-FR\",\"url\":\"\/wp-content\/uploads\/2021\/10\/7101-Lampe-Voltaire-LP-Lumart-BD-3.jpg\",\"contentUrl\":\"\/wp-content\/uploads\/2021\/10\/7101-Lampe-Voltaire-LP-Lumart-BD-3.jpg\",\"width\":1984,\"height\":1323,\"caption\":\"Lampe Voltaire - Finition laiton patin\\u00e9\"},{\"@type\":\"WebPage\",\"@id\":\"https:\/\/lumart.fr\/fr\/les-collections\/interieur\/lampes\/voltaire-lampe-7101\/#webpage\",\"url\":\"https:\/\/lumart.fr\/fr\/les-collections\/interieur\/lampes\/voltaire-lampe-7101\/\",\"name\":\"Lampe Voltaire (7101) - Lum'art\",\"isPartOf\":{\"@id\":\"https:\/\/lumart.fr\/fr\/#website\"},\"primaryImageOfPage\":{\"@id\":\"https:\/\/lumart.fr\/fr\/les-collections\/interieur\/lampes\/voltaire-lampe-7101\/#primaryimage\"},\"datePublished\":\"2017-12-18T14:36:37+00:00\",\"dateModified\":\"2023-07-13T12:00:59+00:00\",\"description\":\"Le bras articul\\u00e9 signe la collection Voltaire qui se d\\u00e9cline en applique, lampe et liseuse. Subtilement classique, la collection Voltaire est livr\\u00e9e sans abat-jour et permet d'int\\u00e9grer tous les int\\u00e9rieurs avec l'abat-jour de votre choix.\",\"breadcrumb\":{\"@id\":\"https:\/\/lumart.fr\/fr\/les-collections\/interieur\/lampes\/voltaire-lampe-7101\/#breadcrumb\"},\"inLanguage\":\"fr-FR\",\"potentialAction\":[{\"@type\":\"ReadAction\",\"target\":[\"https:\/\/lumart.fr\/fr\/les-collections\/interieur\/lampes\/voltaire-lampe-7101\/\"]}]},{\"@type\":\"BreadcrumbList\",\"@id\":\"https:\/\/lumart.fr\/fr\/les-collections\/interieur\/lampes\/voltaire-lampe-7101\/#breadcrumb\",\"itemListElement\":[{\"@type\":\"ListItem\",\"position\":1,\"name\":\"Home\",\"item\":\"https:\/\/lumart.fr\/fr\/\"},{\"@type\":\"ListItem\",\"position\":2,\"name\":\"Les Collections\",\"item\":\"https:\/\/lumart.fr\/fr\/les-collections\/\"},{\"@type\":\"ListItem\",\"position\":3,\"name\":\"Voltaire - Lampe\"}]}]}<\/script>\n<!-- \/ Yoast SEO plugin. -->","yoast_head_json":{"description":"Le bras articul\u00e9 signe la collection Voltaire qui se d\u00e9cline en applique, lampe et liseuse. Subtilement classique, la collection Voltaire est livr\u00e9e sans abat-jour et permet d'int\u00e9grer tous les int\u00e9rieurs avec l'abat-jour de votre choix.","robots":{"index":"index","follow":"follow","max-snippet":"max-snippet:-1","max-image-preview":"max-image-preview:large","max-video-preview":"max-video-preview:-1"},"canonical":"https:\/\/lumart.fr\/fr\/les-collections\/interieur\/lampes\/voltaire-lampe-7101\/","og_locale":"fr_FR","og_type":"article","og_title":"Lampe Voltaire (7101) - Lum'art","og_description":"Le bras articul\u00e9 signe la collection Voltaire qui se d\u00e9cline en applique, lampe et liseuse. Subtilement classique, la collection Voltaire est livr\u00e9e sans abat-jour et permet d'int\u00e9grer tous les int\u00e9rieurs avec l'abat-jour de votre choix.","og_url":"https:\/\/lumart.fr\/fr\/les-collections\/interieur\/lampes\/voltaire-lampe-7101\/","og_site_name":"Lum&#039;art","article_publisher":"https:\/\/www.facebook.com\/LumArt-1543826629180391\/","article_modified_time":"2023-07-13T12:00:59+00:00","og_image":[{"width":1984,"height":1323,"url":"https:\/\/lumart.fr\/wp-content\/uploads\/2021\/10\/7101-Lampe-Voltaire-LP-Lumart-BD-3.jpg","type":"image\/jpeg"}],"twitter_card":"summary","schema":{"@context":"https:\/\/schema.org","@graph":[{"@type":"WebSite","@id":"https:\/\/lumart.fr\/fr\/#website","url":"https:\/\/lumart.fr\/fr\/","name":"Lum'art","description":"","potentialAction":[{"@type":"SearchAction","target":{"@type":"EntryPoint","urlTemplate":"https:\/\/lumart.fr\/fr\/?s={search_term_string}"},"query-input":"required name=search_term_string"}],"inLanguage":"fr-FR"},{"@type":"ImageObject","@id":"https:\/\/lumart.fr\/fr\/les-collections\/interieur\/lampes\/voltaire-lampe-7101\/#primaryimage","inLanguage":"fr-FR","url":"\/wp-content\/uploads\/2021\/10\/7101-Lampe-Voltaire-LP-Lumart-BD-3.jpg","contentUrl":"\/wp-content\/uploads\/2021\/10\/7101-Lampe-Voltaire-LP-Lumart-BD-3.jpg","width":1984,"height":1323,"caption":"Lampe Voltaire - Finition laiton patin\u00e9"},{"@type":"WebPage","@id":"https:\/\/lumart.fr\/fr\/les-collections\/interieur\/lampes\/voltaire-lampe-7101\/#webpage","url":"https:\/\/lumart.fr\/fr\/les-collections\/interieur\/lampes\/voltaire-lampe-7101\/","name":"Lampe Voltaire (7101) - Lum'art","isPartOf":{"@id":"https:\/\/lumart.fr\/fr\/#website"},"primaryImageOfPage":{"@id":"https:\/\/lumart.fr\/fr\/les-collections\/interieur\/lampes\/voltaire-lampe-7101\/#primaryimage"},"datePublished":"2017-12-18T14:36:37+00:00","dateModified":"2023-07-13T12:00:59+00:00","description":"Le bras articul\u00e9 signe la collection Voltaire qui se d\u00e9cline en applique, lampe et liseuse. Subtilement classique, la collection Voltaire est livr\u00e9e sans abat-jour et permet d'int\u00e9grer tous les int\u00e9rieurs avec l'abat-jour de votre choix.","breadcrumb":{"@id":"https:\/\/lumart.fr\/fr\/les-collections\/interieur\/lampes\/voltaire-lampe-7101\/#breadcrumb"},"inLanguage":"fr-FR","potentialAction":[{"@type":"ReadAction","target":["https:\/\/lumart.fr\/fr\/les-collections\/interieur\/lampes\/voltaire-lampe-7101\/"]}]},{"@type":"BreadcrumbList","@id":"https:\/\/lumart.fr\/fr\/les-collections\/interieur\/lampes\/voltaire-lampe-7101\/#breadcrumb","itemListElement":[{"@type":"ListItem","position":1,"name":"Home","item":"https:\/\/lumart.fr\/fr\/"},{"@type":"ListItem","position":2,"name":"Les Collections","item":"https:\/\/lumart.fr\/fr\/les-collections\/"},{"@type":"ListItem","position":3,"name":"Voltaire - Lampe"}]}]}},"_links":{"self":[{"href":"https:\/\/lumart.fr\/fr\/wp-json\/wp\/v2\/product\/6348"}],"collection":[{"href":"https:\/\/lumart.fr\/fr\/wp-json\/wp\/v2\/product"}],"about":[{"href":"https:\/\/lumart.fr\/fr\/wp-json\/wp\/v2\/types\/product"}],"wp:featuredmedia":[{"embeddable":true,"href":"https:\/\/lumart.fr\/fr\/wp-json\/wp\/v2\/media\/11654"}],"wp:attachment":[{"href":"https:\/\/lumart.fr\/fr\/wp-json\/wp\/v2\/media?parent=6348"}],"wp:term":[{"taxonomy":"product_cat","embeddable":true,"href":"https:\/\/lumart.fr\/fr\/wp-json\/wp\/v2\/product_cat?post=6348"},{"taxonomy":"product_tag","embeddable":true,"href":"https:\/\/lumart.fr\/fr\/wp-json\/wp\/v2\/product_tag?post=6348"}],"curies":[{"name":"wp","href":"https:\/\/api.w.org\/{rel}","templated":true}]}}