{"id":6342,"date":"2017-12-18T14:36:34","date_gmt":"2017-12-18T14:36:34","guid":{"rendered":"https:\/\/lumart.fr\/les-collections\/non%20class\u00e9\/vincennes-lustre-5152-4\/"},"modified":"2023-07-13T14:12:02","modified_gmt":"2023-07-13T12:12:02","slug":"vincennes-lustre-5152-4","status":"publish","type":"product","link":"https:\/\/lumart.fr\/fr\/les-collections\/interieur\/lustres\/vincennes-lustre-5152-4\/","title":{"rendered":"Vincennes - Lustre"},"content":{"rendered":"<p>La collection Vincennes joue l&rsquo;\u00e9pure et le contraste. Bougies couronn\u00e9es d&rsquo;abat-jours en laiton micro perfor\u00e9 dans une fine structure design de laiton. Pas de verre qui vient cr\u00e9er des reflets mais un pur objet de design d\u00e9clin\u00e9 en lustre, applique et lampe. A s\u00e9lectionner aussi pour pimenter un int\u00e9rieur classique.<\/p>\n","protected":false},"excerpt":{"rendered":"<p>La collection Vincennes joue l&rsquo;\u00e9pure et le contraste. Bougies couronn\u00e9es d&rsquo;abat-jours en laiton micro perfor\u00e9 dans une fine structure design de laiton. Pas de verre qui vient cr\u00e9er des reflets mais un pur objet de design d\u00e9clin\u00e9 en lustre, applique et lampe. A s\u00e9lectionner aussi pour pimenter un int\u00e9rieur classique.<\/p>\n","protected":false},"featured_media":4215,"template":"","meta":[],"product_cat":[232],"product_tag":[],"acf":[],"yoast_head":"<!-- This site is optimized with the Yoast SEO plugin v17.8 - https:\/\/yoast.com\/wordpress\/plugins\/seo\/ -->\n<meta name=\"description\" content=\"La collection Vincennes joue l&#039;\u00e9pure et le contraste. Bougies couronn\u00e9es d&#039;abat-jours en laiton micro perfor\u00e9 dans une fine structure design de laiton. Pas de verre qui vient cr\u00e9er des reflets mais un pur objet de design d\u00e9clin\u00e9 en lustre, applique et lampe. A s\u00e9lectionner aussi pour pimenter un int\u00e9rieur classique.\" \/>\n<meta name=\"robots\" content=\"index, follow, max-snippet:-1, max-image-preview:large, max-video-preview:-1\" \/>\n<link rel=\"canonical\" href=\"https:\/\/lumart.fr\/fr\/les-collections\/interieur\/lustres\/vincennes-lustre-5152-4\/\" \/>\n<meta property=\"og:locale\" content=\"fr_FR\" \/>\n<meta property=\"og:type\" content=\"article\" \/>\n<meta property=\"og:title\" content=\"Lustre Vincennes (5152\/4) - Lum&#039;art\" \/>\n<meta property=\"og:description\" content=\"La collection Vincennes joue l&#039;\u00e9pure et le contraste. Bougies couronn\u00e9es d&#039;abat-jours en laiton micro perfor\u00e9 dans une fine structure design de laiton. Pas de verre qui vient cr\u00e9er des reflets mais un pur objet de design d\u00e9clin\u00e9 en lustre, applique et lampe. A s\u00e9lectionner aussi pour pimenter un int\u00e9rieur classique.\" \/>\n<meta property=\"og:url\" content=\"https:\/\/lumart.fr\/fr\/les-collections\/interieur\/lustres\/vincennes-lustre-5152-4\/\" \/>\n<meta property=\"og:site_name\" content=\"Lum&#039;art\" \/>\n<meta property=\"article:publisher\" content=\"https:\/\/www.facebook.com\/LumArt-1543826629180391\/\" \/>\n<meta property=\"article:modified_time\" content=\"2023-07-13T12:12:02+00:00\" \/>\n<meta property=\"og:image\" content=\"https:\/\/lumart.fr\/wp-content\/uploads\/2017\/12\/5152-4-Lustre-Vincennes-LPA-Lumart-BD-3.jpg\" \/>\n\t<meta property=\"og:image:width\" content=\"2551\" \/>\n\t<meta property=\"og:image:height\" content=\"1701\" \/>\n<meta name=\"twitter:card\" content=\"summary\" \/>\n<script type=\"application\/ld+json\" class=\"yoast-schema-graph\">{\"@context\":\"https:\/\/schema.org\",\"@graph\":[{\"@type\":\"WebSite\",\"@id\":\"https:\/\/lumart.fr\/fr\/#website\",\"url\":\"https:\/\/lumart.fr\/fr\/\",\"name\":\"Lum'art\",\"description\":\"\",\"potentialAction\":[{\"@type\":\"SearchAction\",\"target\":{\"@type\":\"EntryPoint\",\"urlTemplate\":\"https:\/\/lumart.fr\/fr\/?s={search_term_string}\"},\"query-input\":\"required name=search_term_string\"}],\"inLanguage\":\"fr-FR\"},{\"@type\":\"ImageObject\",\"@id\":\"https:\/\/lumart.fr\/fr\/les-collections\/interieur\/lustres\/vincennes-lustre-5152-4\/#primaryimage\",\"inLanguage\":\"fr-FR\",\"url\":\"\/wp-content\/uploads\/2017\/12\/5152-4-Lustre-Vincennes-LPA-Lumart-BD-3.jpg\",\"contentUrl\":\"\/wp-content\/uploads\/2017\/12\/5152-4-Lustre-Vincennes-LPA-Lumart-BD-3.jpg\",\"width\":2551,\"height\":1701,\"caption\":\"Lustre Vincennes - Finition laiton patin\\u00e9 acide\"},{\"@type\":\"WebPage\",\"@id\":\"https:\/\/lumart.fr\/fr\/les-collections\/interieur\/lustres\/vincennes-lustre-5152-4\/#webpage\",\"url\":\"https:\/\/lumart.fr\/fr\/les-collections\/interieur\/lustres\/vincennes-lustre-5152-4\/\",\"name\":\"Lustre Vincennes (5152\/4) - Lum'art\",\"isPartOf\":{\"@id\":\"https:\/\/lumart.fr\/fr\/#website\"},\"primaryImageOfPage\":{\"@id\":\"https:\/\/lumart.fr\/fr\/les-collections\/interieur\/lustres\/vincennes-lustre-5152-4\/#primaryimage\"},\"datePublished\":\"2017-12-18T14:36:34+00:00\",\"dateModified\":\"2023-07-13T12:12:02+00:00\",\"description\":\"La collection Vincennes joue l'\\u00e9pure et le contraste. Bougies couronn\\u00e9es d'abat-jours en laiton micro perfor\\u00e9 dans une fine structure design de laiton. Pas de verre qui vient cr\\u00e9er des reflets mais un pur objet de design d\\u00e9clin\\u00e9 en lustre, applique et lampe. A s\\u00e9lectionner aussi pour pimenter un int\\u00e9rieur classique.\",\"breadcrumb\":{\"@id\":\"https:\/\/lumart.fr\/fr\/les-collections\/interieur\/lustres\/vincennes-lustre-5152-4\/#breadcrumb\"},\"inLanguage\":\"fr-FR\",\"potentialAction\":[{\"@type\":\"ReadAction\",\"target\":[\"https:\/\/lumart.fr\/fr\/les-collections\/interieur\/lustres\/vincennes-lustre-5152-4\/\"]}]},{\"@type\":\"BreadcrumbList\",\"@id\":\"https:\/\/lumart.fr\/fr\/les-collections\/interieur\/lustres\/vincennes-lustre-5152-4\/#breadcrumb\",\"itemListElement\":[{\"@type\":\"ListItem\",\"position\":1,\"name\":\"Home\",\"item\":\"https:\/\/lumart.fr\/fr\/\"},{\"@type\":\"ListItem\",\"position\":2,\"name\":\"Les Collections\",\"item\":\"https:\/\/lumart.fr\/fr\/les-collections\/\"},{\"@type\":\"ListItem\",\"position\":3,\"name\":\"Vincennes - Lustre\"}]}]}<\/script>\n<!-- \/ Yoast SEO plugin. -->","yoast_head_json":{"description":"La collection Vincennes joue l'\u00e9pure et le contraste. Bougies couronn\u00e9es d'abat-jours en laiton micro perfor\u00e9 dans une fine structure design de laiton. Pas de verre qui vient cr\u00e9er des reflets mais un pur objet de design d\u00e9clin\u00e9 en lustre, applique et lampe. A s\u00e9lectionner aussi pour pimenter un int\u00e9rieur classique.","robots":{"index":"index","follow":"follow","max-snippet":"max-snippet:-1","max-image-preview":"max-image-preview:large","max-video-preview":"max-video-preview:-1"},"canonical":"https:\/\/lumart.fr\/fr\/les-collections\/interieur\/lustres\/vincennes-lustre-5152-4\/","og_locale":"fr_FR","og_type":"article","og_title":"Lustre Vincennes (5152\/4) - Lum'art","og_description":"La collection Vincennes joue l'\u00e9pure et le contraste. Bougies couronn\u00e9es d'abat-jours en laiton micro perfor\u00e9 dans une fine structure design de laiton. Pas de verre qui vient cr\u00e9er des reflets mais un pur objet de design d\u00e9clin\u00e9 en lustre, applique et lampe. A s\u00e9lectionner aussi pour pimenter un int\u00e9rieur classique.","og_url":"https:\/\/lumart.fr\/fr\/les-collections\/interieur\/lustres\/vincennes-lustre-5152-4\/","og_site_name":"Lum&#039;art","article_publisher":"https:\/\/www.facebook.com\/LumArt-1543826629180391\/","article_modified_time":"2023-07-13T12:12:02+00:00","og_image":[{"width":2551,"height":1701,"url":"https:\/\/lumart.fr\/wp-content\/uploads\/2017\/12\/5152-4-Lustre-Vincennes-LPA-Lumart-BD-3.jpg","type":"image\/jpeg"}],"twitter_card":"summary","schema":{"@context":"https:\/\/schema.org","@graph":[{"@type":"WebSite","@id":"https:\/\/lumart.fr\/fr\/#website","url":"https:\/\/lumart.fr\/fr\/","name":"Lum'art","description":"","potentialAction":[{"@type":"SearchAction","target":{"@type":"EntryPoint","urlTemplate":"https:\/\/lumart.fr\/fr\/?s={search_term_string}"},"query-input":"required name=search_term_string"}],"inLanguage":"fr-FR"},{"@type":"ImageObject","@id":"https:\/\/lumart.fr\/fr\/les-collections\/interieur\/lustres\/vincennes-lustre-5152-4\/#primaryimage","inLanguage":"fr-FR","url":"\/wp-content\/uploads\/2017\/12\/5152-4-Lustre-Vincennes-LPA-Lumart-BD-3.jpg","contentUrl":"\/wp-content\/uploads\/2017\/12\/5152-4-Lustre-Vincennes-LPA-Lumart-BD-3.jpg","width":2551,"height":1701,"caption":"Lustre Vincennes - Finition laiton patin\u00e9 acide"},{"@type":"WebPage","@id":"https:\/\/lumart.fr\/fr\/les-collections\/interieur\/lustres\/vincennes-lustre-5152-4\/#webpage","url":"https:\/\/lumart.fr\/fr\/les-collections\/interieur\/lustres\/vincennes-lustre-5152-4\/","name":"Lustre Vincennes (5152\/4) - Lum'art","isPartOf":{"@id":"https:\/\/lumart.fr\/fr\/#website"},"primaryImageOfPage":{"@id":"https:\/\/lumart.fr\/fr\/les-collections\/interieur\/lustres\/vincennes-lustre-5152-4\/#primaryimage"},"datePublished":"2017-12-18T14:36:34+00:00","dateModified":"2023-07-13T12:12:02+00:00","description":"La collection Vincennes joue l'\u00e9pure et le contraste. Bougies couronn\u00e9es d'abat-jours en laiton micro perfor\u00e9 dans une fine structure design de laiton. Pas de verre qui vient cr\u00e9er des reflets mais un pur objet de design d\u00e9clin\u00e9 en lustre, applique et lampe. A s\u00e9lectionner aussi pour pimenter un int\u00e9rieur classique.","breadcrumb":{"@id":"https:\/\/lumart.fr\/fr\/les-collections\/interieur\/lustres\/vincennes-lustre-5152-4\/#breadcrumb"},"inLanguage":"fr-FR","potentialAction":[{"@type":"ReadAction","target":["https:\/\/lumart.fr\/fr\/les-collections\/interieur\/lustres\/vincennes-lustre-5152-4\/"]}]},{"@type":"BreadcrumbList","@id":"https:\/\/lumart.fr\/fr\/les-collections\/interieur\/lustres\/vincennes-lustre-5152-4\/#breadcrumb","itemListElement":[{"@type":"ListItem","position":1,"name":"Home","item":"https:\/\/lumart.fr\/fr\/"},{"@type":"ListItem","position":2,"name":"Les Collections","item":"https:\/\/lumart.fr\/fr\/les-collections\/"},{"@type":"ListItem","position":3,"name":"Vincennes - Lustre"}]}]}},"_links":{"self":[{"href":"https:\/\/lumart.fr\/fr\/wp-json\/wp\/v2\/product\/6342"}],"collection":[{"href":"https:\/\/lumart.fr\/fr\/wp-json\/wp\/v2\/product"}],"about":[{"href":"https:\/\/lumart.fr\/fr\/wp-json\/wp\/v2\/types\/product"}],"wp:featuredmedia":[{"embeddable":true,"href":"https:\/\/lumart.fr\/fr\/wp-json\/wp\/v2\/media\/4215"}],"wp:attachment":[{"href":"https:\/\/lumart.fr\/fr\/wp-json\/wp\/v2\/media?parent=6342"}],"wp:term":[{"taxonomy":"product_cat","embeddable":true,"href":"https:\/\/lumart.fr\/fr\/wp-json\/wp\/v2\/product_cat?post=6342"},{"taxonomy":"product_tag","embeddable":true,"href":"https:\/\/lumart.fr\/fr\/wp-json\/wp\/v2\/product_tag?post=6342"}],"curies":[{"name":"wp","href":"https:\/\/api.w.org\/{rel}","templated":true}]}}