{"id":6339,"date":"2017-12-18T14:36:32","date_gmt":"2017-12-18T14:36:32","guid":{"rendered":"https:\/\/lumart.fr\/les-collections\/non%20class\u00e9\/vieux-manoir-lanterne-tgm-143\/"},"modified":"2023-07-12T15:42:30","modified_gmt":"2023-07-12T13:42:30","slug":"vieux-manoir-lanterne-tgm-143","status":"publish","type":"product","link":"https:\/\/lumart.fr\/fr\/les-collections\/exterieur\/lanternes\/vieux-manoir-lanterne-tgm-143\/","title":{"rendered":"Vieux Manoir - Lanterne TGM"},"content":{"rendered":"<p>La collection Vieux Manoir est un grand classique du XVIII\u00e8me flamboyant. Particuli\u00e8rement \u00e9l\u00e9gante et \u00e9lanc\u00e9e, cette lanterne est tout \u00e0 son aise aussi bien \u00e0 l&rsquo;ext\u00e9rieur qu&rsquo;\u00e0 l&rsquo;int\u00e9rieur dans un environnement qui lui sied, noblesse oblige !<\/p>\n","protected":false},"excerpt":{"rendered":"<p>La collection Vieux Manoir est un grand classique du XVIII\u00e8me flamboyant. Particuli\u00e8rement \u00e9l\u00e9gante et \u00e9lanc\u00e9e, cette lanterne est tout \u00e0 son aise aussi bien \u00e0 l&rsquo;ext\u00e9rieur qu&rsquo;\u00e0 l&rsquo;int\u00e9rieur dans un environnement qui lui sied, noblesse oblige !<\/p>\n","protected":false},"featured_media":1589,"template":"","meta":[],"product_cat":[233],"product_tag":[],"acf":[],"yoast_head":"<!-- This site is optimized with the Yoast SEO plugin v17.8 - https:\/\/yoast.com\/wordpress\/plugins\/seo\/ -->\n<meta name=\"description\" content=\"La collection Vieux Manoir est un grand classique du XVIII\u00e8me flamboyant. Particuli\u00e8rement \u00e9l\u00e9gante et \u00e9lanc\u00e9e, cette lanterne est tout \u00e0 son aise aussi bien \u00e0 l&#039;ext\u00e9rieur qu&#039;\u00e0 l&#039;int\u00e9rieur dans un environnement qui lui sied, noblesse oblige !\" \/>\n<meta name=\"robots\" content=\"index, follow, max-snippet:-1, max-image-preview:large, max-video-preview:-1\" \/>\n<link rel=\"canonical\" href=\"https:\/\/lumart.fr\/fr\/les-collections\/exterieur\/lanternes\/vieux-manoir-lanterne-tgm-143\/\" \/>\n<meta property=\"og:locale\" content=\"fr_FR\" \/>\n<meta property=\"og:type\" content=\"article\" \/>\n<meta property=\"og:title\" content=\"Lanterne Vieux Manoir TGM (143) - Lum&#039;art\" \/>\n<meta property=\"og:description\" content=\"La collection Vieux Manoir est un grand classique du XVIII\u00e8me flamboyant. Particuli\u00e8rement \u00e9l\u00e9gante et \u00e9lanc\u00e9e, cette lanterne est tout \u00e0 son aise aussi bien \u00e0 l&#039;ext\u00e9rieur qu&#039;\u00e0 l&#039;int\u00e9rieur dans un environnement qui lui sied, noblesse oblige !\" \/>\n<meta property=\"og:url\" content=\"https:\/\/lumart.fr\/fr\/les-collections\/exterieur\/lanternes\/vieux-manoir-lanterne-tgm-143\/\" \/>\n<meta property=\"og:site_name\" content=\"Lum&#039;art\" \/>\n<meta property=\"article:publisher\" content=\"https:\/\/www.facebook.com\/LumArt-1543826629180391\/\" \/>\n<meta property=\"article:modified_time\" content=\"2023-07-12T13:42:30+00:00\" \/>\n<meta property=\"og:image\" content=\"https:\/\/lumart.fr\/wp-content\/uploads\/2017\/12\/143-Lanterne-Vieux-Manoir-TGM-VZ-Lumart-BD-1.jpg\" \/>\n\t<meta property=\"og:image:width\" content=\"2551\" \/>\n\t<meta property=\"og:image:height\" content=\"1701\" \/>\n<meta name=\"twitter:card\" content=\"summary\" \/>\n<script type=\"application\/ld+json\" class=\"yoast-schema-graph\">{\"@context\":\"https:\/\/schema.org\",\"@graph\":[{\"@type\":\"WebSite\",\"@id\":\"https:\/\/lumart.fr\/fr\/#website\",\"url\":\"https:\/\/lumart.fr\/fr\/\",\"name\":\"Lum'art\",\"description\":\"\",\"potentialAction\":[{\"@type\":\"SearchAction\",\"target\":{\"@type\":\"EntryPoint\",\"urlTemplate\":\"https:\/\/lumart.fr\/fr\/?s={search_term_string}\"},\"query-input\":\"required name=search_term_string\"}],\"inLanguage\":\"fr-FR\"},{\"@type\":\"ImageObject\",\"@id\":\"https:\/\/lumart.fr\/fr\/les-collections\/exterieur\/lanternes\/vieux-manoir-lanterne-tgm-143\/#primaryimage\",\"inLanguage\":\"fr-FR\",\"url\":\"\/wp-content\/uploads\/2017\/12\/143-Lanterne-Vieux-Manoir-TGM-VZ-Lumart-BD-1.jpg\",\"contentUrl\":\"\/wp-content\/uploads\/2017\/12\/143-Lanterne-Vieux-Manoir-TGM-VZ-Lumart-BD-1.jpg\",\"width\":2551,\"height\":1701,\"caption\":\"Lanterne Vieux Manoir TGM - Finition vieux zinc\"},{\"@type\":\"WebPage\",\"@id\":\"https:\/\/lumart.fr\/fr\/les-collections\/exterieur\/lanternes\/vieux-manoir-lanterne-tgm-143\/#webpage\",\"url\":\"https:\/\/lumart.fr\/fr\/les-collections\/exterieur\/lanternes\/vieux-manoir-lanterne-tgm-143\/\",\"name\":\"Lanterne Vieux Manoir TGM (143) - Lum'art\",\"isPartOf\":{\"@id\":\"https:\/\/lumart.fr\/fr\/#website\"},\"primaryImageOfPage\":{\"@id\":\"https:\/\/lumart.fr\/fr\/les-collections\/exterieur\/lanternes\/vieux-manoir-lanterne-tgm-143\/#primaryimage\"},\"datePublished\":\"2017-12-18T14:36:32+00:00\",\"dateModified\":\"2023-07-12T13:42:30+00:00\",\"description\":\"La collection Vieux Manoir est un grand classique du XVIII\\u00e8me flamboyant. Particuli\\u00e8rement \\u00e9l\\u00e9gante et \\u00e9lanc\\u00e9e, cette lanterne est tout \\u00e0 son aise aussi bien \\u00e0 l'ext\\u00e9rieur qu'\\u00e0 l'int\\u00e9rieur dans un environnement qui lui sied, noblesse oblige !\",\"breadcrumb\":{\"@id\":\"https:\/\/lumart.fr\/fr\/les-collections\/exterieur\/lanternes\/vieux-manoir-lanterne-tgm-143\/#breadcrumb\"},\"inLanguage\":\"fr-FR\",\"potentialAction\":[{\"@type\":\"ReadAction\",\"target\":[\"https:\/\/lumart.fr\/fr\/les-collections\/exterieur\/lanternes\/vieux-manoir-lanterne-tgm-143\/\"]}]},{\"@type\":\"BreadcrumbList\",\"@id\":\"https:\/\/lumart.fr\/fr\/les-collections\/exterieur\/lanternes\/vieux-manoir-lanterne-tgm-143\/#breadcrumb\",\"itemListElement\":[{\"@type\":\"ListItem\",\"position\":1,\"name\":\"Home\",\"item\":\"https:\/\/lumart.fr\/fr\/\"},{\"@type\":\"ListItem\",\"position\":2,\"name\":\"Les Collections\",\"item\":\"https:\/\/lumart.fr\/fr\/les-collections\/\"},{\"@type\":\"ListItem\",\"position\":3,\"name\":\"Vieux Manoir - Lanterne TGM\"}]}]}<\/script>\n<!-- \/ Yoast SEO plugin. -->","yoast_head_json":{"description":"La collection Vieux Manoir est un grand classique du XVIII\u00e8me flamboyant. Particuli\u00e8rement \u00e9l\u00e9gante et \u00e9lanc\u00e9e, cette lanterne est tout \u00e0 son aise aussi bien \u00e0 l'ext\u00e9rieur qu'\u00e0 l'int\u00e9rieur dans un environnement qui lui sied, noblesse oblige !","robots":{"index":"index","follow":"follow","max-snippet":"max-snippet:-1","max-image-preview":"max-image-preview:large","max-video-preview":"max-video-preview:-1"},"canonical":"https:\/\/lumart.fr\/fr\/les-collections\/exterieur\/lanternes\/vieux-manoir-lanterne-tgm-143\/","og_locale":"fr_FR","og_type":"article","og_title":"Lanterne Vieux Manoir TGM (143) - Lum'art","og_description":"La collection Vieux Manoir est un grand classique du XVIII\u00e8me flamboyant. Particuli\u00e8rement \u00e9l\u00e9gante et \u00e9lanc\u00e9e, cette lanterne est tout \u00e0 son aise aussi bien \u00e0 l'ext\u00e9rieur qu'\u00e0 l'int\u00e9rieur dans un environnement qui lui sied, noblesse oblige !","og_url":"https:\/\/lumart.fr\/fr\/les-collections\/exterieur\/lanternes\/vieux-manoir-lanterne-tgm-143\/","og_site_name":"Lum&#039;art","article_publisher":"https:\/\/www.facebook.com\/LumArt-1543826629180391\/","article_modified_time":"2023-07-12T13:42:30+00:00","og_image":[{"width":2551,"height":1701,"url":"https:\/\/lumart.fr\/wp-content\/uploads\/2017\/12\/143-Lanterne-Vieux-Manoir-TGM-VZ-Lumart-BD-1.jpg","type":"image\/jpeg"}],"twitter_card":"summary","schema":{"@context":"https:\/\/schema.org","@graph":[{"@type":"WebSite","@id":"https:\/\/lumart.fr\/fr\/#website","url":"https:\/\/lumart.fr\/fr\/","name":"Lum'art","description":"","potentialAction":[{"@type":"SearchAction","target":{"@type":"EntryPoint","urlTemplate":"https:\/\/lumart.fr\/fr\/?s={search_term_string}"},"query-input":"required name=search_term_string"}],"inLanguage":"fr-FR"},{"@type":"ImageObject","@id":"https:\/\/lumart.fr\/fr\/les-collections\/exterieur\/lanternes\/vieux-manoir-lanterne-tgm-143\/#primaryimage","inLanguage":"fr-FR","url":"\/wp-content\/uploads\/2017\/12\/143-Lanterne-Vieux-Manoir-TGM-VZ-Lumart-BD-1.jpg","contentUrl":"\/wp-content\/uploads\/2017\/12\/143-Lanterne-Vieux-Manoir-TGM-VZ-Lumart-BD-1.jpg","width":2551,"height":1701,"caption":"Lanterne Vieux Manoir TGM - Finition vieux zinc"},{"@type":"WebPage","@id":"https:\/\/lumart.fr\/fr\/les-collections\/exterieur\/lanternes\/vieux-manoir-lanterne-tgm-143\/#webpage","url":"https:\/\/lumart.fr\/fr\/les-collections\/exterieur\/lanternes\/vieux-manoir-lanterne-tgm-143\/","name":"Lanterne Vieux Manoir TGM (143) - Lum'art","isPartOf":{"@id":"https:\/\/lumart.fr\/fr\/#website"},"primaryImageOfPage":{"@id":"https:\/\/lumart.fr\/fr\/les-collections\/exterieur\/lanternes\/vieux-manoir-lanterne-tgm-143\/#primaryimage"},"datePublished":"2017-12-18T14:36:32+00:00","dateModified":"2023-07-12T13:42:30+00:00","description":"La collection Vieux Manoir est un grand classique du XVIII\u00e8me flamboyant. Particuli\u00e8rement \u00e9l\u00e9gante et \u00e9lanc\u00e9e, cette lanterne est tout \u00e0 son aise aussi bien \u00e0 l'ext\u00e9rieur qu'\u00e0 l'int\u00e9rieur dans un environnement qui lui sied, noblesse oblige !","breadcrumb":{"@id":"https:\/\/lumart.fr\/fr\/les-collections\/exterieur\/lanternes\/vieux-manoir-lanterne-tgm-143\/#breadcrumb"},"inLanguage":"fr-FR","potentialAction":[{"@type":"ReadAction","target":["https:\/\/lumart.fr\/fr\/les-collections\/exterieur\/lanternes\/vieux-manoir-lanterne-tgm-143\/"]}]},{"@type":"BreadcrumbList","@id":"https:\/\/lumart.fr\/fr\/les-collections\/exterieur\/lanternes\/vieux-manoir-lanterne-tgm-143\/#breadcrumb","itemListElement":[{"@type":"ListItem","position":1,"name":"Home","item":"https:\/\/lumart.fr\/fr\/"},{"@type":"ListItem","position":2,"name":"Les Collections","item":"https:\/\/lumart.fr\/fr\/les-collections\/"},{"@type":"ListItem","position":3,"name":"Vieux Manoir - Lanterne TGM"}]}]}},"_links":{"self":[{"href":"https:\/\/lumart.fr\/fr\/wp-json\/wp\/v2\/product\/6339"}],"collection":[{"href":"https:\/\/lumart.fr\/fr\/wp-json\/wp\/v2\/product"}],"about":[{"href":"https:\/\/lumart.fr\/fr\/wp-json\/wp\/v2\/types\/product"}],"wp:featuredmedia":[{"embeddable":true,"href":"https:\/\/lumart.fr\/fr\/wp-json\/wp\/v2\/media\/1589"}],"wp:attachment":[{"href":"https:\/\/lumart.fr\/fr\/wp-json\/wp\/v2\/media?parent=6339"}],"wp:term":[{"taxonomy":"product_cat","embeddable":true,"href":"https:\/\/lumart.fr\/fr\/wp-json\/wp\/v2\/product_cat?post=6339"},{"taxonomy":"product_tag","embeddable":true,"href":"https:\/\/lumart.fr\/fr\/wp-json\/wp\/v2\/product_tag?post=6339"}],"curies":[{"name":"wp","href":"https:\/\/api.w.org\/{rel}","templated":true}]}}