{"id":6326,"date":"2017-12-18T14:36:24","date_gmt":"2017-12-18T14:36:24","guid":{"rendered":"https:\/\/lumart.fr\/les-collections\/non%20class\u00e9\/vache-lustre-5205-5\/"},"modified":"2023-07-12T16:04:49","modified_gmt":"2023-07-12T14:04:49","slug":"vache-lustre-5205-5","status":"publish","type":"product","link":"https:\/\/lumart.fr\/fr\/les-collections\/interieur\/lustres\/vache-lustre-5205-5\/","title":{"rendered":"Vache - Lustre"},"content":{"rendered":"<p>La collection Vache est sign\u00e9e campagne ! Version lustre ou applique, elle viendra apporter une touche d&rsquo;humour \u00e0 la d\u00e9coration d&rsquo;une chambre d&rsquo;enfant par exemple. Choisir une finition laiton bross\u00e9 pourra lui donner un coup de peps presque contemporain !<\/p>\n","protected":false},"excerpt":{"rendered":"<p>La collection Vache est sign\u00e9e campagne ! Version lustre ou applique, elle viendra apporter une touche d&rsquo;humour \u00e0 la d\u00e9coration d&rsquo;une chambre d&rsquo;enfant par exemple. Choisir une finition laiton bross\u00e9 pourra lui donner un coup de peps presque contemporain !<\/p>\n","protected":false},"featured_media":4367,"template":"","meta":[],"product_cat":[232],"product_tag":[],"acf":[],"yoast_head":"<!-- This site is optimized with the Yoast SEO plugin v17.8 - https:\/\/yoast.com\/wordpress\/plugins\/seo\/ -->\n<meta name=\"description\" content=\"La collection Vache est sign\u00e9e campagne ! Version lustre ou applique, elle viendra apporter une touche d&#039;humour \u00e0 la d\u00e9coration d&#039;une chambre d&#039;enfant par exemple. Choisir une finition laiton bross\u00e9 pourra lui donner un coup de peps presque contemporain !\" \/>\n<meta name=\"robots\" content=\"index, follow, max-snippet:-1, max-image-preview:large, max-video-preview:-1\" \/>\n<link rel=\"canonical\" href=\"https:\/\/lumart.fr\/fr\/les-collections\/interieur\/lustres\/vache-lustre-5205-5\/\" \/>\n<meta property=\"og:locale\" content=\"fr_FR\" \/>\n<meta property=\"og:type\" content=\"article\" \/>\n<meta property=\"og:title\" content=\"Lustre Vache (5205\/5) - Lum&#039;art\" \/>\n<meta property=\"og:description\" content=\"La collection Vache est sign\u00e9e campagne ! Version lustre ou applique, elle viendra apporter une touche d&#039;humour \u00e0 la d\u00e9coration d&#039;une chambre d&#039;enfant par exemple. Choisir une finition laiton bross\u00e9 pourra lui donner un coup de peps presque contemporain !\" \/>\n<meta property=\"og:url\" content=\"https:\/\/lumart.fr\/fr\/les-collections\/interieur\/lustres\/vache-lustre-5205-5\/\" \/>\n<meta property=\"og:site_name\" content=\"Lum&#039;art\" \/>\n<meta property=\"article:publisher\" content=\"https:\/\/www.facebook.com\/LumArt-1543826629180391\/\" \/>\n<meta property=\"article:modified_time\" content=\"2023-07-12T14:04:49+00:00\" \/>\n<meta property=\"og:image\" content=\"https:\/\/lumart.fr\/wp-content\/uploads\/2017\/12\/5205-5-Lustre-Vache-LB-Lumart-BD-6.jpg\" \/>\n\t<meta property=\"og:image:width\" content=\"2551\" \/>\n\t<meta property=\"og:image:height\" content=\"1701\" \/>\n<meta name=\"twitter:card\" content=\"summary\" \/>\n<script type=\"application\/ld+json\" class=\"yoast-schema-graph\">{\"@context\":\"https:\/\/schema.org\",\"@graph\":[{\"@type\":\"WebSite\",\"@id\":\"https:\/\/lumart.fr\/fr\/#website\",\"url\":\"https:\/\/lumart.fr\/fr\/\",\"name\":\"Lum'art\",\"description\":\"\",\"potentialAction\":[{\"@type\":\"SearchAction\",\"target\":{\"@type\":\"EntryPoint\",\"urlTemplate\":\"https:\/\/lumart.fr\/fr\/?s={search_term_string}\"},\"query-input\":\"required name=search_term_string\"}],\"inLanguage\":\"fr-FR\"},{\"@type\":\"ImageObject\",\"@id\":\"https:\/\/lumart.fr\/fr\/les-collections\/interieur\/lustres\/vache-lustre-5205-5\/#primaryimage\",\"inLanguage\":\"fr-FR\",\"url\":\"\/wp-content\/uploads\/2017\/12\/5205-5-Lustre-Vache-LB-Lumart-BD-6.jpg\",\"contentUrl\":\"\/wp-content\/uploads\/2017\/12\/5205-5-Lustre-Vache-LB-Lumart-BD-6.jpg\",\"width\":2551,\"height\":1701,\"caption\":\"Lustre Vache - Finition laiton bross\\u00e9\"},{\"@type\":\"WebPage\",\"@id\":\"https:\/\/lumart.fr\/fr\/les-collections\/interieur\/lustres\/vache-lustre-5205-5\/#webpage\",\"url\":\"https:\/\/lumart.fr\/fr\/les-collections\/interieur\/lustres\/vache-lustre-5205-5\/\",\"name\":\"Lustre Vache (5205\/5) - Lum'art\",\"isPartOf\":{\"@id\":\"https:\/\/lumart.fr\/fr\/#website\"},\"primaryImageOfPage\":{\"@id\":\"https:\/\/lumart.fr\/fr\/les-collections\/interieur\/lustres\/vache-lustre-5205-5\/#primaryimage\"},\"datePublished\":\"2017-12-18T14:36:24+00:00\",\"dateModified\":\"2023-07-12T14:04:49+00:00\",\"description\":\"La collection Vache est sign\\u00e9e campagne ! Version lustre ou applique, elle viendra apporter une touche d'humour \\u00e0 la d\\u00e9coration d'une chambre d'enfant par exemple. Choisir une finition laiton bross\\u00e9 pourra lui donner un coup de peps presque contemporain !\",\"breadcrumb\":{\"@id\":\"https:\/\/lumart.fr\/fr\/les-collections\/interieur\/lustres\/vache-lustre-5205-5\/#breadcrumb\"},\"inLanguage\":\"fr-FR\",\"potentialAction\":[{\"@type\":\"ReadAction\",\"target\":[\"https:\/\/lumart.fr\/fr\/les-collections\/interieur\/lustres\/vache-lustre-5205-5\/\"]}]},{\"@type\":\"BreadcrumbList\",\"@id\":\"https:\/\/lumart.fr\/fr\/les-collections\/interieur\/lustres\/vache-lustre-5205-5\/#breadcrumb\",\"itemListElement\":[{\"@type\":\"ListItem\",\"position\":1,\"name\":\"Home\",\"item\":\"https:\/\/lumart.fr\/fr\/\"},{\"@type\":\"ListItem\",\"position\":2,\"name\":\"Les Collections\",\"item\":\"https:\/\/lumart.fr\/fr\/les-collections\/\"},{\"@type\":\"ListItem\",\"position\":3,\"name\":\"Vache - Lustre\"}]}]}<\/script>\n<!-- \/ Yoast SEO plugin. -->","yoast_head_json":{"description":"La collection Vache est sign\u00e9e campagne ! Version lustre ou applique, elle viendra apporter une touche d'humour \u00e0 la d\u00e9coration d'une chambre d'enfant par exemple. Choisir une finition laiton bross\u00e9 pourra lui donner un coup de peps presque contemporain !","robots":{"index":"index","follow":"follow","max-snippet":"max-snippet:-1","max-image-preview":"max-image-preview:large","max-video-preview":"max-video-preview:-1"},"canonical":"https:\/\/lumart.fr\/fr\/les-collections\/interieur\/lustres\/vache-lustre-5205-5\/","og_locale":"fr_FR","og_type":"article","og_title":"Lustre Vache (5205\/5) - Lum'art","og_description":"La collection Vache est sign\u00e9e campagne ! Version lustre ou applique, elle viendra apporter une touche d'humour \u00e0 la d\u00e9coration d'une chambre d'enfant par exemple. Choisir une finition laiton bross\u00e9 pourra lui donner un coup de peps presque contemporain !","og_url":"https:\/\/lumart.fr\/fr\/les-collections\/interieur\/lustres\/vache-lustre-5205-5\/","og_site_name":"Lum&#039;art","article_publisher":"https:\/\/www.facebook.com\/LumArt-1543826629180391\/","article_modified_time":"2023-07-12T14:04:49+00:00","og_image":[{"width":2551,"height":1701,"url":"https:\/\/lumart.fr\/wp-content\/uploads\/2017\/12\/5205-5-Lustre-Vache-LB-Lumart-BD-6.jpg","type":"image\/jpeg"}],"twitter_card":"summary","schema":{"@context":"https:\/\/schema.org","@graph":[{"@type":"WebSite","@id":"https:\/\/lumart.fr\/fr\/#website","url":"https:\/\/lumart.fr\/fr\/","name":"Lum'art","description":"","potentialAction":[{"@type":"SearchAction","target":{"@type":"EntryPoint","urlTemplate":"https:\/\/lumart.fr\/fr\/?s={search_term_string}"},"query-input":"required name=search_term_string"}],"inLanguage":"fr-FR"},{"@type":"ImageObject","@id":"https:\/\/lumart.fr\/fr\/les-collections\/interieur\/lustres\/vache-lustre-5205-5\/#primaryimage","inLanguage":"fr-FR","url":"\/wp-content\/uploads\/2017\/12\/5205-5-Lustre-Vache-LB-Lumart-BD-6.jpg","contentUrl":"\/wp-content\/uploads\/2017\/12\/5205-5-Lustre-Vache-LB-Lumart-BD-6.jpg","width":2551,"height":1701,"caption":"Lustre Vache - Finition laiton bross\u00e9"},{"@type":"WebPage","@id":"https:\/\/lumart.fr\/fr\/les-collections\/interieur\/lustres\/vache-lustre-5205-5\/#webpage","url":"https:\/\/lumart.fr\/fr\/les-collections\/interieur\/lustres\/vache-lustre-5205-5\/","name":"Lustre Vache (5205\/5) - Lum'art","isPartOf":{"@id":"https:\/\/lumart.fr\/fr\/#website"},"primaryImageOfPage":{"@id":"https:\/\/lumart.fr\/fr\/les-collections\/interieur\/lustres\/vache-lustre-5205-5\/#primaryimage"},"datePublished":"2017-12-18T14:36:24+00:00","dateModified":"2023-07-12T14:04:49+00:00","description":"La collection Vache est sign\u00e9e campagne ! Version lustre ou applique, elle viendra apporter une touche d'humour \u00e0 la d\u00e9coration d'une chambre d'enfant par exemple. Choisir une finition laiton bross\u00e9 pourra lui donner un coup de peps presque contemporain !","breadcrumb":{"@id":"https:\/\/lumart.fr\/fr\/les-collections\/interieur\/lustres\/vache-lustre-5205-5\/#breadcrumb"},"inLanguage":"fr-FR","potentialAction":[{"@type":"ReadAction","target":["https:\/\/lumart.fr\/fr\/les-collections\/interieur\/lustres\/vache-lustre-5205-5\/"]}]},{"@type":"BreadcrumbList","@id":"https:\/\/lumart.fr\/fr\/les-collections\/interieur\/lustres\/vache-lustre-5205-5\/#breadcrumb","itemListElement":[{"@type":"ListItem","position":1,"name":"Home","item":"https:\/\/lumart.fr\/fr\/"},{"@type":"ListItem","position":2,"name":"Les Collections","item":"https:\/\/lumart.fr\/fr\/les-collections\/"},{"@type":"ListItem","position":3,"name":"Vache - Lustre"}]}]}},"_links":{"self":[{"href":"https:\/\/lumart.fr\/fr\/wp-json\/wp\/v2\/product\/6326"}],"collection":[{"href":"https:\/\/lumart.fr\/fr\/wp-json\/wp\/v2\/product"}],"about":[{"href":"https:\/\/lumart.fr\/fr\/wp-json\/wp\/v2\/types\/product"}],"wp:featuredmedia":[{"embeddable":true,"href":"https:\/\/lumart.fr\/fr\/wp-json\/wp\/v2\/media\/4367"}],"wp:attachment":[{"href":"https:\/\/lumart.fr\/fr\/wp-json\/wp\/v2\/media?parent=6326"}],"wp:term":[{"taxonomy":"product_cat","embeddable":true,"href":"https:\/\/lumart.fr\/fr\/wp-json\/wp\/v2\/product_cat?post=6326"},{"taxonomy":"product_tag","embeddable":true,"href":"https:\/\/lumart.fr\/fr\/wp-json\/wp\/v2\/product_tag?post=6326"}],"curies":[{"name":"wp","href":"https:\/\/api.w.org\/{rel}","templated":true}]}}