{"id":6323,"date":"2017-12-18T14:36:21","date_gmt":"2017-12-18T14:36:21","guid":{"rendered":"https:\/\/lumart.fr\/les-collections\/non%20class\u00e9\/transatlantique-rampe-a-tableau-41-cm-3487-2\/"},"modified":"2023-07-12T15:09:57","modified_gmt":"2023-07-12T13:09:57","slug":"transatlantique-rampe-a-tableau-41-cm-3487-2","status":"publish","type":"product","link":"https:\/\/lumart.fr\/fr\/les-collections\/interieur\/rampes-a-tableau\/transatlantique-rampe-a-tableau-41-cm-3487-2\/","title":{"rendered":"Transatlantique - Rampe \u00e0 tableau 41 cm"},"content":{"rendered":"<p>Transatlantique est une rampe \u00e0 tableau au design contemporain qui se positionne au dessus du tableau ou de la gravure \u00e0 \u00e9clairer. Son r\u00e9flecteur pivote pour donner \u00e0 la lumi\u00e8re la bonne inclinaison.<\/p>\n","protected":false},"excerpt":{"rendered":"<p>Transatlantique est une rampe \u00e0 tableau au design contemporain qui se positionne au dessus du tableau ou de la gravure \u00e0 \u00e9clairer. Son r\u00e9flecteur pivote pour donner \u00e0 la lumi\u00e8re la bonne inclinaison.<\/p>\n","protected":false},"featured_media":4167,"template":"","meta":[],"product_cat":[243],"product_tag":[],"acf":[],"yoast_head":"<!-- This site is optimized with the Yoast SEO plugin v17.8 - https:\/\/yoast.com\/wordpress\/plugins\/seo\/ -->\n<meta name=\"description\" content=\"Transatlantique est une rampe \u00e0 tableau au design contemporain qui se positionne au dessus du tableau ou de la gravure \u00e0 \u00e9clairer. Son r\u00e9flecteur pivote pour donner \u00e0 la lumi\u00e8re la bonne inclinaison.\" \/>\n<meta name=\"robots\" content=\"index, follow, max-snippet:-1, max-image-preview:large, max-video-preview:-1\" \/>\n<link rel=\"canonical\" href=\"https:\/\/lumart.fr\/fr\/les-collections\/interieur\/rampes-a-tableau\/transatlantique-rampe-a-tableau-41-cm-3487-2\/\" \/>\n<meta property=\"og:locale\" content=\"fr_FR\" \/>\n<meta property=\"og:type\" content=\"article\" \/>\n<meta property=\"og:title\" content=\"Rampe \u00e0 tableau Transatlantique (3487\/2) - Lum&#039;art\" \/>\n<meta property=\"og:description\" content=\"Transatlantique est une rampe \u00e0 tableau au design contemporain qui se positionne au dessus du tableau ou de la gravure \u00e0 \u00e9clairer. Son r\u00e9flecteur pivote pour donner \u00e0 la lumi\u00e8re la bonne inclinaison.\" \/>\n<meta property=\"og:url\" content=\"https:\/\/lumart.fr\/fr\/les-collections\/interieur\/rampes-a-tableau\/transatlantique-rampe-a-tableau-41-cm-3487-2\/\" \/>\n<meta property=\"og:site_name\" content=\"Lum&#039;art\" \/>\n<meta property=\"article:publisher\" content=\"https:\/\/www.facebook.com\/LumArt-1543826629180391\/\" \/>\n<meta property=\"article:modified_time\" content=\"2023-07-12T13:09:57+00:00\" \/>\n<meta property=\"og:image\" content=\"https:\/\/lumart.fr\/wp-content\/uploads\/2017\/12\/3487-2-Rampe-tableau-Transatlantique-41cm-CDF-Lumart-BD-3.jpg\" \/>\n\t<meta property=\"og:image:width\" content=\"2551\" \/>\n\t<meta property=\"og:image:height\" content=\"1701\" \/>\n<meta name=\"twitter:card\" content=\"summary\" \/>\n<script type=\"application\/ld+json\" class=\"yoast-schema-graph\">{\"@context\":\"https:\/\/schema.org\",\"@graph\":[{\"@type\":\"WebSite\",\"@id\":\"https:\/\/lumart.fr\/fr\/#website\",\"url\":\"https:\/\/lumart.fr\/fr\/\",\"name\":\"Lum'art\",\"description\":\"\",\"potentialAction\":[{\"@type\":\"SearchAction\",\"target\":{\"@type\":\"EntryPoint\",\"urlTemplate\":\"https:\/\/lumart.fr\/fr\/?s={search_term_string}\"},\"query-input\":\"required name=search_term_string\"}],\"inLanguage\":\"fr-FR\"},{\"@type\":\"ImageObject\",\"@id\":\"https:\/\/lumart.fr\/fr\/les-collections\/interieur\/rampes-a-tableau\/transatlantique-rampe-a-tableau-41-cm-3487-2\/#primaryimage\",\"inLanguage\":\"fr-FR\",\"url\":\"\/wp-content\/uploads\/2017\/12\/3487-2-Rampe-tableau-Transatlantique-41cm-CDF-Lumart-BD-3.jpg\",\"contentUrl\":\"\/wp-content\/uploads\/2017\/12\/3487-2-Rampe-tableau-Transatlantique-41cm-CDF-Lumart-BD-3.jpg\",\"width\":2551,\"height\":1701,\"caption\":\"Rampe \\u00e0 tableau Transatlantique 41 cm - Finition canon de fusil\"},{\"@type\":\"WebPage\",\"@id\":\"https:\/\/lumart.fr\/fr\/les-collections\/interieur\/rampes-a-tableau\/transatlantique-rampe-a-tableau-41-cm-3487-2\/#webpage\",\"url\":\"https:\/\/lumart.fr\/fr\/les-collections\/interieur\/rampes-a-tableau\/transatlantique-rampe-a-tableau-41-cm-3487-2\/\",\"name\":\"Rampe \\u00e0 tableau Transatlantique (3487\/2) - Lum'art\",\"isPartOf\":{\"@id\":\"https:\/\/lumart.fr\/fr\/#website\"},\"primaryImageOfPage\":{\"@id\":\"https:\/\/lumart.fr\/fr\/les-collections\/interieur\/rampes-a-tableau\/transatlantique-rampe-a-tableau-41-cm-3487-2\/#primaryimage\"},\"datePublished\":\"2017-12-18T14:36:21+00:00\",\"dateModified\":\"2023-07-12T13:09:57+00:00\",\"description\":\"Transatlantique est une rampe \\u00e0 tableau au design contemporain qui se positionne au dessus du tableau ou de la gravure \\u00e0 \\u00e9clairer. Son r\\u00e9flecteur pivote pour donner \\u00e0 la lumi\\u00e8re la bonne inclinaison.\",\"breadcrumb\":{\"@id\":\"https:\/\/lumart.fr\/fr\/les-collections\/interieur\/rampes-a-tableau\/transatlantique-rampe-a-tableau-41-cm-3487-2\/#breadcrumb\"},\"inLanguage\":\"fr-FR\",\"potentialAction\":[{\"@type\":\"ReadAction\",\"target\":[\"https:\/\/lumart.fr\/fr\/les-collections\/interieur\/rampes-a-tableau\/transatlantique-rampe-a-tableau-41-cm-3487-2\/\"]}]},{\"@type\":\"BreadcrumbList\",\"@id\":\"https:\/\/lumart.fr\/fr\/les-collections\/interieur\/rampes-a-tableau\/transatlantique-rampe-a-tableau-41-cm-3487-2\/#breadcrumb\",\"itemListElement\":[{\"@type\":\"ListItem\",\"position\":1,\"name\":\"Home\",\"item\":\"https:\/\/lumart.fr\/fr\/\"},{\"@type\":\"ListItem\",\"position\":2,\"name\":\"Les Collections\",\"item\":\"https:\/\/lumart.fr\/fr\/les-collections\/\"},{\"@type\":\"ListItem\",\"position\":3,\"name\":\"Transatlantique - Rampe \\u00e0 tableau 41 cm\"}]}]}<\/script>\n<!-- \/ Yoast SEO plugin. -->","yoast_head_json":{"description":"Transatlantique est une rampe \u00e0 tableau au design contemporain qui se positionne au dessus du tableau ou de la gravure \u00e0 \u00e9clairer. Son r\u00e9flecteur pivote pour donner \u00e0 la lumi\u00e8re la bonne inclinaison.","robots":{"index":"index","follow":"follow","max-snippet":"max-snippet:-1","max-image-preview":"max-image-preview:large","max-video-preview":"max-video-preview:-1"},"canonical":"https:\/\/lumart.fr\/fr\/les-collections\/interieur\/rampes-a-tableau\/transatlantique-rampe-a-tableau-41-cm-3487-2\/","og_locale":"fr_FR","og_type":"article","og_title":"Rampe \u00e0 tableau Transatlantique (3487\/2) - Lum'art","og_description":"Transatlantique est une rampe \u00e0 tableau au design contemporain qui se positionne au dessus du tableau ou de la gravure \u00e0 \u00e9clairer. Son r\u00e9flecteur pivote pour donner \u00e0 la lumi\u00e8re la bonne inclinaison.","og_url":"https:\/\/lumart.fr\/fr\/les-collections\/interieur\/rampes-a-tableau\/transatlantique-rampe-a-tableau-41-cm-3487-2\/","og_site_name":"Lum&#039;art","article_publisher":"https:\/\/www.facebook.com\/LumArt-1543826629180391\/","article_modified_time":"2023-07-12T13:09:57+00:00","og_image":[{"width":2551,"height":1701,"url":"https:\/\/lumart.fr\/wp-content\/uploads\/2017\/12\/3487-2-Rampe-tableau-Transatlantique-41cm-CDF-Lumart-BD-3.jpg","type":"image\/jpeg"}],"twitter_card":"summary","schema":{"@context":"https:\/\/schema.org","@graph":[{"@type":"WebSite","@id":"https:\/\/lumart.fr\/fr\/#website","url":"https:\/\/lumart.fr\/fr\/","name":"Lum'art","description":"","potentialAction":[{"@type":"SearchAction","target":{"@type":"EntryPoint","urlTemplate":"https:\/\/lumart.fr\/fr\/?s={search_term_string}"},"query-input":"required name=search_term_string"}],"inLanguage":"fr-FR"},{"@type":"ImageObject","@id":"https:\/\/lumart.fr\/fr\/les-collections\/interieur\/rampes-a-tableau\/transatlantique-rampe-a-tableau-41-cm-3487-2\/#primaryimage","inLanguage":"fr-FR","url":"\/wp-content\/uploads\/2017\/12\/3487-2-Rampe-tableau-Transatlantique-41cm-CDF-Lumart-BD-3.jpg","contentUrl":"\/wp-content\/uploads\/2017\/12\/3487-2-Rampe-tableau-Transatlantique-41cm-CDF-Lumart-BD-3.jpg","width":2551,"height":1701,"caption":"Rampe \u00e0 tableau Transatlantique 41 cm - Finition canon de fusil"},{"@type":"WebPage","@id":"https:\/\/lumart.fr\/fr\/les-collections\/interieur\/rampes-a-tableau\/transatlantique-rampe-a-tableau-41-cm-3487-2\/#webpage","url":"https:\/\/lumart.fr\/fr\/les-collections\/interieur\/rampes-a-tableau\/transatlantique-rampe-a-tableau-41-cm-3487-2\/","name":"Rampe \u00e0 tableau Transatlantique (3487\/2) - Lum'art","isPartOf":{"@id":"https:\/\/lumart.fr\/fr\/#website"},"primaryImageOfPage":{"@id":"https:\/\/lumart.fr\/fr\/les-collections\/interieur\/rampes-a-tableau\/transatlantique-rampe-a-tableau-41-cm-3487-2\/#primaryimage"},"datePublished":"2017-12-18T14:36:21+00:00","dateModified":"2023-07-12T13:09:57+00:00","description":"Transatlantique est une rampe \u00e0 tableau au design contemporain qui se positionne au dessus du tableau ou de la gravure \u00e0 \u00e9clairer. Son r\u00e9flecteur pivote pour donner \u00e0 la lumi\u00e8re la bonne inclinaison.","breadcrumb":{"@id":"https:\/\/lumart.fr\/fr\/les-collections\/interieur\/rampes-a-tableau\/transatlantique-rampe-a-tableau-41-cm-3487-2\/#breadcrumb"},"inLanguage":"fr-FR","potentialAction":[{"@type":"ReadAction","target":["https:\/\/lumart.fr\/fr\/les-collections\/interieur\/rampes-a-tableau\/transatlantique-rampe-a-tableau-41-cm-3487-2\/"]}]},{"@type":"BreadcrumbList","@id":"https:\/\/lumart.fr\/fr\/les-collections\/interieur\/rampes-a-tableau\/transatlantique-rampe-a-tableau-41-cm-3487-2\/#breadcrumb","itemListElement":[{"@type":"ListItem","position":1,"name":"Home","item":"https:\/\/lumart.fr\/fr\/"},{"@type":"ListItem","position":2,"name":"Les Collections","item":"https:\/\/lumart.fr\/fr\/les-collections\/"},{"@type":"ListItem","position":3,"name":"Transatlantique - Rampe \u00e0 tableau 41 cm"}]}]}},"_links":{"self":[{"href":"https:\/\/lumart.fr\/fr\/wp-json\/wp\/v2\/product\/6323"}],"collection":[{"href":"https:\/\/lumart.fr\/fr\/wp-json\/wp\/v2\/product"}],"about":[{"href":"https:\/\/lumart.fr\/fr\/wp-json\/wp\/v2\/types\/product"}],"wp:featuredmedia":[{"embeddable":true,"href":"https:\/\/lumart.fr\/fr\/wp-json\/wp\/v2\/media\/4167"}],"wp:attachment":[{"href":"https:\/\/lumart.fr\/fr\/wp-json\/wp\/v2\/media?parent=6323"}],"wp:term":[{"taxonomy":"product_cat","embeddable":true,"href":"https:\/\/lumart.fr\/fr\/wp-json\/wp\/v2\/product_cat?post=6323"},{"taxonomy":"product_tag","embeddable":true,"href":"https:\/\/lumart.fr\/fr\/wp-json\/wp\/v2\/product_tag?post=6323"}],"curies":[{"name":"wp","href":"https:\/\/api.w.org\/{rel}","templated":true}]}}