{"id":6318,"date":"2017-12-18T14:36:18","date_gmt":"2017-12-18T14:36:18","guid":{"rendered":"https:\/\/lumart.fr\/les-collections\/non%20class\u00e9\/swansea-applique-gm-2147-2\/"},"modified":"2023-07-12T15:27:22","modified_gmt":"2023-07-12T13:27:22","slug":"swansea-applique-gm-2147-2","status":"publish","type":"product","link":"https:\/\/lumart.fr\/fr\/les-collections\/exterieur\/appliques-exterieur\/swansea-applique-gm-2147-2\/","title":{"rendered":"Swansea - Applique GM"},"content":{"rendered":"<p>Les appliques de la collection Swansea associent la rondeur des courbes du toit et la verticalit\u00e9 des lignes du corps de la lanterne lui donnant un petit c\u00f4t\u00e9 scandinave, \u00e0 moins qu&rsquo;on y retrouve l&rsquo;esprit des anciennes lanternes de cave qui ponctuaient les galeries de leur lumi\u00e8re chatoyante ! Une lanterne de toute fa\u00e7on sympathique \u00e0 jouer indiff\u00e9remment \u00e0 l&rsquo;ext\u00e9rieur et \u00e0 l&rsquo;int\u00e9rieur.<\/p>\n","protected":false},"excerpt":{"rendered":"<p>Les appliques de la collection Swansea associent la rondeur des courbes du toit et la verticalit\u00e9 des lignes du corps de la lanterne lui donnant un petit c\u00f4t\u00e9 scandinave, \u00e0 moins qu&rsquo;on y retrouve l&rsquo;esprit des anciennes lanternes de cave qui ponctuaient les galeries de leur lumi\u00e8re chatoyante ! Une lanterne de toute fa\u00e7on sympathique \u00e0 jouer indiff\u00e9remment \u00e0 l&rsquo;ext\u00e9rieur <a href=\"https:\/\/lumart.fr\/fr\/les-collections\/exterieur\/appliques-exterieur\/swansea-applique-gm-2147-2\/\" class=\"more\">[ &hellip; ]<\/a><\/p>\n","protected":false},"featured_media":3070,"template":"","meta":[],"product_cat":[231],"product_tag":[],"acf":[],"yoast_head":"<!-- This site is optimized with the Yoast SEO plugin v17.8 - https:\/\/yoast.com\/wordpress\/plugins\/seo\/ -->\n<meta name=\"description\" content=\"Les appliques de la collection Swansea associent la rondeur des courbes du toit et la verticalit\u00e9 des lignes du corps de la lanterne lui donnant un petit c\u00f4t\u00e9 scandinave, \u00e0 moins qu&#039;on y retrouve l&#039;esprit des anciennes lanternes de cave qui ponctuaient les galeries de leur lumi\u00e8re chatoyante !\" \/>\n<meta name=\"robots\" content=\"index, follow, max-snippet:-1, max-image-preview:large, max-video-preview:-1\" \/>\n<link rel=\"canonical\" href=\"https:\/\/lumart.fr\/fr\/les-collections\/exterieur\/appliques-exterieur\/swansea-applique-gm-2147-2\/\" \/>\n<meta property=\"og:locale\" content=\"fr_FR\" \/>\n<meta property=\"og:type\" content=\"article\" \/>\n<meta property=\"og:title\" content=\"Applique Swansea GM (2147\/2) - Lum&#039;art\" \/>\n<meta property=\"og:description\" content=\"Les appliques de la collection Swansea associent la rondeur des courbes du toit et la verticalit\u00e9 des lignes du corps de la lanterne lui donnant un petit c\u00f4t\u00e9 scandinave, \u00e0 moins qu&#039;on y retrouve l&#039;esprit des anciennes lanternes de cave qui ponctuaient les galeries de leur lumi\u00e8re chatoyante !\" \/>\n<meta property=\"og:url\" content=\"https:\/\/lumart.fr\/fr\/les-collections\/exterieur\/appliques-exterieur\/swansea-applique-gm-2147-2\/\" \/>\n<meta property=\"og:site_name\" content=\"Lum&#039;art\" \/>\n<meta property=\"article:publisher\" content=\"https:\/\/www.facebook.com\/LumArt-1543826629180391\/\" \/>\n<meta property=\"article:modified_time\" content=\"2023-07-12T13:27:22+00:00\" \/>\n<meta property=\"og:image\" content=\"https:\/\/lumart.fr\/wp-content\/uploads\/2017\/12\/2147-2-Applique-Swansea-GM-VZ-Lumart-BD-2.jpg\" \/>\n\t<meta property=\"og:image:width\" content=\"2551\" \/>\n\t<meta property=\"og:image:height\" content=\"1701\" \/>\n<meta name=\"twitter:card\" content=\"summary\" \/>\n<script type=\"application\/ld+json\" class=\"yoast-schema-graph\">{\"@context\":\"https:\/\/schema.org\",\"@graph\":[{\"@type\":\"WebSite\",\"@id\":\"https:\/\/lumart.fr\/fr\/#website\",\"url\":\"https:\/\/lumart.fr\/fr\/\",\"name\":\"Lum'art\",\"description\":\"\",\"potentialAction\":[{\"@type\":\"SearchAction\",\"target\":{\"@type\":\"EntryPoint\",\"urlTemplate\":\"https:\/\/lumart.fr\/fr\/?s={search_term_string}\"},\"query-input\":\"required name=search_term_string\"}],\"inLanguage\":\"fr-FR\"},{\"@type\":\"ImageObject\",\"@id\":\"https:\/\/lumart.fr\/fr\/les-collections\/exterieur\/appliques-exterieur\/swansea-applique-gm-2147-2\/#primaryimage\",\"inLanguage\":\"fr-FR\",\"url\":\"\/wp-content\/uploads\/2017\/12\/2147-2-Applique-Swansea-GM-VZ-Lumart-BD-2.jpg\",\"contentUrl\":\"\/wp-content\/uploads\/2017\/12\/2147-2-Applique-Swansea-GM-VZ-Lumart-BD-2.jpg\",\"width\":2551,\"height\":1701,\"caption\":\"Applique Swansea GM - Finition vieux zinc\"},{\"@type\":\"WebPage\",\"@id\":\"https:\/\/lumart.fr\/fr\/les-collections\/exterieur\/appliques-exterieur\/swansea-applique-gm-2147-2\/#webpage\",\"url\":\"https:\/\/lumart.fr\/fr\/les-collections\/exterieur\/appliques-exterieur\/swansea-applique-gm-2147-2\/\",\"name\":\"Applique Swansea GM (2147\/2) - Lum'art\",\"isPartOf\":{\"@id\":\"https:\/\/lumart.fr\/fr\/#website\"},\"primaryImageOfPage\":{\"@id\":\"https:\/\/lumart.fr\/fr\/les-collections\/exterieur\/appliques-exterieur\/swansea-applique-gm-2147-2\/#primaryimage\"},\"datePublished\":\"2017-12-18T14:36:18+00:00\",\"dateModified\":\"2023-07-12T13:27:22+00:00\",\"description\":\"Les appliques de la collection Swansea associent la rondeur des courbes du toit et la verticalit\\u00e9 des lignes du corps de la lanterne lui donnant un petit c\\u00f4t\\u00e9 scandinave, \\u00e0 moins qu'on y retrouve l'esprit des anciennes lanternes de cave qui ponctuaient les galeries de leur lumi\\u00e8re chatoyante !\",\"breadcrumb\":{\"@id\":\"https:\/\/lumart.fr\/fr\/les-collections\/exterieur\/appliques-exterieur\/swansea-applique-gm-2147-2\/#breadcrumb\"},\"inLanguage\":\"fr-FR\",\"potentialAction\":[{\"@type\":\"ReadAction\",\"target\":[\"https:\/\/lumart.fr\/fr\/les-collections\/exterieur\/appliques-exterieur\/swansea-applique-gm-2147-2\/\"]}]},{\"@type\":\"BreadcrumbList\",\"@id\":\"https:\/\/lumart.fr\/fr\/les-collections\/exterieur\/appliques-exterieur\/swansea-applique-gm-2147-2\/#breadcrumb\",\"itemListElement\":[{\"@type\":\"ListItem\",\"position\":1,\"name\":\"Home\",\"item\":\"https:\/\/lumart.fr\/fr\/\"},{\"@type\":\"ListItem\",\"position\":2,\"name\":\"Les Collections\",\"item\":\"https:\/\/lumart.fr\/fr\/les-collections\/\"},{\"@type\":\"ListItem\",\"position\":3,\"name\":\"Swansea - Applique GM\"}]}]}<\/script>\n<!-- \/ Yoast SEO plugin. -->","yoast_head_json":{"description":"Les appliques de la collection Swansea associent la rondeur des courbes du toit et la verticalit\u00e9 des lignes du corps de la lanterne lui donnant un petit c\u00f4t\u00e9 scandinave, \u00e0 moins qu'on y retrouve l'esprit des anciennes lanternes de cave qui ponctuaient les galeries de leur lumi\u00e8re chatoyante !","robots":{"index":"index","follow":"follow","max-snippet":"max-snippet:-1","max-image-preview":"max-image-preview:large","max-video-preview":"max-video-preview:-1"},"canonical":"https:\/\/lumart.fr\/fr\/les-collections\/exterieur\/appliques-exterieur\/swansea-applique-gm-2147-2\/","og_locale":"fr_FR","og_type":"article","og_title":"Applique Swansea GM (2147\/2) - Lum'art","og_description":"Les appliques de la collection Swansea associent la rondeur des courbes du toit et la verticalit\u00e9 des lignes du corps de la lanterne lui donnant un petit c\u00f4t\u00e9 scandinave, \u00e0 moins qu'on y retrouve l'esprit des anciennes lanternes de cave qui ponctuaient les galeries de leur lumi\u00e8re chatoyante !","og_url":"https:\/\/lumart.fr\/fr\/les-collections\/exterieur\/appliques-exterieur\/swansea-applique-gm-2147-2\/","og_site_name":"Lum&#039;art","article_publisher":"https:\/\/www.facebook.com\/LumArt-1543826629180391\/","article_modified_time":"2023-07-12T13:27:22+00:00","og_image":[{"width":2551,"height":1701,"url":"https:\/\/lumart.fr\/wp-content\/uploads\/2017\/12\/2147-2-Applique-Swansea-GM-VZ-Lumart-BD-2.jpg","type":"image\/jpeg"}],"twitter_card":"summary","schema":{"@context":"https:\/\/schema.org","@graph":[{"@type":"WebSite","@id":"https:\/\/lumart.fr\/fr\/#website","url":"https:\/\/lumart.fr\/fr\/","name":"Lum'art","description":"","potentialAction":[{"@type":"SearchAction","target":{"@type":"EntryPoint","urlTemplate":"https:\/\/lumart.fr\/fr\/?s={search_term_string}"},"query-input":"required name=search_term_string"}],"inLanguage":"fr-FR"},{"@type":"ImageObject","@id":"https:\/\/lumart.fr\/fr\/les-collections\/exterieur\/appliques-exterieur\/swansea-applique-gm-2147-2\/#primaryimage","inLanguage":"fr-FR","url":"\/wp-content\/uploads\/2017\/12\/2147-2-Applique-Swansea-GM-VZ-Lumart-BD-2.jpg","contentUrl":"\/wp-content\/uploads\/2017\/12\/2147-2-Applique-Swansea-GM-VZ-Lumart-BD-2.jpg","width":2551,"height":1701,"caption":"Applique Swansea GM - Finition vieux zinc"},{"@type":"WebPage","@id":"https:\/\/lumart.fr\/fr\/les-collections\/exterieur\/appliques-exterieur\/swansea-applique-gm-2147-2\/#webpage","url":"https:\/\/lumart.fr\/fr\/les-collections\/exterieur\/appliques-exterieur\/swansea-applique-gm-2147-2\/","name":"Applique Swansea GM (2147\/2) - Lum'art","isPartOf":{"@id":"https:\/\/lumart.fr\/fr\/#website"},"primaryImageOfPage":{"@id":"https:\/\/lumart.fr\/fr\/les-collections\/exterieur\/appliques-exterieur\/swansea-applique-gm-2147-2\/#primaryimage"},"datePublished":"2017-12-18T14:36:18+00:00","dateModified":"2023-07-12T13:27:22+00:00","description":"Les appliques de la collection Swansea associent la rondeur des courbes du toit et la verticalit\u00e9 des lignes du corps de la lanterne lui donnant un petit c\u00f4t\u00e9 scandinave, \u00e0 moins qu'on y retrouve l'esprit des anciennes lanternes de cave qui ponctuaient les galeries de leur lumi\u00e8re chatoyante !","breadcrumb":{"@id":"https:\/\/lumart.fr\/fr\/les-collections\/exterieur\/appliques-exterieur\/swansea-applique-gm-2147-2\/#breadcrumb"},"inLanguage":"fr-FR","potentialAction":[{"@type":"ReadAction","target":["https:\/\/lumart.fr\/fr\/les-collections\/exterieur\/appliques-exterieur\/swansea-applique-gm-2147-2\/"]}]},{"@type":"BreadcrumbList","@id":"https:\/\/lumart.fr\/fr\/les-collections\/exterieur\/appliques-exterieur\/swansea-applique-gm-2147-2\/#breadcrumb","itemListElement":[{"@type":"ListItem","position":1,"name":"Home","item":"https:\/\/lumart.fr\/fr\/"},{"@type":"ListItem","position":2,"name":"Les Collections","item":"https:\/\/lumart.fr\/fr\/les-collections\/"},{"@type":"ListItem","position":3,"name":"Swansea - Applique GM"}]}]}},"_links":{"self":[{"href":"https:\/\/lumart.fr\/fr\/wp-json\/wp\/v2\/product\/6318"}],"collection":[{"href":"https:\/\/lumart.fr\/fr\/wp-json\/wp\/v2\/product"}],"about":[{"href":"https:\/\/lumart.fr\/fr\/wp-json\/wp\/v2\/types\/product"}],"wp:featuredmedia":[{"embeddable":true,"href":"https:\/\/lumart.fr\/fr\/wp-json\/wp\/v2\/media\/3070"}],"wp:attachment":[{"href":"https:\/\/lumart.fr\/fr\/wp-json\/wp\/v2\/media?parent=6318"}],"wp:term":[{"taxonomy":"product_cat","embeddable":true,"href":"https:\/\/lumart.fr\/fr\/wp-json\/wp\/v2\/product_cat?post=6318"},{"taxonomy":"product_tag","embeddable":true,"href":"https:\/\/lumart.fr\/fr\/wp-json\/wp\/v2\/product_tag?post=6318"}],"curies":[{"name":"wp","href":"https:\/\/api.w.org\/{rel}","templated":true}]}}