{"id":6313,"date":"2017-12-18T14:36:16","date_gmt":"2017-12-18T14:36:16","guid":{"rendered":"https:\/\/lumart.fr\/les-collections\/non%20class\u00e9\/serie-n5-bougeoir-9005\/"},"modified":"2019-06-12T08:57:09","modified_gmt":"2019-06-12T08:57:09","slug":"serie-n5-bougeoir-9005","status":"publish","type":"product","link":"https:\/\/lumart.fr\/fr\/les-collections\/edition-limitee\/bougeoirs\/serie-n5-bougeoir-9005\/","title":{"rendered":"S\u00e9rie N\u00b05 - Bougeoir"},"content":{"rendered":"<p>Nouvelles cr\u00e9ations exclusives du Studio Lum\u2019art, une collection de bougeoirs en \u00e9dition limit\u00e9e. Reprenant les codes et les valeurs de la marque, ces objets, au design \u00e9pur\u00e9, sont enti\u00e8rement r\u00e9alis\u00e9s \u00e0 la main en France \u00e0 partir de mati\u00e8re brute et durable tels le laiton et le cuivre bross\u00e9 ou le ch\u00eane ponc\u00e9 et poli.<\/p>\n","protected":false},"excerpt":{"rendered":"<p>Nouvelles cr\u00e9ations exclusives du Studio Lum\u2019art, une collection de bougeoirs en \u00e9dition limit\u00e9e. Reprenant les codes et les valeurs de la marque, ces objets, au design \u00e9pur\u00e9, sont enti\u00e8rement r\u00e9alis\u00e9s \u00e0 la main en France \u00e0 partir de mati\u00e8re brute et durable tels le laiton et le cuivre bross\u00e9 ou le ch\u00eane ponc\u00e9 et poli.<\/p>\n","protected":false},"featured_media":5589,"template":"","meta":[],"product_cat":[250],"product_tag":[],"acf":[],"yoast_head":"<!-- This site is optimized with the Yoast SEO plugin v17.8 - https:\/\/yoast.com\/wordpress\/plugins\/seo\/ -->\n<meta name=\"description\" content=\"Nouvelles cr\u00e9ations exclusives du Studio Lum\u2019art, une collection de bougeoirs en \u00e9dition limit\u00e9e. Reprenant les codes et les valeurs de la marque, ces objets, au design \u00e9pur\u00e9, sont enti\u00e8rement r\u00e9alis\u00e9s \u00e0 la main en France \u00e0 partir de mati\u00e8re brute et durable tels le laiton et le cuivre bross\u00e9 ou le ch\u00eane ponc\u00e9 et poli.\" \/>\n<meta name=\"robots\" content=\"index, follow, max-snippet:-1, max-image-preview:large, max-video-preview:-1\" \/>\n<link rel=\"canonical\" href=\"https:\/\/lumart.fr\/fr\/les-collections\/edition-limitee\/bougeoirs\/serie-n5-bougeoir-9005\/\" \/>\n<meta property=\"og:locale\" content=\"fr_FR\" \/>\n<meta property=\"og:type\" content=\"article\" \/>\n<meta property=\"og:title\" content=\"Bougeoir S\u00e9rie N\u00b05 (9005) - Lum&#039;art\" \/>\n<meta property=\"og:description\" content=\"Nouvelles cr\u00e9ations exclusives du Studio Lum\u2019art, une collection de bougeoirs en \u00e9dition limit\u00e9e. Reprenant les codes et les valeurs de la marque, ces objets, au design \u00e9pur\u00e9, sont enti\u00e8rement r\u00e9alis\u00e9s \u00e0 la main en France \u00e0 partir de mati\u00e8re brute et durable tels le laiton et le cuivre bross\u00e9 ou le ch\u00eane ponc\u00e9 et poli.\" \/>\n<meta property=\"og:url\" content=\"https:\/\/lumart.fr\/fr\/les-collections\/edition-limitee\/bougeoirs\/serie-n5-bougeoir-9005\/\" \/>\n<meta property=\"og:site_name\" content=\"Lum&#039;art\" \/>\n<meta property=\"article:publisher\" content=\"https:\/\/www.facebook.com\/LumArt-1543826629180391\/\" \/>\n<meta property=\"article:modified_time\" content=\"2019-06-12T08:57:09+00:00\" \/>\n<meta property=\"og:image\" content=\"https:\/\/lumart.fr\/wp-content\/uploads\/2017\/12\/9005-Bougeoir-Serie-num5-LB-Lumart-BD-1.jpg\" \/>\n\t<meta property=\"og:image:width\" content=\"8688\" \/>\n\t<meta property=\"og:image:height\" content=\"5792\" \/>\n<meta name=\"twitter:card\" content=\"summary\" \/>\n<script type=\"application\/ld+json\" class=\"yoast-schema-graph\">{\"@context\":\"https:\/\/schema.org\",\"@graph\":[{\"@type\":\"WebSite\",\"@id\":\"https:\/\/lumart.fr\/fr\/#website\",\"url\":\"https:\/\/lumart.fr\/fr\/\",\"name\":\"Lum'art\",\"description\":\"\",\"potentialAction\":[{\"@type\":\"SearchAction\",\"target\":{\"@type\":\"EntryPoint\",\"urlTemplate\":\"https:\/\/lumart.fr\/fr\/?s={search_term_string}\"},\"query-input\":\"required name=search_term_string\"}],\"inLanguage\":\"fr-FR\"},{\"@type\":\"ImageObject\",\"@id\":\"https:\/\/lumart.fr\/fr\/les-collections\/edition-limitee\/bougeoirs\/serie-n5-bougeoir-9005\/#primaryimage\",\"inLanguage\":\"fr-FR\",\"url\":\"\/wp-content\/uploads\/2017\/12\/9005-Bougeoir-Serie-num5-LB-Lumart-BD-1.jpg\",\"contentUrl\":\"\/wp-content\/uploads\/2017\/12\/9005-Bougeoir-Serie-num5-LB-Lumart-BD-1.jpg\",\"width\":8688,\"height\":5792,\"caption\":\"Bougeoir S\\u00e9rie N\\u00b05 - Finition laiton bross\\u00e9\"},{\"@type\":\"WebPage\",\"@id\":\"https:\/\/lumart.fr\/fr\/les-collections\/edition-limitee\/bougeoirs\/serie-n5-bougeoir-9005\/#webpage\",\"url\":\"https:\/\/lumart.fr\/fr\/les-collections\/edition-limitee\/bougeoirs\/serie-n5-bougeoir-9005\/\",\"name\":\"Bougeoir S\\u00e9rie N\\u00b05 (9005) - Lum'art\",\"isPartOf\":{\"@id\":\"https:\/\/lumart.fr\/fr\/#website\"},\"primaryImageOfPage\":{\"@id\":\"https:\/\/lumart.fr\/fr\/les-collections\/edition-limitee\/bougeoirs\/serie-n5-bougeoir-9005\/#primaryimage\"},\"datePublished\":\"2017-12-18T14:36:16+00:00\",\"dateModified\":\"2019-06-12T08:57:09+00:00\",\"description\":\"Nouvelles cr\\u00e9ations exclusives du Studio Lum\\u2019art, une collection de bougeoirs en \\u00e9dition limit\\u00e9e. Reprenant les codes et les valeurs de la marque, ces objets, au design \\u00e9pur\\u00e9, sont enti\\u00e8rement r\\u00e9alis\\u00e9s \\u00e0 la main en France \\u00e0 partir de mati\\u00e8re brute et durable tels le laiton et le cuivre bross\\u00e9 ou le ch\\u00eane ponc\\u00e9 et poli.\",\"breadcrumb\":{\"@id\":\"https:\/\/lumart.fr\/fr\/les-collections\/edition-limitee\/bougeoirs\/serie-n5-bougeoir-9005\/#breadcrumb\"},\"inLanguage\":\"fr-FR\",\"potentialAction\":[{\"@type\":\"ReadAction\",\"target\":[\"https:\/\/lumart.fr\/fr\/les-collections\/edition-limitee\/bougeoirs\/serie-n5-bougeoir-9005\/\"]}]},{\"@type\":\"BreadcrumbList\",\"@id\":\"https:\/\/lumart.fr\/fr\/les-collections\/edition-limitee\/bougeoirs\/serie-n5-bougeoir-9005\/#breadcrumb\",\"itemListElement\":[{\"@type\":\"ListItem\",\"position\":1,\"name\":\"Home\",\"item\":\"https:\/\/lumart.fr\/fr\/\"},{\"@type\":\"ListItem\",\"position\":2,\"name\":\"Les Collections\",\"item\":\"https:\/\/lumart.fr\/fr\/les-collections\/\"},{\"@type\":\"ListItem\",\"position\":3,\"name\":\"S\\u00e9rie N\\u00b05 - Bougeoir\"}]}]}<\/script>\n<!-- \/ Yoast SEO plugin. -->","yoast_head_json":{"description":"Nouvelles cr\u00e9ations exclusives du Studio Lum\u2019art, une collection de bougeoirs en \u00e9dition limit\u00e9e. Reprenant les codes et les valeurs de la marque, ces objets, au design \u00e9pur\u00e9, sont enti\u00e8rement r\u00e9alis\u00e9s \u00e0 la main en France \u00e0 partir de mati\u00e8re brute et durable tels le laiton et le cuivre bross\u00e9 ou le ch\u00eane ponc\u00e9 et poli.","robots":{"index":"index","follow":"follow","max-snippet":"max-snippet:-1","max-image-preview":"max-image-preview:large","max-video-preview":"max-video-preview:-1"},"canonical":"https:\/\/lumart.fr\/fr\/les-collections\/edition-limitee\/bougeoirs\/serie-n5-bougeoir-9005\/","og_locale":"fr_FR","og_type":"article","og_title":"Bougeoir S\u00e9rie N\u00b05 (9005) - Lum'art","og_description":"Nouvelles cr\u00e9ations exclusives du Studio Lum\u2019art, une collection de bougeoirs en \u00e9dition limit\u00e9e. Reprenant les codes et les valeurs de la marque, ces objets, au design \u00e9pur\u00e9, sont enti\u00e8rement r\u00e9alis\u00e9s \u00e0 la main en France \u00e0 partir de mati\u00e8re brute et durable tels le laiton et le cuivre bross\u00e9 ou le ch\u00eane ponc\u00e9 et poli.","og_url":"https:\/\/lumart.fr\/fr\/les-collections\/edition-limitee\/bougeoirs\/serie-n5-bougeoir-9005\/","og_site_name":"Lum&#039;art","article_publisher":"https:\/\/www.facebook.com\/LumArt-1543826629180391\/","article_modified_time":"2019-06-12T08:57:09+00:00","og_image":[{"width":8688,"height":5792,"url":"https:\/\/lumart.fr\/wp-content\/uploads\/2017\/12\/9005-Bougeoir-Serie-num5-LB-Lumart-BD-1.jpg","type":"image\/jpeg"}],"twitter_card":"summary","schema":{"@context":"https:\/\/schema.org","@graph":[{"@type":"WebSite","@id":"https:\/\/lumart.fr\/fr\/#website","url":"https:\/\/lumart.fr\/fr\/","name":"Lum'art","description":"","potentialAction":[{"@type":"SearchAction","target":{"@type":"EntryPoint","urlTemplate":"https:\/\/lumart.fr\/fr\/?s={search_term_string}"},"query-input":"required name=search_term_string"}],"inLanguage":"fr-FR"},{"@type":"ImageObject","@id":"https:\/\/lumart.fr\/fr\/les-collections\/edition-limitee\/bougeoirs\/serie-n5-bougeoir-9005\/#primaryimage","inLanguage":"fr-FR","url":"\/wp-content\/uploads\/2017\/12\/9005-Bougeoir-Serie-num5-LB-Lumart-BD-1.jpg","contentUrl":"\/wp-content\/uploads\/2017\/12\/9005-Bougeoir-Serie-num5-LB-Lumart-BD-1.jpg","width":8688,"height":5792,"caption":"Bougeoir S\u00e9rie N\u00b05 - Finition laiton bross\u00e9"},{"@type":"WebPage","@id":"https:\/\/lumart.fr\/fr\/les-collections\/edition-limitee\/bougeoirs\/serie-n5-bougeoir-9005\/#webpage","url":"https:\/\/lumart.fr\/fr\/les-collections\/edition-limitee\/bougeoirs\/serie-n5-bougeoir-9005\/","name":"Bougeoir S\u00e9rie N\u00b05 (9005) - Lum'art","isPartOf":{"@id":"https:\/\/lumart.fr\/fr\/#website"},"primaryImageOfPage":{"@id":"https:\/\/lumart.fr\/fr\/les-collections\/edition-limitee\/bougeoirs\/serie-n5-bougeoir-9005\/#primaryimage"},"datePublished":"2017-12-18T14:36:16+00:00","dateModified":"2019-06-12T08:57:09+00:00","description":"Nouvelles cr\u00e9ations exclusives du Studio Lum\u2019art, une collection de bougeoirs en \u00e9dition limit\u00e9e. Reprenant les codes et les valeurs de la marque, ces objets, au design \u00e9pur\u00e9, sont enti\u00e8rement r\u00e9alis\u00e9s \u00e0 la main en France \u00e0 partir de mati\u00e8re brute et durable tels le laiton et le cuivre bross\u00e9 ou le ch\u00eane ponc\u00e9 et poli.","breadcrumb":{"@id":"https:\/\/lumart.fr\/fr\/les-collections\/edition-limitee\/bougeoirs\/serie-n5-bougeoir-9005\/#breadcrumb"},"inLanguage":"fr-FR","potentialAction":[{"@type":"ReadAction","target":["https:\/\/lumart.fr\/fr\/les-collections\/edition-limitee\/bougeoirs\/serie-n5-bougeoir-9005\/"]}]},{"@type":"BreadcrumbList","@id":"https:\/\/lumart.fr\/fr\/les-collections\/edition-limitee\/bougeoirs\/serie-n5-bougeoir-9005\/#breadcrumb","itemListElement":[{"@type":"ListItem","position":1,"name":"Home","item":"https:\/\/lumart.fr\/fr\/"},{"@type":"ListItem","position":2,"name":"Les Collections","item":"https:\/\/lumart.fr\/fr\/les-collections\/"},{"@type":"ListItem","position":3,"name":"S\u00e9rie N\u00b05 - Bougeoir"}]}]}},"_links":{"self":[{"href":"https:\/\/lumart.fr\/fr\/wp-json\/wp\/v2\/product\/6313"}],"collection":[{"href":"https:\/\/lumart.fr\/fr\/wp-json\/wp\/v2\/product"}],"about":[{"href":"https:\/\/lumart.fr\/fr\/wp-json\/wp\/v2\/types\/product"}],"wp:featuredmedia":[{"embeddable":true,"href":"https:\/\/lumart.fr\/fr\/wp-json\/wp\/v2\/media\/5589"}],"wp:attachment":[{"href":"https:\/\/lumart.fr\/fr\/wp-json\/wp\/v2\/media?parent=6313"}],"wp:term":[{"taxonomy":"product_cat","embeddable":true,"href":"https:\/\/lumart.fr\/fr\/wp-json\/wp\/v2\/product_cat?post=6313"},{"taxonomy":"product_tag","embeddable":true,"href":"https:\/\/lumart.fr\/fr\/wp-json\/wp\/v2\/product_tag?post=6313"}],"curies":[{"name":"wp","href":"https:\/\/api.w.org\/{rel}","templated":true}]}}