{"id":6307,"date":"2017-12-18T14:36:14","date_gmt":"2017-12-18T14:36:14","guid":{"rendered":"https:\/\/lumart.fr\/les-collections\/non%20class\u00e9\/serie-n2-chenet-9102\/"},"modified":"2019-06-12T09:03:16","modified_gmt":"2019-06-12T09:03:16","slug":"serie-n2-chenet-9102","status":"publish","type":"product","link":"https:\/\/lumart.fr\/fr\/les-collections\/edition-limitee\/chenets\/serie-n2-chenet-9102\/","title":{"rendered":"S\u00e9rie N\u00b02 - Chenet"},"content":{"rendered":"<p>Nouvelles cr\u00e9ations exclusives du Studio Lum\u2019art, une collection de chenets contemporains en \u00e9dition limit\u00e9e. Reprenant les codes et les valeurs de la marque, ces objets, au design \u00e9pur\u00e9, sont enti\u00e8rement r\u00e9alis\u00e9s \u00e0 la main en France en acier et laiton bross\u00e9. Dans chaque collection, 2 longueurs sont disponibles pour s&rsquo;adapter aux grands mais aussi au plus petits foyers de chemin\u00e9e, qu&rsquo;ils soient classiques ou r\u00e9solument design.<\/p>\n","protected":false},"excerpt":{"rendered":"<p>Nouvelles cr\u00e9ations exclusives du Studio Lum\u2019art, une collection de chenets contemporains en \u00e9dition limit\u00e9e. Reprenant les codes et les valeurs de la marque, ces objets, au design \u00e9pur\u00e9, sont enti\u00e8rement r\u00e9alis\u00e9s \u00e0 la main en France en acier et laiton bross\u00e9. Dans chaque collection, 2 longueurs sont disponibles pour s&rsquo;adapter aux grands mais aussi au plus petits foyers de chemin\u00e9e, <a href=\"https:\/\/lumart.fr\/fr\/les-collections\/edition-limitee\/chenets\/serie-n2-chenet-9102\/\" class=\"more\">[ &hellip; ]<\/a><\/p>\n","protected":false},"featured_media":5605,"template":"","meta":[],"product_cat":[249],"product_tag":[],"acf":[],"yoast_head":"<!-- This site is optimized with the Yoast SEO plugin v17.8 - https:\/\/yoast.com\/wordpress\/plugins\/seo\/ -->\n<meta name=\"description\" content=\"Nouvelles cr\u00e9ations exclusives du Studio Lum\u2019art, une collection de chenets contemporains en \u00e9dition limit\u00e9e. Reprenant les codes et les valeurs de la marque, ces objets, au design \u00e9pur\u00e9, sont enti\u00e8rement r\u00e9alis\u00e9s \u00e0 la main en France en acier et laiton bross\u00e9.\" \/>\n<meta name=\"robots\" content=\"index, follow, max-snippet:-1, max-image-preview:large, max-video-preview:-1\" \/>\n<link rel=\"canonical\" href=\"https:\/\/lumart.fr\/fr\/les-collections\/edition-limitee\/chenets\/serie-n2-chenet-9102\/\" \/>\n<meta property=\"og:locale\" content=\"fr_FR\" \/>\n<meta property=\"og:type\" content=\"article\" \/>\n<meta property=\"og:title\" content=\"Chenet S\u00e9rie N\u00b02 (9102) - Lum&#039;art\" \/>\n<meta property=\"og:description\" content=\"Nouvelles cr\u00e9ations exclusives du Studio Lum\u2019art, une collection de chenets contemporains en \u00e9dition limit\u00e9e. Reprenant les codes et les valeurs de la marque, ces objets, au design \u00e9pur\u00e9, sont enti\u00e8rement r\u00e9alis\u00e9s \u00e0 la main en France en acier et laiton bross\u00e9.\" \/>\n<meta property=\"og:url\" content=\"https:\/\/lumart.fr\/fr\/les-collections\/edition-limitee\/chenets\/serie-n2-chenet-9102\/\" \/>\n<meta property=\"og:site_name\" content=\"Lum&#039;art\" \/>\n<meta property=\"article:publisher\" content=\"https:\/\/www.facebook.com\/LumArt-1543826629180391\/\" \/>\n<meta property=\"article:modified_time\" content=\"2019-06-12T09:03:16+00:00\" \/>\n<meta property=\"og:image\" content=\"https:\/\/lumart.fr\/wp-content\/uploads\/2017\/12\/9102-Chenet-Serie-num2-LB-Lumart-BD-1.jpg\" \/>\n\t<meta property=\"og:image:width\" content=\"2551\" \/>\n\t<meta property=\"og:image:height\" content=\"1701\" \/>\n<meta name=\"twitter:card\" content=\"summary\" \/>\n<script type=\"application\/ld+json\" class=\"yoast-schema-graph\">{\"@context\":\"https:\/\/schema.org\",\"@graph\":[{\"@type\":\"WebSite\",\"@id\":\"https:\/\/lumart.fr\/fr\/#website\",\"url\":\"https:\/\/lumart.fr\/fr\/\",\"name\":\"Lum'art\",\"description\":\"\",\"potentialAction\":[{\"@type\":\"SearchAction\",\"target\":{\"@type\":\"EntryPoint\",\"urlTemplate\":\"https:\/\/lumart.fr\/fr\/?s={search_term_string}\"},\"query-input\":\"required name=search_term_string\"}],\"inLanguage\":\"fr-FR\"},{\"@type\":\"ImageObject\",\"@id\":\"https:\/\/lumart.fr\/fr\/les-collections\/edition-limitee\/chenets\/serie-n2-chenet-9102\/#primaryimage\",\"inLanguage\":\"fr-FR\",\"url\":\"\/wp-content\/uploads\/2017\/12\/9102-Chenet-Serie-num2-LB-Lumart-BD-1.jpg\",\"contentUrl\":\"\/wp-content\/uploads\/2017\/12\/9102-Chenet-Serie-num2-LB-Lumart-BD-1.jpg\",\"width\":2551,\"height\":1701,\"caption\":\"Chenet S\\u00e9rie N\\u00b02 - Finition laiton bross\\u00e9\"},{\"@type\":\"WebPage\",\"@id\":\"https:\/\/lumart.fr\/fr\/les-collections\/edition-limitee\/chenets\/serie-n2-chenet-9102\/#webpage\",\"url\":\"https:\/\/lumart.fr\/fr\/les-collections\/edition-limitee\/chenets\/serie-n2-chenet-9102\/\",\"name\":\"Chenet S\\u00e9rie N\\u00b02 (9102) - Lum'art\",\"isPartOf\":{\"@id\":\"https:\/\/lumart.fr\/fr\/#website\"},\"primaryImageOfPage\":{\"@id\":\"https:\/\/lumart.fr\/fr\/les-collections\/edition-limitee\/chenets\/serie-n2-chenet-9102\/#primaryimage\"},\"datePublished\":\"2017-12-18T14:36:14+00:00\",\"dateModified\":\"2019-06-12T09:03:16+00:00\",\"description\":\"Nouvelles cr\\u00e9ations exclusives du Studio Lum\\u2019art, une collection de chenets contemporains en \\u00e9dition limit\\u00e9e. Reprenant les codes et les valeurs de la marque, ces objets, au design \\u00e9pur\\u00e9, sont enti\\u00e8rement r\\u00e9alis\\u00e9s \\u00e0 la main en France en acier et laiton bross\\u00e9.\",\"breadcrumb\":{\"@id\":\"https:\/\/lumart.fr\/fr\/les-collections\/edition-limitee\/chenets\/serie-n2-chenet-9102\/#breadcrumb\"},\"inLanguage\":\"fr-FR\",\"potentialAction\":[{\"@type\":\"ReadAction\",\"target\":[\"https:\/\/lumart.fr\/fr\/les-collections\/edition-limitee\/chenets\/serie-n2-chenet-9102\/\"]}]},{\"@type\":\"BreadcrumbList\",\"@id\":\"https:\/\/lumart.fr\/fr\/les-collections\/edition-limitee\/chenets\/serie-n2-chenet-9102\/#breadcrumb\",\"itemListElement\":[{\"@type\":\"ListItem\",\"position\":1,\"name\":\"Home\",\"item\":\"https:\/\/lumart.fr\/fr\/\"},{\"@type\":\"ListItem\",\"position\":2,\"name\":\"Les Collections\",\"item\":\"https:\/\/lumart.fr\/fr\/les-collections\/\"},{\"@type\":\"ListItem\",\"position\":3,\"name\":\"S\\u00e9rie N\\u00b02 - Chenet\"}]}]}<\/script>\n<!-- \/ Yoast SEO plugin. -->","yoast_head_json":{"description":"Nouvelles cr\u00e9ations exclusives du Studio Lum\u2019art, une collection de chenets contemporains en \u00e9dition limit\u00e9e. Reprenant les codes et les valeurs de la marque, ces objets, au design \u00e9pur\u00e9, sont enti\u00e8rement r\u00e9alis\u00e9s \u00e0 la main en France en acier et laiton bross\u00e9.","robots":{"index":"index","follow":"follow","max-snippet":"max-snippet:-1","max-image-preview":"max-image-preview:large","max-video-preview":"max-video-preview:-1"},"canonical":"https:\/\/lumart.fr\/fr\/les-collections\/edition-limitee\/chenets\/serie-n2-chenet-9102\/","og_locale":"fr_FR","og_type":"article","og_title":"Chenet S\u00e9rie N\u00b02 (9102) - Lum'art","og_description":"Nouvelles cr\u00e9ations exclusives du Studio Lum\u2019art, une collection de chenets contemporains en \u00e9dition limit\u00e9e. Reprenant les codes et les valeurs de la marque, ces objets, au design \u00e9pur\u00e9, sont enti\u00e8rement r\u00e9alis\u00e9s \u00e0 la main en France en acier et laiton bross\u00e9.","og_url":"https:\/\/lumart.fr\/fr\/les-collections\/edition-limitee\/chenets\/serie-n2-chenet-9102\/","og_site_name":"Lum&#039;art","article_publisher":"https:\/\/www.facebook.com\/LumArt-1543826629180391\/","article_modified_time":"2019-06-12T09:03:16+00:00","og_image":[{"width":2551,"height":1701,"url":"https:\/\/lumart.fr\/wp-content\/uploads\/2017\/12\/9102-Chenet-Serie-num2-LB-Lumart-BD-1.jpg","type":"image\/jpeg"}],"twitter_card":"summary","schema":{"@context":"https:\/\/schema.org","@graph":[{"@type":"WebSite","@id":"https:\/\/lumart.fr\/fr\/#website","url":"https:\/\/lumart.fr\/fr\/","name":"Lum'art","description":"","potentialAction":[{"@type":"SearchAction","target":{"@type":"EntryPoint","urlTemplate":"https:\/\/lumart.fr\/fr\/?s={search_term_string}"},"query-input":"required name=search_term_string"}],"inLanguage":"fr-FR"},{"@type":"ImageObject","@id":"https:\/\/lumart.fr\/fr\/les-collections\/edition-limitee\/chenets\/serie-n2-chenet-9102\/#primaryimage","inLanguage":"fr-FR","url":"\/wp-content\/uploads\/2017\/12\/9102-Chenet-Serie-num2-LB-Lumart-BD-1.jpg","contentUrl":"\/wp-content\/uploads\/2017\/12\/9102-Chenet-Serie-num2-LB-Lumart-BD-1.jpg","width":2551,"height":1701,"caption":"Chenet S\u00e9rie N\u00b02 - Finition laiton bross\u00e9"},{"@type":"WebPage","@id":"https:\/\/lumart.fr\/fr\/les-collections\/edition-limitee\/chenets\/serie-n2-chenet-9102\/#webpage","url":"https:\/\/lumart.fr\/fr\/les-collections\/edition-limitee\/chenets\/serie-n2-chenet-9102\/","name":"Chenet S\u00e9rie N\u00b02 (9102) - Lum'art","isPartOf":{"@id":"https:\/\/lumart.fr\/fr\/#website"},"primaryImageOfPage":{"@id":"https:\/\/lumart.fr\/fr\/les-collections\/edition-limitee\/chenets\/serie-n2-chenet-9102\/#primaryimage"},"datePublished":"2017-12-18T14:36:14+00:00","dateModified":"2019-06-12T09:03:16+00:00","description":"Nouvelles cr\u00e9ations exclusives du Studio Lum\u2019art, une collection de chenets contemporains en \u00e9dition limit\u00e9e. Reprenant les codes et les valeurs de la marque, ces objets, au design \u00e9pur\u00e9, sont enti\u00e8rement r\u00e9alis\u00e9s \u00e0 la main en France en acier et laiton bross\u00e9.","breadcrumb":{"@id":"https:\/\/lumart.fr\/fr\/les-collections\/edition-limitee\/chenets\/serie-n2-chenet-9102\/#breadcrumb"},"inLanguage":"fr-FR","potentialAction":[{"@type":"ReadAction","target":["https:\/\/lumart.fr\/fr\/les-collections\/edition-limitee\/chenets\/serie-n2-chenet-9102\/"]}]},{"@type":"BreadcrumbList","@id":"https:\/\/lumart.fr\/fr\/les-collections\/edition-limitee\/chenets\/serie-n2-chenet-9102\/#breadcrumb","itemListElement":[{"@type":"ListItem","position":1,"name":"Home","item":"https:\/\/lumart.fr\/fr\/"},{"@type":"ListItem","position":2,"name":"Les Collections","item":"https:\/\/lumart.fr\/fr\/les-collections\/"},{"@type":"ListItem","position":3,"name":"S\u00e9rie N\u00b02 - Chenet"}]}]}},"_links":{"self":[{"href":"https:\/\/lumart.fr\/fr\/wp-json\/wp\/v2\/product\/6307"}],"collection":[{"href":"https:\/\/lumart.fr\/fr\/wp-json\/wp\/v2\/product"}],"about":[{"href":"https:\/\/lumart.fr\/fr\/wp-json\/wp\/v2\/types\/product"}],"wp:featuredmedia":[{"embeddable":true,"href":"https:\/\/lumart.fr\/fr\/wp-json\/wp\/v2\/media\/5605"}],"wp:attachment":[{"href":"https:\/\/lumart.fr\/fr\/wp-json\/wp\/v2\/media?parent=6307"}],"wp:term":[{"taxonomy":"product_cat","embeddable":true,"href":"https:\/\/lumart.fr\/fr\/wp-json\/wp\/v2\/product_cat?post=6307"},{"taxonomy":"product_tag","embeddable":true,"href":"https:\/\/lumart.fr\/fr\/wp-json\/wp\/v2\/product_tag?post=6307"}],"curies":[{"name":"wp","href":"https:\/\/api.w.org\/{rel}","templated":true}]}}