{"id":6304,"date":"2017-12-18T14:36:12","date_gmt":"2017-12-18T14:36:12","guid":{"rendered":"https:\/\/lumart.fr\/les-collections\/non%20class\u00e9\/segur-lampadaire-7255\/"},"modified":"2023-07-12T14:20:44","modified_gmt":"2023-07-12T12:20:44","slug":"saxe-lampadaire-7256","status":"publish","type":"product","link":"https:\/\/lumart.fr\/fr\/les-collections\/interieur\/lampadaires\/saxe-lampadaire-7256\/","title":{"rendered":"Saxe - Lampadaire"},"content":{"rendered":"<p>Graphique, le lampadaire Saxe est tout en l\u00e9g\u00e8ret\u00e9 jusque dans son abat-jour en laiton micro perfor\u00e9 qui distille une lumi\u00e8re douce et subtile. A associer au lampadaire S\u00e9gur, son jumeau pour encadrer un canap\u00e9 par exemple.<\/p>\n","protected":false},"excerpt":{"rendered":"<p>Graphique, le lampadaire Saxe est tout en l\u00e9g\u00e8ret\u00e9 jusque dans son abat-jour en laiton micro perfor\u00e9 qui distille une lumi\u00e8re douce et subtile. A associer au lampadaire S\u00e9gur, son jumeau pour encadrer un canap\u00e9 par exemple.<\/p>\n","protected":false},"featured_media":5151,"template":"","meta":[],"product_cat":[237],"product_tag":[],"acf":[],"yoast_head":"<!-- This site is optimized with the Yoast SEO plugin v17.8 - https:\/\/yoast.com\/wordpress\/plugins\/seo\/ -->\n<meta name=\"description\" content=\"Graphique, le lampadaire Saxe est tout en l\u00e9g\u00e8ret\u00e9 jusque dans son abat-jour en laiton micro perfor\u00e9 qui distille une lumi\u00e8re douce et subtile. A associer au lampadaire S\u00e9gur, son jumeau pour encadrer un canap\u00e9 par exemple.\" \/>\n<meta name=\"robots\" content=\"index, follow, max-snippet:-1, max-image-preview:large, max-video-preview:-1\" \/>\n<link rel=\"canonical\" href=\"https:\/\/lumart.fr\/fr\/les-collections\/interieur\/lampadaires\/saxe-lampadaire-7256\/\" \/>\n<meta property=\"og:locale\" content=\"fr_FR\" \/>\n<meta property=\"og:type\" content=\"article\" \/>\n<meta property=\"og:title\" content=\"Lampadaire S\u00e9gur (7255) - Lum&#039;art\" \/>\n<meta property=\"og:description\" content=\"Graphique, le lampadaire Saxe est tout en l\u00e9g\u00e8ret\u00e9 jusque dans son abat-jour en laiton micro perfor\u00e9 qui distille une lumi\u00e8re douce et subtile. A associer au lampadaire S\u00e9gur, son jumeau pour encadrer un canap\u00e9 par exemple.\" \/>\n<meta property=\"og:url\" content=\"https:\/\/lumart.fr\/fr\/les-collections\/interieur\/lampadaires\/saxe-lampadaire-7256\/\" \/>\n<meta property=\"og:site_name\" content=\"Lum&#039;art\" \/>\n<meta property=\"article:publisher\" content=\"https:\/\/www.facebook.com\/LumArt-1543826629180391\/\" \/>\n<meta property=\"article:modified_time\" content=\"2023-07-12T12:20:44+00:00\" \/>\n<meta property=\"og:image\" content=\"https:\/\/lumart.fr\/wp-content\/uploads\/2017\/12\/7255-Lampadaire-Segur-LB-Lumart-BD.jpg\" \/>\n\t<meta property=\"og:image:width\" content=\"2551\" \/>\n\t<meta property=\"og:image:height\" content=\"1701\" \/>\n<meta name=\"twitter:card\" content=\"summary\" \/>\n<script type=\"application\/ld+json\" class=\"yoast-schema-graph\">{\"@context\":\"https:\/\/schema.org\",\"@graph\":[{\"@type\":\"WebSite\",\"@id\":\"https:\/\/lumart.fr\/fr\/#website\",\"url\":\"https:\/\/lumart.fr\/fr\/\",\"name\":\"Lum'art\",\"description\":\"\",\"potentialAction\":[{\"@type\":\"SearchAction\",\"target\":{\"@type\":\"EntryPoint\",\"urlTemplate\":\"https:\/\/lumart.fr\/fr\/?s={search_term_string}\"},\"query-input\":\"required name=search_term_string\"}],\"inLanguage\":\"fr-FR\"},{\"@type\":\"ImageObject\",\"@id\":\"https:\/\/lumart.fr\/fr\/les-collections\/interieur\/lampadaires\/saxe-lampadaire-7256\/#primaryimage\",\"inLanguage\":\"fr-FR\",\"url\":\"\/wp-content\/uploads\/2017\/12\/7255-Lampadaire-Segur-LB-Lumart-BD.jpg\",\"contentUrl\":\"\/wp-content\/uploads\/2017\/12\/7255-Lampadaire-Segur-LB-Lumart-BD.jpg\",\"width\":2551,\"height\":1701,\"caption\":\"Lampadaire Saxe - Finition laiton bross\\u00e9\"},{\"@type\":\"WebPage\",\"@id\":\"https:\/\/lumart.fr\/fr\/les-collections\/interieur\/lampadaires\/saxe-lampadaire-7256\/#webpage\",\"url\":\"https:\/\/lumart.fr\/fr\/les-collections\/interieur\/lampadaires\/saxe-lampadaire-7256\/\",\"name\":\"Lampadaire S\\u00e9gur (7255) - Lum'art\",\"isPartOf\":{\"@id\":\"https:\/\/lumart.fr\/fr\/#website\"},\"primaryImageOfPage\":{\"@id\":\"https:\/\/lumart.fr\/fr\/les-collections\/interieur\/lampadaires\/saxe-lampadaire-7256\/#primaryimage\"},\"datePublished\":\"2017-12-18T14:36:12+00:00\",\"dateModified\":\"2023-07-12T12:20:44+00:00\",\"description\":\"Graphique, le lampadaire Saxe est tout en l\\u00e9g\\u00e8ret\\u00e9 jusque dans son abat-jour en laiton micro perfor\\u00e9 qui distille une lumi\\u00e8re douce et subtile. A associer au lampadaire S\\u00e9gur, son jumeau pour encadrer un canap\\u00e9 par exemple.\",\"breadcrumb\":{\"@id\":\"https:\/\/lumart.fr\/fr\/les-collections\/interieur\/lampadaires\/saxe-lampadaire-7256\/#breadcrumb\"},\"inLanguage\":\"fr-FR\",\"potentialAction\":[{\"@type\":\"ReadAction\",\"target\":[\"https:\/\/lumart.fr\/fr\/les-collections\/interieur\/lampadaires\/saxe-lampadaire-7256\/\"]}]},{\"@type\":\"BreadcrumbList\",\"@id\":\"https:\/\/lumart.fr\/fr\/les-collections\/interieur\/lampadaires\/saxe-lampadaire-7256\/#breadcrumb\",\"itemListElement\":[{\"@type\":\"ListItem\",\"position\":1,\"name\":\"Home\",\"item\":\"https:\/\/lumart.fr\/fr\/\"},{\"@type\":\"ListItem\",\"position\":2,\"name\":\"Les Collections\",\"item\":\"https:\/\/lumart.fr\/fr\/les-collections\/\"},{\"@type\":\"ListItem\",\"position\":3,\"name\":\"Saxe - Lampadaire\"}]}]}<\/script>\n<!-- \/ Yoast SEO plugin. -->","yoast_head_json":{"description":"Graphique, le lampadaire Saxe est tout en l\u00e9g\u00e8ret\u00e9 jusque dans son abat-jour en laiton micro perfor\u00e9 qui distille une lumi\u00e8re douce et subtile. A associer au lampadaire S\u00e9gur, son jumeau pour encadrer un canap\u00e9 par exemple.","robots":{"index":"index","follow":"follow","max-snippet":"max-snippet:-1","max-image-preview":"max-image-preview:large","max-video-preview":"max-video-preview:-1"},"canonical":"https:\/\/lumart.fr\/fr\/les-collections\/interieur\/lampadaires\/saxe-lampadaire-7256\/","og_locale":"fr_FR","og_type":"article","og_title":"Lampadaire S\u00e9gur (7255) - Lum'art","og_description":"Graphique, le lampadaire Saxe est tout en l\u00e9g\u00e8ret\u00e9 jusque dans son abat-jour en laiton micro perfor\u00e9 qui distille une lumi\u00e8re douce et subtile. A associer au lampadaire S\u00e9gur, son jumeau pour encadrer un canap\u00e9 par exemple.","og_url":"https:\/\/lumart.fr\/fr\/les-collections\/interieur\/lampadaires\/saxe-lampadaire-7256\/","og_site_name":"Lum&#039;art","article_publisher":"https:\/\/www.facebook.com\/LumArt-1543826629180391\/","article_modified_time":"2023-07-12T12:20:44+00:00","og_image":[{"width":2551,"height":1701,"url":"https:\/\/lumart.fr\/wp-content\/uploads\/2017\/12\/7255-Lampadaire-Segur-LB-Lumart-BD.jpg","type":"image\/jpeg"}],"twitter_card":"summary","schema":{"@context":"https:\/\/schema.org","@graph":[{"@type":"WebSite","@id":"https:\/\/lumart.fr\/fr\/#website","url":"https:\/\/lumart.fr\/fr\/","name":"Lum'art","description":"","potentialAction":[{"@type":"SearchAction","target":{"@type":"EntryPoint","urlTemplate":"https:\/\/lumart.fr\/fr\/?s={search_term_string}"},"query-input":"required name=search_term_string"}],"inLanguage":"fr-FR"},{"@type":"ImageObject","@id":"https:\/\/lumart.fr\/fr\/les-collections\/interieur\/lampadaires\/saxe-lampadaire-7256\/#primaryimage","inLanguage":"fr-FR","url":"\/wp-content\/uploads\/2017\/12\/7255-Lampadaire-Segur-LB-Lumart-BD.jpg","contentUrl":"\/wp-content\/uploads\/2017\/12\/7255-Lampadaire-Segur-LB-Lumart-BD.jpg","width":2551,"height":1701,"caption":"Lampadaire Saxe - Finition laiton bross\u00e9"},{"@type":"WebPage","@id":"https:\/\/lumart.fr\/fr\/les-collections\/interieur\/lampadaires\/saxe-lampadaire-7256\/#webpage","url":"https:\/\/lumart.fr\/fr\/les-collections\/interieur\/lampadaires\/saxe-lampadaire-7256\/","name":"Lampadaire S\u00e9gur (7255) - Lum'art","isPartOf":{"@id":"https:\/\/lumart.fr\/fr\/#website"},"primaryImageOfPage":{"@id":"https:\/\/lumart.fr\/fr\/les-collections\/interieur\/lampadaires\/saxe-lampadaire-7256\/#primaryimage"},"datePublished":"2017-12-18T14:36:12+00:00","dateModified":"2023-07-12T12:20:44+00:00","description":"Graphique, le lampadaire Saxe est tout en l\u00e9g\u00e8ret\u00e9 jusque dans son abat-jour en laiton micro perfor\u00e9 qui distille une lumi\u00e8re douce et subtile. A associer au lampadaire S\u00e9gur, son jumeau pour encadrer un canap\u00e9 par exemple.","breadcrumb":{"@id":"https:\/\/lumart.fr\/fr\/les-collections\/interieur\/lampadaires\/saxe-lampadaire-7256\/#breadcrumb"},"inLanguage":"fr-FR","potentialAction":[{"@type":"ReadAction","target":["https:\/\/lumart.fr\/fr\/les-collections\/interieur\/lampadaires\/saxe-lampadaire-7256\/"]}]},{"@type":"BreadcrumbList","@id":"https:\/\/lumart.fr\/fr\/les-collections\/interieur\/lampadaires\/saxe-lampadaire-7256\/#breadcrumb","itemListElement":[{"@type":"ListItem","position":1,"name":"Home","item":"https:\/\/lumart.fr\/fr\/"},{"@type":"ListItem","position":2,"name":"Les Collections","item":"https:\/\/lumart.fr\/fr\/les-collections\/"},{"@type":"ListItem","position":3,"name":"Saxe - Lampadaire"}]}]}},"_links":{"self":[{"href":"https:\/\/lumart.fr\/fr\/wp-json\/wp\/v2\/product\/6304"}],"collection":[{"href":"https:\/\/lumart.fr\/fr\/wp-json\/wp\/v2\/product"}],"about":[{"href":"https:\/\/lumart.fr\/fr\/wp-json\/wp\/v2\/types\/product"}],"wp:featuredmedia":[{"embeddable":true,"href":"https:\/\/lumart.fr\/fr\/wp-json\/wp\/v2\/media\/5151"}],"wp:attachment":[{"href":"https:\/\/lumart.fr\/fr\/wp-json\/wp\/v2\/media?parent=6304"}],"wp:term":[{"taxonomy":"product_cat","embeddable":true,"href":"https:\/\/lumart.fr\/fr\/wp-json\/wp\/v2\/product_cat?post=6304"},{"taxonomy":"product_tag","embeddable":true,"href":"https:\/\/lumart.fr\/fr\/wp-json\/wp\/v2\/product_tag?post=6304"}],"curies":[{"name":"wp","href":"https:\/\/api.w.org\/{rel}","templated":true}]}}