{"id":6303,"date":"2017-12-18T14:36:12","date_gmt":"2017-12-18T14:36:12","guid":{"rendered":"https:\/\/lumart.fr\/les-collections\/non%20class\u00e9\/scribe-rampe-a-tableau-19-cm-3289\/"},"modified":"2023-07-12T15:36:05","modified_gmt":"2023-07-12T13:36:05","slug":"scribe-rampe-a-tableau-19-cm-3289","status":"publish","type":"product","link":"https:\/\/lumart.fr\/fr\/les-collections\/interieur\/rampes-a-tableau\/scribe-rampe-a-tableau-19-cm-3289\/","title":{"rendered":"Scribe - Rampe \u00e0 tableau 19 cm"},"content":{"rendered":"<p>La plus aboutie des collections de rampes \u00e0 tableau, Scribe se r\u00e8gle en hauteur et en inclinaison pour optimiser l&rsquo;angle d&rsquo;\u00e9clairage sur le tableau ou la gravure. On peut indiff\u00e9remment fixer la rampe d&rsquo;\u00e9clairage \u00e0 l&rsquo;arri\u00e8re du cadre ou inversement accrocher le cadre directement sur la tige de la rampe, ce qui \u00e9vite de multiplier les trous dans le mur. A privil\u00e9gier quand l&rsquo;\u00e9lectricit\u00e9 sort derri\u00e8re le cadre. Si l&rsquo;\u00e9lectricit\u00e9 sort au dessus du cadre, plut\u00f4t choisir Renoir ou Degas.<\/p>\n","protected":false},"excerpt":{"rendered":"<p>La plus aboutie des collections de rampes \u00e0 tableau, Scribe se r\u00e8gle en hauteur et en inclinaison pour optimiser l&rsquo;angle d&rsquo;\u00e9clairage sur le tableau ou la gravure. On peut indiff\u00e9remment fixer la rampe d&rsquo;\u00e9clairage \u00e0 l&rsquo;arri\u00e8re du cadre ou inversement accrocher le cadre directement sur la tige de la rampe, ce qui \u00e9vite de multiplier les trous dans le mur. <a href=\"https:\/\/lumart.fr\/fr\/les-collections\/interieur\/rampes-a-tableau\/scribe-rampe-a-tableau-19-cm-3289\/\" class=\"more\">[ &hellip; ]<\/a><\/p>\n","protected":false},"featured_media":3600,"template":"","meta":[],"product_cat":[243],"product_tag":[],"acf":[],"yoast_head":"<!-- This site is optimized with the Yoast SEO plugin v17.8 - https:\/\/yoast.com\/wordpress\/plugins\/seo\/ -->\n<meta name=\"description\" content=\"La plus aboutie des collections de rampes \u00e0 tableau, Scribe se r\u00e8gle en hauteur et en inclinaison pour optimiser l&#039;angle d&#039;\u00e9clairage sur le tableau ou la gravure.\" \/>\n<meta name=\"robots\" content=\"index, follow, max-snippet:-1, max-image-preview:large, max-video-preview:-1\" \/>\n<link rel=\"canonical\" href=\"https:\/\/lumart.fr\/fr\/les-collections\/interieur\/rampes-a-tableau\/scribe-rampe-a-tableau-19-cm-3289\/\" \/>\n<meta property=\"og:locale\" content=\"fr_FR\" \/>\n<meta property=\"og:type\" content=\"article\" \/>\n<meta property=\"og:title\" content=\"Rampe \u00e0 tableau Scribe (3289) - Lum&#039;art\" \/>\n<meta property=\"og:description\" content=\"La plus aboutie des collections de rampes \u00e0 tableau, Scribe se r\u00e8gle en hauteur et en inclinaison pour optimiser l&#039;angle d&#039;\u00e9clairage sur le tableau ou la gravure.\" \/>\n<meta property=\"og:url\" content=\"https:\/\/lumart.fr\/fr\/les-collections\/interieur\/rampes-a-tableau\/scribe-rampe-a-tableau-19-cm-3289\/\" \/>\n<meta property=\"og:site_name\" content=\"Lum&#039;art\" \/>\n<meta property=\"article:publisher\" content=\"https:\/\/www.facebook.com\/LumArt-1543826629180391\/\" \/>\n<meta property=\"article:modified_time\" content=\"2023-07-12T13:36:05+00:00\" \/>\n<meta property=\"og:image\" content=\"https:\/\/lumart.fr\/wp-content\/uploads\/2017\/12\/3289-Rampe-tableau-Scribe-19cm-LPa-Lumart-BD-3.jpg\" \/>\n\t<meta property=\"og:image:width\" content=\"2551\" \/>\n\t<meta property=\"og:image:height\" content=\"1701\" \/>\n<meta name=\"twitter:card\" content=\"summary\" \/>\n<script type=\"application\/ld+json\" class=\"yoast-schema-graph\">{\"@context\":\"https:\/\/schema.org\",\"@graph\":[{\"@type\":\"WebSite\",\"@id\":\"https:\/\/lumart.fr\/fr\/#website\",\"url\":\"https:\/\/lumart.fr\/fr\/\",\"name\":\"Lum'art\",\"description\":\"\",\"potentialAction\":[{\"@type\":\"SearchAction\",\"target\":{\"@type\":\"EntryPoint\",\"urlTemplate\":\"https:\/\/lumart.fr\/fr\/?s={search_term_string}\"},\"query-input\":\"required name=search_term_string\"}],\"inLanguage\":\"fr-FR\"},{\"@type\":\"ImageObject\",\"@id\":\"https:\/\/lumart.fr\/fr\/les-collections\/interieur\/rampes-a-tableau\/scribe-rampe-a-tableau-19-cm-3289\/#primaryimage\",\"inLanguage\":\"fr-FR\",\"url\":\"\/wp-content\/uploads\/2017\/12\/3289-Rampe-tableau-Scribe-19cm-LPa-Lumart-BD-3.jpg\",\"contentUrl\":\"\/wp-content\/uploads\/2017\/12\/3289-Rampe-tableau-Scribe-19cm-LPa-Lumart-BD-3.jpg\",\"width\":2551,\"height\":1701,\"caption\":\"Rampe \\u00e0 tableau Scribe 19 cm - Finition laiton patin\\u00e9\"},{\"@type\":\"WebPage\",\"@id\":\"https:\/\/lumart.fr\/fr\/les-collections\/interieur\/rampes-a-tableau\/scribe-rampe-a-tableau-19-cm-3289\/#webpage\",\"url\":\"https:\/\/lumart.fr\/fr\/les-collections\/interieur\/rampes-a-tableau\/scribe-rampe-a-tableau-19-cm-3289\/\",\"name\":\"Rampe \\u00e0 tableau Scribe (3289) - Lum'art\",\"isPartOf\":{\"@id\":\"https:\/\/lumart.fr\/fr\/#website\"},\"primaryImageOfPage\":{\"@id\":\"https:\/\/lumart.fr\/fr\/les-collections\/interieur\/rampes-a-tableau\/scribe-rampe-a-tableau-19-cm-3289\/#primaryimage\"},\"datePublished\":\"2017-12-18T14:36:12+00:00\",\"dateModified\":\"2023-07-12T13:36:05+00:00\",\"description\":\"La plus aboutie des collections de rampes \\u00e0 tableau, Scribe se r\\u00e8gle en hauteur et en inclinaison pour optimiser l'angle d'\\u00e9clairage sur le tableau ou la gravure.\",\"breadcrumb\":{\"@id\":\"https:\/\/lumart.fr\/fr\/les-collections\/interieur\/rampes-a-tableau\/scribe-rampe-a-tableau-19-cm-3289\/#breadcrumb\"},\"inLanguage\":\"fr-FR\",\"potentialAction\":[{\"@type\":\"ReadAction\",\"target\":[\"https:\/\/lumart.fr\/fr\/les-collections\/interieur\/rampes-a-tableau\/scribe-rampe-a-tableau-19-cm-3289\/\"]}]},{\"@type\":\"BreadcrumbList\",\"@id\":\"https:\/\/lumart.fr\/fr\/les-collections\/interieur\/rampes-a-tableau\/scribe-rampe-a-tableau-19-cm-3289\/#breadcrumb\",\"itemListElement\":[{\"@type\":\"ListItem\",\"position\":1,\"name\":\"Home\",\"item\":\"https:\/\/lumart.fr\/fr\/\"},{\"@type\":\"ListItem\",\"position\":2,\"name\":\"Les Collections\",\"item\":\"https:\/\/lumart.fr\/fr\/les-collections\/\"},{\"@type\":\"ListItem\",\"position\":3,\"name\":\"Scribe - Rampe \\u00e0 tableau 19 cm\"}]}]}<\/script>\n<!-- \/ Yoast SEO plugin. -->","yoast_head_json":{"description":"La plus aboutie des collections de rampes \u00e0 tableau, Scribe se r\u00e8gle en hauteur et en inclinaison pour optimiser l'angle d'\u00e9clairage sur le tableau ou la gravure.","robots":{"index":"index","follow":"follow","max-snippet":"max-snippet:-1","max-image-preview":"max-image-preview:large","max-video-preview":"max-video-preview:-1"},"canonical":"https:\/\/lumart.fr\/fr\/les-collections\/interieur\/rampes-a-tableau\/scribe-rampe-a-tableau-19-cm-3289\/","og_locale":"fr_FR","og_type":"article","og_title":"Rampe \u00e0 tableau Scribe (3289) - Lum'art","og_description":"La plus aboutie des collections de rampes \u00e0 tableau, Scribe se r\u00e8gle en hauteur et en inclinaison pour optimiser l'angle d'\u00e9clairage sur le tableau ou la gravure.","og_url":"https:\/\/lumart.fr\/fr\/les-collections\/interieur\/rampes-a-tableau\/scribe-rampe-a-tableau-19-cm-3289\/","og_site_name":"Lum&#039;art","article_publisher":"https:\/\/www.facebook.com\/LumArt-1543826629180391\/","article_modified_time":"2023-07-12T13:36:05+00:00","og_image":[{"width":2551,"height":1701,"url":"https:\/\/lumart.fr\/wp-content\/uploads\/2017\/12\/3289-Rampe-tableau-Scribe-19cm-LPa-Lumart-BD-3.jpg","type":"image\/jpeg"}],"twitter_card":"summary","schema":{"@context":"https:\/\/schema.org","@graph":[{"@type":"WebSite","@id":"https:\/\/lumart.fr\/fr\/#website","url":"https:\/\/lumart.fr\/fr\/","name":"Lum'art","description":"","potentialAction":[{"@type":"SearchAction","target":{"@type":"EntryPoint","urlTemplate":"https:\/\/lumart.fr\/fr\/?s={search_term_string}"},"query-input":"required name=search_term_string"}],"inLanguage":"fr-FR"},{"@type":"ImageObject","@id":"https:\/\/lumart.fr\/fr\/les-collections\/interieur\/rampes-a-tableau\/scribe-rampe-a-tableau-19-cm-3289\/#primaryimage","inLanguage":"fr-FR","url":"\/wp-content\/uploads\/2017\/12\/3289-Rampe-tableau-Scribe-19cm-LPa-Lumart-BD-3.jpg","contentUrl":"\/wp-content\/uploads\/2017\/12\/3289-Rampe-tableau-Scribe-19cm-LPa-Lumart-BD-3.jpg","width":2551,"height":1701,"caption":"Rampe \u00e0 tableau Scribe 19 cm - Finition laiton patin\u00e9"},{"@type":"WebPage","@id":"https:\/\/lumart.fr\/fr\/les-collections\/interieur\/rampes-a-tableau\/scribe-rampe-a-tableau-19-cm-3289\/#webpage","url":"https:\/\/lumart.fr\/fr\/les-collections\/interieur\/rampes-a-tableau\/scribe-rampe-a-tableau-19-cm-3289\/","name":"Rampe \u00e0 tableau Scribe (3289) - Lum'art","isPartOf":{"@id":"https:\/\/lumart.fr\/fr\/#website"},"primaryImageOfPage":{"@id":"https:\/\/lumart.fr\/fr\/les-collections\/interieur\/rampes-a-tableau\/scribe-rampe-a-tableau-19-cm-3289\/#primaryimage"},"datePublished":"2017-12-18T14:36:12+00:00","dateModified":"2023-07-12T13:36:05+00:00","description":"La plus aboutie des collections de rampes \u00e0 tableau, Scribe se r\u00e8gle en hauteur et en inclinaison pour optimiser l'angle d'\u00e9clairage sur le tableau ou la gravure.","breadcrumb":{"@id":"https:\/\/lumart.fr\/fr\/les-collections\/interieur\/rampes-a-tableau\/scribe-rampe-a-tableau-19-cm-3289\/#breadcrumb"},"inLanguage":"fr-FR","potentialAction":[{"@type":"ReadAction","target":["https:\/\/lumart.fr\/fr\/les-collections\/interieur\/rampes-a-tableau\/scribe-rampe-a-tableau-19-cm-3289\/"]}]},{"@type":"BreadcrumbList","@id":"https:\/\/lumart.fr\/fr\/les-collections\/interieur\/rampes-a-tableau\/scribe-rampe-a-tableau-19-cm-3289\/#breadcrumb","itemListElement":[{"@type":"ListItem","position":1,"name":"Home","item":"https:\/\/lumart.fr\/fr\/"},{"@type":"ListItem","position":2,"name":"Les Collections","item":"https:\/\/lumart.fr\/fr\/les-collections\/"},{"@type":"ListItem","position":3,"name":"Scribe - Rampe \u00e0 tableau 19 cm"}]}]}},"_links":{"self":[{"href":"https:\/\/lumart.fr\/fr\/wp-json\/wp\/v2\/product\/6303"}],"collection":[{"href":"https:\/\/lumart.fr\/fr\/wp-json\/wp\/v2\/product"}],"about":[{"href":"https:\/\/lumart.fr\/fr\/wp-json\/wp\/v2\/types\/product"}],"wp:featuredmedia":[{"embeddable":true,"href":"https:\/\/lumart.fr\/fr\/wp-json\/wp\/v2\/media\/3600"}],"wp:attachment":[{"href":"https:\/\/lumart.fr\/fr\/wp-json\/wp\/v2\/media?parent=6303"}],"wp:term":[{"taxonomy":"product_cat","embeddable":true,"href":"https:\/\/lumart.fr\/fr\/wp-json\/wp\/v2\/product_cat?post=6303"},{"taxonomy":"product_tag","embeddable":true,"href":"https:\/\/lumart.fr\/fr\/wp-json\/wp\/v2\/product_tag?post=6303"}],"curies":[{"name":"wp","href":"https:\/\/api.w.org\/{rel}","templated":true}]}}