{"id":6290,"date":"2017-12-18T14:36:04","date_gmt":"2017-12-18T14:36:04","guid":{"rendered":"https:\/\/lumart.fr\/les-collections\/non%20class\u00e9\/rouvray-borne-60-cm-82883\/"},"modified":"2023-07-12T14:57:20","modified_gmt":"2023-07-12T12:57:20","slug":"rouvray-borne-60-cm-82883","status":"publish","type":"product","link":"https:\/\/lumart.fr\/fr\/les-collections\/exterieur\/bornes\/rouvray-borne-60-cm-82883\/","title":{"rendered":"Rouvray - Borne 60 cm"},"content":{"rendered":"<p>La borne de jardin Rouvray, au design \u00e9pur\u00e9, presque design, va ponctuer une all\u00e9e, entourer une piscine ou un parking ou s&rsquo;immiscer dans un massif tel un point de lumi\u00e8re.<\/p>\n","protected":false},"excerpt":{"rendered":"<p>La borne de jardin Rouvray, au design \u00e9pur\u00e9, presque design, va ponctuer une all\u00e9e, entourer une piscine ou un parking ou s&rsquo;immiscer dans un massif tel un point de lumi\u00e8re.<\/p>\n","protected":false},"featured_media":5839,"template":"","meta":[],"product_cat":[235],"product_tag":[],"acf":[],"yoast_head":"<!-- This site is optimized with the Yoast SEO plugin v17.8 - https:\/\/yoast.com\/wordpress\/plugins\/seo\/ -->\n<meta name=\"robots\" content=\"index, follow, max-snippet:-1, max-image-preview:large, max-video-preview:-1\" \/>\n<link rel=\"canonical\" href=\"https:\/\/lumart.fr\/fr\/les-collections\/exterieur\/bornes\/rouvray-borne-60-cm-82883\/\" \/>\n<meta property=\"og:locale\" content=\"fr_FR\" \/>\n<meta property=\"og:type\" content=\"article\" \/>\n<meta property=\"og:title\" content=\"Borne Rouvray 60 cm (82883) - Lum&#039;art\" \/>\n<meta property=\"og:description\" content=\"La borne de jardin Rouvray, au design \u00e9pur\u00e9, presque design, va ponctuer une all\u00e9e, entourer une piscine ou un parking ou s&rsquo;immiscer dans un massif tel un point de lumi\u00e8re.\" \/>\n<meta property=\"og:url\" content=\"https:\/\/lumart.fr\/fr\/les-collections\/exterieur\/bornes\/rouvray-borne-60-cm-82883\/\" \/>\n<meta property=\"og:site_name\" content=\"Lum&#039;art\" \/>\n<meta property=\"article:publisher\" content=\"https:\/\/www.facebook.com\/LumArt-1543826629180391\/\" \/>\n<meta property=\"article:modified_time\" content=\"2023-07-12T12:57:20+00:00\" \/>\n<meta property=\"og:image\" content=\"https:\/\/lumart.fr\/wp-content\/uploads\/2017\/12\/82883-Borne-Rouvray-60cm-VL-Lumart-BD-3.jpg\" \/>\n\t<meta property=\"og:image:width\" content=\"2551\" \/>\n\t<meta property=\"og:image:height\" content=\"1701\" \/>\n<meta name=\"twitter:card\" content=\"summary\" \/>\n<script type=\"application\/ld+json\" class=\"yoast-schema-graph\">{\"@context\":\"https:\/\/schema.org\",\"@graph\":[{\"@type\":\"WebSite\",\"@id\":\"https:\/\/lumart.fr\/fr\/#website\",\"url\":\"https:\/\/lumart.fr\/fr\/\",\"name\":\"Lum'art\",\"description\":\"\",\"potentialAction\":[{\"@type\":\"SearchAction\",\"target\":{\"@type\":\"EntryPoint\",\"urlTemplate\":\"https:\/\/lumart.fr\/fr\/?s={search_term_string}\"},\"query-input\":\"required name=search_term_string\"}],\"inLanguage\":\"fr-FR\"},{\"@type\":\"ImageObject\",\"@id\":\"https:\/\/lumart.fr\/fr\/les-collections\/exterieur\/bornes\/rouvray-borne-60-cm-82883\/#primaryimage\",\"inLanguage\":\"fr-FR\",\"url\":\"\/wp-content\/uploads\/2017\/12\/82883-Borne-Rouvray-60cm-VL-Lumart-BD-3.jpg\",\"contentUrl\":\"\/wp-content\/uploads\/2017\/12\/82883-Borne-Rouvray-60cm-VL-Lumart-BD-3.jpg\",\"width\":2551,\"height\":1701,\"caption\":\"Borne Rouvray 60 cm - Finition vieux laiton\"},{\"@type\":\"WebPage\",\"@id\":\"https:\/\/lumart.fr\/fr\/les-collections\/exterieur\/bornes\/rouvray-borne-60-cm-82883\/#webpage\",\"url\":\"https:\/\/lumart.fr\/fr\/les-collections\/exterieur\/bornes\/rouvray-borne-60-cm-82883\/\",\"name\":\"Borne Rouvray 60 cm (82883) - Lum'art\",\"isPartOf\":{\"@id\":\"https:\/\/lumart.fr\/fr\/#website\"},\"primaryImageOfPage\":{\"@id\":\"https:\/\/lumart.fr\/fr\/les-collections\/exterieur\/bornes\/rouvray-borne-60-cm-82883\/#primaryimage\"},\"datePublished\":\"2017-12-18T14:36:04+00:00\",\"dateModified\":\"2023-07-12T12:57:20+00:00\",\"breadcrumb\":{\"@id\":\"https:\/\/lumart.fr\/fr\/les-collections\/exterieur\/bornes\/rouvray-borne-60-cm-82883\/#breadcrumb\"},\"inLanguage\":\"fr-FR\",\"potentialAction\":[{\"@type\":\"ReadAction\",\"target\":[\"https:\/\/lumart.fr\/fr\/les-collections\/exterieur\/bornes\/rouvray-borne-60-cm-82883\/\"]}]},{\"@type\":\"BreadcrumbList\",\"@id\":\"https:\/\/lumart.fr\/fr\/les-collections\/exterieur\/bornes\/rouvray-borne-60-cm-82883\/#breadcrumb\",\"itemListElement\":[{\"@type\":\"ListItem\",\"position\":1,\"name\":\"Home\",\"item\":\"https:\/\/lumart.fr\/fr\/\"},{\"@type\":\"ListItem\",\"position\":2,\"name\":\"Les Collections\",\"item\":\"https:\/\/lumart.fr\/fr\/les-collections\/\"},{\"@type\":\"ListItem\",\"position\":3,\"name\":\"Rouvray - Borne 60 cm\"}]}]}<\/script>\n<!-- \/ Yoast SEO plugin. -->","yoast_head_json":{"robots":{"index":"index","follow":"follow","max-snippet":"max-snippet:-1","max-image-preview":"max-image-preview:large","max-video-preview":"max-video-preview:-1"},"canonical":"https:\/\/lumart.fr\/fr\/les-collections\/exterieur\/bornes\/rouvray-borne-60-cm-82883\/","og_locale":"fr_FR","og_type":"article","og_title":"Borne Rouvray 60 cm (82883) - Lum'art","og_description":"La borne de jardin Rouvray, au design \u00e9pur\u00e9, presque design, va ponctuer une all\u00e9e, entourer une piscine ou un parking ou s&rsquo;immiscer dans un massif tel un point de lumi\u00e8re.","og_url":"https:\/\/lumart.fr\/fr\/les-collections\/exterieur\/bornes\/rouvray-borne-60-cm-82883\/","og_site_name":"Lum&#039;art","article_publisher":"https:\/\/www.facebook.com\/LumArt-1543826629180391\/","article_modified_time":"2023-07-12T12:57:20+00:00","og_image":[{"width":2551,"height":1701,"url":"https:\/\/lumart.fr\/wp-content\/uploads\/2017\/12\/82883-Borne-Rouvray-60cm-VL-Lumart-BD-3.jpg","type":"image\/jpeg"}],"twitter_card":"summary","schema":{"@context":"https:\/\/schema.org","@graph":[{"@type":"WebSite","@id":"https:\/\/lumart.fr\/fr\/#website","url":"https:\/\/lumart.fr\/fr\/","name":"Lum'art","description":"","potentialAction":[{"@type":"SearchAction","target":{"@type":"EntryPoint","urlTemplate":"https:\/\/lumart.fr\/fr\/?s={search_term_string}"},"query-input":"required name=search_term_string"}],"inLanguage":"fr-FR"},{"@type":"ImageObject","@id":"https:\/\/lumart.fr\/fr\/les-collections\/exterieur\/bornes\/rouvray-borne-60-cm-82883\/#primaryimage","inLanguage":"fr-FR","url":"\/wp-content\/uploads\/2017\/12\/82883-Borne-Rouvray-60cm-VL-Lumart-BD-3.jpg","contentUrl":"\/wp-content\/uploads\/2017\/12\/82883-Borne-Rouvray-60cm-VL-Lumart-BD-3.jpg","width":2551,"height":1701,"caption":"Borne Rouvray 60 cm - Finition vieux laiton"},{"@type":"WebPage","@id":"https:\/\/lumart.fr\/fr\/les-collections\/exterieur\/bornes\/rouvray-borne-60-cm-82883\/#webpage","url":"https:\/\/lumart.fr\/fr\/les-collections\/exterieur\/bornes\/rouvray-borne-60-cm-82883\/","name":"Borne Rouvray 60 cm (82883) - Lum'art","isPartOf":{"@id":"https:\/\/lumart.fr\/fr\/#website"},"primaryImageOfPage":{"@id":"https:\/\/lumart.fr\/fr\/les-collections\/exterieur\/bornes\/rouvray-borne-60-cm-82883\/#primaryimage"},"datePublished":"2017-12-18T14:36:04+00:00","dateModified":"2023-07-12T12:57:20+00:00","breadcrumb":{"@id":"https:\/\/lumart.fr\/fr\/les-collections\/exterieur\/bornes\/rouvray-borne-60-cm-82883\/#breadcrumb"},"inLanguage":"fr-FR","potentialAction":[{"@type":"ReadAction","target":["https:\/\/lumart.fr\/fr\/les-collections\/exterieur\/bornes\/rouvray-borne-60-cm-82883\/"]}]},{"@type":"BreadcrumbList","@id":"https:\/\/lumart.fr\/fr\/les-collections\/exterieur\/bornes\/rouvray-borne-60-cm-82883\/#breadcrumb","itemListElement":[{"@type":"ListItem","position":1,"name":"Home","item":"https:\/\/lumart.fr\/fr\/"},{"@type":"ListItem","position":2,"name":"Les Collections","item":"https:\/\/lumart.fr\/fr\/les-collections\/"},{"@type":"ListItem","position":3,"name":"Rouvray - Borne 60 cm"}]}]}},"_links":{"self":[{"href":"https:\/\/lumart.fr\/fr\/wp-json\/wp\/v2\/product\/6290"}],"collection":[{"href":"https:\/\/lumart.fr\/fr\/wp-json\/wp\/v2\/product"}],"about":[{"href":"https:\/\/lumart.fr\/fr\/wp-json\/wp\/v2\/types\/product"}],"wp:featuredmedia":[{"embeddable":true,"href":"https:\/\/lumart.fr\/fr\/wp-json\/wp\/v2\/media\/5839"}],"wp:attachment":[{"href":"https:\/\/lumart.fr\/fr\/wp-json\/wp\/v2\/media?parent=6290"}],"wp:term":[{"taxonomy":"product_cat","embeddable":true,"href":"https:\/\/lumart.fr\/fr\/wp-json\/wp\/v2\/product_cat?post=6290"},{"taxonomy":"product_tag","embeddable":true,"href":"https:\/\/lumart.fr\/fr\/wp-json\/wp\/v2\/product_tag?post=6290"}],"curies":[{"name":"wp","href":"https:\/\/api.w.org\/{rel}","templated":true}]}}