{"id":6277,"date":"2017-12-18T14:35:57","date_gmt":"2017-12-18T14:35:57","guid":{"rendered":"https:\/\/lumart.fr\/les-collections\/non%20class\u00e9\/ramatuelle-applique-gm-245\/"},"modified":"2023-07-11T16:29:36","modified_gmt":"2023-07-11T14:29:36","slug":"ramatuelle-applique-gm-245","status":"publish","type":"product","link":"https:\/\/lumart.fr\/fr\/les-collections\/exterieur\/appliques-exterieur\/ramatuelle-applique-gm-245\/","title":{"rendered":"Ramatuelle - Applique GM"},"content":{"rendered":"<p>La collection Ramatuelle sent la pierre s\u00e8che et le mas en Provence ! La collection Ramatuelle, c&rsquo;est aussi la complice des b\u00e2timents de style g\u00e9orgien ou edwardien en Grande-Bretagne ! Et la collection Ramatuelle, c&rsquo;est tout autant la campagne ou la montagne ! Vaste programme pour cette lanterne qui puise son inspiration au XIX\u00e8me si\u00e8cle avec les lanternes \u00e0 porter de nos campagnes.<\/p>\n","protected":false},"excerpt":{"rendered":"<p>La collection Ramatuelle sent la pierre s\u00e8che et le mas en Provence ! La collection Ramatuelle, c&rsquo;est aussi la complice des b\u00e2timents de style g\u00e9orgien ou edwardien en Grande-Bretagne ! Et la collection Ramatuelle, c&rsquo;est tout autant la campagne ou la montagne ! Vaste programme pour cette lanterne qui puise son inspiration au XIX\u00e8me si\u00e8cle avec les lanternes \u00e0 porter <a href=\"https:\/\/lumart.fr\/fr\/les-collections\/exterieur\/appliques-exterieur\/ramatuelle-applique-gm-245\/\" class=\"more\">[ &hellip; ]<\/a><\/p>\n","protected":false},"featured_media":2256,"template":"","meta":[],"product_cat":[231],"product_tag":[],"acf":[],"yoast_head":"<!-- This site is optimized with the Yoast SEO plugin v17.8 - https:\/\/yoast.com\/wordpress\/plugins\/seo\/ -->\n<meta name=\"robots\" content=\"index, follow, max-snippet:-1, max-image-preview:large, max-video-preview:-1\" \/>\n<link rel=\"canonical\" href=\"https:\/\/lumart.fr\/fr\/les-collections\/exterieur\/appliques-exterieur\/ramatuelle-applique-gm-245\/\" \/>\n<meta property=\"og:locale\" content=\"fr_FR\" \/>\n<meta property=\"og:type\" content=\"article\" \/>\n<meta property=\"og:title\" content=\"Applique Ramatuelle GM (245) - Lum&#039;art\" \/>\n<meta property=\"og:description\" content=\"La collection Ramatuelle sent la pierre s\u00e8che et le mas en Provence ! La collection Ramatuelle, c&rsquo;est aussi la complice des b\u00e2timents de style g\u00e9orgien ou edwardien en Grande-Bretagne ! Et la collection Ramatuelle, c&rsquo;est tout autant la campagne ou la montagne ! Vaste programme pour cette lanterne qui puise son inspiration au XIX\u00e8me si\u00e8cle avec les lanternes \u00e0 porter [ &hellip; ]\" \/>\n<meta property=\"og:url\" content=\"https:\/\/lumart.fr\/fr\/les-collections\/exterieur\/appliques-exterieur\/ramatuelle-applique-gm-245\/\" \/>\n<meta property=\"og:site_name\" content=\"Lum&#039;art\" \/>\n<meta property=\"article:publisher\" content=\"https:\/\/www.facebook.com\/LumArt-1543826629180391\/\" \/>\n<meta property=\"article:modified_time\" content=\"2023-07-11T14:29:36+00:00\" \/>\n<meta property=\"og:image\" content=\"https:\/\/lumart.fr\/wp-content\/uploads\/2017\/12\/245-Applique-Ramatuelle-GM-VZ-Lumart-BD-1.jpg\" \/>\n\t<meta property=\"og:image:width\" content=\"2551\" \/>\n\t<meta property=\"og:image:height\" content=\"1701\" \/>\n<meta name=\"twitter:card\" content=\"summary\" \/>\n<script type=\"application\/ld+json\" class=\"yoast-schema-graph\">{\"@context\":\"https:\/\/schema.org\",\"@graph\":[{\"@type\":\"WebSite\",\"@id\":\"https:\/\/lumart.fr\/fr\/#website\",\"url\":\"https:\/\/lumart.fr\/fr\/\",\"name\":\"Lum'art\",\"description\":\"\",\"potentialAction\":[{\"@type\":\"SearchAction\",\"target\":{\"@type\":\"EntryPoint\",\"urlTemplate\":\"https:\/\/lumart.fr\/fr\/?s={search_term_string}\"},\"query-input\":\"required name=search_term_string\"}],\"inLanguage\":\"fr-FR\"},{\"@type\":\"ImageObject\",\"@id\":\"https:\/\/lumart.fr\/fr\/les-collections\/exterieur\/appliques-exterieur\/ramatuelle-applique-gm-245\/#primaryimage\",\"inLanguage\":\"fr-FR\",\"url\":\"\/wp-content\/uploads\/2017\/12\/245-Applique-Ramatuelle-GM-VZ-Lumart-BD-1.jpg\",\"contentUrl\":\"\/wp-content\/uploads\/2017\/12\/245-Applique-Ramatuelle-GM-VZ-Lumart-BD-1.jpg\",\"width\":2551,\"height\":1701,\"caption\":\"Applique Ramatuelle GM - Finition vieux zinc\"},{\"@type\":\"WebPage\",\"@id\":\"https:\/\/lumart.fr\/fr\/les-collections\/exterieur\/appliques-exterieur\/ramatuelle-applique-gm-245\/#webpage\",\"url\":\"https:\/\/lumart.fr\/fr\/les-collections\/exterieur\/appliques-exterieur\/ramatuelle-applique-gm-245\/\",\"name\":\"Applique Ramatuelle GM (245) - Lum'art\",\"isPartOf\":{\"@id\":\"https:\/\/lumart.fr\/fr\/#website\"},\"primaryImageOfPage\":{\"@id\":\"https:\/\/lumart.fr\/fr\/les-collections\/exterieur\/appliques-exterieur\/ramatuelle-applique-gm-245\/#primaryimage\"},\"datePublished\":\"2017-12-18T14:35:57+00:00\",\"dateModified\":\"2023-07-11T14:29:36+00:00\",\"breadcrumb\":{\"@id\":\"https:\/\/lumart.fr\/fr\/les-collections\/exterieur\/appliques-exterieur\/ramatuelle-applique-gm-245\/#breadcrumb\"},\"inLanguage\":\"fr-FR\",\"potentialAction\":[{\"@type\":\"ReadAction\",\"target\":[\"https:\/\/lumart.fr\/fr\/les-collections\/exterieur\/appliques-exterieur\/ramatuelle-applique-gm-245\/\"]}]},{\"@type\":\"BreadcrumbList\",\"@id\":\"https:\/\/lumart.fr\/fr\/les-collections\/exterieur\/appliques-exterieur\/ramatuelle-applique-gm-245\/#breadcrumb\",\"itemListElement\":[{\"@type\":\"ListItem\",\"position\":1,\"name\":\"Home\",\"item\":\"https:\/\/lumart.fr\/fr\/\"},{\"@type\":\"ListItem\",\"position\":2,\"name\":\"Les Collections\",\"item\":\"https:\/\/lumart.fr\/fr\/les-collections\/\"},{\"@type\":\"ListItem\",\"position\":3,\"name\":\"Ramatuelle - Applique GM\"}]}]}<\/script>\n<!-- \/ Yoast SEO plugin. -->","yoast_head_json":{"robots":{"index":"index","follow":"follow","max-snippet":"max-snippet:-1","max-image-preview":"max-image-preview:large","max-video-preview":"max-video-preview:-1"},"canonical":"https:\/\/lumart.fr\/fr\/les-collections\/exterieur\/appliques-exterieur\/ramatuelle-applique-gm-245\/","og_locale":"fr_FR","og_type":"article","og_title":"Applique Ramatuelle GM (245) - Lum'art","og_description":"La collection Ramatuelle sent la pierre s\u00e8che et le mas en Provence ! La collection Ramatuelle, c&rsquo;est aussi la complice des b\u00e2timents de style g\u00e9orgien ou edwardien en Grande-Bretagne ! Et la collection Ramatuelle, c&rsquo;est tout autant la campagne ou la montagne ! Vaste programme pour cette lanterne qui puise son inspiration au XIX\u00e8me si\u00e8cle avec les lanternes \u00e0 porter [ &hellip; ]","og_url":"https:\/\/lumart.fr\/fr\/les-collections\/exterieur\/appliques-exterieur\/ramatuelle-applique-gm-245\/","og_site_name":"Lum&#039;art","article_publisher":"https:\/\/www.facebook.com\/LumArt-1543826629180391\/","article_modified_time":"2023-07-11T14:29:36+00:00","og_image":[{"width":2551,"height":1701,"url":"https:\/\/lumart.fr\/wp-content\/uploads\/2017\/12\/245-Applique-Ramatuelle-GM-VZ-Lumart-BD-1.jpg","type":"image\/jpeg"}],"twitter_card":"summary","schema":{"@context":"https:\/\/schema.org","@graph":[{"@type":"WebSite","@id":"https:\/\/lumart.fr\/fr\/#website","url":"https:\/\/lumart.fr\/fr\/","name":"Lum'art","description":"","potentialAction":[{"@type":"SearchAction","target":{"@type":"EntryPoint","urlTemplate":"https:\/\/lumart.fr\/fr\/?s={search_term_string}"},"query-input":"required name=search_term_string"}],"inLanguage":"fr-FR"},{"@type":"ImageObject","@id":"https:\/\/lumart.fr\/fr\/les-collections\/exterieur\/appliques-exterieur\/ramatuelle-applique-gm-245\/#primaryimage","inLanguage":"fr-FR","url":"\/wp-content\/uploads\/2017\/12\/245-Applique-Ramatuelle-GM-VZ-Lumart-BD-1.jpg","contentUrl":"\/wp-content\/uploads\/2017\/12\/245-Applique-Ramatuelle-GM-VZ-Lumart-BD-1.jpg","width":2551,"height":1701,"caption":"Applique Ramatuelle GM - Finition vieux zinc"},{"@type":"WebPage","@id":"https:\/\/lumart.fr\/fr\/les-collections\/exterieur\/appliques-exterieur\/ramatuelle-applique-gm-245\/#webpage","url":"https:\/\/lumart.fr\/fr\/les-collections\/exterieur\/appliques-exterieur\/ramatuelle-applique-gm-245\/","name":"Applique Ramatuelle GM (245) - Lum'art","isPartOf":{"@id":"https:\/\/lumart.fr\/fr\/#website"},"primaryImageOfPage":{"@id":"https:\/\/lumart.fr\/fr\/les-collections\/exterieur\/appliques-exterieur\/ramatuelle-applique-gm-245\/#primaryimage"},"datePublished":"2017-12-18T14:35:57+00:00","dateModified":"2023-07-11T14:29:36+00:00","breadcrumb":{"@id":"https:\/\/lumart.fr\/fr\/les-collections\/exterieur\/appliques-exterieur\/ramatuelle-applique-gm-245\/#breadcrumb"},"inLanguage":"fr-FR","potentialAction":[{"@type":"ReadAction","target":["https:\/\/lumart.fr\/fr\/les-collections\/exterieur\/appliques-exterieur\/ramatuelle-applique-gm-245\/"]}]},{"@type":"BreadcrumbList","@id":"https:\/\/lumart.fr\/fr\/les-collections\/exterieur\/appliques-exterieur\/ramatuelle-applique-gm-245\/#breadcrumb","itemListElement":[{"@type":"ListItem","position":1,"name":"Home","item":"https:\/\/lumart.fr\/fr\/"},{"@type":"ListItem","position":2,"name":"Les Collections","item":"https:\/\/lumart.fr\/fr\/les-collections\/"},{"@type":"ListItem","position":3,"name":"Ramatuelle - Applique GM"}]}]}},"_links":{"self":[{"href":"https:\/\/lumart.fr\/fr\/wp-json\/wp\/v2\/product\/6277"}],"collection":[{"href":"https:\/\/lumart.fr\/fr\/wp-json\/wp\/v2\/product"}],"about":[{"href":"https:\/\/lumart.fr\/fr\/wp-json\/wp\/v2\/types\/product"}],"wp:featuredmedia":[{"embeddable":true,"href":"https:\/\/lumart.fr\/fr\/wp-json\/wp\/v2\/media\/2256"}],"wp:attachment":[{"href":"https:\/\/lumart.fr\/fr\/wp-json\/wp\/v2\/media?parent=6277"}],"wp:term":[{"taxonomy":"product_cat","embeddable":true,"href":"https:\/\/lumart.fr\/fr\/wp-json\/wp\/v2\/product_cat?post=6277"},{"taxonomy":"product_tag","embeddable":true,"href":"https:\/\/lumart.fr\/fr\/wp-json\/wp\/v2\/product_tag?post=6277"}],"curies":[{"name":"wp","href":"https:\/\/api.w.org\/{rel}","templated":true}]}}