{"id":6273,"date":"2017-12-18T14:35:55","date_gmt":"2017-12-18T14:35:55","guid":{"rendered":"https:\/\/lumart.fr\/les-collections\/non%20class\u00e9\/pythagore-lampadaire-7241\/"},"modified":"2023-07-12T14:00:30","modified_gmt":"2023-07-12T12:00:30","slug":"pythagore-lampadaire-7241","status":"publish","type":"product","link":"https:\/\/lumart.fr\/fr\/les-collections\/interieur\/lampadaires\/pythagore-lampadaire-7241\/","title":{"rendered":"Pythagore - Lampadaire"},"content":{"rendered":"<p>Lampe et lampadaire de la collection Pythagore associe fluidit\u00e9 des lignes et signature de l&rsquo;abat-jour en zinc ou laiton massif. R\u00e9glables en hauteur, c&rsquo;est la patine choisie qui permettra de l&rsquo;associer \u00e0 un int\u00e9rieur classique ou plut\u00f4t contemporain.<\/p>\n","protected":false},"excerpt":{"rendered":"<p>Lampe et lampadaire de la collection Pythagore associe fluidit\u00e9 des lignes et signature de l&rsquo;abat-jour en zinc ou laiton massif. R\u00e9glables en hauteur, c&rsquo;est la patine choisie qui permettra de l&rsquo;associer \u00e0 un int\u00e9rieur classique ou plut\u00f4t contemporain.<\/p>\n","protected":false},"featured_media":5071,"template":"","meta":[],"product_cat":[237],"product_tag":[],"acf":[],"yoast_head":"<!-- This site is optimized with the Yoast SEO plugin v17.8 - https:\/\/yoast.com\/wordpress\/plugins\/seo\/ -->\n<meta name=\"robots\" content=\"index, follow, max-snippet:-1, max-image-preview:large, max-video-preview:-1\" \/>\n<link rel=\"canonical\" href=\"https:\/\/lumart.fr\/fr\/les-collections\/interieur\/lampadaires\/pythagore-lampadaire-7241\/\" \/>\n<meta property=\"og:locale\" content=\"fr_FR\" \/>\n<meta property=\"og:type\" content=\"article\" \/>\n<meta property=\"og:title\" content=\"Lampadaire Pythagore (7241) - Lum&#039;art\" \/>\n<meta property=\"og:description\" content=\"Lampe et lampadaire de la collection Pythagore associe fluidit\u00e9 des lignes et signature de l&rsquo;abat-jour en zinc ou laiton massif. R\u00e9glables en hauteur, c&rsquo;est la patine choisie qui permettra de l&rsquo;associer \u00e0 un int\u00e9rieur classique ou plut\u00f4t contemporain.\" \/>\n<meta property=\"og:url\" content=\"https:\/\/lumart.fr\/fr\/les-collections\/interieur\/lampadaires\/pythagore-lampadaire-7241\/\" \/>\n<meta property=\"og:site_name\" content=\"Lum&#039;art\" \/>\n<meta property=\"article:publisher\" content=\"https:\/\/www.facebook.com\/LumArt-1543826629180391\/\" \/>\n<meta property=\"article:modified_time\" content=\"2023-07-12T12:00:30+00:00\" \/>\n<meta property=\"og:image\" content=\"https:\/\/lumart.fr\/wp-content\/uploads\/2017\/12\/7241-Lampadaire-Pythagore-VDG-Lumart-BD-1.jpg\" \/>\n\t<meta property=\"og:image:width\" content=\"2551\" \/>\n\t<meta property=\"og:image:height\" content=\"1701\" \/>\n<meta name=\"twitter:card\" content=\"summary\" \/>\n<script type=\"application\/ld+json\" class=\"yoast-schema-graph\">{\"@context\":\"https:\/\/schema.org\",\"@graph\":[{\"@type\":\"WebSite\",\"@id\":\"https:\/\/lumart.fr\/fr\/#website\",\"url\":\"https:\/\/lumart.fr\/fr\/\",\"name\":\"Lum'art\",\"description\":\"\",\"potentialAction\":[{\"@type\":\"SearchAction\",\"target\":{\"@type\":\"EntryPoint\",\"urlTemplate\":\"https:\/\/lumart.fr\/fr\/?s={search_term_string}\"},\"query-input\":\"required name=search_term_string\"}],\"inLanguage\":\"fr-FR\"},{\"@type\":\"ImageObject\",\"@id\":\"https:\/\/lumart.fr\/fr\/les-collections\/interieur\/lampadaires\/pythagore-lampadaire-7241\/#primaryimage\",\"inLanguage\":\"fr-FR\",\"url\":\"\/wp-content\/uploads\/2017\/12\/7241-Lampadaire-Pythagore-VDG-Lumart-BD-1.jpg\",\"contentUrl\":\"\/wp-content\/uploads\/2017\/12\/7241-Lampadaire-Pythagore-VDG-Lumart-BD-1.jpg\",\"width\":2551,\"height\":1701,\"caption\":\"Lampadaire Pythagore - Finition vert de gris\"},{\"@type\":\"WebPage\",\"@id\":\"https:\/\/lumart.fr\/fr\/les-collections\/interieur\/lampadaires\/pythagore-lampadaire-7241\/#webpage\",\"url\":\"https:\/\/lumart.fr\/fr\/les-collections\/interieur\/lampadaires\/pythagore-lampadaire-7241\/\",\"name\":\"Lampadaire Pythagore (7241) - Lum'art\",\"isPartOf\":{\"@id\":\"https:\/\/lumart.fr\/fr\/#website\"},\"primaryImageOfPage\":{\"@id\":\"https:\/\/lumart.fr\/fr\/les-collections\/interieur\/lampadaires\/pythagore-lampadaire-7241\/#primaryimage\"},\"datePublished\":\"2017-12-18T14:35:55+00:00\",\"dateModified\":\"2023-07-12T12:00:30+00:00\",\"breadcrumb\":{\"@id\":\"https:\/\/lumart.fr\/fr\/les-collections\/interieur\/lampadaires\/pythagore-lampadaire-7241\/#breadcrumb\"},\"inLanguage\":\"fr-FR\",\"potentialAction\":[{\"@type\":\"ReadAction\",\"target\":[\"https:\/\/lumart.fr\/fr\/les-collections\/interieur\/lampadaires\/pythagore-lampadaire-7241\/\"]}]},{\"@type\":\"BreadcrumbList\",\"@id\":\"https:\/\/lumart.fr\/fr\/les-collections\/interieur\/lampadaires\/pythagore-lampadaire-7241\/#breadcrumb\",\"itemListElement\":[{\"@type\":\"ListItem\",\"position\":1,\"name\":\"Home\",\"item\":\"https:\/\/lumart.fr\/fr\/\"},{\"@type\":\"ListItem\",\"position\":2,\"name\":\"Les Collections\",\"item\":\"https:\/\/lumart.fr\/fr\/les-collections\/\"},{\"@type\":\"ListItem\",\"position\":3,\"name\":\"Pythagore - Lampadaire\"}]}]}<\/script>\n<!-- \/ Yoast SEO plugin. -->","yoast_head_json":{"robots":{"index":"index","follow":"follow","max-snippet":"max-snippet:-1","max-image-preview":"max-image-preview:large","max-video-preview":"max-video-preview:-1"},"canonical":"https:\/\/lumart.fr\/fr\/les-collections\/interieur\/lampadaires\/pythagore-lampadaire-7241\/","og_locale":"fr_FR","og_type":"article","og_title":"Lampadaire Pythagore (7241) - Lum'art","og_description":"Lampe et lampadaire de la collection Pythagore associe fluidit\u00e9 des lignes et signature de l&rsquo;abat-jour en zinc ou laiton massif. R\u00e9glables en hauteur, c&rsquo;est la patine choisie qui permettra de l&rsquo;associer \u00e0 un int\u00e9rieur classique ou plut\u00f4t contemporain.","og_url":"https:\/\/lumart.fr\/fr\/les-collections\/interieur\/lampadaires\/pythagore-lampadaire-7241\/","og_site_name":"Lum&#039;art","article_publisher":"https:\/\/www.facebook.com\/LumArt-1543826629180391\/","article_modified_time":"2023-07-12T12:00:30+00:00","og_image":[{"width":2551,"height":1701,"url":"https:\/\/lumart.fr\/wp-content\/uploads\/2017\/12\/7241-Lampadaire-Pythagore-VDG-Lumart-BD-1.jpg","type":"image\/jpeg"}],"twitter_card":"summary","schema":{"@context":"https:\/\/schema.org","@graph":[{"@type":"WebSite","@id":"https:\/\/lumart.fr\/fr\/#website","url":"https:\/\/lumart.fr\/fr\/","name":"Lum'art","description":"","potentialAction":[{"@type":"SearchAction","target":{"@type":"EntryPoint","urlTemplate":"https:\/\/lumart.fr\/fr\/?s={search_term_string}"},"query-input":"required name=search_term_string"}],"inLanguage":"fr-FR"},{"@type":"ImageObject","@id":"https:\/\/lumart.fr\/fr\/les-collections\/interieur\/lampadaires\/pythagore-lampadaire-7241\/#primaryimage","inLanguage":"fr-FR","url":"\/wp-content\/uploads\/2017\/12\/7241-Lampadaire-Pythagore-VDG-Lumart-BD-1.jpg","contentUrl":"\/wp-content\/uploads\/2017\/12\/7241-Lampadaire-Pythagore-VDG-Lumart-BD-1.jpg","width":2551,"height":1701,"caption":"Lampadaire Pythagore - Finition vert de gris"},{"@type":"WebPage","@id":"https:\/\/lumart.fr\/fr\/les-collections\/interieur\/lampadaires\/pythagore-lampadaire-7241\/#webpage","url":"https:\/\/lumart.fr\/fr\/les-collections\/interieur\/lampadaires\/pythagore-lampadaire-7241\/","name":"Lampadaire Pythagore (7241) - Lum'art","isPartOf":{"@id":"https:\/\/lumart.fr\/fr\/#website"},"primaryImageOfPage":{"@id":"https:\/\/lumart.fr\/fr\/les-collections\/interieur\/lampadaires\/pythagore-lampadaire-7241\/#primaryimage"},"datePublished":"2017-12-18T14:35:55+00:00","dateModified":"2023-07-12T12:00:30+00:00","breadcrumb":{"@id":"https:\/\/lumart.fr\/fr\/les-collections\/interieur\/lampadaires\/pythagore-lampadaire-7241\/#breadcrumb"},"inLanguage":"fr-FR","potentialAction":[{"@type":"ReadAction","target":["https:\/\/lumart.fr\/fr\/les-collections\/interieur\/lampadaires\/pythagore-lampadaire-7241\/"]}]},{"@type":"BreadcrumbList","@id":"https:\/\/lumart.fr\/fr\/les-collections\/interieur\/lampadaires\/pythagore-lampadaire-7241\/#breadcrumb","itemListElement":[{"@type":"ListItem","position":1,"name":"Home","item":"https:\/\/lumart.fr\/fr\/"},{"@type":"ListItem","position":2,"name":"Les Collections","item":"https:\/\/lumart.fr\/fr\/les-collections\/"},{"@type":"ListItem","position":3,"name":"Pythagore - Lampadaire"}]}]}},"_links":{"self":[{"href":"https:\/\/lumart.fr\/fr\/wp-json\/wp\/v2\/product\/6273"}],"collection":[{"href":"https:\/\/lumart.fr\/fr\/wp-json\/wp\/v2\/product"}],"about":[{"href":"https:\/\/lumart.fr\/fr\/wp-json\/wp\/v2\/types\/product"}],"wp:featuredmedia":[{"embeddable":true,"href":"https:\/\/lumart.fr\/fr\/wp-json\/wp\/v2\/media\/5071"}],"wp:attachment":[{"href":"https:\/\/lumart.fr\/fr\/wp-json\/wp\/v2\/media?parent=6273"}],"wp:term":[{"taxonomy":"product_cat","embeddable":true,"href":"https:\/\/lumart.fr\/fr\/wp-json\/wp\/v2\/product_cat?post=6273"},{"taxonomy":"product_tag","embeddable":true,"href":"https:\/\/lumart.fr\/fr\/wp-json\/wp\/v2\/product_tag?post=6273"}],"curies":[{"name":"wp","href":"https:\/\/api.w.org\/{rel}","templated":true}]}}