{"id":6256,"date":"2017-12-18T14:35:46","date_gmt":"2017-12-18T14:35:46","guid":{"rendered":"https:\/\/lumart.fr\/les-collections\/non%20class\u00e9\/pont-neuf-applique-tgm-263\/"},"modified":"2018-04-25T13:03:09","modified_gmt":"2018-04-25T13:03:09","slug":"pont-neuf-applique-tgm-263","status":"publish","type":"product","link":"https:\/\/lumart.fr\/fr\/les-collections\/exterieur\/appliques-exterieur\/pont-neuf-applique-tgm-263\/","title":{"rendered":"Pont Neuf - Applique TGM"},"content":{"rendered":"<p>Collection classique mais traitement contemporain pour cette collection tout en transparence avec ses faces enti\u00e8rement vitr\u00e9es. La plus int\u00e9rieure de nos lanternes ext\u00e9rieures avec une lumi\u00e8re qui ne rencontre aucun obstacle, elle \u00e9clairera parfaitement une cage d&rsquo;escalier par exemple.<\/p>\n","protected":false},"excerpt":{"rendered":"<p>Collection classique mais traitement contemporain pour cette collection tout en transparence avec ses faces enti\u00e8rement vitr\u00e9es. La plus int\u00e9rieure de nos lanternes ext\u00e9rieures avec une lumi\u00e8re qui ne rencontre aucun obstacle, elle \u00e9clairera parfaitement une cage d&rsquo;escalier par exemple.<\/p>\n","protected":false},"featured_media":9678,"template":"","meta":[],"product_cat":[231],"product_tag":[],"acf":[],"yoast_head":"<!-- This site is optimized with the Yoast SEO plugin v17.8 - https:\/\/yoast.com\/wordpress\/plugins\/seo\/ -->\n<meta name=\"robots\" content=\"index, follow, max-snippet:-1, max-image-preview:large, max-video-preview:-1\" \/>\n<link rel=\"canonical\" href=\"https:\/\/lumart.fr\/fr\/les-collections\/exterieur\/appliques-exterieur\/pont-neuf-applique-tgm-263\/\" \/>\n<meta property=\"og:locale\" content=\"fr_FR\" \/>\n<meta property=\"og:type\" content=\"article\" \/>\n<meta property=\"og:title\" content=\"Applique Pont Neuf TGM (263) - Lum&#039;art\" \/>\n<meta property=\"og:description\" content=\"Collection classique mais traitement contemporain pour cette collection tout en transparence avec ses faces enti\u00e8rement vitr\u00e9es. La plus int\u00e9rieure de nos lanternes ext\u00e9rieures avec une lumi\u00e8re qui ne rencontre aucun obstacle, elle \u00e9clairera parfaitement une cage d&rsquo;escalier par exemple.\" \/>\n<meta property=\"og:url\" content=\"https:\/\/lumart.fr\/fr\/les-collections\/exterieur\/appliques-exterieur\/pont-neuf-applique-tgm-263\/\" \/>\n<meta property=\"og:site_name\" content=\"Lum&#039;art\" \/>\n<meta property=\"article:publisher\" content=\"https:\/\/www.facebook.com\/LumArt-1543826629180391\/\" \/>\n<meta property=\"article:modified_time\" content=\"2018-04-25T13:03:09+00:00\" \/>\n<meta property=\"og:image\" content=\"https:\/\/lumart.fr\/wp-content\/uploads\/2017\/12\/263-Applique-Pont-Neuf-TGM-VL-Lumart-BD1-1.jpg\" \/>\n\t<meta property=\"og:image:width\" content=\"2551\" \/>\n\t<meta property=\"og:image:height\" content=\"1701\" \/>\n<meta name=\"twitter:card\" content=\"summary\" \/>\n<script type=\"application\/ld+json\" class=\"yoast-schema-graph\">{\"@context\":\"https:\/\/schema.org\",\"@graph\":[{\"@type\":\"WebSite\",\"@id\":\"https:\/\/lumart.fr\/fr\/#website\",\"url\":\"https:\/\/lumart.fr\/fr\/\",\"name\":\"Lum'art\",\"description\":\"\",\"potentialAction\":[{\"@type\":\"SearchAction\",\"target\":{\"@type\":\"EntryPoint\",\"urlTemplate\":\"https:\/\/lumart.fr\/fr\/?s={search_term_string}\"},\"query-input\":\"required name=search_term_string\"}],\"inLanguage\":\"fr-FR\"},{\"@type\":\"ImageObject\",\"@id\":\"https:\/\/lumart.fr\/fr\/les-collections\/exterieur\/appliques-exterieur\/pont-neuf-applique-tgm-263\/#primaryimage\",\"inLanguage\":\"fr-FR\",\"url\":\"\/wp-content\/uploads\/2017\/12\/263-Applique-Pont-Neuf-TGM-VL-Lumart-BD1-1.jpg\",\"contentUrl\":\"\/wp-content\/uploads\/2017\/12\/263-Applique-Pont-Neuf-TGM-VL-Lumart-BD1-1.jpg\",\"width\":2551,\"height\":1701,\"caption\":\"Applique Pont Neuf TGM - Finition Vieux laiton\"},{\"@type\":\"WebPage\",\"@id\":\"https:\/\/lumart.fr\/fr\/les-collections\/exterieur\/appliques-exterieur\/pont-neuf-applique-tgm-263\/#webpage\",\"url\":\"https:\/\/lumart.fr\/fr\/les-collections\/exterieur\/appliques-exterieur\/pont-neuf-applique-tgm-263\/\",\"name\":\"Applique Pont Neuf TGM (263) - Lum'art\",\"isPartOf\":{\"@id\":\"https:\/\/lumart.fr\/fr\/#website\"},\"primaryImageOfPage\":{\"@id\":\"https:\/\/lumart.fr\/fr\/les-collections\/exterieur\/appliques-exterieur\/pont-neuf-applique-tgm-263\/#primaryimage\"},\"datePublished\":\"2017-12-18T14:35:46+00:00\",\"dateModified\":\"2018-04-25T13:03:09+00:00\",\"breadcrumb\":{\"@id\":\"https:\/\/lumart.fr\/fr\/les-collections\/exterieur\/appliques-exterieur\/pont-neuf-applique-tgm-263\/#breadcrumb\"},\"inLanguage\":\"fr-FR\",\"potentialAction\":[{\"@type\":\"ReadAction\",\"target\":[\"https:\/\/lumart.fr\/fr\/les-collections\/exterieur\/appliques-exterieur\/pont-neuf-applique-tgm-263\/\"]}]},{\"@type\":\"BreadcrumbList\",\"@id\":\"https:\/\/lumart.fr\/fr\/les-collections\/exterieur\/appliques-exterieur\/pont-neuf-applique-tgm-263\/#breadcrumb\",\"itemListElement\":[{\"@type\":\"ListItem\",\"position\":1,\"name\":\"Home\",\"item\":\"https:\/\/lumart.fr\/fr\/\"},{\"@type\":\"ListItem\",\"position\":2,\"name\":\"Les Collections\",\"item\":\"https:\/\/lumart.fr\/fr\/les-collections\/\"},{\"@type\":\"ListItem\",\"position\":3,\"name\":\"Pont Neuf - Applique TGM\"}]}]}<\/script>\n<!-- \/ Yoast SEO plugin. -->","yoast_head_json":{"robots":{"index":"index","follow":"follow","max-snippet":"max-snippet:-1","max-image-preview":"max-image-preview:large","max-video-preview":"max-video-preview:-1"},"canonical":"https:\/\/lumart.fr\/fr\/les-collections\/exterieur\/appliques-exterieur\/pont-neuf-applique-tgm-263\/","og_locale":"fr_FR","og_type":"article","og_title":"Applique Pont Neuf TGM (263) - Lum'art","og_description":"Collection classique mais traitement contemporain pour cette collection tout en transparence avec ses faces enti\u00e8rement vitr\u00e9es. La plus int\u00e9rieure de nos lanternes ext\u00e9rieures avec une lumi\u00e8re qui ne rencontre aucun obstacle, elle \u00e9clairera parfaitement une cage d&rsquo;escalier par exemple.","og_url":"https:\/\/lumart.fr\/fr\/les-collections\/exterieur\/appliques-exterieur\/pont-neuf-applique-tgm-263\/","og_site_name":"Lum&#039;art","article_publisher":"https:\/\/www.facebook.com\/LumArt-1543826629180391\/","article_modified_time":"2018-04-25T13:03:09+00:00","og_image":[{"width":2551,"height":1701,"url":"https:\/\/lumart.fr\/wp-content\/uploads\/2017\/12\/263-Applique-Pont-Neuf-TGM-VL-Lumart-BD1-1.jpg","type":"image\/jpeg"}],"twitter_card":"summary","schema":{"@context":"https:\/\/schema.org","@graph":[{"@type":"WebSite","@id":"https:\/\/lumart.fr\/fr\/#website","url":"https:\/\/lumart.fr\/fr\/","name":"Lum'art","description":"","potentialAction":[{"@type":"SearchAction","target":{"@type":"EntryPoint","urlTemplate":"https:\/\/lumart.fr\/fr\/?s={search_term_string}"},"query-input":"required name=search_term_string"}],"inLanguage":"fr-FR"},{"@type":"ImageObject","@id":"https:\/\/lumart.fr\/fr\/les-collections\/exterieur\/appliques-exterieur\/pont-neuf-applique-tgm-263\/#primaryimage","inLanguage":"fr-FR","url":"\/wp-content\/uploads\/2017\/12\/263-Applique-Pont-Neuf-TGM-VL-Lumart-BD1-1.jpg","contentUrl":"\/wp-content\/uploads\/2017\/12\/263-Applique-Pont-Neuf-TGM-VL-Lumart-BD1-1.jpg","width":2551,"height":1701,"caption":"Applique Pont Neuf TGM - Finition Vieux laiton"},{"@type":"WebPage","@id":"https:\/\/lumart.fr\/fr\/les-collections\/exterieur\/appliques-exterieur\/pont-neuf-applique-tgm-263\/#webpage","url":"https:\/\/lumart.fr\/fr\/les-collections\/exterieur\/appliques-exterieur\/pont-neuf-applique-tgm-263\/","name":"Applique Pont Neuf TGM (263) - Lum'art","isPartOf":{"@id":"https:\/\/lumart.fr\/fr\/#website"},"primaryImageOfPage":{"@id":"https:\/\/lumart.fr\/fr\/les-collections\/exterieur\/appliques-exterieur\/pont-neuf-applique-tgm-263\/#primaryimage"},"datePublished":"2017-12-18T14:35:46+00:00","dateModified":"2018-04-25T13:03:09+00:00","breadcrumb":{"@id":"https:\/\/lumart.fr\/fr\/les-collections\/exterieur\/appliques-exterieur\/pont-neuf-applique-tgm-263\/#breadcrumb"},"inLanguage":"fr-FR","potentialAction":[{"@type":"ReadAction","target":["https:\/\/lumart.fr\/fr\/les-collections\/exterieur\/appliques-exterieur\/pont-neuf-applique-tgm-263\/"]}]},{"@type":"BreadcrumbList","@id":"https:\/\/lumart.fr\/fr\/les-collections\/exterieur\/appliques-exterieur\/pont-neuf-applique-tgm-263\/#breadcrumb","itemListElement":[{"@type":"ListItem","position":1,"name":"Home","item":"https:\/\/lumart.fr\/fr\/"},{"@type":"ListItem","position":2,"name":"Les Collections","item":"https:\/\/lumart.fr\/fr\/les-collections\/"},{"@type":"ListItem","position":3,"name":"Pont Neuf - Applique TGM"}]}]}},"_links":{"self":[{"href":"https:\/\/lumart.fr\/fr\/wp-json\/wp\/v2\/product\/6256"}],"collection":[{"href":"https:\/\/lumart.fr\/fr\/wp-json\/wp\/v2\/product"}],"about":[{"href":"https:\/\/lumart.fr\/fr\/wp-json\/wp\/v2\/types\/product"}],"wp:featuredmedia":[{"embeddable":true,"href":"https:\/\/lumart.fr\/fr\/wp-json\/wp\/v2\/media\/9678"}],"wp:attachment":[{"href":"https:\/\/lumart.fr\/fr\/wp-json\/wp\/v2\/media?parent=6256"}],"wp:term":[{"taxonomy":"product_cat","embeddable":true,"href":"https:\/\/lumart.fr\/fr\/wp-json\/wp\/v2\/product_cat?post=6256"},{"taxonomy":"product_tag","embeddable":true,"href":"https:\/\/lumart.fr\/fr\/wp-json\/wp\/v2\/product_tag?post=6256"}],"curies":[{"name":"wp","href":"https:\/\/api.w.org\/{rel}","templated":true}]}}