{"id":6255,"date":"2017-12-18T14:35:46","date_gmt":"2017-12-18T14:35:46","guid":{"rendered":"https:\/\/lumart.fr\/les-collections\/non%20class\u00e9\/pilier-avec-platine-et-base-ronde-pilier-avec-platine-et-base-ronde-20-cm-82848\/"},"modified":"2023-06-23T10:44:09","modified_gmt":"2023-06-23T08:44:09","slug":"pilier-avec-platine-et-base-ronde-pilier-avec-platine-et-base-ronde-20-cm-82848","status":"publish","type":"product","link":"https:\/\/lumart.fr\/fr\/les-collections\/exterieur\/accroches\/pilier-avec-platine-et-base-ronde-pilier-avec-platine-et-base-ronde-20-cm-82848\/","title":{"rendered":" 20 cm"},"content":{"rendered":"<p>Le pilier est le compl\u00e9ment n\u00e9cessaire \u00e0 votre lanterne quand votre choix se porte sur une lanterne sur pilier. Plusieurs tailles de piliers sont disponibles, base ronde pour les lanternes de forme ronde ou hexagonale, base carr\u00e9e pour les lanternes de section carr\u00e9e. Plus la taille de la lanterne est grande, plus le pilier devra \u00eatre choisi haut. Les lanternes choisies sur piliers sont munies, pour la plupart, d&rsquo;une porte qui permet le changement de l&rsquo;ampoule. L&rsquo;\u00e9quipe Lum&rsquo;art est \u00e0 votre disposition pour vous aider dans votre choix.<\/p>\n","protected":false},"excerpt":{"rendered":"<p>Le pilier est le compl\u00e9ment n\u00e9cessaire \u00e0 votre lanterne quand votre choix se porte sur une lanterne sur pilier. Plusieurs tailles de piliers sont disponibles, base ronde pour les lanternes de forme ronde ou hexagonale, base carr\u00e9e pour les lanternes de section carr\u00e9e. Plus la taille de la lanterne est grande, plus le pilier devra \u00eatre choisi haut. Les lanternes <a href=\"https:\/\/lumart.fr\/fr\/les-collections\/exterieur\/accroches\/pilier-avec-platine-et-base-ronde-pilier-avec-platine-et-base-ronde-20-cm-82848\/\" class=\"more\">[ &hellip; ]<\/a><\/p>\n","protected":false},"featured_media":5849,"template":"","meta":[],"product_cat":[244],"product_tag":[],"acf":[],"yoast_head":"<!-- This site is optimized with the Yoast SEO plugin v17.8 - https:\/\/yoast.com\/wordpress\/plugins\/seo\/ -->\n<meta name=\"robots\" content=\"index, follow, max-snippet:-1, max-image-preview:large, max-video-preview:-1\" \/>\n<link rel=\"canonical\" href=\"https:\/\/lumart.fr\/fr\/les-collections\/exterieur\/accroches\/pilier-avec-platine-et-base-ronde-pilier-avec-platine-et-base-ronde-20-cm-82848\/\" \/>\n<meta property=\"og:locale\" content=\"fr_FR\" \/>\n<meta property=\"og:type\" content=\"article\" \/>\n<meta property=\"og:title\" content=\"Pilier avec platine et base ronde 20 cm (82848) - Lum&#039;art\" \/>\n<meta property=\"og:description\" content=\"Le pilier est le compl\u00e9ment n\u00e9cessaire \u00e0 votre lanterne quand votre choix se porte sur une lanterne sur pilier. Plusieurs tailles de piliers sont disponibles, base ronde pour les lanternes de forme ronde ou hexagonale, base carr\u00e9e pour les lanternes de section carr\u00e9e. Plus la taille de la lanterne est grande, plus le pilier devra \u00eatre choisi haut. Les lanternes [ &hellip; ]\" \/>\n<meta property=\"og:url\" content=\"https:\/\/lumart.fr\/fr\/les-collections\/exterieur\/accroches\/pilier-avec-platine-et-base-ronde-pilier-avec-platine-et-base-ronde-20-cm-82848\/\" \/>\n<meta property=\"og:site_name\" content=\"Lum&#039;art\" \/>\n<meta property=\"article:publisher\" content=\"https:\/\/www.facebook.com\/LumArt-1543826629180391\/\" \/>\n<meta property=\"article:modified_time\" content=\"2023-06-23T08:44:09+00:00\" \/>\n<meta property=\"og:image\" content=\"https:\/\/lumart.fr\/wp-content\/uploads\/2017\/12\/Lumart_logo_2551x1701.jpg\" \/>\n\t<meta property=\"og:image:width\" content=\"2551\" \/>\n\t<meta property=\"og:image:height\" content=\"1701\" \/>\n<meta name=\"twitter:card\" content=\"summary\" \/>\n<script type=\"application\/ld+json\" class=\"yoast-schema-graph\">{\"@context\":\"https:\/\/schema.org\",\"@graph\":[{\"@type\":\"WebSite\",\"@id\":\"https:\/\/lumart.fr\/fr\/#website\",\"url\":\"https:\/\/lumart.fr\/fr\/\",\"name\":\"Lum'art\",\"description\":\"\",\"potentialAction\":[{\"@type\":\"SearchAction\",\"target\":{\"@type\":\"EntryPoint\",\"urlTemplate\":\"https:\/\/lumart.fr\/fr\/?s={search_term_string}\"},\"query-input\":\"required name=search_term_string\"}],\"inLanguage\":\"fr-FR\"},{\"@type\":\"ImageObject\",\"@id\":\"https:\/\/lumart.fr\/fr\/les-collections\/exterieur\/accroches\/pilier-avec-platine-et-base-ronde-pilier-avec-platine-et-base-ronde-20-cm-82848\/#primaryimage\",\"inLanguage\":\"fr-FR\",\"url\":\"\/wp-content\/uploads\/2017\/12\/Lumart_logo_2551x1701.jpg\",\"contentUrl\":\"\/wp-content\/uploads\/2017\/12\/Lumart_logo_2551x1701.jpg\",\"width\":2551,\"height\":1701,\"caption\":\"Lanterne Antana TGM - Finition\"},{\"@type\":\"WebPage\",\"@id\":\"https:\/\/lumart.fr\/fr\/les-collections\/exterieur\/accroches\/pilier-avec-platine-et-base-ronde-pilier-avec-platine-et-base-ronde-20-cm-82848\/#webpage\",\"url\":\"https:\/\/lumart.fr\/fr\/les-collections\/exterieur\/accroches\/pilier-avec-platine-et-base-ronde-pilier-avec-platine-et-base-ronde-20-cm-82848\/\",\"name\":\"Pilier avec platine et base ronde 20 cm (82848) - Lum'art\",\"isPartOf\":{\"@id\":\"https:\/\/lumart.fr\/fr\/#website\"},\"primaryImageOfPage\":{\"@id\":\"https:\/\/lumart.fr\/fr\/les-collections\/exterieur\/accroches\/pilier-avec-platine-et-base-ronde-pilier-avec-platine-et-base-ronde-20-cm-82848\/#primaryimage\"},\"datePublished\":\"2017-12-18T14:35:46+00:00\",\"dateModified\":\"2023-06-23T08:44:09+00:00\",\"breadcrumb\":{\"@id\":\"https:\/\/lumart.fr\/fr\/les-collections\/exterieur\/accroches\/pilier-avec-platine-et-base-ronde-pilier-avec-platine-et-base-ronde-20-cm-82848\/#breadcrumb\"},\"inLanguage\":\"fr-FR\",\"potentialAction\":[{\"@type\":\"ReadAction\",\"target\":[\"https:\/\/lumart.fr\/fr\/les-collections\/exterieur\/accroches\/pilier-avec-platine-et-base-ronde-pilier-avec-platine-et-base-ronde-20-cm-82848\/\"]}]},{\"@type\":\"BreadcrumbList\",\"@id\":\"https:\/\/lumart.fr\/fr\/les-collections\/exterieur\/accroches\/pilier-avec-platine-et-base-ronde-pilier-avec-platine-et-base-ronde-20-cm-82848\/#breadcrumb\",\"itemListElement\":[{\"@type\":\"ListItem\",\"position\":1,\"name\":\"Home\",\"item\":\"https:\/\/lumart.fr\/fr\/\"},{\"@type\":\"ListItem\",\"position\":2,\"name\":\"Les Collections\",\"item\":\"https:\/\/lumart.fr\/fr\/les-collections\/\"},{\"@type\":\"ListItem\",\"position\":3,\"name\":\"20 cm\"}]}]}<\/script>\n<!-- \/ Yoast SEO plugin. -->","yoast_head_json":{"robots":{"index":"index","follow":"follow","max-snippet":"max-snippet:-1","max-image-preview":"max-image-preview:large","max-video-preview":"max-video-preview:-1"},"canonical":"https:\/\/lumart.fr\/fr\/les-collections\/exterieur\/accroches\/pilier-avec-platine-et-base-ronde-pilier-avec-platine-et-base-ronde-20-cm-82848\/","og_locale":"fr_FR","og_type":"article","og_title":"Pilier avec platine et base ronde 20 cm (82848) - Lum'art","og_description":"Le pilier est le compl\u00e9ment n\u00e9cessaire \u00e0 votre lanterne quand votre choix se porte sur une lanterne sur pilier. Plusieurs tailles de piliers sont disponibles, base ronde pour les lanternes de forme ronde ou hexagonale, base carr\u00e9e pour les lanternes de section carr\u00e9e. Plus la taille de la lanterne est grande, plus le pilier devra \u00eatre choisi haut. Les lanternes [ &hellip; ]","og_url":"https:\/\/lumart.fr\/fr\/les-collections\/exterieur\/accroches\/pilier-avec-platine-et-base-ronde-pilier-avec-platine-et-base-ronde-20-cm-82848\/","og_site_name":"Lum&#039;art","article_publisher":"https:\/\/www.facebook.com\/LumArt-1543826629180391\/","article_modified_time":"2023-06-23T08:44:09+00:00","og_image":[{"width":2551,"height":1701,"url":"https:\/\/lumart.fr\/wp-content\/uploads\/2017\/12\/Lumart_logo_2551x1701.jpg","type":"image\/jpeg"}],"twitter_card":"summary","schema":{"@context":"https:\/\/schema.org","@graph":[{"@type":"WebSite","@id":"https:\/\/lumart.fr\/fr\/#website","url":"https:\/\/lumart.fr\/fr\/","name":"Lum'art","description":"","potentialAction":[{"@type":"SearchAction","target":{"@type":"EntryPoint","urlTemplate":"https:\/\/lumart.fr\/fr\/?s={search_term_string}"},"query-input":"required name=search_term_string"}],"inLanguage":"fr-FR"},{"@type":"ImageObject","@id":"https:\/\/lumart.fr\/fr\/les-collections\/exterieur\/accroches\/pilier-avec-platine-et-base-ronde-pilier-avec-platine-et-base-ronde-20-cm-82848\/#primaryimage","inLanguage":"fr-FR","url":"\/wp-content\/uploads\/2017\/12\/Lumart_logo_2551x1701.jpg","contentUrl":"\/wp-content\/uploads\/2017\/12\/Lumart_logo_2551x1701.jpg","width":2551,"height":1701,"caption":"Lanterne Antana TGM - Finition"},{"@type":"WebPage","@id":"https:\/\/lumart.fr\/fr\/les-collections\/exterieur\/accroches\/pilier-avec-platine-et-base-ronde-pilier-avec-platine-et-base-ronde-20-cm-82848\/#webpage","url":"https:\/\/lumart.fr\/fr\/les-collections\/exterieur\/accroches\/pilier-avec-platine-et-base-ronde-pilier-avec-platine-et-base-ronde-20-cm-82848\/","name":"Pilier avec platine et base ronde 20 cm (82848) - Lum'art","isPartOf":{"@id":"https:\/\/lumart.fr\/fr\/#website"},"primaryImageOfPage":{"@id":"https:\/\/lumart.fr\/fr\/les-collections\/exterieur\/accroches\/pilier-avec-platine-et-base-ronde-pilier-avec-platine-et-base-ronde-20-cm-82848\/#primaryimage"},"datePublished":"2017-12-18T14:35:46+00:00","dateModified":"2023-06-23T08:44:09+00:00","breadcrumb":{"@id":"https:\/\/lumart.fr\/fr\/les-collections\/exterieur\/accroches\/pilier-avec-platine-et-base-ronde-pilier-avec-platine-et-base-ronde-20-cm-82848\/#breadcrumb"},"inLanguage":"fr-FR","potentialAction":[{"@type":"ReadAction","target":["https:\/\/lumart.fr\/fr\/les-collections\/exterieur\/accroches\/pilier-avec-platine-et-base-ronde-pilier-avec-platine-et-base-ronde-20-cm-82848\/"]}]},{"@type":"BreadcrumbList","@id":"https:\/\/lumart.fr\/fr\/les-collections\/exterieur\/accroches\/pilier-avec-platine-et-base-ronde-pilier-avec-platine-et-base-ronde-20-cm-82848\/#breadcrumb","itemListElement":[{"@type":"ListItem","position":1,"name":"Home","item":"https:\/\/lumart.fr\/fr\/"},{"@type":"ListItem","position":2,"name":"Les Collections","item":"https:\/\/lumart.fr\/fr\/les-collections\/"},{"@type":"ListItem","position":3,"name":"20 cm"}]}]}},"_links":{"self":[{"href":"https:\/\/lumart.fr\/fr\/wp-json\/wp\/v2\/product\/6255"}],"collection":[{"href":"https:\/\/lumart.fr\/fr\/wp-json\/wp\/v2\/product"}],"about":[{"href":"https:\/\/lumart.fr\/fr\/wp-json\/wp\/v2\/types\/product"}],"wp:featuredmedia":[{"embeddable":true,"href":"https:\/\/lumart.fr\/fr\/wp-json\/wp\/v2\/media\/5849"}],"wp:attachment":[{"href":"https:\/\/lumart.fr\/fr\/wp-json\/wp\/v2\/media?parent=6255"}],"wp:term":[{"taxonomy":"product_cat","embeddable":true,"href":"https:\/\/lumart.fr\/fr\/wp-json\/wp\/v2\/product_cat?post=6255"},{"taxonomy":"product_tag","embeddable":true,"href":"https:\/\/lumart.fr\/fr\/wp-json\/wp\/v2\/product_tag?post=6255"}],"curies":[{"name":"wp","href":"https:\/\/api.w.org\/{rel}","templated":true}]}}