{"id":6231,"date":"2017-12-18T14:35:33","date_gmt":"2017-12-18T14:35:33","guid":{"rendered":"https:\/\/lumart.fr\/les-collections\/non%20class\u00e9\/petit-manoir-applique-mm-220\/"},"modified":"2023-07-10T16:11:58","modified_gmt":"2023-07-10T14:11:58","slug":"petit-manoir-applique-mm-220","status":"publish","type":"product","link":"https:\/\/lumart.fr\/fr\/les-collections\/exterieur\/appliques-exterieur\/petit-manoir-applique-mm-220\/","title":{"rendered":"Petit Manoir - Applique MM"},"content":{"rendered":"<p>Cette collection est clairement inspir\u00e9e du XVIII\u00e8me fran\u00e7ais. La d\u00e9licate frise de sa chemin\u00e9e r\u00e9pond ainsi aux d\u00e9coupes en forme de feuilles de ch\u00eane aux extr\u00e9mit\u00e9s du toit. Bien que destin\u00e9e \u00e0 une usage ext\u00e9rieur, cette lanterne trouvera tout \u00e0 fait sa place \u00e0 l&rsquo;int\u00e9rieur dans une entr\u00e9e, un vestibule, un couloir ou une galerie.<\/p>\n","protected":false},"excerpt":{"rendered":"<p>Cette collection est clairement inspir\u00e9e du XVIII\u00e8me fran\u00e7ais. La d\u00e9licate frise de sa chemin\u00e9e r\u00e9pond ainsi aux d\u00e9coupes en forme de feuilles de ch\u00eane aux extr\u00e9mit\u00e9s du toit. Bien que destin\u00e9e \u00e0 une usage ext\u00e9rieur, cette lanterne trouvera tout \u00e0 fait sa place \u00e0 l&rsquo;int\u00e9rieur dans une entr\u00e9e, un vestibule, un couloir ou une galerie.<\/p>\n","protected":false},"featured_media":2061,"template":"","meta":[],"product_cat":[231],"product_tag":[],"acf":[],"yoast_head":"<!-- This site is optimized with the Yoast SEO plugin v17.8 - https:\/\/yoast.com\/wordpress\/plugins\/seo\/ -->\n<meta name=\"robots\" content=\"index, follow, max-snippet:-1, max-image-preview:large, max-video-preview:-1\" \/>\n<link rel=\"canonical\" href=\"https:\/\/lumart.fr\/fr\/les-collections\/exterieur\/appliques-exterieur\/petit-manoir-applique-mm-220\/\" \/>\n<meta property=\"og:locale\" content=\"fr_FR\" \/>\n<meta property=\"og:type\" content=\"article\" \/>\n<meta property=\"og:title\" content=\"Applique Petit Manoir MM (220) - Lum&#039;art\" \/>\n<meta property=\"og:description\" content=\"Cette collection est clairement inspir\u00e9e du XVIII\u00e8me fran\u00e7ais. La d\u00e9licate frise de sa chemin\u00e9e r\u00e9pond ainsi aux d\u00e9coupes en forme de feuilles de ch\u00eane aux extr\u00e9mit\u00e9s du toit. Bien que destin\u00e9e \u00e0 une usage ext\u00e9rieur, cette lanterne trouvera tout \u00e0 fait sa place \u00e0 l&rsquo;int\u00e9rieur dans une entr\u00e9e, un vestibule, un couloir ou une galerie.\" \/>\n<meta property=\"og:url\" content=\"https:\/\/lumart.fr\/fr\/les-collections\/exterieur\/appliques-exterieur\/petit-manoir-applique-mm-220\/\" \/>\n<meta property=\"og:site_name\" content=\"Lum&#039;art\" \/>\n<meta property=\"article:publisher\" content=\"https:\/\/www.facebook.com\/LumArt-1543826629180391\/\" \/>\n<meta property=\"article:modified_time\" content=\"2023-07-10T14:11:58+00:00\" \/>\n<meta property=\"og:image\" content=\"https:\/\/lumart.fr\/wp-content\/uploads\/2017\/12\/220-Applique-Petit-Manoir-MM-ZPa-Lumart-BD-3.jpg\" \/>\n\t<meta property=\"og:image:width\" content=\"2551\" \/>\n\t<meta property=\"og:image:height\" content=\"1701\" \/>\n<meta name=\"twitter:card\" content=\"summary\" \/>\n<script type=\"application\/ld+json\" class=\"yoast-schema-graph\">{\"@context\":\"https:\/\/schema.org\",\"@graph\":[{\"@type\":\"WebSite\",\"@id\":\"https:\/\/lumart.fr\/fr\/#website\",\"url\":\"https:\/\/lumart.fr\/fr\/\",\"name\":\"Lum'art\",\"description\":\"\",\"potentialAction\":[{\"@type\":\"SearchAction\",\"target\":{\"@type\":\"EntryPoint\",\"urlTemplate\":\"https:\/\/lumart.fr\/fr\/?s={search_term_string}\"},\"query-input\":\"required name=search_term_string\"}],\"inLanguage\":\"fr-FR\"},{\"@type\":\"ImageObject\",\"@id\":\"https:\/\/lumart.fr\/fr\/les-collections\/exterieur\/appliques-exterieur\/petit-manoir-applique-mm-220\/#primaryimage\",\"inLanguage\":\"fr-FR\",\"url\":\"\/wp-content\/uploads\/2017\/12\/220-Applique-Petit-Manoir-MM-ZPa-Lumart-BD-3.jpg\",\"contentUrl\":\"\/wp-content\/uploads\/2017\/12\/220-Applique-Petit-Manoir-MM-ZPa-Lumart-BD-3.jpg\",\"width\":2551,\"height\":1701,\"caption\":\"Applique Petit Manoir MM - Finition zinc patin\\u00e9\"},{\"@type\":\"WebPage\",\"@id\":\"https:\/\/lumart.fr\/fr\/les-collections\/exterieur\/appliques-exterieur\/petit-manoir-applique-mm-220\/#webpage\",\"url\":\"https:\/\/lumart.fr\/fr\/les-collections\/exterieur\/appliques-exterieur\/petit-manoir-applique-mm-220\/\",\"name\":\"Applique Petit Manoir MM (220) - Lum'art\",\"isPartOf\":{\"@id\":\"https:\/\/lumart.fr\/fr\/#website\"},\"primaryImageOfPage\":{\"@id\":\"https:\/\/lumart.fr\/fr\/les-collections\/exterieur\/appliques-exterieur\/petit-manoir-applique-mm-220\/#primaryimage\"},\"datePublished\":\"2017-12-18T14:35:33+00:00\",\"dateModified\":\"2023-07-10T14:11:58+00:00\",\"breadcrumb\":{\"@id\":\"https:\/\/lumart.fr\/fr\/les-collections\/exterieur\/appliques-exterieur\/petit-manoir-applique-mm-220\/#breadcrumb\"},\"inLanguage\":\"fr-FR\",\"potentialAction\":[{\"@type\":\"ReadAction\",\"target\":[\"https:\/\/lumart.fr\/fr\/les-collections\/exterieur\/appliques-exterieur\/petit-manoir-applique-mm-220\/\"]}]},{\"@type\":\"BreadcrumbList\",\"@id\":\"https:\/\/lumart.fr\/fr\/les-collections\/exterieur\/appliques-exterieur\/petit-manoir-applique-mm-220\/#breadcrumb\",\"itemListElement\":[{\"@type\":\"ListItem\",\"position\":1,\"name\":\"Home\",\"item\":\"https:\/\/lumart.fr\/fr\/\"},{\"@type\":\"ListItem\",\"position\":2,\"name\":\"Les Collections\",\"item\":\"https:\/\/lumart.fr\/fr\/les-collections\/\"},{\"@type\":\"ListItem\",\"position\":3,\"name\":\"Petit Manoir - Applique MM\"}]}]}<\/script>\n<!-- \/ Yoast SEO plugin. -->","yoast_head_json":{"robots":{"index":"index","follow":"follow","max-snippet":"max-snippet:-1","max-image-preview":"max-image-preview:large","max-video-preview":"max-video-preview:-1"},"canonical":"https:\/\/lumart.fr\/fr\/les-collections\/exterieur\/appliques-exterieur\/petit-manoir-applique-mm-220\/","og_locale":"fr_FR","og_type":"article","og_title":"Applique Petit Manoir MM (220) - Lum'art","og_description":"Cette collection est clairement inspir\u00e9e du XVIII\u00e8me fran\u00e7ais. La d\u00e9licate frise de sa chemin\u00e9e r\u00e9pond ainsi aux d\u00e9coupes en forme de feuilles de ch\u00eane aux extr\u00e9mit\u00e9s du toit. Bien que destin\u00e9e \u00e0 une usage ext\u00e9rieur, cette lanterne trouvera tout \u00e0 fait sa place \u00e0 l&rsquo;int\u00e9rieur dans une entr\u00e9e, un vestibule, un couloir ou une galerie.","og_url":"https:\/\/lumart.fr\/fr\/les-collections\/exterieur\/appliques-exterieur\/petit-manoir-applique-mm-220\/","og_site_name":"Lum&#039;art","article_publisher":"https:\/\/www.facebook.com\/LumArt-1543826629180391\/","article_modified_time":"2023-07-10T14:11:58+00:00","og_image":[{"width":2551,"height":1701,"url":"https:\/\/lumart.fr\/wp-content\/uploads\/2017\/12\/220-Applique-Petit-Manoir-MM-ZPa-Lumart-BD-3.jpg","type":"image\/jpeg"}],"twitter_card":"summary","schema":{"@context":"https:\/\/schema.org","@graph":[{"@type":"WebSite","@id":"https:\/\/lumart.fr\/fr\/#website","url":"https:\/\/lumart.fr\/fr\/","name":"Lum'art","description":"","potentialAction":[{"@type":"SearchAction","target":{"@type":"EntryPoint","urlTemplate":"https:\/\/lumart.fr\/fr\/?s={search_term_string}"},"query-input":"required name=search_term_string"}],"inLanguage":"fr-FR"},{"@type":"ImageObject","@id":"https:\/\/lumart.fr\/fr\/les-collections\/exterieur\/appliques-exterieur\/petit-manoir-applique-mm-220\/#primaryimage","inLanguage":"fr-FR","url":"\/wp-content\/uploads\/2017\/12\/220-Applique-Petit-Manoir-MM-ZPa-Lumart-BD-3.jpg","contentUrl":"\/wp-content\/uploads\/2017\/12\/220-Applique-Petit-Manoir-MM-ZPa-Lumart-BD-3.jpg","width":2551,"height":1701,"caption":"Applique Petit Manoir MM - Finition zinc patin\u00e9"},{"@type":"WebPage","@id":"https:\/\/lumart.fr\/fr\/les-collections\/exterieur\/appliques-exterieur\/petit-manoir-applique-mm-220\/#webpage","url":"https:\/\/lumart.fr\/fr\/les-collections\/exterieur\/appliques-exterieur\/petit-manoir-applique-mm-220\/","name":"Applique Petit Manoir MM (220) - Lum'art","isPartOf":{"@id":"https:\/\/lumart.fr\/fr\/#website"},"primaryImageOfPage":{"@id":"https:\/\/lumart.fr\/fr\/les-collections\/exterieur\/appliques-exterieur\/petit-manoir-applique-mm-220\/#primaryimage"},"datePublished":"2017-12-18T14:35:33+00:00","dateModified":"2023-07-10T14:11:58+00:00","breadcrumb":{"@id":"https:\/\/lumart.fr\/fr\/les-collections\/exterieur\/appliques-exterieur\/petit-manoir-applique-mm-220\/#breadcrumb"},"inLanguage":"fr-FR","potentialAction":[{"@type":"ReadAction","target":["https:\/\/lumart.fr\/fr\/les-collections\/exterieur\/appliques-exterieur\/petit-manoir-applique-mm-220\/"]}]},{"@type":"BreadcrumbList","@id":"https:\/\/lumart.fr\/fr\/les-collections\/exterieur\/appliques-exterieur\/petit-manoir-applique-mm-220\/#breadcrumb","itemListElement":[{"@type":"ListItem","position":1,"name":"Home","item":"https:\/\/lumart.fr\/fr\/"},{"@type":"ListItem","position":2,"name":"Les Collections","item":"https:\/\/lumart.fr\/fr\/les-collections\/"},{"@type":"ListItem","position":3,"name":"Petit Manoir - Applique MM"}]}]}},"_links":{"self":[{"href":"https:\/\/lumart.fr\/fr\/wp-json\/wp\/v2\/product\/6231"}],"collection":[{"href":"https:\/\/lumart.fr\/fr\/wp-json\/wp\/v2\/product"}],"about":[{"href":"https:\/\/lumart.fr\/fr\/wp-json\/wp\/v2\/types\/product"}],"wp:featuredmedia":[{"embeddable":true,"href":"https:\/\/lumart.fr\/fr\/wp-json\/wp\/v2\/media\/2061"}],"wp:attachment":[{"href":"https:\/\/lumart.fr\/fr\/wp-json\/wp\/v2\/media?parent=6231"}],"wp:term":[{"taxonomy":"product_cat","embeddable":true,"href":"https:\/\/lumart.fr\/fr\/wp-json\/wp\/v2\/product_cat?post=6231"},{"taxonomy":"product_tag","embeddable":true,"href":"https:\/\/lumart.fr\/fr\/wp-json\/wp\/v2\/product_tag?post=6231"}],"curies":[{"name":"wp","href":"https:\/\/api.w.org\/{rel}","templated":true}]}}