{"id":6228,"date":"2017-12-18T14:35:32","date_gmt":"2017-12-18T14:35:32","guid":{"rendered":"https:\/\/lumart.fr\/les-collections\/non%20class\u00e9\/perrache-applique-tgm-224\/"},"modified":"2023-07-10T16:23:38","modified_gmt":"2023-07-10T14:23:38","slug":"perrache-applique-tgm-224","status":"publish","type":"product","link":"https:\/\/lumart.fr\/fr\/les-collections\/exterieur\/appliques-exterieur\/perrache-applique-tgm-224\/","title":{"rendered":"Perrache - Applique TGM"},"content":{"rendered":"<p>Discr\u00e8te frise en bordure de toit mais verticalit\u00e9 des lignes pour la collection Perrache qui peut lui donner un petit c\u00f4t\u00e9 British ! La seule lanterne du catalogue \u00e0 ne pas avoir de base carr\u00e9e mais rectangulaire, ce qui permet de la d\u00e9cliner en lustre d&rsquo;int\u00e9rieur avec une ou deux lumi\u00e8res dans la partie basse telle 2 bougies d\u00e9licatement pos\u00e9e.<\/p>\n","protected":false},"excerpt":{"rendered":"<p>Discr\u00e8te frise en bordure de toit mais verticalit\u00e9 des lignes pour la collection Perrache qui peut lui donner un petit c\u00f4t\u00e9 British ! La seule lanterne du catalogue \u00e0 ne pas avoir de base carr\u00e9e mais rectangulaire, ce qui permet de la d\u00e9cliner en lustre d&rsquo;int\u00e9rieur avec une ou deux lumi\u00e8res dans la partie basse telle 2 bougies d\u00e9licatement pos\u00e9e.<\/p>\n","protected":false},"featured_media":2085,"template":"","meta":[],"product_cat":[231],"product_tag":[],"acf":[],"yoast_head":"<!-- This site is optimized with the Yoast SEO plugin v17.8 - https:\/\/yoast.com\/wordpress\/plugins\/seo\/ -->\n<meta name=\"robots\" content=\"index, follow, max-snippet:-1, max-image-preview:large, max-video-preview:-1\" \/>\n<link rel=\"canonical\" href=\"https:\/\/lumart.fr\/fr\/les-collections\/exterieur\/appliques-exterieur\/perrache-applique-tgm-224\/\" \/>\n<meta property=\"og:locale\" content=\"fr_FR\" \/>\n<meta property=\"og:type\" content=\"article\" \/>\n<meta property=\"og:title\" content=\"Applique Perrache TGM (224) - Lum&#039;art\" \/>\n<meta property=\"og:description\" content=\"Discr\u00e8te frise en bordure de toit mais verticalit\u00e9 des lignes pour la collection Perrache qui peut lui donner un petit c\u00f4t\u00e9 British ! La seule lanterne du catalogue \u00e0 ne pas avoir de base carr\u00e9e mais rectangulaire, ce qui permet de la d\u00e9cliner en lustre d&rsquo;int\u00e9rieur avec une ou deux lumi\u00e8res dans la partie basse telle 2 bougies d\u00e9licatement pos\u00e9e.\" \/>\n<meta property=\"og:url\" content=\"https:\/\/lumart.fr\/fr\/les-collections\/exterieur\/appliques-exterieur\/perrache-applique-tgm-224\/\" \/>\n<meta property=\"og:site_name\" content=\"Lum&#039;art\" \/>\n<meta property=\"article:publisher\" content=\"https:\/\/www.facebook.com\/LumArt-1543826629180391\/\" \/>\n<meta property=\"article:modified_time\" content=\"2023-07-10T14:23:38+00:00\" \/>\n<meta property=\"og:image\" content=\"https:\/\/lumart.fr\/wp-content\/uploads\/2017\/12\/224-Applique-Perrache-TGM-VL-Lumart-BD-2.jpg\" \/>\n\t<meta property=\"og:image:width\" content=\"2551\" \/>\n\t<meta property=\"og:image:height\" content=\"1701\" \/>\n<meta name=\"twitter:card\" content=\"summary\" \/>\n<script type=\"application\/ld+json\" class=\"yoast-schema-graph\">{\"@context\":\"https:\/\/schema.org\",\"@graph\":[{\"@type\":\"WebSite\",\"@id\":\"https:\/\/lumart.fr\/fr\/#website\",\"url\":\"https:\/\/lumart.fr\/fr\/\",\"name\":\"Lum'art\",\"description\":\"\",\"potentialAction\":[{\"@type\":\"SearchAction\",\"target\":{\"@type\":\"EntryPoint\",\"urlTemplate\":\"https:\/\/lumart.fr\/fr\/?s={search_term_string}\"},\"query-input\":\"required name=search_term_string\"}],\"inLanguage\":\"fr-FR\"},{\"@type\":\"ImageObject\",\"@id\":\"https:\/\/lumart.fr\/fr\/les-collections\/exterieur\/appliques-exterieur\/perrache-applique-tgm-224\/#primaryimage\",\"inLanguage\":\"fr-FR\",\"url\":\"\/wp-content\/uploads\/2017\/12\/224-Applique-Perrache-TGM-VL-Lumart-BD-2.jpg\",\"contentUrl\":\"\/wp-content\/uploads\/2017\/12\/224-Applique-Perrache-TGM-VL-Lumart-BD-2.jpg\",\"width\":2551,\"height\":1701,\"caption\":\"Applique Perrache TGM - Finition vieux laiton\"},{\"@type\":\"WebPage\",\"@id\":\"https:\/\/lumart.fr\/fr\/les-collections\/exterieur\/appliques-exterieur\/perrache-applique-tgm-224\/#webpage\",\"url\":\"https:\/\/lumart.fr\/fr\/les-collections\/exterieur\/appliques-exterieur\/perrache-applique-tgm-224\/\",\"name\":\"Applique Perrache TGM (224) - Lum'art\",\"isPartOf\":{\"@id\":\"https:\/\/lumart.fr\/fr\/#website\"},\"primaryImageOfPage\":{\"@id\":\"https:\/\/lumart.fr\/fr\/les-collections\/exterieur\/appliques-exterieur\/perrache-applique-tgm-224\/#primaryimage\"},\"datePublished\":\"2017-12-18T14:35:32+00:00\",\"dateModified\":\"2023-07-10T14:23:38+00:00\",\"breadcrumb\":{\"@id\":\"https:\/\/lumart.fr\/fr\/les-collections\/exterieur\/appliques-exterieur\/perrache-applique-tgm-224\/#breadcrumb\"},\"inLanguage\":\"fr-FR\",\"potentialAction\":[{\"@type\":\"ReadAction\",\"target\":[\"https:\/\/lumart.fr\/fr\/les-collections\/exterieur\/appliques-exterieur\/perrache-applique-tgm-224\/\"]}]},{\"@type\":\"BreadcrumbList\",\"@id\":\"https:\/\/lumart.fr\/fr\/les-collections\/exterieur\/appliques-exterieur\/perrache-applique-tgm-224\/#breadcrumb\",\"itemListElement\":[{\"@type\":\"ListItem\",\"position\":1,\"name\":\"Home\",\"item\":\"https:\/\/lumart.fr\/fr\/\"},{\"@type\":\"ListItem\",\"position\":2,\"name\":\"Les Collections\",\"item\":\"https:\/\/lumart.fr\/fr\/les-collections\/\"},{\"@type\":\"ListItem\",\"position\":3,\"name\":\"Perrache - Applique TGM\"}]}]}<\/script>\n<!-- \/ Yoast SEO plugin. -->","yoast_head_json":{"robots":{"index":"index","follow":"follow","max-snippet":"max-snippet:-1","max-image-preview":"max-image-preview:large","max-video-preview":"max-video-preview:-1"},"canonical":"https:\/\/lumart.fr\/fr\/les-collections\/exterieur\/appliques-exterieur\/perrache-applique-tgm-224\/","og_locale":"fr_FR","og_type":"article","og_title":"Applique Perrache TGM (224) - Lum'art","og_description":"Discr\u00e8te frise en bordure de toit mais verticalit\u00e9 des lignes pour la collection Perrache qui peut lui donner un petit c\u00f4t\u00e9 British ! La seule lanterne du catalogue \u00e0 ne pas avoir de base carr\u00e9e mais rectangulaire, ce qui permet de la d\u00e9cliner en lustre d&rsquo;int\u00e9rieur avec une ou deux lumi\u00e8res dans la partie basse telle 2 bougies d\u00e9licatement pos\u00e9e.","og_url":"https:\/\/lumart.fr\/fr\/les-collections\/exterieur\/appliques-exterieur\/perrache-applique-tgm-224\/","og_site_name":"Lum&#039;art","article_publisher":"https:\/\/www.facebook.com\/LumArt-1543826629180391\/","article_modified_time":"2023-07-10T14:23:38+00:00","og_image":[{"width":2551,"height":1701,"url":"https:\/\/lumart.fr\/wp-content\/uploads\/2017\/12\/224-Applique-Perrache-TGM-VL-Lumart-BD-2.jpg","type":"image\/jpeg"}],"twitter_card":"summary","schema":{"@context":"https:\/\/schema.org","@graph":[{"@type":"WebSite","@id":"https:\/\/lumart.fr\/fr\/#website","url":"https:\/\/lumart.fr\/fr\/","name":"Lum'art","description":"","potentialAction":[{"@type":"SearchAction","target":{"@type":"EntryPoint","urlTemplate":"https:\/\/lumart.fr\/fr\/?s={search_term_string}"},"query-input":"required name=search_term_string"}],"inLanguage":"fr-FR"},{"@type":"ImageObject","@id":"https:\/\/lumart.fr\/fr\/les-collections\/exterieur\/appliques-exterieur\/perrache-applique-tgm-224\/#primaryimage","inLanguage":"fr-FR","url":"\/wp-content\/uploads\/2017\/12\/224-Applique-Perrache-TGM-VL-Lumart-BD-2.jpg","contentUrl":"\/wp-content\/uploads\/2017\/12\/224-Applique-Perrache-TGM-VL-Lumart-BD-2.jpg","width":2551,"height":1701,"caption":"Applique Perrache TGM - Finition vieux laiton"},{"@type":"WebPage","@id":"https:\/\/lumart.fr\/fr\/les-collections\/exterieur\/appliques-exterieur\/perrache-applique-tgm-224\/#webpage","url":"https:\/\/lumart.fr\/fr\/les-collections\/exterieur\/appliques-exterieur\/perrache-applique-tgm-224\/","name":"Applique Perrache TGM (224) - Lum'art","isPartOf":{"@id":"https:\/\/lumart.fr\/fr\/#website"},"primaryImageOfPage":{"@id":"https:\/\/lumart.fr\/fr\/les-collections\/exterieur\/appliques-exterieur\/perrache-applique-tgm-224\/#primaryimage"},"datePublished":"2017-12-18T14:35:32+00:00","dateModified":"2023-07-10T14:23:38+00:00","breadcrumb":{"@id":"https:\/\/lumart.fr\/fr\/les-collections\/exterieur\/appliques-exterieur\/perrache-applique-tgm-224\/#breadcrumb"},"inLanguage":"fr-FR","potentialAction":[{"@type":"ReadAction","target":["https:\/\/lumart.fr\/fr\/les-collections\/exterieur\/appliques-exterieur\/perrache-applique-tgm-224\/"]}]},{"@type":"BreadcrumbList","@id":"https:\/\/lumart.fr\/fr\/les-collections\/exterieur\/appliques-exterieur\/perrache-applique-tgm-224\/#breadcrumb","itemListElement":[{"@type":"ListItem","position":1,"name":"Home","item":"https:\/\/lumart.fr\/fr\/"},{"@type":"ListItem","position":2,"name":"Les Collections","item":"https:\/\/lumart.fr\/fr\/les-collections\/"},{"@type":"ListItem","position":3,"name":"Perrache - Applique TGM"}]}]}},"_links":{"self":[{"href":"https:\/\/lumart.fr\/fr\/wp-json\/wp\/v2\/product\/6228"}],"collection":[{"href":"https:\/\/lumart.fr\/fr\/wp-json\/wp\/v2\/product"}],"about":[{"href":"https:\/\/lumart.fr\/fr\/wp-json\/wp\/v2\/types\/product"}],"wp:featuredmedia":[{"embeddable":true,"href":"https:\/\/lumart.fr\/fr\/wp-json\/wp\/v2\/media\/2085"}],"wp:attachment":[{"href":"https:\/\/lumart.fr\/fr\/wp-json\/wp\/v2\/media?parent=6228"}],"wp:term":[{"taxonomy":"product_cat","embeddable":true,"href":"https:\/\/lumart.fr\/fr\/wp-json\/wp\/v2\/product_cat?post=6228"},{"taxonomy":"product_tag","embeddable":true,"href":"https:\/\/lumart.fr\/fr\/wp-json\/wp\/v2\/product_tag?post=6228"}],"curies":[{"name":"wp","href":"https:\/\/api.w.org\/{rel}","templated":true}]}}