{"id":6222,"date":"2017-12-18T14:35:29","date_gmt":"2017-12-18T14:35:29","guid":{"rendered":"https:\/\/lumart.fr\/les-collections\/non%20class\u00e9\/perche-borne-65-cm-82882\/"},"modified":"2023-07-06T15:07:28","modified_gmt":"2023-07-06T13:07:28","slug":"perche-borne-65-cm-82882","status":"publish","type":"product","link":"https:\/\/lumart.fr\/fr\/les-collections\/exterieur\/bornes\/perche-borne-65-cm-82882\/","title":{"rendered":"Perche - Borne 65 cm"},"content":{"rendered":"<p>Rencontre de 3 mat\u00e9riaux nobles pour la borne Perche. Laiton massif pour la structure, ch\u00eane du Perche pour le corps de la borne et ardoise pour le toit en font un luminaire qui va se fondre dans la nature. A disposer le long d&rsquo;une all\u00e9e, au sein d&rsquo;un massif tel un point de lumi\u00e8re ou encore autour d&rsquo;une piscine. Sa conception permet la diffusion d&rsquo;un subtile halo de lumi\u00e8re \u00e0 chacune de ses ar\u00eates.<\/p>\n","protected":false},"excerpt":{"rendered":"<p>Rencontre de 3 mat\u00e9riaux nobles pour la borne Perche. Laiton massif pour la structure, ch\u00eane du Perche pour le corps de la borne et ardoise pour le toit en font un luminaire qui va se fondre dans la nature. A disposer le long d&rsquo;une all\u00e9e, au sein d&rsquo;un massif tel un point de lumi\u00e8re ou encore autour d&rsquo;une piscine. Sa conception permet la diffusion d&rsquo;un subtile halo de lumi\u00e8re \u00e0 chacune de ses ar\u00eates. <a href=\"https:\/\/lumart.fr\/fr\/les-collections\/exterieur\/bornes\/perche-borne-65-cm-82882\/\" class=\"more\">[ &hellip; ]<\/a><\/p>\n","protected":false},"featured_media":5831,"template":"","meta":[],"product_cat":[235],"product_tag":[],"acf":[],"yoast_head":"<!-- This site is optimized with the Yoast SEO plugin v17.8 - https:\/\/yoast.com\/wordpress\/plugins\/seo\/ -->\n<meta name=\"robots\" content=\"index, follow, max-snippet:-1, max-image-preview:large, max-video-preview:-1\" \/>\n<link rel=\"canonical\" href=\"https:\/\/lumart.fr\/fr\/les-collections\/exterieur\/bornes\/perche-borne-65-cm-82882\/\" \/>\n<meta property=\"og:locale\" content=\"fr_FR\" \/>\n<meta property=\"og:type\" content=\"article\" \/>\n<meta property=\"og:title\" content=\"Borne Perche 65 cm (82882) - Lum&#039;art\" \/>\n<meta property=\"og:description\" content=\"Rencontre de 3 mat\u00e9riaux nobles pour la borne Perche. Laiton massif pour la structure, ch\u00eane du Perche pour le corps de la borne et ardoise pour le toit en font un luminaire qui va se fondre dans la nature. A disposer le long d&#039;une all\u00e9e, au sein d&#039;un massif tel un point de lumi\u00e8re ou encore autour d&#039;une piscine. Sa conception permet la diffusion d&#039;un subtile halo de lumi\u00e8re \u00e0 chacune de ses ar\u00eates. [ &hellip; ]\" \/>\n<meta property=\"og:url\" content=\"https:\/\/lumart.fr\/fr\/les-collections\/exterieur\/bornes\/perche-borne-65-cm-82882\/\" \/>\n<meta property=\"og:site_name\" content=\"Lum&#039;art\" \/>\n<meta property=\"article:publisher\" content=\"https:\/\/www.facebook.com\/LumArt-1543826629180391\/\" \/>\n<meta property=\"article:modified_time\" content=\"2023-07-06T13:07:28+00:00\" \/>\n<meta property=\"og:image\" content=\"https:\/\/lumart.fr\/wp-content\/uploads\/2017\/12\/82882-Borne-Perche-65cm-VL-Lumart-BD-2.jpg\" \/>\n\t<meta property=\"og:image:width\" content=\"2551\" \/>\n\t<meta property=\"og:image:height\" content=\"1701\" \/>\n<meta name=\"twitter:card\" content=\"summary\" \/>\n<script type=\"application\/ld+json\" class=\"yoast-schema-graph\">{\"@context\":\"https:\/\/schema.org\",\"@graph\":[{\"@type\":\"WebSite\",\"@id\":\"https:\/\/lumart.fr\/fr\/#website\",\"url\":\"https:\/\/lumart.fr\/fr\/\",\"name\":\"Lum'art\",\"description\":\"\",\"potentialAction\":[{\"@type\":\"SearchAction\",\"target\":{\"@type\":\"EntryPoint\",\"urlTemplate\":\"https:\/\/lumart.fr\/fr\/?s={search_term_string}\"},\"query-input\":\"required name=search_term_string\"}],\"inLanguage\":\"fr-FR\"},{\"@type\":\"ImageObject\",\"@id\":\"https:\/\/lumart.fr\/fr\/les-collections\/exterieur\/bornes\/perche-borne-65-cm-82882\/#primaryimage\",\"inLanguage\":\"fr-FR\",\"url\":\"\/wp-content\/uploads\/2017\/12\/82882-Borne-Perche-65cm-VL-Lumart-BD-2.jpg\",\"contentUrl\":\"\/wp-content\/uploads\/2017\/12\/82882-Borne-Perche-65cm-VL-Lumart-BD-2.jpg\",\"width\":2551,\"height\":1701,\"caption\":\"Borne Perche 65 cm - Finition vieux laiton et bois de ch\\u00eane\"},{\"@type\":\"WebPage\",\"@id\":\"https:\/\/lumart.fr\/fr\/les-collections\/exterieur\/bornes\/perche-borne-65-cm-82882\/#webpage\",\"url\":\"https:\/\/lumart.fr\/fr\/les-collections\/exterieur\/bornes\/perche-borne-65-cm-82882\/\",\"name\":\"Borne Perche 65 cm (82882) - Lum'art\",\"isPartOf\":{\"@id\":\"https:\/\/lumart.fr\/fr\/#website\"},\"primaryImageOfPage\":{\"@id\":\"https:\/\/lumart.fr\/fr\/les-collections\/exterieur\/bornes\/perche-borne-65-cm-82882\/#primaryimage\"},\"datePublished\":\"2017-12-18T14:35:29+00:00\",\"dateModified\":\"2023-07-06T13:07:28+00:00\",\"breadcrumb\":{\"@id\":\"https:\/\/lumart.fr\/fr\/les-collections\/exterieur\/bornes\/perche-borne-65-cm-82882\/#breadcrumb\"},\"inLanguage\":\"fr-FR\",\"potentialAction\":[{\"@type\":\"ReadAction\",\"target\":[\"https:\/\/lumart.fr\/fr\/les-collections\/exterieur\/bornes\/perche-borne-65-cm-82882\/\"]}]},{\"@type\":\"BreadcrumbList\",\"@id\":\"https:\/\/lumart.fr\/fr\/les-collections\/exterieur\/bornes\/perche-borne-65-cm-82882\/#breadcrumb\",\"itemListElement\":[{\"@type\":\"ListItem\",\"position\":1,\"name\":\"Home\",\"item\":\"https:\/\/lumart.fr\/fr\/\"},{\"@type\":\"ListItem\",\"position\":2,\"name\":\"Les Collections\",\"item\":\"https:\/\/lumart.fr\/fr\/les-collections\/\"},{\"@type\":\"ListItem\",\"position\":3,\"name\":\"Perche - Borne 65 cm\"}]}]}<\/script>\n<!-- \/ Yoast SEO plugin. -->","yoast_head_json":{"robots":{"index":"index","follow":"follow","max-snippet":"max-snippet:-1","max-image-preview":"max-image-preview:large","max-video-preview":"max-video-preview:-1"},"canonical":"https:\/\/lumart.fr\/fr\/les-collections\/exterieur\/bornes\/perche-borne-65-cm-82882\/","og_locale":"fr_FR","og_type":"article","og_title":"Borne Perche 65 cm (82882) - Lum'art","og_description":"Rencontre de 3 mat\u00e9riaux nobles pour la borne Perche. Laiton massif pour la structure, ch\u00eane du Perche pour le corps de la borne et ardoise pour le toit en font un luminaire qui va se fondre dans la nature. A disposer le long d'une all\u00e9e, au sein d'un massif tel un point de lumi\u00e8re ou encore autour d'une piscine. Sa conception permet la diffusion d'un subtile halo de lumi\u00e8re \u00e0 chacune de ses ar\u00eates. [ &hellip; ]","og_url":"https:\/\/lumart.fr\/fr\/les-collections\/exterieur\/bornes\/perche-borne-65-cm-82882\/","og_site_name":"Lum&#039;art","article_publisher":"https:\/\/www.facebook.com\/LumArt-1543826629180391\/","article_modified_time":"2023-07-06T13:07:28+00:00","og_image":[{"width":2551,"height":1701,"url":"https:\/\/lumart.fr\/wp-content\/uploads\/2017\/12\/82882-Borne-Perche-65cm-VL-Lumart-BD-2.jpg","type":"image\/jpeg"}],"twitter_card":"summary","schema":{"@context":"https:\/\/schema.org","@graph":[{"@type":"WebSite","@id":"https:\/\/lumart.fr\/fr\/#website","url":"https:\/\/lumart.fr\/fr\/","name":"Lum'art","description":"","potentialAction":[{"@type":"SearchAction","target":{"@type":"EntryPoint","urlTemplate":"https:\/\/lumart.fr\/fr\/?s={search_term_string}"},"query-input":"required name=search_term_string"}],"inLanguage":"fr-FR"},{"@type":"ImageObject","@id":"https:\/\/lumart.fr\/fr\/les-collections\/exterieur\/bornes\/perche-borne-65-cm-82882\/#primaryimage","inLanguage":"fr-FR","url":"\/wp-content\/uploads\/2017\/12\/82882-Borne-Perche-65cm-VL-Lumart-BD-2.jpg","contentUrl":"\/wp-content\/uploads\/2017\/12\/82882-Borne-Perche-65cm-VL-Lumart-BD-2.jpg","width":2551,"height":1701,"caption":"Borne Perche 65 cm - Finition vieux laiton et bois de ch\u00eane"},{"@type":"WebPage","@id":"https:\/\/lumart.fr\/fr\/les-collections\/exterieur\/bornes\/perche-borne-65-cm-82882\/#webpage","url":"https:\/\/lumart.fr\/fr\/les-collections\/exterieur\/bornes\/perche-borne-65-cm-82882\/","name":"Borne Perche 65 cm (82882) - Lum'art","isPartOf":{"@id":"https:\/\/lumart.fr\/fr\/#website"},"primaryImageOfPage":{"@id":"https:\/\/lumart.fr\/fr\/les-collections\/exterieur\/bornes\/perche-borne-65-cm-82882\/#primaryimage"},"datePublished":"2017-12-18T14:35:29+00:00","dateModified":"2023-07-06T13:07:28+00:00","breadcrumb":{"@id":"https:\/\/lumart.fr\/fr\/les-collections\/exterieur\/bornes\/perche-borne-65-cm-82882\/#breadcrumb"},"inLanguage":"fr-FR","potentialAction":[{"@type":"ReadAction","target":["https:\/\/lumart.fr\/fr\/les-collections\/exterieur\/bornes\/perche-borne-65-cm-82882\/"]}]},{"@type":"BreadcrumbList","@id":"https:\/\/lumart.fr\/fr\/les-collections\/exterieur\/bornes\/perche-borne-65-cm-82882\/#breadcrumb","itemListElement":[{"@type":"ListItem","position":1,"name":"Home","item":"https:\/\/lumart.fr\/fr\/"},{"@type":"ListItem","position":2,"name":"Les Collections","item":"https:\/\/lumart.fr\/fr\/les-collections\/"},{"@type":"ListItem","position":3,"name":"Perche - Borne 65 cm"}]}]}},"_links":{"self":[{"href":"https:\/\/lumart.fr\/fr\/wp-json\/wp\/v2\/product\/6222"}],"collection":[{"href":"https:\/\/lumart.fr\/fr\/wp-json\/wp\/v2\/product"}],"about":[{"href":"https:\/\/lumart.fr\/fr\/wp-json\/wp\/v2\/types\/product"}],"wp:featuredmedia":[{"embeddable":true,"href":"https:\/\/lumart.fr\/fr\/wp-json\/wp\/v2\/media\/5831"}],"wp:attachment":[{"href":"https:\/\/lumart.fr\/fr\/wp-json\/wp\/v2\/media?parent=6222"}],"wp:term":[{"taxonomy":"product_cat","embeddable":true,"href":"https:\/\/lumart.fr\/fr\/wp-json\/wp\/v2\/product_cat?post=6222"},{"taxonomy":"product_tag","embeddable":true,"href":"https:\/\/lumart.fr\/fr\/wp-json\/wp\/v2\/product_tag?post=6222"}],"curies":[{"name":"wp","href":"https:\/\/api.w.org\/{rel}","templated":true}]}}