{"id":6211,"date":"2017-12-18T14:35:23","date_gmt":"2017-12-18T14:35:23","guid":{"rendered":"https:\/\/lumart.fr\/les-collections\/non%20class\u00e9\/passy-applique-dangle-exterieur-gm-2167-2\/"},"modified":"2023-07-10T15:29:36","modified_gmt":"2023-07-10T13:29:36","slug":"passy-applique-dangle-exterieur-gm-2167-2","status":"publish","type":"product","link":"https:\/\/lumart.fr\/fr\/les-collections\/exterieur\/appliques-dangle-exterieur\/passy-applique-dangle-exterieur-gm-2167-2\/","title":{"rendered":"Passy - Applique d'angle ext\u00e9rieur GM"},"content":{"rendered":"<p>La sobri\u00e9t\u00e9 des lignes ponctu\u00e9es de d\u00e9licates boules en laiton fait de la collection Passy un grand classique d&rsquo;inspiration XIX\u00e8me qu&rsquo;il est possible de marier \u00e0 un grand nombre d&rsquo;architectures. Ce sont aussi les lanternes Passy que l&rsquo;on associera aux appliques de la collection Alma.<\/p>\n","protected":false},"excerpt":{"rendered":"<p>La sobri\u00e9t\u00e9 des lignes ponctu\u00e9es de d\u00e9licates boules en laiton fait de la collection Passy un grand classique d&rsquo;inspiration XIX\u00e8me qu&rsquo;il est possible de marier \u00e0 un grand nombre d&rsquo;architectures. Ce sont aussi les lanternes Passy que l&rsquo;on associera aux appliques de la collection Alma.<\/p>\n","protected":false},"featured_media":9672,"template":"","meta":[],"product_cat":[239],"product_tag":[],"acf":[],"yoast_head":"<!-- This site is optimized with the Yoast SEO plugin v17.8 - https:\/\/yoast.com\/wordpress\/plugins\/seo\/ -->\n<meta name=\"robots\" content=\"index, follow, max-snippet:-1, max-image-preview:large, max-video-preview:-1\" \/>\n<link rel=\"canonical\" href=\"https:\/\/lumart.fr\/fr\/les-collections\/exterieur\/appliques-dangle-exterieur\/passy-applique-dangle-exterieur-gm-2167-2\/\" \/>\n<meta property=\"og:locale\" content=\"fr_FR\" \/>\n<meta property=\"og:type\" content=\"article\" \/>\n<meta property=\"og:title\" content=\"Applique d&#039;angle ext\u00e9rieur Passy GM (2167\/2) - Lum&#039;art\" \/>\n<meta property=\"og:description\" content=\"La sobri\u00e9t\u00e9 des lignes ponctu\u00e9es de d\u00e9licates boules en laiton fait de la collection Passy un grand classique d&rsquo;inspiration XIX\u00e8me qu&rsquo;il est possible de marier \u00e0 un grand nombre d&rsquo;architectures. Ce sont aussi les lanternes Passy que l&rsquo;on associera aux appliques de la collection Alma.\" \/>\n<meta property=\"og:url\" content=\"https:\/\/lumart.fr\/fr\/les-collections\/exterieur\/appliques-dangle-exterieur\/passy-applique-dangle-exterieur-gm-2167-2\/\" \/>\n<meta property=\"og:site_name\" content=\"Lum&#039;art\" \/>\n<meta property=\"article:publisher\" content=\"https:\/\/www.facebook.com\/LumArt-1543826629180391\/\" \/>\n<meta property=\"article:modified_time\" content=\"2023-07-10T13:29:36+00:00\" \/>\n<meta property=\"og:image\" content=\"https:\/\/lumart.fr\/wp-content\/uploads\/2017\/12\/2167-Lanterne-dangle-Passy-GM-VZ-Lumart-BD1.jpg\" \/>\n\t<meta property=\"og:image:width\" content=\"2551\" \/>\n\t<meta property=\"og:image:height\" content=\"1701\" \/>\n<meta name=\"twitter:card\" content=\"summary\" \/>\n<script type=\"application\/ld+json\" class=\"yoast-schema-graph\">{\"@context\":\"https:\/\/schema.org\",\"@graph\":[{\"@type\":\"WebSite\",\"@id\":\"https:\/\/lumart.fr\/fr\/#website\",\"url\":\"https:\/\/lumart.fr\/fr\/\",\"name\":\"Lum'art\",\"description\":\"\",\"potentialAction\":[{\"@type\":\"SearchAction\",\"target\":{\"@type\":\"EntryPoint\",\"urlTemplate\":\"https:\/\/lumart.fr\/fr\/?s={search_term_string}\"},\"query-input\":\"required name=search_term_string\"}],\"inLanguage\":\"fr-FR\"},{\"@type\":\"ImageObject\",\"@id\":\"https:\/\/lumart.fr\/fr\/les-collections\/exterieur\/appliques-dangle-exterieur\/passy-applique-dangle-exterieur-gm-2167-2\/#primaryimage\",\"inLanguage\":\"fr-FR\",\"url\":\"\/wp-content\/uploads\/2017\/12\/2167-Lanterne-dangle-Passy-GM-VZ-Lumart-BD1.jpg\",\"contentUrl\":\"\/wp-content\/uploads\/2017\/12\/2167-Lanterne-dangle-Passy-GM-VZ-Lumart-BD1.jpg\",\"width\":2551,\"height\":1701,\"caption\":\"Lanterne d'angle Passy GM - Finition Vieux zinc\"},{\"@type\":\"WebPage\",\"@id\":\"https:\/\/lumart.fr\/fr\/les-collections\/exterieur\/appliques-dangle-exterieur\/passy-applique-dangle-exterieur-gm-2167-2\/#webpage\",\"url\":\"https:\/\/lumart.fr\/fr\/les-collections\/exterieur\/appliques-dangle-exterieur\/passy-applique-dangle-exterieur-gm-2167-2\/\",\"name\":\"Applique d'angle ext\\u00e9rieur Passy GM (2167\/2) - Lum'art\",\"isPartOf\":{\"@id\":\"https:\/\/lumart.fr\/fr\/#website\"},\"primaryImageOfPage\":{\"@id\":\"https:\/\/lumart.fr\/fr\/les-collections\/exterieur\/appliques-dangle-exterieur\/passy-applique-dangle-exterieur-gm-2167-2\/#primaryimage\"},\"datePublished\":\"2017-12-18T14:35:23+00:00\",\"dateModified\":\"2023-07-10T13:29:36+00:00\",\"breadcrumb\":{\"@id\":\"https:\/\/lumart.fr\/fr\/les-collections\/exterieur\/appliques-dangle-exterieur\/passy-applique-dangle-exterieur-gm-2167-2\/#breadcrumb\"},\"inLanguage\":\"fr-FR\",\"potentialAction\":[{\"@type\":\"ReadAction\",\"target\":[\"https:\/\/lumart.fr\/fr\/les-collections\/exterieur\/appliques-dangle-exterieur\/passy-applique-dangle-exterieur-gm-2167-2\/\"]}]},{\"@type\":\"BreadcrumbList\",\"@id\":\"https:\/\/lumart.fr\/fr\/les-collections\/exterieur\/appliques-dangle-exterieur\/passy-applique-dangle-exterieur-gm-2167-2\/#breadcrumb\",\"itemListElement\":[{\"@type\":\"ListItem\",\"position\":1,\"name\":\"Home\",\"item\":\"https:\/\/lumart.fr\/fr\/\"},{\"@type\":\"ListItem\",\"position\":2,\"name\":\"Les Collections\",\"item\":\"https:\/\/lumart.fr\/fr\/les-collections\/\"},{\"@type\":\"ListItem\",\"position\":3,\"name\":\"Passy - Applique d'angle ext\\u00e9rieur GM\"}]}]}<\/script>\n<!-- \/ Yoast SEO plugin. -->","yoast_head_json":{"robots":{"index":"index","follow":"follow","max-snippet":"max-snippet:-1","max-image-preview":"max-image-preview:large","max-video-preview":"max-video-preview:-1"},"canonical":"https:\/\/lumart.fr\/fr\/les-collections\/exterieur\/appliques-dangle-exterieur\/passy-applique-dangle-exterieur-gm-2167-2\/","og_locale":"fr_FR","og_type":"article","og_title":"Applique d'angle ext\u00e9rieur Passy GM (2167\/2) - Lum'art","og_description":"La sobri\u00e9t\u00e9 des lignes ponctu\u00e9es de d\u00e9licates boules en laiton fait de la collection Passy un grand classique d&rsquo;inspiration XIX\u00e8me qu&rsquo;il est possible de marier \u00e0 un grand nombre d&rsquo;architectures. Ce sont aussi les lanternes Passy que l&rsquo;on associera aux appliques de la collection Alma.","og_url":"https:\/\/lumart.fr\/fr\/les-collections\/exterieur\/appliques-dangle-exterieur\/passy-applique-dangle-exterieur-gm-2167-2\/","og_site_name":"Lum&#039;art","article_publisher":"https:\/\/www.facebook.com\/LumArt-1543826629180391\/","article_modified_time":"2023-07-10T13:29:36+00:00","og_image":[{"width":2551,"height":1701,"url":"https:\/\/lumart.fr\/wp-content\/uploads\/2017\/12\/2167-Lanterne-dangle-Passy-GM-VZ-Lumart-BD1.jpg","type":"image\/jpeg"}],"twitter_card":"summary","schema":{"@context":"https:\/\/schema.org","@graph":[{"@type":"WebSite","@id":"https:\/\/lumart.fr\/fr\/#website","url":"https:\/\/lumart.fr\/fr\/","name":"Lum'art","description":"","potentialAction":[{"@type":"SearchAction","target":{"@type":"EntryPoint","urlTemplate":"https:\/\/lumart.fr\/fr\/?s={search_term_string}"},"query-input":"required name=search_term_string"}],"inLanguage":"fr-FR"},{"@type":"ImageObject","@id":"https:\/\/lumart.fr\/fr\/les-collections\/exterieur\/appliques-dangle-exterieur\/passy-applique-dangle-exterieur-gm-2167-2\/#primaryimage","inLanguage":"fr-FR","url":"\/wp-content\/uploads\/2017\/12\/2167-Lanterne-dangle-Passy-GM-VZ-Lumart-BD1.jpg","contentUrl":"\/wp-content\/uploads\/2017\/12\/2167-Lanterne-dangle-Passy-GM-VZ-Lumart-BD1.jpg","width":2551,"height":1701,"caption":"Lanterne d'angle Passy GM - Finition Vieux zinc"},{"@type":"WebPage","@id":"https:\/\/lumart.fr\/fr\/les-collections\/exterieur\/appliques-dangle-exterieur\/passy-applique-dangle-exterieur-gm-2167-2\/#webpage","url":"https:\/\/lumart.fr\/fr\/les-collections\/exterieur\/appliques-dangle-exterieur\/passy-applique-dangle-exterieur-gm-2167-2\/","name":"Applique d'angle ext\u00e9rieur Passy GM (2167\/2) - Lum'art","isPartOf":{"@id":"https:\/\/lumart.fr\/fr\/#website"},"primaryImageOfPage":{"@id":"https:\/\/lumart.fr\/fr\/les-collections\/exterieur\/appliques-dangle-exterieur\/passy-applique-dangle-exterieur-gm-2167-2\/#primaryimage"},"datePublished":"2017-12-18T14:35:23+00:00","dateModified":"2023-07-10T13:29:36+00:00","breadcrumb":{"@id":"https:\/\/lumart.fr\/fr\/les-collections\/exterieur\/appliques-dangle-exterieur\/passy-applique-dangle-exterieur-gm-2167-2\/#breadcrumb"},"inLanguage":"fr-FR","potentialAction":[{"@type":"ReadAction","target":["https:\/\/lumart.fr\/fr\/les-collections\/exterieur\/appliques-dangle-exterieur\/passy-applique-dangle-exterieur-gm-2167-2\/"]}]},{"@type":"BreadcrumbList","@id":"https:\/\/lumart.fr\/fr\/les-collections\/exterieur\/appliques-dangle-exterieur\/passy-applique-dangle-exterieur-gm-2167-2\/#breadcrumb","itemListElement":[{"@type":"ListItem","position":1,"name":"Home","item":"https:\/\/lumart.fr\/fr\/"},{"@type":"ListItem","position":2,"name":"Les Collections","item":"https:\/\/lumart.fr\/fr\/les-collections\/"},{"@type":"ListItem","position":3,"name":"Passy - Applique d'angle ext\u00e9rieur GM"}]}]}},"_links":{"self":[{"href":"https:\/\/lumart.fr\/fr\/wp-json\/wp\/v2\/product\/6211"}],"collection":[{"href":"https:\/\/lumart.fr\/fr\/wp-json\/wp\/v2\/product"}],"about":[{"href":"https:\/\/lumart.fr\/fr\/wp-json\/wp\/v2\/types\/product"}],"wp:featuredmedia":[{"embeddable":true,"href":"https:\/\/lumart.fr\/fr\/wp-json\/wp\/v2\/media\/9672"}],"wp:attachment":[{"href":"https:\/\/lumart.fr\/fr\/wp-json\/wp\/v2\/media?parent=6211"}],"wp:term":[{"taxonomy":"product_cat","embeddable":true,"href":"https:\/\/lumart.fr\/fr\/wp-json\/wp\/v2\/product_cat?post=6211"},{"taxonomy":"product_tag","embeddable":true,"href":"https:\/\/lumart.fr\/fr\/wp-json\/wp\/v2\/product_tag?post=6211"}],"curies":[{"name":"wp","href":"https:\/\/api.w.org\/{rel}","templated":true}]}}