{"id":6186,"date":"2017-12-18T14:35:09","date_gmt":"2017-12-18T14:35:09","guid":{"rendered":"https:\/\/lumart.fr\/les-collections\/non%20class\u00e9\/ours-applique-3462-2\/"},"modified":"2023-07-06T13:32:46","modified_gmt":"2023-07-06T11:32:46","slug":"ours-applique-3462-2","status":"publish","type":"product","link":"https:\/\/lumart.fr\/fr\/les-collections\/interieur\/appliques\/ours-applique-3462-2\/","title":{"rendered":"Ours - Applique"},"content":{"rendered":"<p>La collection Ours est sign\u00e9e montagne ! Version lustre ou applique, elle viendra r\u00e9chauffer les int\u00e9rieurs des espaces enneig\u00e9s. Choisir une finition laiton bross\u00e9 pourra lui donner un coup de peps, presque contemporain !<\/p>\n","protected":false},"excerpt":{"rendered":"<p>La collection Ours est sign\u00e9e montagne ! Version lustre ou applique, elle viendra r\u00e9chauffer les int\u00e9rieurs des espaces enneig\u00e9s. Choisir une finition laiton bross\u00e9 pourra lui donner un coup de peps, presque contemporain !<\/p>\n","protected":false},"featured_media":4053,"template":"","meta":[],"product_cat":[229],"product_tag":[],"acf":[],"yoast_head":"<!-- This site is optimized with the Yoast SEO plugin v17.8 - https:\/\/yoast.com\/wordpress\/plugins\/seo\/ -->\n<meta name=\"robots\" content=\"index, follow, max-snippet:-1, max-image-preview:large, max-video-preview:-1\" \/>\n<link rel=\"canonical\" href=\"https:\/\/lumart.fr\/fr\/les-collections\/interieur\/appliques\/ours-applique-3462-2\/\" \/>\n<meta property=\"og:locale\" content=\"fr_FR\" \/>\n<meta property=\"og:type\" content=\"article\" \/>\n<meta property=\"og:title\" content=\"Applique Ours (3462\/2) - Lum&#039;art\" \/>\n<meta property=\"og:description\" content=\"La collection Ours est sign\u00e9e montagne ! Version lustre ou applique, elle viendra r\u00e9chauffer les int\u00e9rieurs des espaces enneig\u00e9s. Choisir une finition laiton bross\u00e9 pourra lui donner un coup de peps, presque contemporain !\" \/>\n<meta property=\"og:url\" content=\"https:\/\/lumart.fr\/fr\/les-collections\/interieur\/appliques\/ours-applique-3462-2\/\" \/>\n<meta property=\"og:site_name\" content=\"Lum&#039;art\" \/>\n<meta property=\"article:publisher\" content=\"https:\/\/www.facebook.com\/LumArt-1543826629180391\/\" \/>\n<meta property=\"article:modified_time\" content=\"2023-07-06T11:32:46+00:00\" \/>\n<meta property=\"og:image\" content=\"https:\/\/lumart.fr\/wp-content\/uploads\/2017\/12\/3462-2-Applique-Ours-VFR-Lumart-BD-2.jpg\" \/>\n\t<meta property=\"og:image:width\" content=\"2551\" \/>\n\t<meta property=\"og:image:height\" content=\"1701\" \/>\n<meta name=\"twitter:card\" content=\"summary\" \/>\n<script type=\"application\/ld+json\" class=\"yoast-schema-graph\">{\"@context\":\"https:\/\/schema.org\",\"@graph\":[{\"@type\":\"WebSite\",\"@id\":\"https:\/\/lumart.fr\/fr\/#website\",\"url\":\"https:\/\/lumart.fr\/fr\/\",\"name\":\"Lum'art\",\"description\":\"\",\"potentialAction\":[{\"@type\":\"SearchAction\",\"target\":{\"@type\":\"EntryPoint\",\"urlTemplate\":\"https:\/\/lumart.fr\/fr\/?s={search_term_string}\"},\"query-input\":\"required name=search_term_string\"}],\"inLanguage\":\"fr-FR\"},{\"@type\":\"ImageObject\",\"@id\":\"https:\/\/lumart.fr\/fr\/les-collections\/interieur\/appliques\/ours-applique-3462-2\/#primaryimage\",\"inLanguage\":\"fr-FR\",\"url\":\"\/wp-content\/uploads\/2017\/12\/3462-2-Applique-Ours-VFR-Lumart-BD-2.jpg\",\"contentUrl\":\"\/wp-content\/uploads\/2017\/12\/3462-2-Applique-Ours-VFR-Lumart-BD-2.jpg\",\"width\":2551,\"height\":1701,\"caption\":\"Applique Ours - Finition vieux fer rouill\\u00e9\"},{\"@type\":\"WebPage\",\"@id\":\"https:\/\/lumart.fr\/fr\/les-collections\/interieur\/appliques\/ours-applique-3462-2\/#webpage\",\"url\":\"https:\/\/lumart.fr\/fr\/les-collections\/interieur\/appliques\/ours-applique-3462-2\/\",\"name\":\"Applique Ours (3462\/2) - Lum'art\",\"isPartOf\":{\"@id\":\"https:\/\/lumart.fr\/fr\/#website\"},\"primaryImageOfPage\":{\"@id\":\"https:\/\/lumart.fr\/fr\/les-collections\/interieur\/appliques\/ours-applique-3462-2\/#primaryimage\"},\"datePublished\":\"2017-12-18T14:35:09+00:00\",\"dateModified\":\"2023-07-06T11:32:46+00:00\",\"breadcrumb\":{\"@id\":\"https:\/\/lumart.fr\/fr\/les-collections\/interieur\/appliques\/ours-applique-3462-2\/#breadcrumb\"},\"inLanguage\":\"fr-FR\",\"potentialAction\":[{\"@type\":\"ReadAction\",\"target\":[\"https:\/\/lumart.fr\/fr\/les-collections\/interieur\/appliques\/ours-applique-3462-2\/\"]}]},{\"@type\":\"BreadcrumbList\",\"@id\":\"https:\/\/lumart.fr\/fr\/les-collections\/interieur\/appliques\/ours-applique-3462-2\/#breadcrumb\",\"itemListElement\":[{\"@type\":\"ListItem\",\"position\":1,\"name\":\"Home\",\"item\":\"https:\/\/lumart.fr\/fr\/\"},{\"@type\":\"ListItem\",\"position\":2,\"name\":\"Les Collections\",\"item\":\"https:\/\/lumart.fr\/fr\/les-collections\/\"},{\"@type\":\"ListItem\",\"position\":3,\"name\":\"Ours - Applique\"}]}]}<\/script>\n<!-- \/ Yoast SEO plugin. -->","yoast_head_json":{"robots":{"index":"index","follow":"follow","max-snippet":"max-snippet:-1","max-image-preview":"max-image-preview:large","max-video-preview":"max-video-preview:-1"},"canonical":"https:\/\/lumart.fr\/fr\/les-collections\/interieur\/appliques\/ours-applique-3462-2\/","og_locale":"fr_FR","og_type":"article","og_title":"Applique Ours (3462\/2) - Lum'art","og_description":"La collection Ours est sign\u00e9e montagne ! Version lustre ou applique, elle viendra r\u00e9chauffer les int\u00e9rieurs des espaces enneig\u00e9s. Choisir une finition laiton bross\u00e9 pourra lui donner un coup de peps, presque contemporain !","og_url":"https:\/\/lumart.fr\/fr\/les-collections\/interieur\/appliques\/ours-applique-3462-2\/","og_site_name":"Lum&#039;art","article_publisher":"https:\/\/www.facebook.com\/LumArt-1543826629180391\/","article_modified_time":"2023-07-06T11:32:46+00:00","og_image":[{"width":2551,"height":1701,"url":"https:\/\/lumart.fr\/wp-content\/uploads\/2017\/12\/3462-2-Applique-Ours-VFR-Lumart-BD-2.jpg","type":"image\/jpeg"}],"twitter_card":"summary","schema":{"@context":"https:\/\/schema.org","@graph":[{"@type":"WebSite","@id":"https:\/\/lumart.fr\/fr\/#website","url":"https:\/\/lumart.fr\/fr\/","name":"Lum'art","description":"","potentialAction":[{"@type":"SearchAction","target":{"@type":"EntryPoint","urlTemplate":"https:\/\/lumart.fr\/fr\/?s={search_term_string}"},"query-input":"required name=search_term_string"}],"inLanguage":"fr-FR"},{"@type":"ImageObject","@id":"https:\/\/lumart.fr\/fr\/les-collections\/interieur\/appliques\/ours-applique-3462-2\/#primaryimage","inLanguage":"fr-FR","url":"\/wp-content\/uploads\/2017\/12\/3462-2-Applique-Ours-VFR-Lumart-BD-2.jpg","contentUrl":"\/wp-content\/uploads\/2017\/12\/3462-2-Applique-Ours-VFR-Lumart-BD-2.jpg","width":2551,"height":1701,"caption":"Applique Ours - Finition vieux fer rouill\u00e9"},{"@type":"WebPage","@id":"https:\/\/lumart.fr\/fr\/les-collections\/interieur\/appliques\/ours-applique-3462-2\/#webpage","url":"https:\/\/lumart.fr\/fr\/les-collections\/interieur\/appliques\/ours-applique-3462-2\/","name":"Applique Ours (3462\/2) - Lum'art","isPartOf":{"@id":"https:\/\/lumart.fr\/fr\/#website"},"primaryImageOfPage":{"@id":"https:\/\/lumart.fr\/fr\/les-collections\/interieur\/appliques\/ours-applique-3462-2\/#primaryimage"},"datePublished":"2017-12-18T14:35:09+00:00","dateModified":"2023-07-06T11:32:46+00:00","breadcrumb":{"@id":"https:\/\/lumart.fr\/fr\/les-collections\/interieur\/appliques\/ours-applique-3462-2\/#breadcrumb"},"inLanguage":"fr-FR","potentialAction":[{"@type":"ReadAction","target":["https:\/\/lumart.fr\/fr\/les-collections\/interieur\/appliques\/ours-applique-3462-2\/"]}]},{"@type":"BreadcrumbList","@id":"https:\/\/lumart.fr\/fr\/les-collections\/interieur\/appliques\/ours-applique-3462-2\/#breadcrumb","itemListElement":[{"@type":"ListItem","position":1,"name":"Home","item":"https:\/\/lumart.fr\/fr\/"},{"@type":"ListItem","position":2,"name":"Les Collections","item":"https:\/\/lumart.fr\/fr\/les-collections\/"},{"@type":"ListItem","position":3,"name":"Ours - Applique"}]}]}},"_links":{"self":[{"href":"https:\/\/lumart.fr\/fr\/wp-json\/wp\/v2\/product\/6186"}],"collection":[{"href":"https:\/\/lumart.fr\/fr\/wp-json\/wp\/v2\/product"}],"about":[{"href":"https:\/\/lumart.fr\/fr\/wp-json\/wp\/v2\/types\/product"}],"wp:featuredmedia":[{"embeddable":true,"href":"https:\/\/lumart.fr\/fr\/wp-json\/wp\/v2\/media\/4053"}],"wp:attachment":[{"href":"https:\/\/lumart.fr\/fr\/wp-json\/wp\/v2\/media?parent=6186"}],"wp:term":[{"taxonomy":"product_cat","embeddable":true,"href":"https:\/\/lumart.fr\/fr\/wp-json\/wp\/v2\/product_cat?post=6186"},{"taxonomy":"product_tag","embeddable":true,"href":"https:\/\/lumart.fr\/fr\/wp-json\/wp\/v2\/product_tag?post=6186"}],"curies":[{"name":"wp","href":"https:\/\/api.w.org\/{rel}","templated":true}]}}