{"id":6183,"date":"2017-12-18T14:35:07","date_gmt":"2017-12-18T14:35:07","guid":{"rendered":"https:\/\/lumart.fr\/les-collections\/non%20class\u00e9\/ombre-de-lune-applique-3477\/"},"modified":"2023-07-05T14:20:40","modified_gmt":"2023-07-05T12:20:40","slug":"ombre-de-lune-applique-3477","status":"publish","type":"product","link":"https:\/\/lumart.fr\/fr\/les-collections\/interieur\/appliques\/ombre-de-lune-applique-3477\/","title":{"rendered":"Ombre De Lune - Applique"},"content":{"rendered":"<p>Un petit air ann\u00e9es 40 pour la collection Ombre de Lune qui joue le jeu des contrastes en associant la rectitude des supports et la rondeur des verreries opaline. Heureuse synth\u00e8se entre force et douceur, suivant la patine choisie, Ombre de Lune passera de la salle de bain \u00e0 la chambre, au couloir voire \u00e0 la pi\u00e8ce de s\u00e9jour dans sa version XXL !<\/p>\n","protected":false},"excerpt":{"rendered":"<p>Un petit air ann\u00e9es 40 pour la collection Ombre de Lune qui joue le jeu des contrastes en associant la rectitude des supports et la rondeur des verreries opaline. Heureuse synth\u00e8se entre force et douceur, suivant la patine choisie, Ombre de Lune passera de la salle de bain \u00e0 la chambre, au couloir voire \u00e0 la pi\u00e8ce de s\u00e9jour dans <a href=\"https:\/\/lumart.fr\/fr\/les-collections\/interieur\/appliques\/ombre-de-lune-applique-3477\/\" class=\"more\">[ &hellip; ]<\/a><\/p>\n","protected":false},"featured_media":4099,"template":"","meta":[],"product_cat":[229],"product_tag":[],"acf":[],"yoast_head":"<!-- This site is optimized with the Yoast SEO plugin v17.8 - https:\/\/yoast.com\/wordpress\/plugins\/seo\/ -->\n<meta name=\"robots\" content=\"index, follow, max-snippet:-1, max-image-preview:large, max-video-preview:-1\" \/>\n<link rel=\"canonical\" href=\"https:\/\/lumart.fr\/fr\/les-collections\/interieur\/appliques\/ombre-de-lune-applique-3477\/\" \/>\n<meta property=\"og:locale\" content=\"fr_FR\" \/>\n<meta property=\"og:type\" content=\"article\" \/>\n<meta property=\"og:title\" content=\"Applique Ombre De Lune (3477) - Lum&#039;art\" \/>\n<meta property=\"og:description\" content=\"Un petit air ann\u00e9es 40 pour la collection Ombre de Lune qui joue le jeu des contrastes en associant la rectitude des supports et la rondeur des verreries opaline. Heureuse synth\u00e8se entre force et douceur, suivant la patine choisie, Ombre de Lune passera de la salle de bain \u00e0 la chambre, au couloir voire \u00e0 la pi\u00e8ce de s\u00e9jour dans [ &hellip; ]\" \/>\n<meta property=\"og:url\" content=\"https:\/\/lumart.fr\/fr\/les-collections\/interieur\/appliques\/ombre-de-lune-applique-3477\/\" \/>\n<meta property=\"og:site_name\" content=\"Lum&#039;art\" \/>\n<meta property=\"article:publisher\" content=\"https:\/\/www.facebook.com\/LumArt-1543826629180391\/\" \/>\n<meta property=\"article:modified_time\" content=\"2023-07-05T12:20:40+00:00\" \/>\n<meta property=\"og:image\" content=\"https:\/\/lumart.fr\/wp-content\/uploads\/2017\/12\/3477-Applique-Ombre-de-Lune-LPA-Lumart-BD-2.jpg\" \/>\n\t<meta property=\"og:image:width\" content=\"2551\" \/>\n\t<meta property=\"og:image:height\" content=\"1701\" \/>\n<meta name=\"twitter:card\" content=\"summary\" \/>\n<script type=\"application\/ld+json\" class=\"yoast-schema-graph\">{\"@context\":\"https:\/\/schema.org\",\"@graph\":[{\"@type\":\"WebSite\",\"@id\":\"https:\/\/lumart.fr\/fr\/#website\",\"url\":\"https:\/\/lumart.fr\/fr\/\",\"name\":\"Lum'art\",\"description\":\"\",\"potentialAction\":[{\"@type\":\"SearchAction\",\"target\":{\"@type\":\"EntryPoint\",\"urlTemplate\":\"https:\/\/lumart.fr\/fr\/?s={search_term_string}\"},\"query-input\":\"required name=search_term_string\"}],\"inLanguage\":\"fr-FR\"},{\"@type\":\"ImageObject\",\"@id\":\"https:\/\/lumart.fr\/fr\/les-collections\/interieur\/appliques\/ombre-de-lune-applique-3477\/#primaryimage\",\"inLanguage\":\"fr-FR\",\"url\":\"\/wp-content\/uploads\/2017\/12\/3477-Applique-Ombre-de-Lune-LPA-Lumart-BD-2.jpg\",\"contentUrl\":\"\/wp-content\/uploads\/2017\/12\/3477-Applique-Ombre-de-Lune-LPA-Lumart-BD-2.jpg\",\"width\":2551,\"height\":1701,\"caption\":\"Applique Ombre De Lune - Finition laiton patin\\u00e9 acide\"},{\"@type\":\"WebPage\",\"@id\":\"https:\/\/lumart.fr\/fr\/les-collections\/interieur\/appliques\/ombre-de-lune-applique-3477\/#webpage\",\"url\":\"https:\/\/lumart.fr\/fr\/les-collections\/interieur\/appliques\/ombre-de-lune-applique-3477\/\",\"name\":\"Applique Ombre De Lune (3477) - Lum'art\",\"isPartOf\":{\"@id\":\"https:\/\/lumart.fr\/fr\/#website\"},\"primaryImageOfPage\":{\"@id\":\"https:\/\/lumart.fr\/fr\/les-collections\/interieur\/appliques\/ombre-de-lune-applique-3477\/#primaryimage\"},\"datePublished\":\"2017-12-18T14:35:07+00:00\",\"dateModified\":\"2023-07-05T12:20:40+00:00\",\"breadcrumb\":{\"@id\":\"https:\/\/lumart.fr\/fr\/les-collections\/interieur\/appliques\/ombre-de-lune-applique-3477\/#breadcrumb\"},\"inLanguage\":\"fr-FR\",\"potentialAction\":[{\"@type\":\"ReadAction\",\"target\":[\"https:\/\/lumart.fr\/fr\/les-collections\/interieur\/appliques\/ombre-de-lune-applique-3477\/\"]}]},{\"@type\":\"BreadcrumbList\",\"@id\":\"https:\/\/lumart.fr\/fr\/les-collections\/interieur\/appliques\/ombre-de-lune-applique-3477\/#breadcrumb\",\"itemListElement\":[{\"@type\":\"ListItem\",\"position\":1,\"name\":\"Home\",\"item\":\"https:\/\/lumart.fr\/fr\/\"},{\"@type\":\"ListItem\",\"position\":2,\"name\":\"Les Collections\",\"item\":\"https:\/\/lumart.fr\/fr\/les-collections\/\"},{\"@type\":\"ListItem\",\"position\":3,\"name\":\"Ombre De Lune - Applique\"}]}]}<\/script>\n<!-- \/ Yoast SEO plugin. -->","yoast_head_json":{"robots":{"index":"index","follow":"follow","max-snippet":"max-snippet:-1","max-image-preview":"max-image-preview:large","max-video-preview":"max-video-preview:-1"},"canonical":"https:\/\/lumart.fr\/fr\/les-collections\/interieur\/appliques\/ombre-de-lune-applique-3477\/","og_locale":"fr_FR","og_type":"article","og_title":"Applique Ombre De Lune (3477) - Lum'art","og_description":"Un petit air ann\u00e9es 40 pour la collection Ombre de Lune qui joue le jeu des contrastes en associant la rectitude des supports et la rondeur des verreries opaline. Heureuse synth\u00e8se entre force et douceur, suivant la patine choisie, Ombre de Lune passera de la salle de bain \u00e0 la chambre, au couloir voire \u00e0 la pi\u00e8ce de s\u00e9jour dans [ &hellip; ]","og_url":"https:\/\/lumart.fr\/fr\/les-collections\/interieur\/appliques\/ombre-de-lune-applique-3477\/","og_site_name":"Lum&#039;art","article_publisher":"https:\/\/www.facebook.com\/LumArt-1543826629180391\/","article_modified_time":"2023-07-05T12:20:40+00:00","og_image":[{"width":2551,"height":1701,"url":"https:\/\/lumart.fr\/wp-content\/uploads\/2017\/12\/3477-Applique-Ombre-de-Lune-LPA-Lumart-BD-2.jpg","type":"image\/jpeg"}],"twitter_card":"summary","schema":{"@context":"https:\/\/schema.org","@graph":[{"@type":"WebSite","@id":"https:\/\/lumart.fr\/fr\/#website","url":"https:\/\/lumart.fr\/fr\/","name":"Lum'art","description":"","potentialAction":[{"@type":"SearchAction","target":{"@type":"EntryPoint","urlTemplate":"https:\/\/lumart.fr\/fr\/?s={search_term_string}"},"query-input":"required name=search_term_string"}],"inLanguage":"fr-FR"},{"@type":"ImageObject","@id":"https:\/\/lumart.fr\/fr\/les-collections\/interieur\/appliques\/ombre-de-lune-applique-3477\/#primaryimage","inLanguage":"fr-FR","url":"\/wp-content\/uploads\/2017\/12\/3477-Applique-Ombre-de-Lune-LPA-Lumart-BD-2.jpg","contentUrl":"\/wp-content\/uploads\/2017\/12\/3477-Applique-Ombre-de-Lune-LPA-Lumart-BD-2.jpg","width":2551,"height":1701,"caption":"Applique Ombre De Lune - Finition laiton patin\u00e9 acide"},{"@type":"WebPage","@id":"https:\/\/lumart.fr\/fr\/les-collections\/interieur\/appliques\/ombre-de-lune-applique-3477\/#webpage","url":"https:\/\/lumart.fr\/fr\/les-collections\/interieur\/appliques\/ombre-de-lune-applique-3477\/","name":"Applique Ombre De Lune (3477) - Lum'art","isPartOf":{"@id":"https:\/\/lumart.fr\/fr\/#website"},"primaryImageOfPage":{"@id":"https:\/\/lumart.fr\/fr\/les-collections\/interieur\/appliques\/ombre-de-lune-applique-3477\/#primaryimage"},"datePublished":"2017-12-18T14:35:07+00:00","dateModified":"2023-07-05T12:20:40+00:00","breadcrumb":{"@id":"https:\/\/lumart.fr\/fr\/les-collections\/interieur\/appliques\/ombre-de-lune-applique-3477\/#breadcrumb"},"inLanguage":"fr-FR","potentialAction":[{"@type":"ReadAction","target":["https:\/\/lumart.fr\/fr\/les-collections\/interieur\/appliques\/ombre-de-lune-applique-3477\/"]}]},{"@type":"BreadcrumbList","@id":"https:\/\/lumart.fr\/fr\/les-collections\/interieur\/appliques\/ombre-de-lune-applique-3477\/#breadcrumb","itemListElement":[{"@type":"ListItem","position":1,"name":"Home","item":"https:\/\/lumart.fr\/fr\/"},{"@type":"ListItem","position":2,"name":"Les Collections","item":"https:\/\/lumart.fr\/fr\/les-collections\/"},{"@type":"ListItem","position":3,"name":"Ombre De Lune - Applique"}]}]}},"_links":{"self":[{"href":"https:\/\/lumart.fr\/fr\/wp-json\/wp\/v2\/product\/6183"}],"collection":[{"href":"https:\/\/lumart.fr\/fr\/wp-json\/wp\/v2\/product"}],"about":[{"href":"https:\/\/lumart.fr\/fr\/wp-json\/wp\/v2\/types\/product"}],"wp:featuredmedia":[{"embeddable":true,"href":"https:\/\/lumart.fr\/fr\/wp-json\/wp\/v2\/media\/4099"}],"wp:attachment":[{"href":"https:\/\/lumart.fr\/fr\/wp-json\/wp\/v2\/media?parent=6183"}],"wp:term":[{"taxonomy":"product_cat","embeddable":true,"href":"https:\/\/lumart.fr\/fr\/wp-json\/wp\/v2\/product_cat?post=6183"},{"taxonomy":"product_tag","embeddable":true,"href":"https:\/\/lumart.fr\/fr\/wp-json\/wp\/v2\/product_tag?post=6183"}],"curies":[{"name":"wp","href":"https:\/\/api.w.org\/{rel}","templated":true}]}}