{"id":6169,"date":"2017-12-18T14:34:59","date_gmt":"2017-12-18T14:34:59","guid":{"rendered":"https:\/\/lumart.fr\/les-collections\/non%20class\u00e9\/nemo-lampe-7731\/"},"modified":"2023-07-05T16:06:52","modified_gmt":"2023-07-05T14:06:52","slug":"nemo-lampe-7731","status":"publish","type":"product","link":"https:\/\/lumart.fr\/fr\/les-collections\/interieur\/lampes\/nemo-lampe-7731\/","title":{"rendered":"N\u00e9mo - Lampe"},"content":{"rendered":"<p>Collection graphique et contemporaine, Nemo est la ligne de lecture par excellence. Lampe, liseuse, appliques, chaque pi\u00e8ce est r\u00e9glable et orientable pour un confort et une efficacit\u00e9 d&rsquo;\u00e9clairage in\u00e9gal\u00e9s. Pour l&rsquo;int\u00e9grer dans un univers plus classique, jouez les patines laiton patin\u00e9 ou vieux laiton.<\/p>\n","protected":false},"excerpt":{"rendered":"<p>Collection graphique et contemporaine, Nemo est la ligne de lecture par excellence. Lampe, liseuse, appliques, chaque pi\u00e8ce est r\u00e9glable et orientable pour un confort et une efficacit\u00e9 d&rsquo;\u00e9clairage in\u00e9gal\u00e9s. Pour l&rsquo;int\u00e9grer dans un univers plus classique, jouez les patines laiton patin\u00e9 ou vieux laiton.<\/p>\n","protected":false},"featured_media":5175,"template":"","meta":[],"product_cat":[238],"product_tag":[],"acf":[],"yoast_head":"<!-- This site is optimized with the Yoast SEO plugin v17.8 - https:\/\/yoast.com\/wordpress\/plugins\/seo\/ -->\n<meta name=\"robots\" content=\"index, follow, max-snippet:-1, max-image-preview:large, max-video-preview:-1\" \/>\n<link rel=\"canonical\" href=\"https:\/\/lumart.fr\/fr\/les-collections\/interieur\/lampes\/nemo-lampe-7731\/\" \/>\n<meta property=\"og:locale\" content=\"fr_FR\" \/>\n<meta property=\"og:type\" content=\"article\" \/>\n<meta property=\"og:title\" content=\"Lampe N\u00e9mo (7731) - Lum&#039;art\" \/>\n<meta property=\"og:description\" content=\"Collection graphique et contemporaine, Nemo est la ligne de lecture par excellence. Lampe, liseuse, appliques, chaque pi\u00e8ce est r\u00e9glable et orientable pour un confort et une efficacit\u00e9 d&rsquo;\u00e9clairage in\u00e9gal\u00e9s. Pour l&rsquo;int\u00e9grer dans un univers plus classique, jouez les patines laiton patin\u00e9 ou vieux laiton.\" \/>\n<meta property=\"og:url\" content=\"https:\/\/lumart.fr\/fr\/les-collections\/interieur\/lampes\/nemo-lampe-7731\/\" \/>\n<meta property=\"og:site_name\" content=\"Lum&#039;art\" \/>\n<meta property=\"article:publisher\" content=\"https:\/\/www.facebook.com\/LumArt-1543826629180391\/\" \/>\n<meta property=\"article:modified_time\" content=\"2023-07-05T14:06:52+00:00\" \/>\n<meta property=\"og:image\" content=\"https:\/\/lumart.fr\/wp-content\/uploads\/2017\/12\/7731-Lampe-Nemo-NBri-Lumart-BD-4.jpg\" \/>\n\t<meta property=\"og:image:width\" content=\"2551\" \/>\n\t<meta property=\"og:image:height\" content=\"1701\" \/>\n<meta name=\"twitter:card\" content=\"summary\" \/>\n<script type=\"application\/ld+json\" class=\"yoast-schema-graph\">{\"@context\":\"https:\/\/schema.org\",\"@graph\":[{\"@type\":\"WebSite\",\"@id\":\"https:\/\/lumart.fr\/fr\/#website\",\"url\":\"https:\/\/lumart.fr\/fr\/\",\"name\":\"Lum'art\",\"description\":\"\",\"potentialAction\":[{\"@type\":\"SearchAction\",\"target\":{\"@type\":\"EntryPoint\",\"urlTemplate\":\"https:\/\/lumart.fr\/fr\/?s={search_term_string}\"},\"query-input\":\"required name=search_term_string\"}],\"inLanguage\":\"fr-FR\"},{\"@type\":\"ImageObject\",\"@id\":\"https:\/\/lumart.fr\/fr\/les-collections\/interieur\/lampes\/nemo-lampe-7731\/#primaryimage\",\"inLanguage\":\"fr-FR\",\"url\":\"\/wp-content\/uploads\/2017\/12\/7731-Lampe-Nemo-NBri-Lumart-BD-4.jpg\",\"contentUrl\":\"\/wp-content\/uploads\/2017\/12\/7731-Lampe-Nemo-NBri-Lumart-BD-4.jpg\",\"width\":2551,\"height\":1701,\"caption\":\"Lampe N\\u00e9mo - Finition nickel brillant\"},{\"@type\":\"WebPage\",\"@id\":\"https:\/\/lumart.fr\/fr\/les-collections\/interieur\/lampes\/nemo-lampe-7731\/#webpage\",\"url\":\"https:\/\/lumart.fr\/fr\/les-collections\/interieur\/lampes\/nemo-lampe-7731\/\",\"name\":\"Lampe N\\u00e9mo (7731) - Lum'art\",\"isPartOf\":{\"@id\":\"https:\/\/lumart.fr\/fr\/#website\"},\"primaryImageOfPage\":{\"@id\":\"https:\/\/lumart.fr\/fr\/les-collections\/interieur\/lampes\/nemo-lampe-7731\/#primaryimage\"},\"datePublished\":\"2017-12-18T14:34:59+00:00\",\"dateModified\":\"2023-07-05T14:06:52+00:00\",\"breadcrumb\":{\"@id\":\"https:\/\/lumart.fr\/fr\/les-collections\/interieur\/lampes\/nemo-lampe-7731\/#breadcrumb\"},\"inLanguage\":\"fr-FR\",\"potentialAction\":[{\"@type\":\"ReadAction\",\"target\":[\"https:\/\/lumart.fr\/fr\/les-collections\/interieur\/lampes\/nemo-lampe-7731\/\"]}]},{\"@type\":\"BreadcrumbList\",\"@id\":\"https:\/\/lumart.fr\/fr\/les-collections\/interieur\/lampes\/nemo-lampe-7731\/#breadcrumb\",\"itemListElement\":[{\"@type\":\"ListItem\",\"position\":1,\"name\":\"Home\",\"item\":\"https:\/\/lumart.fr\/fr\/\"},{\"@type\":\"ListItem\",\"position\":2,\"name\":\"Les Collections\",\"item\":\"https:\/\/lumart.fr\/fr\/les-collections\/\"},{\"@type\":\"ListItem\",\"position\":3,\"name\":\"N\\u00e9mo - Lampe\"}]}]}<\/script>\n<!-- \/ Yoast SEO plugin. -->","yoast_head_json":{"robots":{"index":"index","follow":"follow","max-snippet":"max-snippet:-1","max-image-preview":"max-image-preview:large","max-video-preview":"max-video-preview:-1"},"canonical":"https:\/\/lumart.fr\/fr\/les-collections\/interieur\/lampes\/nemo-lampe-7731\/","og_locale":"fr_FR","og_type":"article","og_title":"Lampe N\u00e9mo (7731) - Lum'art","og_description":"Collection graphique et contemporaine, Nemo est la ligne de lecture par excellence. Lampe, liseuse, appliques, chaque pi\u00e8ce est r\u00e9glable et orientable pour un confort et une efficacit\u00e9 d&rsquo;\u00e9clairage in\u00e9gal\u00e9s. Pour l&rsquo;int\u00e9grer dans un univers plus classique, jouez les patines laiton patin\u00e9 ou vieux laiton.","og_url":"https:\/\/lumart.fr\/fr\/les-collections\/interieur\/lampes\/nemo-lampe-7731\/","og_site_name":"Lum&#039;art","article_publisher":"https:\/\/www.facebook.com\/LumArt-1543826629180391\/","article_modified_time":"2023-07-05T14:06:52+00:00","og_image":[{"width":2551,"height":1701,"url":"https:\/\/lumart.fr\/wp-content\/uploads\/2017\/12\/7731-Lampe-Nemo-NBri-Lumart-BD-4.jpg","type":"image\/jpeg"}],"twitter_card":"summary","schema":{"@context":"https:\/\/schema.org","@graph":[{"@type":"WebSite","@id":"https:\/\/lumart.fr\/fr\/#website","url":"https:\/\/lumart.fr\/fr\/","name":"Lum'art","description":"","potentialAction":[{"@type":"SearchAction","target":{"@type":"EntryPoint","urlTemplate":"https:\/\/lumart.fr\/fr\/?s={search_term_string}"},"query-input":"required name=search_term_string"}],"inLanguage":"fr-FR"},{"@type":"ImageObject","@id":"https:\/\/lumart.fr\/fr\/les-collections\/interieur\/lampes\/nemo-lampe-7731\/#primaryimage","inLanguage":"fr-FR","url":"\/wp-content\/uploads\/2017\/12\/7731-Lampe-Nemo-NBri-Lumart-BD-4.jpg","contentUrl":"\/wp-content\/uploads\/2017\/12\/7731-Lampe-Nemo-NBri-Lumart-BD-4.jpg","width":2551,"height":1701,"caption":"Lampe N\u00e9mo - Finition nickel brillant"},{"@type":"WebPage","@id":"https:\/\/lumart.fr\/fr\/les-collections\/interieur\/lampes\/nemo-lampe-7731\/#webpage","url":"https:\/\/lumart.fr\/fr\/les-collections\/interieur\/lampes\/nemo-lampe-7731\/","name":"Lampe N\u00e9mo (7731) - Lum'art","isPartOf":{"@id":"https:\/\/lumart.fr\/fr\/#website"},"primaryImageOfPage":{"@id":"https:\/\/lumart.fr\/fr\/les-collections\/interieur\/lampes\/nemo-lampe-7731\/#primaryimage"},"datePublished":"2017-12-18T14:34:59+00:00","dateModified":"2023-07-05T14:06:52+00:00","breadcrumb":{"@id":"https:\/\/lumart.fr\/fr\/les-collections\/interieur\/lampes\/nemo-lampe-7731\/#breadcrumb"},"inLanguage":"fr-FR","potentialAction":[{"@type":"ReadAction","target":["https:\/\/lumart.fr\/fr\/les-collections\/interieur\/lampes\/nemo-lampe-7731\/"]}]},{"@type":"BreadcrumbList","@id":"https:\/\/lumart.fr\/fr\/les-collections\/interieur\/lampes\/nemo-lampe-7731\/#breadcrumb","itemListElement":[{"@type":"ListItem","position":1,"name":"Home","item":"https:\/\/lumart.fr\/fr\/"},{"@type":"ListItem","position":2,"name":"Les Collections","item":"https:\/\/lumart.fr\/fr\/les-collections\/"},{"@type":"ListItem","position":3,"name":"N\u00e9mo - Lampe"}]}]}},"_links":{"self":[{"href":"https:\/\/lumart.fr\/fr\/wp-json\/wp\/v2\/product\/6169"}],"collection":[{"href":"https:\/\/lumart.fr\/fr\/wp-json\/wp\/v2\/product"}],"about":[{"href":"https:\/\/lumart.fr\/fr\/wp-json\/wp\/v2\/types\/product"}],"wp:featuredmedia":[{"embeddable":true,"href":"https:\/\/lumart.fr\/fr\/wp-json\/wp\/v2\/media\/5175"}],"wp:attachment":[{"href":"https:\/\/lumart.fr\/fr\/wp-json\/wp\/v2\/media?parent=6169"}],"wp:term":[{"taxonomy":"product_cat","embeddable":true,"href":"https:\/\/lumart.fr\/fr\/wp-json\/wp\/v2\/product_cat?post=6169"},{"taxonomy":"product_tag","embeddable":true,"href":"https:\/\/lumart.fr\/fr\/wp-json\/wp\/v2\/product_tag?post=6169"}],"curies":[{"name":"wp","href":"https:\/\/api.w.org\/{rel}","templated":true}]}}