{"id":6165,"date":"2017-12-18T14:34:57","date_gmt":"2017-12-18T14:34:57","guid":{"rendered":"https:\/\/lumart.fr\/les-collections\/non%20class\u00e9\/morzine-lanterne-geant-148\/"},"modified":"2021-10-05T12:10:27","modified_gmt":"2021-10-05T10:10:27","slug":"morzine-lanterne-geant-148","status":"publish","type":"product","link":"https:\/\/lumart.fr\/fr\/les-collections\/exterieur\/lanternes\/morzine-lanterne-geant-148\/","title":{"rendered":"Morzine - Lanterne G\u00e9ant"},"content":{"rendered":"<p>Grand classique, cette collection qui puise son inspiration dans le XIX\u00e8me si\u00e8cle fran\u00e7ais, est tout autant destin\u00e9e \u00e0 une long\u00e8re dans le Perche, une maison bourgeoise aux fen\u00eatres encadr\u00e9es de brique ou un mas dans l&rsquo;arri\u00e8re pays proven\u00e7al.<\/p>\n","protected":false},"excerpt":{"rendered":"<p>Grand classique, cette collection qui puise son inspiration dans le XIX\u00e8me si\u00e8cle fran\u00e7ais, est tout autant destin\u00e9e \u00e0 une long\u00e8re dans le Perche, une maison bourgeoise aux fen\u00eatres encadr\u00e9es de brique ou un mas dans l&rsquo;arri\u00e8re pays proven\u00e7al.<\/p>\n","protected":false},"featured_media":9552,"template":"","meta":[],"product_cat":[233],"product_tag":[],"acf":[],"yoast_head":"<!-- This site is optimized with the Yoast SEO plugin v17.8 - https:\/\/yoast.com\/wordpress\/plugins\/seo\/ -->\n<meta name=\"robots\" content=\"index, follow, max-snippet:-1, max-image-preview:large, max-video-preview:-1\" \/>\n<link rel=\"canonical\" href=\"https:\/\/lumart.fr\/fr\/les-collections\/exterieur\/lanternes\/morzine-lanterne-geant-148\/\" \/>\n<meta property=\"og:locale\" content=\"fr_FR\" \/>\n<meta property=\"og:type\" content=\"article\" \/>\n<meta property=\"og:title\" content=\"Lanterne Morzine G\u00e9ant (148) - Lum&#039;art\" \/>\n<meta property=\"og:description\" content=\"Grand classique, cette collection qui puise son inspiration dans le XIX\u00e8me si\u00e8cle fran\u00e7ais, est tout autant destin\u00e9e \u00e0 une long\u00e8re dans le Perche, une maison bourgeoise aux fen\u00eatres encadr\u00e9es de brique ou un mas dans l&rsquo;arri\u00e8re pays proven\u00e7al.\" \/>\n<meta property=\"og:url\" content=\"https:\/\/lumart.fr\/fr\/les-collections\/exterieur\/lanternes\/morzine-lanterne-geant-148\/\" \/>\n<meta property=\"og:site_name\" content=\"Lum&#039;art\" \/>\n<meta property=\"article:publisher\" content=\"https:\/\/www.facebook.com\/LumArt-1543826629180391\/\" \/>\n<meta property=\"article:modified_time\" content=\"2021-10-05T10:10:27+00:00\" \/>\n<meta property=\"og:image\" content=\"https:\/\/lumart.fr\/wp-content\/uploads\/2017\/12\/148-Lanterne-Morzine-Geant-VL-Lumart-BD1.jpg\" \/>\n\t<meta property=\"og:image:width\" content=\"2551\" \/>\n\t<meta property=\"og:image:height\" content=\"1701\" \/>\n<meta name=\"twitter:card\" content=\"summary\" \/>\n<script type=\"application\/ld+json\" class=\"yoast-schema-graph\">{\"@context\":\"https:\/\/schema.org\",\"@graph\":[{\"@type\":\"WebSite\",\"@id\":\"https:\/\/lumart.fr\/fr\/#website\",\"url\":\"https:\/\/lumart.fr\/fr\/\",\"name\":\"Lum'art\",\"description\":\"\",\"potentialAction\":[{\"@type\":\"SearchAction\",\"target\":{\"@type\":\"EntryPoint\",\"urlTemplate\":\"https:\/\/lumart.fr\/fr\/?s={search_term_string}\"},\"query-input\":\"required name=search_term_string\"}],\"inLanguage\":\"fr-FR\"},{\"@type\":\"ImageObject\",\"@id\":\"https:\/\/lumart.fr\/fr\/les-collections\/exterieur\/lanternes\/morzine-lanterne-geant-148\/#primaryimage\",\"inLanguage\":\"fr-FR\",\"url\":\"\/wp-content\/uploads\/2017\/12\/148-Lanterne-Morzine-Geant-VL-Lumart-BD1.jpg\",\"contentUrl\":\"\/wp-content\/uploads\/2017\/12\/148-Lanterne-Morzine-Geant-VL-Lumart-BD1.jpg\",\"width\":2551,\"height\":1701,\"caption\":\"Lanterne Morzine G\\u00e9ant - Finition vieux laiton\"},{\"@type\":\"WebPage\",\"@id\":\"https:\/\/lumart.fr\/fr\/les-collections\/exterieur\/lanternes\/morzine-lanterne-geant-148\/#webpage\",\"url\":\"https:\/\/lumart.fr\/fr\/les-collections\/exterieur\/lanternes\/morzine-lanterne-geant-148\/\",\"name\":\"Lanterne Morzine G\\u00e9ant (148) - Lum'art\",\"isPartOf\":{\"@id\":\"https:\/\/lumart.fr\/fr\/#website\"},\"primaryImageOfPage\":{\"@id\":\"https:\/\/lumart.fr\/fr\/les-collections\/exterieur\/lanternes\/morzine-lanterne-geant-148\/#primaryimage\"},\"datePublished\":\"2017-12-18T14:34:57+00:00\",\"dateModified\":\"2021-10-05T10:10:27+00:00\",\"breadcrumb\":{\"@id\":\"https:\/\/lumart.fr\/fr\/les-collections\/exterieur\/lanternes\/morzine-lanterne-geant-148\/#breadcrumb\"},\"inLanguage\":\"fr-FR\",\"potentialAction\":[{\"@type\":\"ReadAction\",\"target\":[\"https:\/\/lumart.fr\/fr\/les-collections\/exterieur\/lanternes\/morzine-lanterne-geant-148\/\"]}]},{\"@type\":\"BreadcrumbList\",\"@id\":\"https:\/\/lumart.fr\/fr\/les-collections\/exterieur\/lanternes\/morzine-lanterne-geant-148\/#breadcrumb\",\"itemListElement\":[{\"@type\":\"ListItem\",\"position\":1,\"name\":\"Home\",\"item\":\"https:\/\/lumart.fr\/fr\/\"},{\"@type\":\"ListItem\",\"position\":2,\"name\":\"Les Collections\",\"item\":\"https:\/\/lumart.fr\/fr\/les-collections\/\"},{\"@type\":\"ListItem\",\"position\":3,\"name\":\"Morzine - Lanterne G\\u00e9ant\"}]}]}<\/script>\n<!-- \/ Yoast SEO plugin. -->","yoast_head_json":{"robots":{"index":"index","follow":"follow","max-snippet":"max-snippet:-1","max-image-preview":"max-image-preview:large","max-video-preview":"max-video-preview:-1"},"canonical":"https:\/\/lumart.fr\/fr\/les-collections\/exterieur\/lanternes\/morzine-lanterne-geant-148\/","og_locale":"fr_FR","og_type":"article","og_title":"Lanterne Morzine G\u00e9ant (148) - Lum'art","og_description":"Grand classique, cette collection qui puise son inspiration dans le XIX\u00e8me si\u00e8cle fran\u00e7ais, est tout autant destin\u00e9e \u00e0 une long\u00e8re dans le Perche, une maison bourgeoise aux fen\u00eatres encadr\u00e9es de brique ou un mas dans l&rsquo;arri\u00e8re pays proven\u00e7al.","og_url":"https:\/\/lumart.fr\/fr\/les-collections\/exterieur\/lanternes\/morzine-lanterne-geant-148\/","og_site_name":"Lum&#039;art","article_publisher":"https:\/\/www.facebook.com\/LumArt-1543826629180391\/","article_modified_time":"2021-10-05T10:10:27+00:00","og_image":[{"width":2551,"height":1701,"url":"https:\/\/lumart.fr\/wp-content\/uploads\/2017\/12\/148-Lanterne-Morzine-Geant-VL-Lumart-BD1.jpg","type":"image\/jpeg"}],"twitter_card":"summary","schema":{"@context":"https:\/\/schema.org","@graph":[{"@type":"WebSite","@id":"https:\/\/lumart.fr\/fr\/#website","url":"https:\/\/lumart.fr\/fr\/","name":"Lum'art","description":"","potentialAction":[{"@type":"SearchAction","target":{"@type":"EntryPoint","urlTemplate":"https:\/\/lumart.fr\/fr\/?s={search_term_string}"},"query-input":"required name=search_term_string"}],"inLanguage":"fr-FR"},{"@type":"ImageObject","@id":"https:\/\/lumart.fr\/fr\/les-collections\/exterieur\/lanternes\/morzine-lanterne-geant-148\/#primaryimage","inLanguage":"fr-FR","url":"\/wp-content\/uploads\/2017\/12\/148-Lanterne-Morzine-Geant-VL-Lumart-BD1.jpg","contentUrl":"\/wp-content\/uploads\/2017\/12\/148-Lanterne-Morzine-Geant-VL-Lumart-BD1.jpg","width":2551,"height":1701,"caption":"Lanterne Morzine G\u00e9ant - Finition vieux laiton"},{"@type":"WebPage","@id":"https:\/\/lumart.fr\/fr\/les-collections\/exterieur\/lanternes\/morzine-lanterne-geant-148\/#webpage","url":"https:\/\/lumart.fr\/fr\/les-collections\/exterieur\/lanternes\/morzine-lanterne-geant-148\/","name":"Lanterne Morzine G\u00e9ant (148) - Lum'art","isPartOf":{"@id":"https:\/\/lumart.fr\/fr\/#website"},"primaryImageOfPage":{"@id":"https:\/\/lumart.fr\/fr\/les-collections\/exterieur\/lanternes\/morzine-lanterne-geant-148\/#primaryimage"},"datePublished":"2017-12-18T14:34:57+00:00","dateModified":"2021-10-05T10:10:27+00:00","breadcrumb":{"@id":"https:\/\/lumart.fr\/fr\/les-collections\/exterieur\/lanternes\/morzine-lanterne-geant-148\/#breadcrumb"},"inLanguage":"fr-FR","potentialAction":[{"@type":"ReadAction","target":["https:\/\/lumart.fr\/fr\/les-collections\/exterieur\/lanternes\/morzine-lanterne-geant-148\/"]}]},{"@type":"BreadcrumbList","@id":"https:\/\/lumart.fr\/fr\/les-collections\/exterieur\/lanternes\/morzine-lanterne-geant-148\/#breadcrumb","itemListElement":[{"@type":"ListItem","position":1,"name":"Home","item":"https:\/\/lumart.fr\/fr\/"},{"@type":"ListItem","position":2,"name":"Les Collections","item":"https:\/\/lumart.fr\/fr\/les-collections\/"},{"@type":"ListItem","position":3,"name":"Morzine - Lanterne G\u00e9ant"}]}]}},"_links":{"self":[{"href":"https:\/\/lumart.fr\/fr\/wp-json\/wp\/v2\/product\/6165"}],"collection":[{"href":"https:\/\/lumart.fr\/fr\/wp-json\/wp\/v2\/product"}],"about":[{"href":"https:\/\/lumart.fr\/fr\/wp-json\/wp\/v2\/types\/product"}],"wp:featuredmedia":[{"embeddable":true,"href":"https:\/\/lumart.fr\/fr\/wp-json\/wp\/v2\/media\/9552"}],"wp:attachment":[{"href":"https:\/\/lumart.fr\/fr\/wp-json\/wp\/v2\/media?parent=6165"}],"wp:term":[{"taxonomy":"product_cat","embeddable":true,"href":"https:\/\/lumart.fr\/fr\/wp-json\/wp\/v2\/product_cat?post=6165"},{"taxonomy":"product_tag","embeddable":true,"href":"https:\/\/lumart.fr\/fr\/wp-json\/wp\/v2\/product_tag?post=6165"}],"curies":[{"name":"wp","href":"https:\/\/api.w.org\/{rel}","templated":true}]}}