{"id":6164,"date":"2017-12-18T14:34:56","date_gmt":"2017-12-18T14:34:56","guid":{"rendered":"https:\/\/lumart.fr\/les-collections\/non%20class\u00e9\/morzine-applique-gm-281\/"},"modified":"2023-07-05T16:17:35","modified_gmt":"2023-07-05T14:17:35","slug":"morzine-applique-gm-281","status":"publish","type":"product","link":"https:\/\/lumart.fr\/fr\/les-collections\/exterieur\/appliques-exterieur\/morzine-applique-gm-281\/","title":{"rendered":"Morzine - Applique GM"},"content":{"rendered":"<p>Grand classique, cette collection qui puise son inspiration dans le XIX\u00e8me si\u00e8cle fran\u00e7ais, est tout autant destin\u00e9e \u00e0 une long\u00e8re dans le Perche, une maison bourgeoise aux fen\u00eatres encadr\u00e9es de brique ou un mas dans l&rsquo;arri\u00e8re pays proven\u00e7al.<\/p>\n","protected":false},"excerpt":{"rendered":"<p>Grand classique, cette collection qui puise son inspiration dans le XIX\u00e8me si\u00e8cle fran\u00e7ais, est tout autant destin\u00e9e \u00e0 une long\u00e8re dans le Perche, une maison bourgeoise aux fen\u00eatres encadr\u00e9es de brique ou un mas dans l&rsquo;arri\u00e8re pays proven\u00e7al.<\/p>\n","protected":false},"featured_media":2470,"template":"","meta":[],"product_cat":[231],"product_tag":[],"acf":[],"yoast_head":"<!-- This site is optimized with the Yoast SEO plugin v17.8 - https:\/\/yoast.com\/wordpress\/plugins\/seo\/ -->\n<meta name=\"robots\" content=\"index, follow, max-snippet:-1, max-image-preview:large, max-video-preview:-1\" \/>\n<link rel=\"canonical\" href=\"https:\/\/lumart.fr\/fr\/les-collections\/exterieur\/appliques-exterieur\/morzine-applique-gm-281\/\" \/>\n<meta property=\"og:locale\" content=\"fr_FR\" \/>\n<meta property=\"og:type\" content=\"article\" \/>\n<meta property=\"og:title\" content=\"Applique Morzine GM (281) - Lum&#039;art\" \/>\n<meta property=\"og:description\" content=\"Grand classique, cette collection qui puise son inspiration dans le XIX\u00e8me si\u00e8cle fran\u00e7ais, est tout autant destin\u00e9e \u00e0 une long\u00e8re dans le Perche, une maison bourgeoise aux fen\u00eatres encadr\u00e9es de brique ou un mas dans l&rsquo;arri\u00e8re pays proven\u00e7al.\" \/>\n<meta property=\"og:url\" content=\"https:\/\/lumart.fr\/fr\/les-collections\/exterieur\/appliques-exterieur\/morzine-applique-gm-281\/\" \/>\n<meta property=\"og:site_name\" content=\"Lum&#039;art\" \/>\n<meta property=\"article:publisher\" content=\"https:\/\/www.facebook.com\/LumArt-1543826629180391\/\" \/>\n<meta property=\"article:modified_time\" content=\"2023-07-05T14:17:35+00:00\" \/>\n<meta property=\"og:image\" content=\"https:\/\/lumart.fr\/wp-content\/uploads\/2017\/12\/281-Applique-Morzine-GM-VFR-Lumart-BD-2.jpg\" \/>\n\t<meta property=\"og:image:width\" content=\"2551\" \/>\n\t<meta property=\"og:image:height\" content=\"1701\" \/>\n<meta name=\"twitter:card\" content=\"summary\" \/>\n<script type=\"application\/ld+json\" class=\"yoast-schema-graph\">{\"@context\":\"https:\/\/schema.org\",\"@graph\":[{\"@type\":\"WebSite\",\"@id\":\"https:\/\/lumart.fr\/fr\/#website\",\"url\":\"https:\/\/lumart.fr\/fr\/\",\"name\":\"Lum'art\",\"description\":\"\",\"potentialAction\":[{\"@type\":\"SearchAction\",\"target\":{\"@type\":\"EntryPoint\",\"urlTemplate\":\"https:\/\/lumart.fr\/fr\/?s={search_term_string}\"},\"query-input\":\"required name=search_term_string\"}],\"inLanguage\":\"fr-FR\"},{\"@type\":\"ImageObject\",\"@id\":\"https:\/\/lumart.fr\/fr\/les-collections\/exterieur\/appliques-exterieur\/morzine-applique-gm-281\/#primaryimage\",\"inLanguage\":\"fr-FR\",\"url\":\"\/wp-content\/uploads\/2017\/12\/281-Applique-Morzine-GM-VFR-Lumart-BD-2.jpg\",\"contentUrl\":\"\/wp-content\/uploads\/2017\/12\/281-Applique-Morzine-GM-VFR-Lumart-BD-2.jpg\",\"width\":2551,\"height\":1701,\"caption\":\"Applique Morzine GM - Finition vieux fer rouill\\u00e9\"},{\"@type\":\"WebPage\",\"@id\":\"https:\/\/lumart.fr\/fr\/les-collections\/exterieur\/appliques-exterieur\/morzine-applique-gm-281\/#webpage\",\"url\":\"https:\/\/lumart.fr\/fr\/les-collections\/exterieur\/appliques-exterieur\/morzine-applique-gm-281\/\",\"name\":\"Applique Morzine GM (281) - Lum'art\",\"isPartOf\":{\"@id\":\"https:\/\/lumart.fr\/fr\/#website\"},\"primaryImageOfPage\":{\"@id\":\"https:\/\/lumart.fr\/fr\/les-collections\/exterieur\/appliques-exterieur\/morzine-applique-gm-281\/#primaryimage\"},\"datePublished\":\"2017-12-18T14:34:56+00:00\",\"dateModified\":\"2023-07-05T14:17:35+00:00\",\"breadcrumb\":{\"@id\":\"https:\/\/lumart.fr\/fr\/les-collections\/exterieur\/appliques-exterieur\/morzine-applique-gm-281\/#breadcrumb\"},\"inLanguage\":\"fr-FR\",\"potentialAction\":[{\"@type\":\"ReadAction\",\"target\":[\"https:\/\/lumart.fr\/fr\/les-collections\/exterieur\/appliques-exterieur\/morzine-applique-gm-281\/\"]}]},{\"@type\":\"BreadcrumbList\",\"@id\":\"https:\/\/lumart.fr\/fr\/les-collections\/exterieur\/appliques-exterieur\/morzine-applique-gm-281\/#breadcrumb\",\"itemListElement\":[{\"@type\":\"ListItem\",\"position\":1,\"name\":\"Home\",\"item\":\"https:\/\/lumart.fr\/fr\/\"},{\"@type\":\"ListItem\",\"position\":2,\"name\":\"Les Collections\",\"item\":\"https:\/\/lumart.fr\/fr\/les-collections\/\"},{\"@type\":\"ListItem\",\"position\":3,\"name\":\"Morzine - Applique GM\"}]}]}<\/script>\n<!-- \/ Yoast SEO plugin. -->","yoast_head_json":{"robots":{"index":"index","follow":"follow","max-snippet":"max-snippet:-1","max-image-preview":"max-image-preview:large","max-video-preview":"max-video-preview:-1"},"canonical":"https:\/\/lumart.fr\/fr\/les-collections\/exterieur\/appliques-exterieur\/morzine-applique-gm-281\/","og_locale":"fr_FR","og_type":"article","og_title":"Applique Morzine GM (281) - Lum'art","og_description":"Grand classique, cette collection qui puise son inspiration dans le XIX\u00e8me si\u00e8cle fran\u00e7ais, est tout autant destin\u00e9e \u00e0 une long\u00e8re dans le Perche, une maison bourgeoise aux fen\u00eatres encadr\u00e9es de brique ou un mas dans l&rsquo;arri\u00e8re pays proven\u00e7al.","og_url":"https:\/\/lumart.fr\/fr\/les-collections\/exterieur\/appliques-exterieur\/morzine-applique-gm-281\/","og_site_name":"Lum&#039;art","article_publisher":"https:\/\/www.facebook.com\/LumArt-1543826629180391\/","article_modified_time":"2023-07-05T14:17:35+00:00","og_image":[{"width":2551,"height":1701,"url":"https:\/\/lumart.fr\/wp-content\/uploads\/2017\/12\/281-Applique-Morzine-GM-VFR-Lumart-BD-2.jpg","type":"image\/jpeg"}],"twitter_card":"summary","schema":{"@context":"https:\/\/schema.org","@graph":[{"@type":"WebSite","@id":"https:\/\/lumart.fr\/fr\/#website","url":"https:\/\/lumart.fr\/fr\/","name":"Lum'art","description":"","potentialAction":[{"@type":"SearchAction","target":{"@type":"EntryPoint","urlTemplate":"https:\/\/lumart.fr\/fr\/?s={search_term_string}"},"query-input":"required name=search_term_string"}],"inLanguage":"fr-FR"},{"@type":"ImageObject","@id":"https:\/\/lumart.fr\/fr\/les-collections\/exterieur\/appliques-exterieur\/morzine-applique-gm-281\/#primaryimage","inLanguage":"fr-FR","url":"\/wp-content\/uploads\/2017\/12\/281-Applique-Morzine-GM-VFR-Lumart-BD-2.jpg","contentUrl":"\/wp-content\/uploads\/2017\/12\/281-Applique-Morzine-GM-VFR-Lumart-BD-2.jpg","width":2551,"height":1701,"caption":"Applique Morzine GM - Finition vieux fer rouill\u00e9"},{"@type":"WebPage","@id":"https:\/\/lumart.fr\/fr\/les-collections\/exterieur\/appliques-exterieur\/morzine-applique-gm-281\/#webpage","url":"https:\/\/lumart.fr\/fr\/les-collections\/exterieur\/appliques-exterieur\/morzine-applique-gm-281\/","name":"Applique Morzine GM (281) - Lum'art","isPartOf":{"@id":"https:\/\/lumart.fr\/fr\/#website"},"primaryImageOfPage":{"@id":"https:\/\/lumart.fr\/fr\/les-collections\/exterieur\/appliques-exterieur\/morzine-applique-gm-281\/#primaryimage"},"datePublished":"2017-12-18T14:34:56+00:00","dateModified":"2023-07-05T14:17:35+00:00","breadcrumb":{"@id":"https:\/\/lumart.fr\/fr\/les-collections\/exterieur\/appliques-exterieur\/morzine-applique-gm-281\/#breadcrumb"},"inLanguage":"fr-FR","potentialAction":[{"@type":"ReadAction","target":["https:\/\/lumart.fr\/fr\/les-collections\/exterieur\/appliques-exterieur\/morzine-applique-gm-281\/"]}]},{"@type":"BreadcrumbList","@id":"https:\/\/lumart.fr\/fr\/les-collections\/exterieur\/appliques-exterieur\/morzine-applique-gm-281\/#breadcrumb","itemListElement":[{"@type":"ListItem","position":1,"name":"Home","item":"https:\/\/lumart.fr\/fr\/"},{"@type":"ListItem","position":2,"name":"Les Collections","item":"https:\/\/lumart.fr\/fr\/les-collections\/"},{"@type":"ListItem","position":3,"name":"Morzine - Applique GM"}]}]}},"_links":{"self":[{"href":"https:\/\/lumart.fr\/fr\/wp-json\/wp\/v2\/product\/6164"}],"collection":[{"href":"https:\/\/lumart.fr\/fr\/wp-json\/wp\/v2\/product"}],"about":[{"href":"https:\/\/lumart.fr\/fr\/wp-json\/wp\/v2\/types\/product"}],"wp:featuredmedia":[{"embeddable":true,"href":"https:\/\/lumart.fr\/fr\/wp-json\/wp\/v2\/media\/2470"}],"wp:attachment":[{"href":"https:\/\/lumart.fr\/fr\/wp-json\/wp\/v2\/media?parent=6164"}],"wp:term":[{"taxonomy":"product_cat","embeddable":true,"href":"https:\/\/lumart.fr\/fr\/wp-json\/wp\/v2\/product_cat?post=6164"},{"taxonomy":"product_tag","embeddable":true,"href":"https:\/\/lumart.fr\/fr\/wp-json\/wp\/v2\/product_tag?post=6164"}],"curies":[{"name":"wp","href":"https:\/\/api.w.org\/{rel}","templated":true}]}}