{"id":6162,"date":"2017-12-18T14:34:55","date_gmt":"2017-12-18T14:34:55","guid":{"rendered":"https:\/\/lumart.fr\/les-collections\/non%20class\u00e9\/morzine-applique-dangle-interieur-mm-2169\/"},"modified":"2023-07-05T13:58:29","modified_gmt":"2023-07-05T11:58:29","slug":"morzine-applique-dangle-interieur-mm-2169","status":"publish","type":"product","link":"https:\/\/lumart.fr\/fr\/les-collections\/exterieur\/appliques-dangle-interieur\/morzine-applique-dangle-interieur-mm-2169\/","title":{"rendered":"Morzine - Applique d'angle int\u00e9rieur MM"},"content":{"rendered":"<p>Grand classique, cette collection qui puise son inspiration dans le XIX\u00e8me si\u00e8cle fran\u00e7ais, est tout autant destin\u00e9e \u00e0 une long\u00e8re dans le Perche, une maison bourgeoise aux fen\u00eatres encadr\u00e9es de brique ou un mas dans l&rsquo;arri\u00e8re pays proven\u00e7al.<\/p>\n","protected":false},"excerpt":{"rendered":"<p>Grand classique, cette collection qui puise son inspiration dans le XIX\u00e8me si\u00e8cle fran\u00e7ais, est tout autant destin\u00e9e \u00e0 une long\u00e8re dans le Perche, une maison bourgeoise aux fen\u00eatres encadr\u00e9es de brique ou un mas dans l&rsquo;arri\u00e8re pays proven\u00e7al.<\/p>\n","protected":false},"featured_media":3174,"template":"","meta":[],"product_cat":[246],"product_tag":[],"acf":[],"yoast_head":"<!-- This site is optimized with the Yoast SEO plugin v17.8 - https:\/\/yoast.com\/wordpress\/plugins\/seo\/ -->\n<meta name=\"robots\" content=\"index, follow, max-snippet:-1, max-image-preview:large, max-video-preview:-1\" \/>\n<link rel=\"canonical\" href=\"https:\/\/lumart.fr\/fr\/les-collections\/exterieur\/appliques-dangle-interieur\/morzine-applique-dangle-interieur-mm-2169\/\" \/>\n<meta property=\"og:locale\" content=\"fr_FR\" \/>\n<meta property=\"og:type\" content=\"article\" \/>\n<meta property=\"og:title\" content=\"Applique d&#039;angle int\u00e9rieur Morzine MM (2169) - Lum&#039;art\" \/>\n<meta property=\"og:description\" content=\"Grand classique, cette collection qui puise son inspiration dans le XIX\u00e8me si\u00e8cle fran\u00e7ais, est tout autant destin\u00e9e \u00e0 une long\u00e8re dans le Perche, une maison bourgeoise aux fen\u00eatres encadr\u00e9es de brique ou un mas dans l&rsquo;arri\u00e8re pays proven\u00e7al.\" \/>\n<meta property=\"og:url\" content=\"https:\/\/lumart.fr\/fr\/les-collections\/exterieur\/appliques-dangle-interieur\/morzine-applique-dangle-interieur-mm-2169\/\" \/>\n<meta property=\"og:site_name\" content=\"Lum&#039;art\" \/>\n<meta property=\"article:publisher\" content=\"https:\/\/www.facebook.com\/LumArt-1543826629180391\/\" \/>\n<meta property=\"article:modified_time\" content=\"2023-07-05T11:58:29+00:00\" \/>\n<meta property=\"og:image\" content=\"https:\/\/lumart.fr\/wp-content\/uploads\/2017\/12\/2169-Applique-angle-int-Morzine-MM-VL-Lumart-BD-2.jpg\" \/>\n\t<meta property=\"og:image:width\" content=\"2551\" \/>\n\t<meta property=\"og:image:height\" content=\"1701\" \/>\n<meta name=\"twitter:card\" content=\"summary\" \/>\n<script type=\"application\/ld+json\" class=\"yoast-schema-graph\">{\"@context\":\"https:\/\/schema.org\",\"@graph\":[{\"@type\":\"WebSite\",\"@id\":\"https:\/\/lumart.fr\/fr\/#website\",\"url\":\"https:\/\/lumart.fr\/fr\/\",\"name\":\"Lum'art\",\"description\":\"\",\"potentialAction\":[{\"@type\":\"SearchAction\",\"target\":{\"@type\":\"EntryPoint\",\"urlTemplate\":\"https:\/\/lumart.fr\/fr\/?s={search_term_string}\"},\"query-input\":\"required name=search_term_string\"}],\"inLanguage\":\"fr-FR\"},{\"@type\":\"ImageObject\",\"@id\":\"https:\/\/lumart.fr\/fr\/les-collections\/exterieur\/appliques-dangle-interieur\/morzine-applique-dangle-interieur-mm-2169\/#primaryimage\",\"inLanguage\":\"fr-FR\",\"url\":\"\/wp-content\/uploads\/2017\/12\/2169-Applique-angle-int-Morzine-MM-VL-Lumart-BD-2.jpg\",\"contentUrl\":\"\/wp-content\/uploads\/2017\/12\/2169-Applique-angle-int-Morzine-MM-VL-Lumart-BD-2.jpg\",\"width\":2551,\"height\":1701,\"caption\":\"Applique d'angle int\\u00e9rieur Morzine MM - Finition vieux laiton\"},{\"@type\":\"WebPage\",\"@id\":\"https:\/\/lumart.fr\/fr\/les-collections\/exterieur\/appliques-dangle-interieur\/morzine-applique-dangle-interieur-mm-2169\/#webpage\",\"url\":\"https:\/\/lumart.fr\/fr\/les-collections\/exterieur\/appliques-dangle-interieur\/morzine-applique-dangle-interieur-mm-2169\/\",\"name\":\"Applique d'angle int\\u00e9rieur Morzine MM (2169) - Lum'art\",\"isPartOf\":{\"@id\":\"https:\/\/lumart.fr\/fr\/#website\"},\"primaryImageOfPage\":{\"@id\":\"https:\/\/lumart.fr\/fr\/les-collections\/exterieur\/appliques-dangle-interieur\/morzine-applique-dangle-interieur-mm-2169\/#primaryimage\"},\"datePublished\":\"2017-12-18T14:34:55+00:00\",\"dateModified\":\"2023-07-05T11:58:29+00:00\",\"breadcrumb\":{\"@id\":\"https:\/\/lumart.fr\/fr\/les-collections\/exterieur\/appliques-dangle-interieur\/morzine-applique-dangle-interieur-mm-2169\/#breadcrumb\"},\"inLanguage\":\"fr-FR\",\"potentialAction\":[{\"@type\":\"ReadAction\",\"target\":[\"https:\/\/lumart.fr\/fr\/les-collections\/exterieur\/appliques-dangle-interieur\/morzine-applique-dangle-interieur-mm-2169\/\"]}]},{\"@type\":\"BreadcrumbList\",\"@id\":\"https:\/\/lumart.fr\/fr\/les-collections\/exterieur\/appliques-dangle-interieur\/morzine-applique-dangle-interieur-mm-2169\/#breadcrumb\",\"itemListElement\":[{\"@type\":\"ListItem\",\"position\":1,\"name\":\"Home\",\"item\":\"https:\/\/lumart.fr\/fr\/\"},{\"@type\":\"ListItem\",\"position\":2,\"name\":\"Les Collections\",\"item\":\"https:\/\/lumart.fr\/fr\/les-collections\/\"},{\"@type\":\"ListItem\",\"position\":3,\"name\":\"Morzine - Applique d'angle int\\u00e9rieur MM\"}]}]}<\/script>\n<!-- \/ Yoast SEO plugin. -->","yoast_head_json":{"robots":{"index":"index","follow":"follow","max-snippet":"max-snippet:-1","max-image-preview":"max-image-preview:large","max-video-preview":"max-video-preview:-1"},"canonical":"https:\/\/lumart.fr\/fr\/les-collections\/exterieur\/appliques-dangle-interieur\/morzine-applique-dangle-interieur-mm-2169\/","og_locale":"fr_FR","og_type":"article","og_title":"Applique d'angle int\u00e9rieur Morzine MM (2169) - Lum'art","og_description":"Grand classique, cette collection qui puise son inspiration dans le XIX\u00e8me si\u00e8cle fran\u00e7ais, est tout autant destin\u00e9e \u00e0 une long\u00e8re dans le Perche, une maison bourgeoise aux fen\u00eatres encadr\u00e9es de brique ou un mas dans l&rsquo;arri\u00e8re pays proven\u00e7al.","og_url":"https:\/\/lumart.fr\/fr\/les-collections\/exterieur\/appliques-dangle-interieur\/morzine-applique-dangle-interieur-mm-2169\/","og_site_name":"Lum&#039;art","article_publisher":"https:\/\/www.facebook.com\/LumArt-1543826629180391\/","article_modified_time":"2023-07-05T11:58:29+00:00","og_image":[{"width":2551,"height":1701,"url":"https:\/\/lumart.fr\/wp-content\/uploads\/2017\/12\/2169-Applique-angle-int-Morzine-MM-VL-Lumart-BD-2.jpg","type":"image\/jpeg"}],"twitter_card":"summary","schema":{"@context":"https:\/\/schema.org","@graph":[{"@type":"WebSite","@id":"https:\/\/lumart.fr\/fr\/#website","url":"https:\/\/lumart.fr\/fr\/","name":"Lum'art","description":"","potentialAction":[{"@type":"SearchAction","target":{"@type":"EntryPoint","urlTemplate":"https:\/\/lumart.fr\/fr\/?s={search_term_string}"},"query-input":"required name=search_term_string"}],"inLanguage":"fr-FR"},{"@type":"ImageObject","@id":"https:\/\/lumart.fr\/fr\/les-collections\/exterieur\/appliques-dangle-interieur\/morzine-applique-dangle-interieur-mm-2169\/#primaryimage","inLanguage":"fr-FR","url":"\/wp-content\/uploads\/2017\/12\/2169-Applique-angle-int-Morzine-MM-VL-Lumart-BD-2.jpg","contentUrl":"\/wp-content\/uploads\/2017\/12\/2169-Applique-angle-int-Morzine-MM-VL-Lumart-BD-2.jpg","width":2551,"height":1701,"caption":"Applique d'angle int\u00e9rieur Morzine MM - Finition vieux laiton"},{"@type":"WebPage","@id":"https:\/\/lumart.fr\/fr\/les-collections\/exterieur\/appliques-dangle-interieur\/morzine-applique-dangle-interieur-mm-2169\/#webpage","url":"https:\/\/lumart.fr\/fr\/les-collections\/exterieur\/appliques-dangle-interieur\/morzine-applique-dangle-interieur-mm-2169\/","name":"Applique d'angle int\u00e9rieur Morzine MM (2169) - Lum'art","isPartOf":{"@id":"https:\/\/lumart.fr\/fr\/#website"},"primaryImageOfPage":{"@id":"https:\/\/lumart.fr\/fr\/les-collections\/exterieur\/appliques-dangle-interieur\/morzine-applique-dangle-interieur-mm-2169\/#primaryimage"},"datePublished":"2017-12-18T14:34:55+00:00","dateModified":"2023-07-05T11:58:29+00:00","breadcrumb":{"@id":"https:\/\/lumart.fr\/fr\/les-collections\/exterieur\/appliques-dangle-interieur\/morzine-applique-dangle-interieur-mm-2169\/#breadcrumb"},"inLanguage":"fr-FR","potentialAction":[{"@type":"ReadAction","target":["https:\/\/lumart.fr\/fr\/les-collections\/exterieur\/appliques-dangle-interieur\/morzine-applique-dangle-interieur-mm-2169\/"]}]},{"@type":"BreadcrumbList","@id":"https:\/\/lumart.fr\/fr\/les-collections\/exterieur\/appliques-dangle-interieur\/morzine-applique-dangle-interieur-mm-2169\/#breadcrumb","itemListElement":[{"@type":"ListItem","position":1,"name":"Home","item":"https:\/\/lumart.fr\/fr\/"},{"@type":"ListItem","position":2,"name":"Les Collections","item":"https:\/\/lumart.fr\/fr\/les-collections\/"},{"@type":"ListItem","position":3,"name":"Morzine - Applique d'angle int\u00e9rieur MM"}]}]}},"_links":{"self":[{"href":"https:\/\/lumart.fr\/fr\/wp-json\/wp\/v2\/product\/6162"}],"collection":[{"href":"https:\/\/lumart.fr\/fr\/wp-json\/wp\/v2\/product"}],"about":[{"href":"https:\/\/lumart.fr\/fr\/wp-json\/wp\/v2\/types\/product"}],"wp:featuredmedia":[{"embeddable":true,"href":"https:\/\/lumart.fr\/fr\/wp-json\/wp\/v2\/media\/3174"}],"wp:attachment":[{"href":"https:\/\/lumart.fr\/fr\/wp-json\/wp\/v2\/media?parent=6162"}],"wp:term":[{"taxonomy":"product_cat","embeddable":true,"href":"https:\/\/lumart.fr\/fr\/wp-json\/wp\/v2\/product_cat?post=6162"},{"taxonomy":"product_tag","embeddable":true,"href":"https:\/\/lumart.fr\/fr\/wp-json\/wp\/v2\/product_tag?post=6162"}],"curies":[{"name":"wp","href":"https:\/\/api.w.org\/{rel}","templated":true}]}}