{"id":6157,"date":"2017-12-18T14:34:53","date_gmt":"2017-12-18T14:34:53","guid":{"rendered":"https:\/\/lumart.fr\/les-collections\/non%20class\u00e9\/monceau-applique-gm-292\/"},"modified":"2023-07-05T14:01:53","modified_gmt":"2023-07-05T12:01:53","slug":"monceau-applique-gm-292","status":"publish","type":"product","link":"https:\/\/lumart.fr\/fr\/les-collections\/exterieur\/appliques-exterieur\/monceau-applique-gm-292\/","title":{"rendered":"Monceau - Applique GM"},"content":{"rendered":"<p>Petite soeur de la collection Luxembourg, mais avec un toit plat, la collection Monceau, au trait \u00e9pur\u00e9, reprend les codes des lanternes du XIX\u00e8me si\u00e8cle.  Tout n\u2019est que rondeur et fluidit\u00e9 pour cette collection tout en transparence.<\/p>\n","protected":false},"excerpt":{"rendered":"<p>Petite soeur de la collection Luxembourg, mais avec un toit plat, la collection Monceau, au trait \u00e9pur\u00e9, reprend les codes des lanternes du XIX\u00e8me si\u00e8cle.  Tout n\u2019est que rondeur et fluidit\u00e9 pour cette collection tout en transparence. <a href=\"https:\/\/lumart.fr\/fr\/les-collections\/exterieur\/appliques-exterieur\/monceau-applique-gm-292\/\" class=\"more\">[ &hellip; ]<\/a><\/p>\n","protected":false},"featured_media":10984,"template":"","meta":[],"product_cat":[231],"product_tag":[],"acf":[],"yoast_head":"<!-- This site is optimized with the Yoast SEO plugin v17.8 - https:\/\/yoast.com\/wordpress\/plugins\/seo\/ -->\n<meta name=\"robots\" content=\"index, follow, max-snippet:-1, max-image-preview:large, max-video-preview:-1\" \/>\n<link rel=\"canonical\" href=\"https:\/\/lumart.fr\/fr\/les-collections\/exterieur\/appliques-exterieur\/monceau-applique-gm-292\/\" \/>\n<meta property=\"og:locale\" content=\"fr_FR\" \/>\n<meta property=\"og:type\" content=\"article\" \/>\n<meta property=\"og:title\" content=\"Applique Monceau GM (292) - Lum&#039;art\" \/>\n<meta property=\"og:description\" content=\"Petite soeur de la collection Luxembourg, mais avec un toit plat, la collection Monceau, au trait \u00e9pur\u00e9, reprend les codes des lanternes du XIX\u00e8me si\u00e8cle. Tout n\u2019est que rondeur et fluidit\u00e9 pour cette collection tout en transparence. [ &hellip; ]\" \/>\n<meta property=\"og:url\" content=\"https:\/\/lumart.fr\/fr\/les-collections\/exterieur\/appliques-exterieur\/monceau-applique-gm-292\/\" \/>\n<meta property=\"og:site_name\" content=\"Lum&#039;art\" \/>\n<meta property=\"article:publisher\" content=\"https:\/\/www.facebook.com\/LumArt-1543826629180391\/\" \/>\n<meta property=\"article:modified_time\" content=\"2023-07-05T12:01:53+00:00\" \/>\n<meta property=\"og:image\" content=\"https:\/\/lumart.fr\/wp-content\/uploads\/2017\/12\/292-Applique-Monceau-GM-VL-Lumart-BD2.jpg\" \/>\n\t<meta property=\"og:image:width\" content=\"1984\" \/>\n\t<meta property=\"og:image:height\" content=\"1323\" \/>\n<meta name=\"twitter:card\" content=\"summary\" \/>\n<script type=\"application\/ld+json\" class=\"yoast-schema-graph\">{\"@context\":\"https:\/\/schema.org\",\"@graph\":[{\"@type\":\"WebSite\",\"@id\":\"https:\/\/lumart.fr\/fr\/#website\",\"url\":\"https:\/\/lumart.fr\/fr\/\",\"name\":\"Lum'art\",\"description\":\"\",\"potentialAction\":[{\"@type\":\"SearchAction\",\"target\":{\"@type\":\"EntryPoint\",\"urlTemplate\":\"https:\/\/lumart.fr\/fr\/?s={search_term_string}\"},\"query-input\":\"required name=search_term_string\"}],\"inLanguage\":\"fr-FR\"},{\"@type\":\"ImageObject\",\"@id\":\"https:\/\/lumart.fr\/fr\/les-collections\/exterieur\/appliques-exterieur\/monceau-applique-gm-292\/#primaryimage\",\"inLanguage\":\"fr-FR\",\"url\":\"\/wp-content\/uploads\/2017\/12\/292-Applique-Monceau-GM-VL-Lumart-BD2.jpg\",\"contentUrl\":\"\/wp-content\/uploads\/2017\/12\/292-Applique-Monceau-GM-VL-Lumart-BD2.jpg\",\"width\":1984,\"height\":1323,\"caption\":\"Applique Monceau GM - Finition vieux laiton\"},{\"@type\":\"WebPage\",\"@id\":\"https:\/\/lumart.fr\/fr\/les-collections\/exterieur\/appliques-exterieur\/monceau-applique-gm-292\/#webpage\",\"url\":\"https:\/\/lumart.fr\/fr\/les-collections\/exterieur\/appliques-exterieur\/monceau-applique-gm-292\/\",\"name\":\"Applique Monceau GM (292) - Lum'art\",\"isPartOf\":{\"@id\":\"https:\/\/lumart.fr\/fr\/#website\"},\"primaryImageOfPage\":{\"@id\":\"https:\/\/lumart.fr\/fr\/les-collections\/exterieur\/appliques-exterieur\/monceau-applique-gm-292\/#primaryimage\"},\"datePublished\":\"2017-12-18T14:34:53+00:00\",\"dateModified\":\"2023-07-05T12:01:53+00:00\",\"breadcrumb\":{\"@id\":\"https:\/\/lumart.fr\/fr\/les-collections\/exterieur\/appliques-exterieur\/monceau-applique-gm-292\/#breadcrumb\"},\"inLanguage\":\"fr-FR\",\"potentialAction\":[{\"@type\":\"ReadAction\",\"target\":[\"https:\/\/lumart.fr\/fr\/les-collections\/exterieur\/appliques-exterieur\/monceau-applique-gm-292\/\"]}]},{\"@type\":\"BreadcrumbList\",\"@id\":\"https:\/\/lumart.fr\/fr\/les-collections\/exterieur\/appliques-exterieur\/monceau-applique-gm-292\/#breadcrumb\",\"itemListElement\":[{\"@type\":\"ListItem\",\"position\":1,\"name\":\"Home\",\"item\":\"https:\/\/lumart.fr\/fr\/\"},{\"@type\":\"ListItem\",\"position\":2,\"name\":\"Les Collections\",\"item\":\"https:\/\/lumart.fr\/fr\/les-collections\/\"},{\"@type\":\"ListItem\",\"position\":3,\"name\":\"Monceau - Applique GM\"}]}]}<\/script>\n<!-- \/ Yoast SEO plugin. -->","yoast_head_json":{"robots":{"index":"index","follow":"follow","max-snippet":"max-snippet:-1","max-image-preview":"max-image-preview:large","max-video-preview":"max-video-preview:-1"},"canonical":"https:\/\/lumart.fr\/fr\/les-collections\/exterieur\/appliques-exterieur\/monceau-applique-gm-292\/","og_locale":"fr_FR","og_type":"article","og_title":"Applique Monceau GM (292) - Lum'art","og_description":"Petite soeur de la collection Luxembourg, mais avec un toit plat, la collection Monceau, au trait \u00e9pur\u00e9, reprend les codes des lanternes du XIX\u00e8me si\u00e8cle. Tout n\u2019est que rondeur et fluidit\u00e9 pour cette collection tout en transparence. [ &hellip; ]","og_url":"https:\/\/lumart.fr\/fr\/les-collections\/exterieur\/appliques-exterieur\/monceau-applique-gm-292\/","og_site_name":"Lum&#039;art","article_publisher":"https:\/\/www.facebook.com\/LumArt-1543826629180391\/","article_modified_time":"2023-07-05T12:01:53+00:00","og_image":[{"width":1984,"height":1323,"url":"https:\/\/lumart.fr\/wp-content\/uploads\/2017\/12\/292-Applique-Monceau-GM-VL-Lumart-BD2.jpg","type":"image\/jpeg"}],"twitter_card":"summary","schema":{"@context":"https:\/\/schema.org","@graph":[{"@type":"WebSite","@id":"https:\/\/lumart.fr\/fr\/#website","url":"https:\/\/lumart.fr\/fr\/","name":"Lum'art","description":"","potentialAction":[{"@type":"SearchAction","target":{"@type":"EntryPoint","urlTemplate":"https:\/\/lumart.fr\/fr\/?s={search_term_string}"},"query-input":"required name=search_term_string"}],"inLanguage":"fr-FR"},{"@type":"ImageObject","@id":"https:\/\/lumart.fr\/fr\/les-collections\/exterieur\/appliques-exterieur\/monceau-applique-gm-292\/#primaryimage","inLanguage":"fr-FR","url":"\/wp-content\/uploads\/2017\/12\/292-Applique-Monceau-GM-VL-Lumart-BD2.jpg","contentUrl":"\/wp-content\/uploads\/2017\/12\/292-Applique-Monceau-GM-VL-Lumart-BD2.jpg","width":1984,"height":1323,"caption":"Applique Monceau GM - Finition vieux laiton"},{"@type":"WebPage","@id":"https:\/\/lumart.fr\/fr\/les-collections\/exterieur\/appliques-exterieur\/monceau-applique-gm-292\/#webpage","url":"https:\/\/lumart.fr\/fr\/les-collections\/exterieur\/appliques-exterieur\/monceau-applique-gm-292\/","name":"Applique Monceau GM (292) - Lum'art","isPartOf":{"@id":"https:\/\/lumart.fr\/fr\/#website"},"primaryImageOfPage":{"@id":"https:\/\/lumart.fr\/fr\/les-collections\/exterieur\/appliques-exterieur\/monceau-applique-gm-292\/#primaryimage"},"datePublished":"2017-12-18T14:34:53+00:00","dateModified":"2023-07-05T12:01:53+00:00","breadcrumb":{"@id":"https:\/\/lumart.fr\/fr\/les-collections\/exterieur\/appliques-exterieur\/monceau-applique-gm-292\/#breadcrumb"},"inLanguage":"fr-FR","potentialAction":[{"@type":"ReadAction","target":["https:\/\/lumart.fr\/fr\/les-collections\/exterieur\/appliques-exterieur\/monceau-applique-gm-292\/"]}]},{"@type":"BreadcrumbList","@id":"https:\/\/lumart.fr\/fr\/les-collections\/exterieur\/appliques-exterieur\/monceau-applique-gm-292\/#breadcrumb","itemListElement":[{"@type":"ListItem","position":1,"name":"Home","item":"https:\/\/lumart.fr\/fr\/"},{"@type":"ListItem","position":2,"name":"Les Collections","item":"https:\/\/lumart.fr\/fr\/les-collections\/"},{"@type":"ListItem","position":3,"name":"Monceau - Applique GM"}]}]}},"_links":{"self":[{"href":"https:\/\/lumart.fr\/fr\/wp-json\/wp\/v2\/product\/6157"}],"collection":[{"href":"https:\/\/lumart.fr\/fr\/wp-json\/wp\/v2\/product"}],"about":[{"href":"https:\/\/lumart.fr\/fr\/wp-json\/wp\/v2\/types\/product"}],"wp:featuredmedia":[{"embeddable":true,"href":"https:\/\/lumart.fr\/fr\/wp-json\/wp\/v2\/media\/10984"}],"wp:attachment":[{"href":"https:\/\/lumart.fr\/fr\/wp-json\/wp\/v2\/media?parent=6157"}],"wp:term":[{"taxonomy":"product_cat","embeddable":true,"href":"https:\/\/lumart.fr\/fr\/wp-json\/wp\/v2\/product_cat?post=6157"},{"taxonomy":"product_tag","embeddable":true,"href":"https:\/\/lumart.fr\/fr\/wp-json\/wp\/v2\/product_tag?post=6157"}],"curies":[{"name":"wp","href":"https:\/\/api.w.org\/{rel}","templated":true}]}}