{"id":6151,"date":"2017-12-18T14:34:50","date_gmt":"2017-12-18T14:34:50","guid":{"rendered":"https:\/\/lumart.fr\/les-collections\/non%20class\u00e9\/monceau-lanterne-geant-193-4\/"},"modified":"2023-06-09T09:57:37","modified_gmt":"2023-06-09T07:57:37","slug":"monceau-lanterne-geant-193-4","status":"publish","type":"product","link":"https:\/\/lumart.fr\/fr\/les-collections\/interieur\/lanternes-interieur\/monceau-lanterne-geant-193-4\/","title":{"rendered":"Monceau - Lanterne G\u00e9ant"},"content":{"rendered":"<p>Petite s\u0153ur de la collection Luxembourg, mais destin\u00e9e \u00e0 embellir les espaces int\u00e9rieurs, la collection Monceau, au trait \u00e9pur\u00e9, reprend les codes des lanternes du XIX\u00e8me si\u00e8cle. Le quart de cercle pour l&rsquo;applique d&rsquo;angle, le demi cercle pour l&rsquo;applique murale et le cercle pour les lanternes \u00e0 suspendre, tout n&rsquo;est que rondeur et fluidit\u00e9 pour cette collection tout en transparence.<\/p>\n","protected":false},"excerpt":{"rendered":"<p>Petite s\u0153ur de la collection Luxembourg, mais destin\u00e9e \u00e0 embellir les espaces int\u00e9rieurs, la collection Monceau, au trait \u00e9pur\u00e9, reprend les codes des lanternes du XIX\u00e8me si\u00e8cle. Le quart de cercle pour l&rsquo;applique d&rsquo;angle, le demi cercle pour l&rsquo;applique murale et le cercle pour les lanternes \u00e0 suspendre, tout n&rsquo;est que rondeur et fluidit\u00e9 pour cette collection tout en transparence.<\/p>\n","protected":false},"featured_media":1901,"template":"","meta":[],"product_cat":[241],"product_tag":[],"acf":[],"yoast_head":"<!-- This site is optimized with the Yoast SEO plugin v17.8 - https:\/\/yoast.com\/wordpress\/plugins\/seo\/ -->\n<meta name=\"robots\" content=\"index, follow, max-snippet:-1, max-image-preview:large, max-video-preview:-1\" \/>\n<link rel=\"canonical\" href=\"https:\/\/lumart.fr\/fr\/les-collections\/interieur\/lanternes-interieur\/monceau-lanterne-geant-193-4\/\" \/>\n<meta property=\"og:locale\" content=\"fr_FR\" \/>\n<meta property=\"og:type\" content=\"article\" \/>\n<meta property=\"og:title\" content=\"Lanterne Monceau G\u00e9ant (193\/4) - Lum&#039;art\" \/>\n<meta property=\"og:description\" content=\"Petite s\u0153ur de la collection Luxembourg, mais destin\u00e9e \u00e0 embellir les espaces int\u00e9rieurs, la collection Monceau, au trait \u00e9pur\u00e9, reprend les codes des lanternes du XIX\u00e8me si\u00e8cle. Le quart de cercle pour l&rsquo;applique d&rsquo;angle, le demi cercle pour l&rsquo;applique murale et le cercle pour les lanternes \u00e0 suspendre, tout n&rsquo;est que rondeur et fluidit\u00e9 pour cette collection tout en transparence.\" \/>\n<meta property=\"og:url\" content=\"https:\/\/lumart.fr\/fr\/les-collections\/interieur\/lanternes-interieur\/monceau-lanterne-geant-193-4\/\" \/>\n<meta property=\"og:site_name\" content=\"Lum&#039;art\" \/>\n<meta property=\"article:publisher\" content=\"https:\/\/www.facebook.com\/LumArt-1543826629180391\/\" \/>\n<meta property=\"article:modified_time\" content=\"2023-06-09T07:57:37+00:00\" \/>\n<meta property=\"og:image\" content=\"https:\/\/lumart.fr\/wp-content\/uploads\/2017\/12\/193-4-Lanterne-Monceau-Geant-LPA-Lumart-BD-1.jpg\" \/>\n\t<meta property=\"og:image:width\" content=\"2551\" \/>\n\t<meta property=\"og:image:height\" content=\"1701\" \/>\n<meta name=\"twitter:card\" content=\"summary\" \/>\n<script type=\"application\/ld+json\" class=\"yoast-schema-graph\">{\"@context\":\"https:\/\/schema.org\",\"@graph\":[{\"@type\":\"WebSite\",\"@id\":\"https:\/\/lumart.fr\/fr\/#website\",\"url\":\"https:\/\/lumart.fr\/fr\/\",\"name\":\"Lum'art\",\"description\":\"\",\"potentialAction\":[{\"@type\":\"SearchAction\",\"target\":{\"@type\":\"EntryPoint\",\"urlTemplate\":\"https:\/\/lumart.fr\/fr\/?s={search_term_string}\"},\"query-input\":\"required name=search_term_string\"}],\"inLanguage\":\"fr-FR\"},{\"@type\":\"ImageObject\",\"@id\":\"https:\/\/lumart.fr\/fr\/les-collections\/interieur\/lanternes-interieur\/monceau-lanterne-geant-193-4\/#primaryimage\",\"inLanguage\":\"fr-FR\",\"url\":\"\/wp-content\/uploads\/2017\/12\/193-4-Lanterne-Monceau-Geant-LPA-Lumart-BD-1.jpg\",\"contentUrl\":\"\/wp-content\/uploads\/2017\/12\/193-4-Lanterne-Monceau-Geant-LPA-Lumart-BD-1.jpg\",\"width\":2551,\"height\":1701,\"caption\":\"Lanterne Monceau G\\u00e9ant - Finition laiton patin\\u00e9 acide\"},{\"@type\":\"WebPage\",\"@id\":\"https:\/\/lumart.fr\/fr\/les-collections\/interieur\/lanternes-interieur\/monceau-lanterne-geant-193-4\/#webpage\",\"url\":\"https:\/\/lumart.fr\/fr\/les-collections\/interieur\/lanternes-interieur\/monceau-lanterne-geant-193-4\/\",\"name\":\"Lanterne Monceau G\\u00e9ant (193\/4) - Lum'art\",\"isPartOf\":{\"@id\":\"https:\/\/lumart.fr\/fr\/#website\"},\"primaryImageOfPage\":{\"@id\":\"https:\/\/lumart.fr\/fr\/les-collections\/interieur\/lanternes-interieur\/monceau-lanterne-geant-193-4\/#primaryimage\"},\"datePublished\":\"2017-12-18T14:34:50+00:00\",\"dateModified\":\"2023-06-09T07:57:37+00:00\",\"breadcrumb\":{\"@id\":\"https:\/\/lumart.fr\/fr\/les-collections\/interieur\/lanternes-interieur\/monceau-lanterne-geant-193-4\/#breadcrumb\"},\"inLanguage\":\"fr-FR\",\"potentialAction\":[{\"@type\":\"ReadAction\",\"target\":[\"https:\/\/lumart.fr\/fr\/les-collections\/interieur\/lanternes-interieur\/monceau-lanterne-geant-193-4\/\"]}]},{\"@type\":\"BreadcrumbList\",\"@id\":\"https:\/\/lumart.fr\/fr\/les-collections\/interieur\/lanternes-interieur\/monceau-lanterne-geant-193-4\/#breadcrumb\",\"itemListElement\":[{\"@type\":\"ListItem\",\"position\":1,\"name\":\"Home\",\"item\":\"https:\/\/lumart.fr\/fr\/\"},{\"@type\":\"ListItem\",\"position\":2,\"name\":\"Les Collections\",\"item\":\"https:\/\/lumart.fr\/fr\/les-collections\/\"},{\"@type\":\"ListItem\",\"position\":3,\"name\":\"Monceau - Lanterne G\\u00e9ant\"}]}]}<\/script>\n<!-- \/ Yoast SEO plugin. -->","yoast_head_json":{"robots":{"index":"index","follow":"follow","max-snippet":"max-snippet:-1","max-image-preview":"max-image-preview:large","max-video-preview":"max-video-preview:-1"},"canonical":"https:\/\/lumart.fr\/fr\/les-collections\/interieur\/lanternes-interieur\/monceau-lanterne-geant-193-4\/","og_locale":"fr_FR","og_type":"article","og_title":"Lanterne Monceau G\u00e9ant (193\/4) - Lum'art","og_description":"Petite s\u0153ur de la collection Luxembourg, mais destin\u00e9e \u00e0 embellir les espaces int\u00e9rieurs, la collection Monceau, au trait \u00e9pur\u00e9, reprend les codes des lanternes du XIX\u00e8me si\u00e8cle. Le quart de cercle pour l&rsquo;applique d&rsquo;angle, le demi cercle pour l&rsquo;applique murale et le cercle pour les lanternes \u00e0 suspendre, tout n&rsquo;est que rondeur et fluidit\u00e9 pour cette collection tout en transparence.","og_url":"https:\/\/lumart.fr\/fr\/les-collections\/interieur\/lanternes-interieur\/monceau-lanterne-geant-193-4\/","og_site_name":"Lum&#039;art","article_publisher":"https:\/\/www.facebook.com\/LumArt-1543826629180391\/","article_modified_time":"2023-06-09T07:57:37+00:00","og_image":[{"width":2551,"height":1701,"url":"https:\/\/lumart.fr\/wp-content\/uploads\/2017\/12\/193-4-Lanterne-Monceau-Geant-LPA-Lumart-BD-1.jpg","type":"image\/jpeg"}],"twitter_card":"summary","schema":{"@context":"https:\/\/schema.org","@graph":[{"@type":"WebSite","@id":"https:\/\/lumart.fr\/fr\/#website","url":"https:\/\/lumart.fr\/fr\/","name":"Lum'art","description":"","potentialAction":[{"@type":"SearchAction","target":{"@type":"EntryPoint","urlTemplate":"https:\/\/lumart.fr\/fr\/?s={search_term_string}"},"query-input":"required name=search_term_string"}],"inLanguage":"fr-FR"},{"@type":"ImageObject","@id":"https:\/\/lumart.fr\/fr\/les-collections\/interieur\/lanternes-interieur\/monceau-lanterne-geant-193-4\/#primaryimage","inLanguage":"fr-FR","url":"\/wp-content\/uploads\/2017\/12\/193-4-Lanterne-Monceau-Geant-LPA-Lumart-BD-1.jpg","contentUrl":"\/wp-content\/uploads\/2017\/12\/193-4-Lanterne-Monceau-Geant-LPA-Lumart-BD-1.jpg","width":2551,"height":1701,"caption":"Lanterne Monceau G\u00e9ant - Finition laiton patin\u00e9 acide"},{"@type":"WebPage","@id":"https:\/\/lumart.fr\/fr\/les-collections\/interieur\/lanternes-interieur\/monceau-lanterne-geant-193-4\/#webpage","url":"https:\/\/lumart.fr\/fr\/les-collections\/interieur\/lanternes-interieur\/monceau-lanterne-geant-193-4\/","name":"Lanterne Monceau G\u00e9ant (193\/4) - Lum'art","isPartOf":{"@id":"https:\/\/lumart.fr\/fr\/#website"},"primaryImageOfPage":{"@id":"https:\/\/lumart.fr\/fr\/les-collections\/interieur\/lanternes-interieur\/monceau-lanterne-geant-193-4\/#primaryimage"},"datePublished":"2017-12-18T14:34:50+00:00","dateModified":"2023-06-09T07:57:37+00:00","breadcrumb":{"@id":"https:\/\/lumart.fr\/fr\/les-collections\/interieur\/lanternes-interieur\/monceau-lanterne-geant-193-4\/#breadcrumb"},"inLanguage":"fr-FR","potentialAction":[{"@type":"ReadAction","target":["https:\/\/lumart.fr\/fr\/les-collections\/interieur\/lanternes-interieur\/monceau-lanterne-geant-193-4\/"]}]},{"@type":"BreadcrumbList","@id":"https:\/\/lumart.fr\/fr\/les-collections\/interieur\/lanternes-interieur\/monceau-lanterne-geant-193-4\/#breadcrumb","itemListElement":[{"@type":"ListItem","position":1,"name":"Home","item":"https:\/\/lumart.fr\/fr\/"},{"@type":"ListItem","position":2,"name":"Les Collections","item":"https:\/\/lumart.fr\/fr\/les-collections\/"},{"@type":"ListItem","position":3,"name":"Monceau - Lanterne G\u00e9ant"}]}]}},"_links":{"self":[{"href":"https:\/\/lumart.fr\/fr\/wp-json\/wp\/v2\/product\/6151"}],"collection":[{"href":"https:\/\/lumart.fr\/fr\/wp-json\/wp\/v2\/product"}],"about":[{"href":"https:\/\/lumart.fr\/fr\/wp-json\/wp\/v2\/types\/product"}],"wp:featuredmedia":[{"embeddable":true,"href":"https:\/\/lumart.fr\/fr\/wp-json\/wp\/v2\/media\/1901"}],"wp:attachment":[{"href":"https:\/\/lumart.fr\/fr\/wp-json\/wp\/v2\/media?parent=6151"}],"wp:term":[{"taxonomy":"product_cat","embeddable":true,"href":"https:\/\/lumart.fr\/fr\/wp-json\/wp\/v2\/product_cat?post=6151"},{"taxonomy":"product_tag","embeddable":true,"href":"https:\/\/lumart.fr\/fr\/wp-json\/wp\/v2\/product_tag?post=6151"}],"curies":[{"name":"wp","href":"https:\/\/api.w.org\/{rel}","templated":true}]}}