{"id":6143,"date":"2017-12-18T14:34:45","date_gmt":"2017-12-18T14:34:45","guid":{"rendered":"https:\/\/lumart.fr\/les-collections\/non%20class\u00e9\/megeve-applique-dangle-exterieur-gm-213-2\/"},"modified":"2023-07-05T14:18:07","modified_gmt":"2023-07-05T12:18:07","slug":"megeve-applique-dangle-exterieur-gm-213-2","status":"publish","type":"product","link":"https:\/\/lumart.fr\/fr\/les-collections\/exterieur\/appliques-dangle-exterieur\/megeve-applique-dangle-exterieur-gm-213-2\/","title":{"rendered":"Meg\u00e8ve - Applique d'angle ext\u00e9rieur GM"},"content":{"rendered":"<p>Inspir\u00e9e des lanternes du XIX\u00e8me si\u00e8cle, la collection Meg\u00e8ve allie \u00e9l\u00e9gance \u00e0 la fran\u00e7aise, simplicit\u00e9 des lignes et authenticit\u00e9. Parfaitement \u00e9quilibr\u00e9e, l&rsquo;inclinaison de ses faces vitr\u00e9es ponctu\u00e9es par quatre boules de laiton aux extr\u00e9mit\u00e9s ajoute une touche de sophistication \u00e0 cette tr\u00e8s belle lanterne.<\/p>\n","protected":false},"excerpt":{"rendered":"<p>Inspir\u00e9e des lanternes du XIX\u00e8me si\u00e8cle, la collection Meg\u00e8ve allie \u00e9l\u00e9gance \u00e0 la fran\u00e7aise, simplicit\u00e9 des lignes et authenticit\u00e9. Parfaitement \u00e9quilibr\u00e9e, l&rsquo;inclinaison de ses faces vitr\u00e9es ponctu\u00e9es par quatre boules de laiton aux extr\u00e9mit\u00e9s ajoute une touche de sophistication \u00e0 cette tr\u00e8s belle lanterne.<\/p>\n","protected":false},"featured_media":2017,"template":"","meta":[],"product_cat":[239],"product_tag":[],"acf":[],"yoast_head":"<!-- This site is optimized with the Yoast SEO plugin v17.8 - https:\/\/yoast.com\/wordpress\/plugins\/seo\/ -->\n<meta name=\"robots\" content=\"index, follow, max-snippet:-1, max-image-preview:large, max-video-preview:-1\" \/>\n<link rel=\"canonical\" href=\"https:\/\/lumart.fr\/fr\/les-collections\/exterieur\/appliques-dangle-exterieur\/megeve-applique-dangle-exterieur-gm-213-2\/\" \/>\n<meta property=\"og:locale\" content=\"fr_FR\" \/>\n<meta property=\"og:type\" content=\"article\" \/>\n<meta property=\"og:title\" content=\"Applique d&#039;angle ext\u00e9rieur Meg\u00e8ve GM (213\/2) - Lum&#039;art\" \/>\n<meta property=\"og:description\" content=\"Inspir\u00e9e des lanternes du XIX\u00e8me si\u00e8cle, la collection Meg\u00e8ve allie \u00e9l\u00e9gance \u00e0 la fran\u00e7aise, simplicit\u00e9 des lignes et authenticit\u00e9. Parfaitement \u00e9quilibr\u00e9e, l&rsquo;inclinaison de ses faces vitr\u00e9es ponctu\u00e9es par quatre boules de laiton aux extr\u00e9mit\u00e9s ajoute une touche de sophistication \u00e0 cette tr\u00e8s belle lanterne.\" \/>\n<meta property=\"og:url\" content=\"https:\/\/lumart.fr\/fr\/les-collections\/exterieur\/appliques-dangle-exterieur\/megeve-applique-dangle-exterieur-gm-213-2\/\" \/>\n<meta property=\"og:site_name\" content=\"Lum&#039;art\" \/>\n<meta property=\"article:publisher\" content=\"https:\/\/www.facebook.com\/LumArt-1543826629180391\/\" \/>\n<meta property=\"article:modified_time\" content=\"2023-07-05T12:18:07+00:00\" \/>\n<meta property=\"og:image\" content=\"https:\/\/lumart.fr\/wp-content\/uploads\/2017\/12\/213-2-Applique-angle-ext-Megeve-GM-VZ-Lumart-BD-2.jpg\" \/>\n\t<meta property=\"og:image:width\" content=\"2551\" \/>\n\t<meta property=\"og:image:height\" content=\"1701\" \/>\n<meta name=\"twitter:card\" content=\"summary\" \/>\n<script type=\"application\/ld+json\" class=\"yoast-schema-graph\">{\"@context\":\"https:\/\/schema.org\",\"@graph\":[{\"@type\":\"WebSite\",\"@id\":\"https:\/\/lumart.fr\/fr\/#website\",\"url\":\"https:\/\/lumart.fr\/fr\/\",\"name\":\"Lum'art\",\"description\":\"\",\"potentialAction\":[{\"@type\":\"SearchAction\",\"target\":{\"@type\":\"EntryPoint\",\"urlTemplate\":\"https:\/\/lumart.fr\/fr\/?s={search_term_string}\"},\"query-input\":\"required name=search_term_string\"}],\"inLanguage\":\"fr-FR\"},{\"@type\":\"ImageObject\",\"@id\":\"https:\/\/lumart.fr\/fr\/les-collections\/exterieur\/appliques-dangle-exterieur\/megeve-applique-dangle-exterieur-gm-213-2\/#primaryimage\",\"inLanguage\":\"fr-FR\",\"url\":\"\/wp-content\/uploads\/2017\/12\/213-2-Applique-angle-ext-Megeve-GM-VZ-Lumart-BD-2.jpg\",\"contentUrl\":\"\/wp-content\/uploads\/2017\/12\/213-2-Applique-angle-ext-Megeve-GM-VZ-Lumart-BD-2.jpg\",\"width\":2551,\"height\":1701,\"caption\":\"Applique d'angle ext\\u00e9rieur Meg\\u00e8ve GM - Finition vieux zinc\"},{\"@type\":\"WebPage\",\"@id\":\"https:\/\/lumart.fr\/fr\/les-collections\/exterieur\/appliques-dangle-exterieur\/megeve-applique-dangle-exterieur-gm-213-2\/#webpage\",\"url\":\"https:\/\/lumart.fr\/fr\/les-collections\/exterieur\/appliques-dangle-exterieur\/megeve-applique-dangle-exterieur-gm-213-2\/\",\"name\":\"Applique d'angle ext\\u00e9rieur Meg\\u00e8ve GM (213\/2) - Lum'art\",\"isPartOf\":{\"@id\":\"https:\/\/lumart.fr\/fr\/#website\"},\"primaryImageOfPage\":{\"@id\":\"https:\/\/lumart.fr\/fr\/les-collections\/exterieur\/appliques-dangle-exterieur\/megeve-applique-dangle-exterieur-gm-213-2\/#primaryimage\"},\"datePublished\":\"2017-12-18T14:34:45+00:00\",\"dateModified\":\"2023-07-05T12:18:07+00:00\",\"breadcrumb\":{\"@id\":\"https:\/\/lumart.fr\/fr\/les-collections\/exterieur\/appliques-dangle-exterieur\/megeve-applique-dangle-exterieur-gm-213-2\/#breadcrumb\"},\"inLanguage\":\"fr-FR\",\"potentialAction\":[{\"@type\":\"ReadAction\",\"target\":[\"https:\/\/lumart.fr\/fr\/les-collections\/exterieur\/appliques-dangle-exterieur\/megeve-applique-dangle-exterieur-gm-213-2\/\"]}]},{\"@type\":\"BreadcrumbList\",\"@id\":\"https:\/\/lumart.fr\/fr\/les-collections\/exterieur\/appliques-dangle-exterieur\/megeve-applique-dangle-exterieur-gm-213-2\/#breadcrumb\",\"itemListElement\":[{\"@type\":\"ListItem\",\"position\":1,\"name\":\"Home\",\"item\":\"https:\/\/lumart.fr\/fr\/\"},{\"@type\":\"ListItem\",\"position\":2,\"name\":\"Les Collections\",\"item\":\"https:\/\/lumart.fr\/fr\/les-collections\/\"},{\"@type\":\"ListItem\",\"position\":3,\"name\":\"Meg\\u00e8ve - Applique d'angle ext\\u00e9rieur GM\"}]}]}<\/script>\n<!-- \/ Yoast SEO plugin. -->","yoast_head_json":{"robots":{"index":"index","follow":"follow","max-snippet":"max-snippet:-1","max-image-preview":"max-image-preview:large","max-video-preview":"max-video-preview:-1"},"canonical":"https:\/\/lumart.fr\/fr\/les-collections\/exterieur\/appliques-dangle-exterieur\/megeve-applique-dangle-exterieur-gm-213-2\/","og_locale":"fr_FR","og_type":"article","og_title":"Applique d'angle ext\u00e9rieur Meg\u00e8ve GM (213\/2) - Lum'art","og_description":"Inspir\u00e9e des lanternes du XIX\u00e8me si\u00e8cle, la collection Meg\u00e8ve allie \u00e9l\u00e9gance \u00e0 la fran\u00e7aise, simplicit\u00e9 des lignes et authenticit\u00e9. Parfaitement \u00e9quilibr\u00e9e, l&rsquo;inclinaison de ses faces vitr\u00e9es ponctu\u00e9es par quatre boules de laiton aux extr\u00e9mit\u00e9s ajoute une touche de sophistication \u00e0 cette tr\u00e8s belle lanterne.","og_url":"https:\/\/lumart.fr\/fr\/les-collections\/exterieur\/appliques-dangle-exterieur\/megeve-applique-dangle-exterieur-gm-213-2\/","og_site_name":"Lum&#039;art","article_publisher":"https:\/\/www.facebook.com\/LumArt-1543826629180391\/","article_modified_time":"2023-07-05T12:18:07+00:00","og_image":[{"width":2551,"height":1701,"url":"https:\/\/lumart.fr\/wp-content\/uploads\/2017\/12\/213-2-Applique-angle-ext-Megeve-GM-VZ-Lumart-BD-2.jpg","type":"image\/jpeg"}],"twitter_card":"summary","schema":{"@context":"https:\/\/schema.org","@graph":[{"@type":"WebSite","@id":"https:\/\/lumart.fr\/fr\/#website","url":"https:\/\/lumart.fr\/fr\/","name":"Lum'art","description":"","potentialAction":[{"@type":"SearchAction","target":{"@type":"EntryPoint","urlTemplate":"https:\/\/lumart.fr\/fr\/?s={search_term_string}"},"query-input":"required name=search_term_string"}],"inLanguage":"fr-FR"},{"@type":"ImageObject","@id":"https:\/\/lumart.fr\/fr\/les-collections\/exterieur\/appliques-dangle-exterieur\/megeve-applique-dangle-exterieur-gm-213-2\/#primaryimage","inLanguage":"fr-FR","url":"\/wp-content\/uploads\/2017\/12\/213-2-Applique-angle-ext-Megeve-GM-VZ-Lumart-BD-2.jpg","contentUrl":"\/wp-content\/uploads\/2017\/12\/213-2-Applique-angle-ext-Megeve-GM-VZ-Lumart-BD-2.jpg","width":2551,"height":1701,"caption":"Applique d'angle ext\u00e9rieur Meg\u00e8ve GM - Finition vieux zinc"},{"@type":"WebPage","@id":"https:\/\/lumart.fr\/fr\/les-collections\/exterieur\/appliques-dangle-exterieur\/megeve-applique-dangle-exterieur-gm-213-2\/#webpage","url":"https:\/\/lumart.fr\/fr\/les-collections\/exterieur\/appliques-dangle-exterieur\/megeve-applique-dangle-exterieur-gm-213-2\/","name":"Applique d'angle ext\u00e9rieur Meg\u00e8ve GM (213\/2) - Lum'art","isPartOf":{"@id":"https:\/\/lumart.fr\/fr\/#website"},"primaryImageOfPage":{"@id":"https:\/\/lumart.fr\/fr\/les-collections\/exterieur\/appliques-dangle-exterieur\/megeve-applique-dangle-exterieur-gm-213-2\/#primaryimage"},"datePublished":"2017-12-18T14:34:45+00:00","dateModified":"2023-07-05T12:18:07+00:00","breadcrumb":{"@id":"https:\/\/lumart.fr\/fr\/les-collections\/exterieur\/appliques-dangle-exterieur\/megeve-applique-dangle-exterieur-gm-213-2\/#breadcrumb"},"inLanguage":"fr-FR","potentialAction":[{"@type":"ReadAction","target":["https:\/\/lumart.fr\/fr\/les-collections\/exterieur\/appliques-dangle-exterieur\/megeve-applique-dangle-exterieur-gm-213-2\/"]}]},{"@type":"BreadcrumbList","@id":"https:\/\/lumart.fr\/fr\/les-collections\/exterieur\/appliques-dangle-exterieur\/megeve-applique-dangle-exterieur-gm-213-2\/#breadcrumb","itemListElement":[{"@type":"ListItem","position":1,"name":"Home","item":"https:\/\/lumart.fr\/fr\/"},{"@type":"ListItem","position":2,"name":"Les Collections","item":"https:\/\/lumart.fr\/fr\/les-collections\/"},{"@type":"ListItem","position":3,"name":"Meg\u00e8ve - Applique d'angle ext\u00e9rieur GM"}]}]}},"_links":{"self":[{"href":"https:\/\/lumart.fr\/fr\/wp-json\/wp\/v2\/product\/6143"}],"collection":[{"href":"https:\/\/lumart.fr\/fr\/wp-json\/wp\/v2\/product"}],"about":[{"href":"https:\/\/lumart.fr\/fr\/wp-json\/wp\/v2\/types\/product"}],"wp:featuredmedia":[{"embeddable":true,"href":"https:\/\/lumart.fr\/fr\/wp-json\/wp\/v2\/media\/2017"}],"wp:attachment":[{"href":"https:\/\/lumart.fr\/fr\/wp-json\/wp\/v2\/media?parent=6143"}],"wp:term":[{"taxonomy":"product_cat","embeddable":true,"href":"https:\/\/lumart.fr\/fr\/wp-json\/wp\/v2\/product_cat?post=6143"},{"taxonomy":"product_tag","embeddable":true,"href":"https:\/\/lumart.fr\/fr\/wp-json\/wp\/v2\/product_tag?post=6143"}],"curies":[{"name":"wp","href":"https:\/\/api.w.org\/{rel}","templated":true}]}}