{"id":6118,"date":"2017-12-18T14:34:32","date_gmt":"2017-12-18T14:34:32","guid":{"rendered":"https:\/\/lumart.fr\/les-collections\/non%20class\u00e9\/luxembourg-applique-dangle-interieur-mm-289\/"},"modified":"2023-06-27T16:07:55","modified_gmt":"2023-06-27T14:07:55","slug":"luxembourg-applique-dangle-interieur-mm-289","status":"publish","type":"product","link":"https:\/\/lumart.fr\/fr\/les-collections\/exterieur\/appliques-dangle-interieur\/luxembourg-applique-dangle-interieur-mm-289\/","title":{"rendered":"Luxembourg - Applique d'angle int\u00e9rieur MM"},"content":{"rendered":"<p>Singuli\u00e8re par sa forme cylindrique (ou demi cylindrique pour les appliques), la collection Luxembourg conviendra \u00e0 un grand nombre d&rsquo;architectures, urbaine, rurale et m\u00eame montagnarde ou c\u00f4ti\u00e8re ! Ses volumes, tout en rondeur, la rendront tout naturellement l\u00e9gitime quand portes et fen\u00eatres seront en plein cintre.<\/p>\n","protected":false},"excerpt":{"rendered":"<p>Singuli\u00e8re par sa forme cylindrique (ou demi cylindrique pour les appliques), la collection Luxembourg conviendra \u00e0 un grand nombre d&rsquo;architectures, urbaine, rurale et m\u00eame montagnarde ou c\u00f4ti\u00e8re ! Ses volumes, tout en rondeur, la rendront tout naturellement l\u00e9gitime quand portes et fen\u00eatres seront en plein cintre.<\/p>\n","protected":false},"featured_media":2500,"template":"","meta":[],"product_cat":[246],"product_tag":[],"acf":[],"yoast_head":"<!-- This site is optimized with the Yoast SEO plugin v17.8 - https:\/\/yoast.com\/wordpress\/plugins\/seo\/ -->\n<meta name=\"description\" content=\"Singuli\u00e8re par sa forme cylindrique (ou demi cylindrique pour les appliques), la collection Luxembourg conviendra \u00e0 un grand nombre d&#039;architectures, urbaine, rurale et m\u00eame montagnarde ou c\u00f4ti\u00e8re !\" \/>\n<meta name=\"robots\" content=\"index, follow, max-snippet:-1, max-image-preview:large, max-video-preview:-1\" \/>\n<link rel=\"canonical\" href=\"https:\/\/lumart.fr\/fr\/les-collections\/exterieur\/appliques-dangle-interieur\/luxembourg-applique-dangle-interieur-mm-289\/\" \/>\n<meta property=\"og:locale\" content=\"fr_FR\" \/>\n<meta property=\"og:type\" content=\"article\" \/>\n<meta property=\"og:title\" content=\"Applique d&#039;angle int\u00e9rieur Luxembourg MM (289) - Lum&#039;art\" \/>\n<meta property=\"og:description\" content=\"Singuli\u00e8re par sa forme cylindrique (ou demi cylindrique pour les appliques), la collection Luxembourg conviendra \u00e0 un grand nombre d&#039;architectures, urbaine, rurale et m\u00eame montagnarde ou c\u00f4ti\u00e8re !\" \/>\n<meta property=\"og:url\" content=\"https:\/\/lumart.fr\/fr\/les-collections\/exterieur\/appliques-dangle-interieur\/luxembourg-applique-dangle-interieur-mm-289\/\" \/>\n<meta property=\"og:site_name\" content=\"Lum&#039;art\" \/>\n<meta property=\"article:publisher\" content=\"https:\/\/www.facebook.com\/LumArt-1543826629180391\/\" \/>\n<meta property=\"article:modified_time\" content=\"2023-06-27T14:07:55+00:00\" \/>\n<meta property=\"og:image\" content=\"https:\/\/lumart.fr\/wp-content\/uploads\/2017\/12\/289-applique-angle-int-Luxembourg-MM-LPA-Lumart-BD-1.jpg\" \/>\n\t<meta property=\"og:image:width\" content=\"2551\" \/>\n\t<meta property=\"og:image:height\" content=\"1701\" \/>\n<meta name=\"twitter:card\" content=\"summary\" \/>\n<script type=\"application\/ld+json\" class=\"yoast-schema-graph\">{\"@context\":\"https:\/\/schema.org\",\"@graph\":[{\"@type\":\"WebSite\",\"@id\":\"https:\/\/lumart.fr\/fr\/#website\",\"url\":\"https:\/\/lumart.fr\/fr\/\",\"name\":\"Lum'art\",\"description\":\"\",\"potentialAction\":[{\"@type\":\"SearchAction\",\"target\":{\"@type\":\"EntryPoint\",\"urlTemplate\":\"https:\/\/lumart.fr\/fr\/?s={search_term_string}\"},\"query-input\":\"required name=search_term_string\"}],\"inLanguage\":\"fr-FR\"},{\"@type\":\"ImageObject\",\"@id\":\"https:\/\/lumart.fr\/fr\/les-collections\/exterieur\/appliques-dangle-interieur\/luxembourg-applique-dangle-interieur-mm-289\/#primaryimage\",\"inLanguage\":\"fr-FR\",\"url\":\"\/wp-content\/uploads\/2017\/12\/289-applique-angle-int-Luxembourg-MM-LPA-Lumart-BD-1.jpg\",\"contentUrl\":\"\/wp-content\/uploads\/2017\/12\/289-applique-angle-int-Luxembourg-MM-LPA-Lumart-BD-1.jpg\",\"width\":2551,\"height\":1701,\"caption\":\"Applique d'angle int\\u00e9rieur Luxembourg MM - Finition laiton patin\\u00e9 acide\"},{\"@type\":\"WebPage\",\"@id\":\"https:\/\/lumart.fr\/fr\/les-collections\/exterieur\/appliques-dangle-interieur\/luxembourg-applique-dangle-interieur-mm-289\/#webpage\",\"url\":\"https:\/\/lumart.fr\/fr\/les-collections\/exterieur\/appliques-dangle-interieur\/luxembourg-applique-dangle-interieur-mm-289\/\",\"name\":\"Applique d'angle int\\u00e9rieur Luxembourg MM (289) - Lum'art\",\"isPartOf\":{\"@id\":\"https:\/\/lumart.fr\/fr\/#website\"},\"primaryImageOfPage\":{\"@id\":\"https:\/\/lumart.fr\/fr\/les-collections\/exterieur\/appliques-dangle-interieur\/luxembourg-applique-dangle-interieur-mm-289\/#primaryimage\"},\"datePublished\":\"2017-12-18T14:34:32+00:00\",\"dateModified\":\"2023-06-27T14:07:55+00:00\",\"description\":\"Singuli\\u00e8re par sa forme cylindrique (ou demi cylindrique pour les appliques), la collection Luxembourg conviendra \\u00e0 un grand nombre d'architectures, urbaine, rurale et m\\u00eame montagnarde ou c\\u00f4ti\\u00e8re !\",\"breadcrumb\":{\"@id\":\"https:\/\/lumart.fr\/fr\/les-collections\/exterieur\/appliques-dangle-interieur\/luxembourg-applique-dangle-interieur-mm-289\/#breadcrumb\"},\"inLanguage\":\"fr-FR\",\"potentialAction\":[{\"@type\":\"ReadAction\",\"target\":[\"https:\/\/lumart.fr\/fr\/les-collections\/exterieur\/appliques-dangle-interieur\/luxembourg-applique-dangle-interieur-mm-289\/\"]}]},{\"@type\":\"BreadcrumbList\",\"@id\":\"https:\/\/lumart.fr\/fr\/les-collections\/exterieur\/appliques-dangle-interieur\/luxembourg-applique-dangle-interieur-mm-289\/#breadcrumb\",\"itemListElement\":[{\"@type\":\"ListItem\",\"position\":1,\"name\":\"Home\",\"item\":\"https:\/\/lumart.fr\/fr\/\"},{\"@type\":\"ListItem\",\"position\":2,\"name\":\"Les Collections\",\"item\":\"https:\/\/lumart.fr\/fr\/les-collections\/\"},{\"@type\":\"ListItem\",\"position\":3,\"name\":\"Luxembourg - Applique d'angle int\\u00e9rieur MM\"}]}]}<\/script>\n<!-- \/ Yoast SEO plugin. -->","yoast_head_json":{"description":"Singuli\u00e8re par sa forme cylindrique (ou demi cylindrique pour les appliques), la collection Luxembourg conviendra \u00e0 un grand nombre d'architectures, urbaine, rurale et m\u00eame montagnarde ou c\u00f4ti\u00e8re !","robots":{"index":"index","follow":"follow","max-snippet":"max-snippet:-1","max-image-preview":"max-image-preview:large","max-video-preview":"max-video-preview:-1"},"canonical":"https:\/\/lumart.fr\/fr\/les-collections\/exterieur\/appliques-dangle-interieur\/luxembourg-applique-dangle-interieur-mm-289\/","og_locale":"fr_FR","og_type":"article","og_title":"Applique d'angle int\u00e9rieur Luxembourg MM (289) - Lum'art","og_description":"Singuli\u00e8re par sa forme cylindrique (ou demi cylindrique pour les appliques), la collection Luxembourg conviendra \u00e0 un grand nombre d'architectures, urbaine, rurale et m\u00eame montagnarde ou c\u00f4ti\u00e8re !","og_url":"https:\/\/lumart.fr\/fr\/les-collections\/exterieur\/appliques-dangle-interieur\/luxembourg-applique-dangle-interieur-mm-289\/","og_site_name":"Lum&#039;art","article_publisher":"https:\/\/www.facebook.com\/LumArt-1543826629180391\/","article_modified_time":"2023-06-27T14:07:55+00:00","og_image":[{"width":2551,"height":1701,"url":"https:\/\/lumart.fr\/wp-content\/uploads\/2017\/12\/289-applique-angle-int-Luxembourg-MM-LPA-Lumart-BD-1.jpg","type":"image\/jpeg"}],"twitter_card":"summary","schema":{"@context":"https:\/\/schema.org","@graph":[{"@type":"WebSite","@id":"https:\/\/lumart.fr\/fr\/#website","url":"https:\/\/lumart.fr\/fr\/","name":"Lum'art","description":"","potentialAction":[{"@type":"SearchAction","target":{"@type":"EntryPoint","urlTemplate":"https:\/\/lumart.fr\/fr\/?s={search_term_string}"},"query-input":"required name=search_term_string"}],"inLanguage":"fr-FR"},{"@type":"ImageObject","@id":"https:\/\/lumart.fr\/fr\/les-collections\/exterieur\/appliques-dangle-interieur\/luxembourg-applique-dangle-interieur-mm-289\/#primaryimage","inLanguage":"fr-FR","url":"\/wp-content\/uploads\/2017\/12\/289-applique-angle-int-Luxembourg-MM-LPA-Lumart-BD-1.jpg","contentUrl":"\/wp-content\/uploads\/2017\/12\/289-applique-angle-int-Luxembourg-MM-LPA-Lumart-BD-1.jpg","width":2551,"height":1701,"caption":"Applique d'angle int\u00e9rieur Luxembourg MM - Finition laiton patin\u00e9 acide"},{"@type":"WebPage","@id":"https:\/\/lumart.fr\/fr\/les-collections\/exterieur\/appliques-dangle-interieur\/luxembourg-applique-dangle-interieur-mm-289\/#webpage","url":"https:\/\/lumart.fr\/fr\/les-collections\/exterieur\/appliques-dangle-interieur\/luxembourg-applique-dangle-interieur-mm-289\/","name":"Applique d'angle int\u00e9rieur Luxembourg MM (289) - Lum'art","isPartOf":{"@id":"https:\/\/lumart.fr\/fr\/#website"},"primaryImageOfPage":{"@id":"https:\/\/lumart.fr\/fr\/les-collections\/exterieur\/appliques-dangle-interieur\/luxembourg-applique-dangle-interieur-mm-289\/#primaryimage"},"datePublished":"2017-12-18T14:34:32+00:00","dateModified":"2023-06-27T14:07:55+00:00","description":"Singuli\u00e8re par sa forme cylindrique (ou demi cylindrique pour les appliques), la collection Luxembourg conviendra \u00e0 un grand nombre d'architectures, urbaine, rurale et m\u00eame montagnarde ou c\u00f4ti\u00e8re !","breadcrumb":{"@id":"https:\/\/lumart.fr\/fr\/les-collections\/exterieur\/appliques-dangle-interieur\/luxembourg-applique-dangle-interieur-mm-289\/#breadcrumb"},"inLanguage":"fr-FR","potentialAction":[{"@type":"ReadAction","target":["https:\/\/lumart.fr\/fr\/les-collections\/exterieur\/appliques-dangle-interieur\/luxembourg-applique-dangle-interieur-mm-289\/"]}]},{"@type":"BreadcrumbList","@id":"https:\/\/lumart.fr\/fr\/les-collections\/exterieur\/appliques-dangle-interieur\/luxembourg-applique-dangle-interieur-mm-289\/#breadcrumb","itemListElement":[{"@type":"ListItem","position":1,"name":"Home","item":"https:\/\/lumart.fr\/fr\/"},{"@type":"ListItem","position":2,"name":"Les Collections","item":"https:\/\/lumart.fr\/fr\/les-collections\/"},{"@type":"ListItem","position":3,"name":"Luxembourg - Applique d'angle int\u00e9rieur MM"}]}]}},"_links":{"self":[{"href":"https:\/\/lumart.fr\/fr\/wp-json\/wp\/v2\/product\/6118"}],"collection":[{"href":"https:\/\/lumart.fr\/fr\/wp-json\/wp\/v2\/product"}],"about":[{"href":"https:\/\/lumart.fr\/fr\/wp-json\/wp\/v2\/types\/product"}],"wp:featuredmedia":[{"embeddable":true,"href":"https:\/\/lumart.fr\/fr\/wp-json\/wp\/v2\/media\/2500"}],"wp:attachment":[{"href":"https:\/\/lumart.fr\/fr\/wp-json\/wp\/v2\/media?parent=6118"}],"wp:term":[{"taxonomy":"product_cat","embeddable":true,"href":"https:\/\/lumart.fr\/fr\/wp-json\/wp\/v2\/product_cat?post=6118"},{"taxonomy":"product_tag","embeddable":true,"href":"https:\/\/lumart.fr\/fr\/wp-json\/wp\/v2\/product_tag?post=6118"}],"curies":[{"name":"wp","href":"https:\/\/api.w.org\/{rel}","templated":true}]}}