{"id":6113,"date":"2017-12-18T14:34:29","date_gmt":"2017-12-18T14:34:29","guid":{"rendered":"https:\/\/lumart.fr\/les-collections\/non%20class\u00e9\/louis-xvi-applique-tgm-222-2\/"},"modified":"2023-06-27T16:14:47","modified_gmt":"2023-06-27T14:14:47","slug":"louis-xvi-applique-tgm-222-2","status":"publish","type":"product","link":"https:\/\/lumart.fr\/fr\/les-collections\/exterieur\/appliques-exterieur\/louis-xvi-applique-tgm-222-2\/","title":{"rendered":"Louis XVI - Applique TGM"},"content":{"rendered":"<p>Avec Louis XVI, Lum&rsquo;art signe un grand classique du XVIII\u00e8me flamboyant. Particuli\u00e8rement \u00e9l\u00e9gante et \u00e9lanc\u00e9e, cette lanterne est tout \u00e0 son aise aussi bien \u00e0 l&rsquo;ext\u00e9rieur qu&rsquo;\u00e0 l&rsquo;int\u00e9rieur dans un environnement qui lui sied, noblesse oblige !<\/p>\n","protected":false},"excerpt":{"rendered":"<p>Avec Louis XVI, Lum&rsquo;art signe un grand classique du XVIII\u00e8me flamboyant. Particuli\u00e8rement \u00e9l\u00e9gante et \u00e9lanc\u00e9e, cette lanterne est tout \u00e0 son aise aussi bien \u00e0 l&rsquo;ext\u00e9rieur qu&rsquo;\u00e0 l&rsquo;int\u00e9rieur dans un environnement qui lui sied, noblesse oblige !<\/p>\n","protected":false},"featured_media":2077,"template":"","meta":[],"product_cat":[231],"product_tag":[],"acf":[],"yoast_head":"<!-- This site is optimized with the Yoast SEO plugin v17.8 - https:\/\/yoast.com\/wordpress\/plugins\/seo\/ -->\n<meta name=\"description\" content=\"Avec Louis XVI, Lum&#039;art signe un grand classique du XVIII\u00e8me flamboyant. Particuli\u00e8rement \u00e9l\u00e9gante et \u00e9lanc\u00e9e, cette lanterne est tout \u00e0 son aise aussi bien \u00e0 l&#039;ext\u00e9rieur qu&#039;\u00e0 l&#039;int\u00e9rieur dans un environnement qui lui sied, noblesse oblige !\" \/>\n<meta name=\"robots\" content=\"index, follow, max-snippet:-1, max-image-preview:large, max-video-preview:-1\" \/>\n<link rel=\"canonical\" href=\"https:\/\/lumart.fr\/fr\/les-collections\/exterieur\/appliques-exterieur\/louis-xvi-applique-tgm-222-2\/\" \/>\n<meta property=\"og:locale\" content=\"fr_FR\" \/>\n<meta property=\"og:type\" content=\"article\" \/>\n<meta property=\"og:title\" content=\"Applique Louis XVI TGM (222\/2)\" \/>\n<meta property=\"og:description\" content=\"Avec Louis XVI, Lum&#039;art signe un grand classique du XVIII\u00e8me flamboyant. Particuli\u00e8rement \u00e9l\u00e9gante et \u00e9lanc\u00e9e, cette lanterne est tout \u00e0 son aise aussi bien \u00e0 l&#039;ext\u00e9rieur qu&#039;\u00e0 l&#039;int\u00e9rieur dans un environnement qui lui sied, noblesse oblige !\" \/>\n<meta property=\"og:url\" content=\"https:\/\/lumart.fr\/fr\/les-collections\/exterieur\/appliques-exterieur\/louis-xvi-applique-tgm-222-2\/\" \/>\n<meta property=\"og:site_name\" content=\"Lum&#039;art\" \/>\n<meta property=\"article:publisher\" content=\"https:\/\/www.facebook.com\/LumArt-1543826629180391\/\" \/>\n<meta property=\"article:modified_time\" content=\"2023-06-27T14:14:47+00:00\" \/>\n<meta property=\"og:image\" content=\"https:\/\/lumart.fr\/wp-content\/uploads\/2017\/12\/222-2-Applique-Louis-XVI-TGM-VL-Lumart-BD-3.jpg\" \/>\n\t<meta property=\"og:image:width\" content=\"2551\" \/>\n\t<meta property=\"og:image:height\" content=\"1701\" \/>\n<meta name=\"twitter:card\" content=\"summary\" \/>\n<script type=\"application\/ld+json\" class=\"yoast-schema-graph\">{\"@context\":\"https:\/\/schema.org\",\"@graph\":[{\"@type\":\"WebSite\",\"@id\":\"https:\/\/lumart.fr\/fr\/#website\",\"url\":\"https:\/\/lumart.fr\/fr\/\",\"name\":\"Lum'art\",\"description\":\"\",\"potentialAction\":[{\"@type\":\"SearchAction\",\"target\":{\"@type\":\"EntryPoint\",\"urlTemplate\":\"https:\/\/lumart.fr\/fr\/?s={search_term_string}\"},\"query-input\":\"required name=search_term_string\"}],\"inLanguage\":\"fr-FR\"},{\"@type\":\"ImageObject\",\"@id\":\"https:\/\/lumart.fr\/fr\/les-collections\/exterieur\/appliques-exterieur\/louis-xvi-applique-tgm-222-2\/#primaryimage\",\"inLanguage\":\"fr-FR\",\"url\":\"\/wp-content\/uploads\/2017\/12\/222-2-Applique-Louis-XVI-TGM-VL-Lumart-BD-3.jpg\",\"contentUrl\":\"\/wp-content\/uploads\/2017\/12\/222-2-Applique-Louis-XVI-TGM-VL-Lumart-BD-3.jpg\",\"width\":2551,\"height\":1701,\"caption\":\"Applique Louis XVI TGM - Finition vieux laiton\"},{\"@type\":\"WebPage\",\"@id\":\"https:\/\/lumart.fr\/fr\/les-collections\/exterieur\/appliques-exterieur\/louis-xvi-applique-tgm-222-2\/#webpage\",\"url\":\"https:\/\/lumart.fr\/fr\/les-collections\/exterieur\/appliques-exterieur\/louis-xvi-applique-tgm-222-2\/\",\"name\":\"Applique Louis XVI TGM (222\/2)\",\"isPartOf\":{\"@id\":\"https:\/\/lumart.fr\/fr\/#website\"},\"primaryImageOfPage\":{\"@id\":\"https:\/\/lumart.fr\/fr\/les-collections\/exterieur\/appliques-exterieur\/louis-xvi-applique-tgm-222-2\/#primaryimage\"},\"datePublished\":\"2017-12-18T14:34:29+00:00\",\"dateModified\":\"2023-06-27T14:14:47+00:00\",\"description\":\"Avec Louis XVI, Lum'art signe un grand classique du XVIII\\u00e8me flamboyant. Particuli\\u00e8rement \\u00e9l\\u00e9gante et \\u00e9lanc\\u00e9e, cette lanterne est tout \\u00e0 son aise aussi bien \\u00e0 l'ext\\u00e9rieur qu'\\u00e0 l'int\\u00e9rieur dans un environnement qui lui sied, noblesse oblige !\",\"breadcrumb\":{\"@id\":\"https:\/\/lumart.fr\/fr\/les-collections\/exterieur\/appliques-exterieur\/louis-xvi-applique-tgm-222-2\/#breadcrumb\"},\"inLanguage\":\"fr-FR\",\"potentialAction\":[{\"@type\":\"ReadAction\",\"target\":[\"https:\/\/lumart.fr\/fr\/les-collections\/exterieur\/appliques-exterieur\/louis-xvi-applique-tgm-222-2\/\"]}]},{\"@type\":\"BreadcrumbList\",\"@id\":\"https:\/\/lumart.fr\/fr\/les-collections\/exterieur\/appliques-exterieur\/louis-xvi-applique-tgm-222-2\/#breadcrumb\",\"itemListElement\":[{\"@type\":\"ListItem\",\"position\":1,\"name\":\"Home\",\"item\":\"https:\/\/lumart.fr\/fr\/\"},{\"@type\":\"ListItem\",\"position\":2,\"name\":\"Les Collections\",\"item\":\"https:\/\/lumart.fr\/fr\/les-collections\/\"},{\"@type\":\"ListItem\",\"position\":3,\"name\":\"Louis XVI - Applique TGM\"}]}]}<\/script>\n<!-- \/ Yoast SEO plugin. -->","yoast_head_json":{"description":"Avec Louis XVI, Lum'art signe un grand classique du XVIII\u00e8me flamboyant. Particuli\u00e8rement \u00e9l\u00e9gante et \u00e9lanc\u00e9e, cette lanterne est tout \u00e0 son aise aussi bien \u00e0 l'ext\u00e9rieur qu'\u00e0 l'int\u00e9rieur dans un environnement qui lui sied, noblesse oblige !","robots":{"index":"index","follow":"follow","max-snippet":"max-snippet:-1","max-image-preview":"max-image-preview:large","max-video-preview":"max-video-preview:-1"},"canonical":"https:\/\/lumart.fr\/fr\/les-collections\/exterieur\/appliques-exterieur\/louis-xvi-applique-tgm-222-2\/","og_locale":"fr_FR","og_type":"article","og_title":"Applique Louis XVI TGM (222\/2)","og_description":"Avec Louis XVI, Lum'art signe un grand classique du XVIII\u00e8me flamboyant. Particuli\u00e8rement \u00e9l\u00e9gante et \u00e9lanc\u00e9e, cette lanterne est tout \u00e0 son aise aussi bien \u00e0 l'ext\u00e9rieur qu'\u00e0 l'int\u00e9rieur dans un environnement qui lui sied, noblesse oblige !","og_url":"https:\/\/lumart.fr\/fr\/les-collections\/exterieur\/appliques-exterieur\/louis-xvi-applique-tgm-222-2\/","og_site_name":"Lum&#039;art","article_publisher":"https:\/\/www.facebook.com\/LumArt-1543826629180391\/","article_modified_time":"2023-06-27T14:14:47+00:00","og_image":[{"width":2551,"height":1701,"url":"https:\/\/lumart.fr\/wp-content\/uploads\/2017\/12\/222-2-Applique-Louis-XVI-TGM-VL-Lumart-BD-3.jpg","type":"image\/jpeg"}],"twitter_card":"summary","schema":{"@context":"https:\/\/schema.org","@graph":[{"@type":"WebSite","@id":"https:\/\/lumart.fr\/fr\/#website","url":"https:\/\/lumart.fr\/fr\/","name":"Lum'art","description":"","potentialAction":[{"@type":"SearchAction","target":{"@type":"EntryPoint","urlTemplate":"https:\/\/lumart.fr\/fr\/?s={search_term_string}"},"query-input":"required name=search_term_string"}],"inLanguage":"fr-FR"},{"@type":"ImageObject","@id":"https:\/\/lumart.fr\/fr\/les-collections\/exterieur\/appliques-exterieur\/louis-xvi-applique-tgm-222-2\/#primaryimage","inLanguage":"fr-FR","url":"\/wp-content\/uploads\/2017\/12\/222-2-Applique-Louis-XVI-TGM-VL-Lumart-BD-3.jpg","contentUrl":"\/wp-content\/uploads\/2017\/12\/222-2-Applique-Louis-XVI-TGM-VL-Lumart-BD-3.jpg","width":2551,"height":1701,"caption":"Applique Louis XVI TGM - Finition vieux laiton"},{"@type":"WebPage","@id":"https:\/\/lumart.fr\/fr\/les-collections\/exterieur\/appliques-exterieur\/louis-xvi-applique-tgm-222-2\/#webpage","url":"https:\/\/lumart.fr\/fr\/les-collections\/exterieur\/appliques-exterieur\/louis-xvi-applique-tgm-222-2\/","name":"Applique Louis XVI TGM (222\/2)","isPartOf":{"@id":"https:\/\/lumart.fr\/fr\/#website"},"primaryImageOfPage":{"@id":"https:\/\/lumart.fr\/fr\/les-collections\/exterieur\/appliques-exterieur\/louis-xvi-applique-tgm-222-2\/#primaryimage"},"datePublished":"2017-12-18T14:34:29+00:00","dateModified":"2023-06-27T14:14:47+00:00","description":"Avec Louis XVI, Lum'art signe un grand classique du XVIII\u00e8me flamboyant. Particuli\u00e8rement \u00e9l\u00e9gante et \u00e9lanc\u00e9e, cette lanterne est tout \u00e0 son aise aussi bien \u00e0 l'ext\u00e9rieur qu'\u00e0 l'int\u00e9rieur dans un environnement qui lui sied, noblesse oblige !","breadcrumb":{"@id":"https:\/\/lumart.fr\/fr\/les-collections\/exterieur\/appliques-exterieur\/louis-xvi-applique-tgm-222-2\/#breadcrumb"},"inLanguage":"fr-FR","potentialAction":[{"@type":"ReadAction","target":["https:\/\/lumart.fr\/fr\/les-collections\/exterieur\/appliques-exterieur\/louis-xvi-applique-tgm-222-2\/"]}]},{"@type":"BreadcrumbList","@id":"https:\/\/lumart.fr\/fr\/les-collections\/exterieur\/appliques-exterieur\/louis-xvi-applique-tgm-222-2\/#breadcrumb","itemListElement":[{"@type":"ListItem","position":1,"name":"Home","item":"https:\/\/lumart.fr\/fr\/"},{"@type":"ListItem","position":2,"name":"Les Collections","item":"https:\/\/lumart.fr\/fr\/les-collections\/"},{"@type":"ListItem","position":3,"name":"Louis XVI - Applique TGM"}]}]}},"_links":{"self":[{"href":"https:\/\/lumart.fr\/fr\/wp-json\/wp\/v2\/product\/6113"}],"collection":[{"href":"https:\/\/lumart.fr\/fr\/wp-json\/wp\/v2\/product"}],"about":[{"href":"https:\/\/lumart.fr\/fr\/wp-json\/wp\/v2\/types\/product"}],"wp:featuredmedia":[{"embeddable":true,"href":"https:\/\/lumart.fr\/fr\/wp-json\/wp\/v2\/media\/2077"}],"wp:attachment":[{"href":"https:\/\/lumart.fr\/fr\/wp-json\/wp\/v2\/media?parent=6113"}],"wp:term":[{"taxonomy":"product_cat","embeddable":true,"href":"https:\/\/lumart.fr\/fr\/wp-json\/wp\/v2\/product_cat?post=6113"},{"taxonomy":"product_tag","embeddable":true,"href":"https:\/\/lumart.fr\/fr\/wp-json\/wp\/v2\/product_tag?post=6113"}],"curies":[{"name":"wp","href":"https:\/\/api.w.org\/{rel}","templated":true}]}}