{"id":6111,"date":"2017-12-18T14:34:28","date_gmt":"2017-12-18T14:34:28","guid":{"rendered":"https:\/\/lumart.fr\/les-collections\/non%20class\u00e9\/longchamp-applique-gm-2108-2\/"},"modified":"2023-06-27T16:19:03","modified_gmt":"2023-06-27T14:19:03","slug":"longchamp-applique-gm-2108-2","status":"publish","type":"product","link":"https:\/\/lumart.fr\/fr\/les-collections\/exterieur\/appliques-exterieur\/longchamp-applique-gm-2108-2\/","title":{"rendered":"Longchamp - Applique GM"},"content":{"rendered":"<p>L&rsquo;applique Longchamp reprend le design de la collection Morzine mais s&rsquo;offre deux lumi\u00e8res. A envisager \u00e0 la ville comme \u00e0 la campagne !<\/p>\n","protected":false},"excerpt":{"rendered":"<p>L&rsquo;applique Longchamp reprend le design de la collection Morzine mais s&rsquo;offre deux lumi\u00e8res. A envisager \u00e0 la ville comme \u00e0 la campagne !<\/p>\n","protected":false},"featured_media":2922,"template":"","meta":[],"product_cat":[231],"product_tag":[],"acf":[],"yoast_head":"<!-- This site is optimized with the Yoast SEO plugin v17.8 - https:\/\/yoast.com\/wordpress\/plugins\/seo\/ -->\n<meta name=\"description\" content=\"L&#039;applique Longchamp reprend le design de la collection Morzine mais s&#039;offre deux lumi\u00e8res. A envisager \u00e0 la ville comme \u00e0 la campagne !\" \/>\n<meta name=\"robots\" content=\"index, follow, max-snippet:-1, max-image-preview:large, max-video-preview:-1\" \/>\n<link rel=\"canonical\" href=\"https:\/\/lumart.fr\/fr\/les-collections\/exterieur\/appliques-exterieur\/longchamp-applique-gm-2108-2\/\" \/>\n<meta property=\"og:locale\" content=\"fr_FR\" \/>\n<meta property=\"og:type\" content=\"article\" \/>\n<meta property=\"og:title\" content=\"Applique Longchamp GM (2108\/2)\" \/>\n<meta property=\"og:description\" content=\"L&#039;applique Longchamp reprend le design de la collection Morzine mais s&#039;offre deux lumi\u00e8res. A envisager \u00e0 la ville comme \u00e0 la campagne !\" \/>\n<meta property=\"og:url\" content=\"https:\/\/lumart.fr\/fr\/les-collections\/exterieur\/appliques-exterieur\/longchamp-applique-gm-2108-2\/\" \/>\n<meta property=\"og:site_name\" content=\"Lum&#039;art\" \/>\n<meta property=\"article:publisher\" content=\"https:\/\/www.facebook.com\/LumArt-1543826629180391\/\" \/>\n<meta property=\"article:modified_time\" content=\"2023-06-27T14:19:03+00:00\" \/>\n<meta property=\"og:image\" content=\"https:\/\/lumart.fr\/wp-content\/uploads\/2017\/12\/2108-2-Applique-Longchamps-GM-VZ-Lumart-BD-3.jpg\" \/>\n\t<meta property=\"og:image:width\" content=\"2551\" \/>\n\t<meta property=\"og:image:height\" content=\"1701\" \/>\n<meta name=\"twitter:card\" content=\"summary\" \/>\n<script type=\"application\/ld+json\" class=\"yoast-schema-graph\">{\"@context\":\"https:\/\/schema.org\",\"@graph\":[{\"@type\":\"WebSite\",\"@id\":\"https:\/\/lumart.fr\/fr\/#website\",\"url\":\"https:\/\/lumart.fr\/fr\/\",\"name\":\"Lum'art\",\"description\":\"\",\"potentialAction\":[{\"@type\":\"SearchAction\",\"target\":{\"@type\":\"EntryPoint\",\"urlTemplate\":\"https:\/\/lumart.fr\/fr\/?s={search_term_string}\"},\"query-input\":\"required name=search_term_string\"}],\"inLanguage\":\"fr-FR\"},{\"@type\":\"ImageObject\",\"@id\":\"https:\/\/lumart.fr\/fr\/les-collections\/exterieur\/appliques-exterieur\/longchamp-applique-gm-2108-2\/#primaryimage\",\"inLanguage\":\"fr-FR\",\"url\":\"\/wp-content\/uploads\/2017\/12\/2108-2-Applique-Longchamps-GM-VZ-Lumart-BD-3.jpg\",\"contentUrl\":\"\/wp-content\/uploads\/2017\/12\/2108-2-Applique-Longchamps-GM-VZ-Lumart-BD-3.jpg\",\"width\":2551,\"height\":1701,\"caption\":\"Applique Longchamp GM - Finition vieux zinc\"},{\"@type\":\"WebPage\",\"@id\":\"https:\/\/lumart.fr\/fr\/les-collections\/exterieur\/appliques-exterieur\/longchamp-applique-gm-2108-2\/#webpage\",\"url\":\"https:\/\/lumart.fr\/fr\/les-collections\/exterieur\/appliques-exterieur\/longchamp-applique-gm-2108-2\/\",\"name\":\"Applique Longchamp GM (2108\/2)\",\"isPartOf\":{\"@id\":\"https:\/\/lumart.fr\/fr\/#website\"},\"primaryImageOfPage\":{\"@id\":\"https:\/\/lumart.fr\/fr\/les-collections\/exterieur\/appliques-exterieur\/longchamp-applique-gm-2108-2\/#primaryimage\"},\"datePublished\":\"2017-12-18T14:34:28+00:00\",\"dateModified\":\"2023-06-27T14:19:03+00:00\",\"description\":\"L'applique Longchamp reprend le design de la collection Morzine mais s'offre deux lumi\\u00e8res. A envisager \\u00e0 la ville comme \\u00e0 la campagne !\",\"breadcrumb\":{\"@id\":\"https:\/\/lumart.fr\/fr\/les-collections\/exterieur\/appliques-exterieur\/longchamp-applique-gm-2108-2\/#breadcrumb\"},\"inLanguage\":\"fr-FR\",\"potentialAction\":[{\"@type\":\"ReadAction\",\"target\":[\"https:\/\/lumart.fr\/fr\/les-collections\/exterieur\/appliques-exterieur\/longchamp-applique-gm-2108-2\/\"]}]},{\"@type\":\"BreadcrumbList\",\"@id\":\"https:\/\/lumart.fr\/fr\/les-collections\/exterieur\/appliques-exterieur\/longchamp-applique-gm-2108-2\/#breadcrumb\",\"itemListElement\":[{\"@type\":\"ListItem\",\"position\":1,\"name\":\"Home\",\"item\":\"https:\/\/lumart.fr\/fr\/\"},{\"@type\":\"ListItem\",\"position\":2,\"name\":\"Les Collections\",\"item\":\"https:\/\/lumart.fr\/fr\/les-collections\/\"},{\"@type\":\"ListItem\",\"position\":3,\"name\":\"Longchamp - Applique GM\"}]}]}<\/script>\n<!-- \/ Yoast SEO plugin. -->","yoast_head_json":{"description":"L'applique Longchamp reprend le design de la collection Morzine mais s'offre deux lumi\u00e8res. A envisager \u00e0 la ville comme \u00e0 la campagne !","robots":{"index":"index","follow":"follow","max-snippet":"max-snippet:-1","max-image-preview":"max-image-preview:large","max-video-preview":"max-video-preview:-1"},"canonical":"https:\/\/lumart.fr\/fr\/les-collections\/exterieur\/appliques-exterieur\/longchamp-applique-gm-2108-2\/","og_locale":"fr_FR","og_type":"article","og_title":"Applique Longchamp GM (2108\/2)","og_description":"L'applique Longchamp reprend le design de la collection Morzine mais s'offre deux lumi\u00e8res. A envisager \u00e0 la ville comme \u00e0 la campagne !","og_url":"https:\/\/lumart.fr\/fr\/les-collections\/exterieur\/appliques-exterieur\/longchamp-applique-gm-2108-2\/","og_site_name":"Lum&#039;art","article_publisher":"https:\/\/www.facebook.com\/LumArt-1543826629180391\/","article_modified_time":"2023-06-27T14:19:03+00:00","og_image":[{"width":2551,"height":1701,"url":"https:\/\/lumart.fr\/wp-content\/uploads\/2017\/12\/2108-2-Applique-Longchamps-GM-VZ-Lumart-BD-3.jpg","type":"image\/jpeg"}],"twitter_card":"summary","schema":{"@context":"https:\/\/schema.org","@graph":[{"@type":"WebSite","@id":"https:\/\/lumart.fr\/fr\/#website","url":"https:\/\/lumart.fr\/fr\/","name":"Lum'art","description":"","potentialAction":[{"@type":"SearchAction","target":{"@type":"EntryPoint","urlTemplate":"https:\/\/lumart.fr\/fr\/?s={search_term_string}"},"query-input":"required name=search_term_string"}],"inLanguage":"fr-FR"},{"@type":"ImageObject","@id":"https:\/\/lumart.fr\/fr\/les-collections\/exterieur\/appliques-exterieur\/longchamp-applique-gm-2108-2\/#primaryimage","inLanguage":"fr-FR","url":"\/wp-content\/uploads\/2017\/12\/2108-2-Applique-Longchamps-GM-VZ-Lumart-BD-3.jpg","contentUrl":"\/wp-content\/uploads\/2017\/12\/2108-2-Applique-Longchamps-GM-VZ-Lumart-BD-3.jpg","width":2551,"height":1701,"caption":"Applique Longchamp GM - Finition vieux zinc"},{"@type":"WebPage","@id":"https:\/\/lumart.fr\/fr\/les-collections\/exterieur\/appliques-exterieur\/longchamp-applique-gm-2108-2\/#webpage","url":"https:\/\/lumart.fr\/fr\/les-collections\/exterieur\/appliques-exterieur\/longchamp-applique-gm-2108-2\/","name":"Applique Longchamp GM (2108\/2)","isPartOf":{"@id":"https:\/\/lumart.fr\/fr\/#website"},"primaryImageOfPage":{"@id":"https:\/\/lumart.fr\/fr\/les-collections\/exterieur\/appliques-exterieur\/longchamp-applique-gm-2108-2\/#primaryimage"},"datePublished":"2017-12-18T14:34:28+00:00","dateModified":"2023-06-27T14:19:03+00:00","description":"L'applique Longchamp reprend le design de la collection Morzine mais s'offre deux lumi\u00e8res. A envisager \u00e0 la ville comme \u00e0 la campagne !","breadcrumb":{"@id":"https:\/\/lumart.fr\/fr\/les-collections\/exterieur\/appliques-exterieur\/longchamp-applique-gm-2108-2\/#breadcrumb"},"inLanguage":"fr-FR","potentialAction":[{"@type":"ReadAction","target":["https:\/\/lumart.fr\/fr\/les-collections\/exterieur\/appliques-exterieur\/longchamp-applique-gm-2108-2\/"]}]},{"@type":"BreadcrumbList","@id":"https:\/\/lumart.fr\/fr\/les-collections\/exterieur\/appliques-exterieur\/longchamp-applique-gm-2108-2\/#breadcrumb","itemListElement":[{"@type":"ListItem","position":1,"name":"Home","item":"https:\/\/lumart.fr\/fr\/"},{"@type":"ListItem","position":2,"name":"Les Collections","item":"https:\/\/lumart.fr\/fr\/les-collections\/"},{"@type":"ListItem","position":3,"name":"Longchamp - Applique GM"}]}]}},"_links":{"self":[{"href":"https:\/\/lumart.fr\/fr\/wp-json\/wp\/v2\/product\/6111"}],"collection":[{"href":"https:\/\/lumart.fr\/fr\/wp-json\/wp\/v2\/product"}],"about":[{"href":"https:\/\/lumart.fr\/fr\/wp-json\/wp\/v2\/types\/product"}],"wp:featuredmedia":[{"embeddable":true,"href":"https:\/\/lumart.fr\/fr\/wp-json\/wp\/v2\/media\/2922"}],"wp:attachment":[{"href":"https:\/\/lumart.fr\/fr\/wp-json\/wp\/v2\/media?parent=6111"}],"wp:term":[{"taxonomy":"product_cat","embeddable":true,"href":"https:\/\/lumart.fr\/fr\/wp-json\/wp\/v2\/product_cat?post=6111"},{"taxonomy":"product_tag","embeddable":true,"href":"https:\/\/lumart.fr\/fr\/wp-json\/wp\/v2\/product_tag?post=6111"}],"curies":[{"name":"wp","href":"https:\/\/api.w.org\/{rel}","templated":true}]}}