{"id":6108,"date":"2017-12-18T14:34:26","date_gmt":"2017-12-18T14:34:26","guid":{"rendered":"https:\/\/lumart.fr\/les-collections\/non%20class\u00e9\/les-issambres-applique-36-cm-244\/"},"modified":"2023-06-27T16:24:18","modified_gmt":"2023-06-27T14:24:18","slug":"les-issambres-applique-36-cm-244","status":"publish","type":"product","link":"https:\/\/lumart.fr\/fr\/les-collections\/exterieur\/appliques-exterieur\/les-issambres-applique-36-cm-244\/","title":{"rendered":"Les Issambres - Applique 36 cm"},"content":{"rendered":"<p>Borne d&rsquo;ext\u00e9rieur, la petite s\u0153ur de la collection Beg Meil, Les Issambres, se d\u00e9cline en plusieurs tailles. Elle est tout \u00e0 sa place autour d&rsquo;une piscine, pour jalonner une all\u00e9e ou cr\u00e9er des points de lumi\u00e8res dans des massifs, elle peut m\u00eame de venir applique dans sa version 25cm !<\/p>\n","protected":false},"excerpt":{"rendered":"<p>Borne d&rsquo;ext\u00e9rieur, la petite s\u0153ur de la collection Beg Meil, Les Issambres, se d\u00e9cline en plusieurs tailles. Elle est tout \u00e0 sa place autour d&rsquo;une piscine, pour jalonner une all\u00e9e ou cr\u00e9er des points de lumi\u00e8res dans des massifs, elle peut m\u00eame de venir applique dans sa version 25cm !<\/p>\n","protected":false},"featured_media":2252,"template":"","meta":[],"product_cat":[231],"product_tag":[],"acf":[],"yoast_head":"<!-- This site is optimized with the Yoast SEO plugin v17.8 - https:\/\/yoast.com\/wordpress\/plugins\/seo\/ -->\n<meta name=\"description\" content=\"Borne d&#039;ext\u00e9rieur, la petite s\u0153ur de la collection Beg Meil, Les Issambres, se d\u00e9cline en plusieurs tailles. Elle est tout \u00e0 sa place autour d&#039;une piscine, pour jalonner une all\u00e9e ou cr\u00e9er des points de lumi\u00e8res dans des massifs, elle peut m\u00eame de venir applique dans sa version 22cm !\" \/>\n<meta name=\"robots\" content=\"index, follow, max-snippet:-1, max-image-preview:large, max-video-preview:-1\" \/>\n<link rel=\"canonical\" href=\"https:\/\/lumart.fr\/fr\/les-collections\/exterieur\/appliques-exterieur\/les-issambres-applique-36-cm-244\/\" \/>\n<meta property=\"og:locale\" content=\"fr_FR\" \/>\n<meta property=\"og:type\" content=\"article\" \/>\n<meta property=\"og:title\" content=\"Applique Les Issambres 36 cm (244) - Lum&#039;art\" \/>\n<meta property=\"og:description\" content=\"Borne d&#039;ext\u00e9rieur, la petite s\u0153ur de la collection Beg Meil, Les Issambres, se d\u00e9cline en plusieurs tailles. Elle est tout \u00e0 sa place autour d&#039;une piscine, pour jalonner une all\u00e9e ou cr\u00e9er des points de lumi\u00e8res dans des massifs, elle peut m\u00eame de venir applique dans sa version 22cm !\" \/>\n<meta property=\"og:url\" content=\"https:\/\/lumart.fr\/fr\/les-collections\/exterieur\/appliques-exterieur\/les-issambres-applique-36-cm-244\/\" \/>\n<meta property=\"og:site_name\" content=\"Lum&#039;art\" \/>\n<meta property=\"article:publisher\" content=\"https:\/\/www.facebook.com\/LumArt-1543826629180391\/\" \/>\n<meta property=\"article:modified_time\" content=\"2023-06-27T14:24:18+00:00\" \/>\n<meta property=\"og:image\" content=\"https:\/\/lumart.fr\/wp-content\/uploads\/2017\/12\/244-Applique-Les-Issambres-VDG-Lumart-BD-2.jpg\" \/>\n\t<meta property=\"og:image:width\" content=\"2551\" \/>\n\t<meta property=\"og:image:height\" content=\"1701\" \/>\n<meta name=\"twitter:card\" content=\"summary\" \/>\n<script type=\"application\/ld+json\" class=\"yoast-schema-graph\">{\"@context\":\"https:\/\/schema.org\",\"@graph\":[{\"@type\":\"WebSite\",\"@id\":\"https:\/\/lumart.fr\/fr\/#website\",\"url\":\"https:\/\/lumart.fr\/fr\/\",\"name\":\"Lum'art\",\"description\":\"\",\"potentialAction\":[{\"@type\":\"SearchAction\",\"target\":{\"@type\":\"EntryPoint\",\"urlTemplate\":\"https:\/\/lumart.fr\/fr\/?s={search_term_string}\"},\"query-input\":\"required name=search_term_string\"}],\"inLanguage\":\"fr-FR\"},{\"@type\":\"ImageObject\",\"@id\":\"https:\/\/lumart.fr\/fr\/les-collections\/exterieur\/appliques-exterieur\/les-issambres-applique-36-cm-244\/#primaryimage\",\"inLanguage\":\"fr-FR\",\"url\":\"\/wp-content\/uploads\/2017\/12\/244-Applique-Les-Issambres-VDG-Lumart-BD-2.jpg\",\"contentUrl\":\"\/wp-content\/uploads\/2017\/12\/244-Applique-Les-Issambres-VDG-Lumart-BD-2.jpg\",\"width\":2551,\"height\":1701,\"caption\":\"Applique Les Issambres 36 cm - Finition vert de gris\"},{\"@type\":\"WebPage\",\"@id\":\"https:\/\/lumart.fr\/fr\/les-collections\/exterieur\/appliques-exterieur\/les-issambres-applique-36-cm-244\/#webpage\",\"url\":\"https:\/\/lumart.fr\/fr\/les-collections\/exterieur\/appliques-exterieur\/les-issambres-applique-36-cm-244\/\",\"name\":\"Applique Les Issambres 36 cm (244) - Lum'art\",\"isPartOf\":{\"@id\":\"https:\/\/lumart.fr\/fr\/#website\"},\"primaryImageOfPage\":{\"@id\":\"https:\/\/lumart.fr\/fr\/les-collections\/exterieur\/appliques-exterieur\/les-issambres-applique-36-cm-244\/#primaryimage\"},\"datePublished\":\"2017-12-18T14:34:26+00:00\",\"dateModified\":\"2023-06-27T14:24:18+00:00\",\"description\":\"Borne d'ext\\u00e9rieur, la petite s\\u0153ur de la collection Beg Meil, Les Issambres, se d\\u00e9cline en plusieurs tailles. Elle est tout \\u00e0 sa place autour d'une piscine, pour jalonner une all\\u00e9e ou cr\\u00e9er des points de lumi\\u00e8res dans des massifs, elle peut m\\u00eame de venir applique dans sa version 22cm !\",\"breadcrumb\":{\"@id\":\"https:\/\/lumart.fr\/fr\/les-collections\/exterieur\/appliques-exterieur\/les-issambres-applique-36-cm-244\/#breadcrumb\"},\"inLanguage\":\"fr-FR\",\"potentialAction\":[{\"@type\":\"ReadAction\",\"target\":[\"https:\/\/lumart.fr\/fr\/les-collections\/exterieur\/appliques-exterieur\/les-issambres-applique-36-cm-244\/\"]}]},{\"@type\":\"BreadcrumbList\",\"@id\":\"https:\/\/lumart.fr\/fr\/les-collections\/exterieur\/appliques-exterieur\/les-issambres-applique-36-cm-244\/#breadcrumb\",\"itemListElement\":[{\"@type\":\"ListItem\",\"position\":1,\"name\":\"Home\",\"item\":\"https:\/\/lumart.fr\/fr\/\"},{\"@type\":\"ListItem\",\"position\":2,\"name\":\"Les Collections\",\"item\":\"https:\/\/lumart.fr\/fr\/les-collections\/\"},{\"@type\":\"ListItem\",\"position\":3,\"name\":\"Les Issambres - Applique 36 cm\"}]}]}<\/script>\n<!-- \/ Yoast SEO plugin. -->","yoast_head_json":{"description":"Borne d'ext\u00e9rieur, la petite s\u0153ur de la collection Beg Meil, Les Issambres, se d\u00e9cline en plusieurs tailles. Elle est tout \u00e0 sa place autour d'une piscine, pour jalonner une all\u00e9e ou cr\u00e9er des points de lumi\u00e8res dans des massifs, elle peut m\u00eame de venir applique dans sa version 22cm !","robots":{"index":"index","follow":"follow","max-snippet":"max-snippet:-1","max-image-preview":"max-image-preview:large","max-video-preview":"max-video-preview:-1"},"canonical":"https:\/\/lumart.fr\/fr\/les-collections\/exterieur\/appliques-exterieur\/les-issambres-applique-36-cm-244\/","og_locale":"fr_FR","og_type":"article","og_title":"Applique Les Issambres 36 cm (244) - Lum'art","og_description":"Borne d'ext\u00e9rieur, la petite s\u0153ur de la collection Beg Meil, Les Issambres, se d\u00e9cline en plusieurs tailles. Elle est tout \u00e0 sa place autour d'une piscine, pour jalonner une all\u00e9e ou cr\u00e9er des points de lumi\u00e8res dans des massifs, elle peut m\u00eame de venir applique dans sa version 22cm !","og_url":"https:\/\/lumart.fr\/fr\/les-collections\/exterieur\/appliques-exterieur\/les-issambres-applique-36-cm-244\/","og_site_name":"Lum&#039;art","article_publisher":"https:\/\/www.facebook.com\/LumArt-1543826629180391\/","article_modified_time":"2023-06-27T14:24:18+00:00","og_image":[{"width":2551,"height":1701,"url":"https:\/\/lumart.fr\/wp-content\/uploads\/2017\/12\/244-Applique-Les-Issambres-VDG-Lumart-BD-2.jpg","type":"image\/jpeg"}],"twitter_card":"summary","schema":{"@context":"https:\/\/schema.org","@graph":[{"@type":"WebSite","@id":"https:\/\/lumart.fr\/fr\/#website","url":"https:\/\/lumart.fr\/fr\/","name":"Lum'art","description":"","potentialAction":[{"@type":"SearchAction","target":{"@type":"EntryPoint","urlTemplate":"https:\/\/lumart.fr\/fr\/?s={search_term_string}"},"query-input":"required name=search_term_string"}],"inLanguage":"fr-FR"},{"@type":"ImageObject","@id":"https:\/\/lumart.fr\/fr\/les-collections\/exterieur\/appliques-exterieur\/les-issambres-applique-36-cm-244\/#primaryimage","inLanguage":"fr-FR","url":"\/wp-content\/uploads\/2017\/12\/244-Applique-Les-Issambres-VDG-Lumart-BD-2.jpg","contentUrl":"\/wp-content\/uploads\/2017\/12\/244-Applique-Les-Issambres-VDG-Lumart-BD-2.jpg","width":2551,"height":1701,"caption":"Applique Les Issambres 36 cm - Finition vert de gris"},{"@type":"WebPage","@id":"https:\/\/lumart.fr\/fr\/les-collections\/exterieur\/appliques-exterieur\/les-issambres-applique-36-cm-244\/#webpage","url":"https:\/\/lumart.fr\/fr\/les-collections\/exterieur\/appliques-exterieur\/les-issambres-applique-36-cm-244\/","name":"Applique Les Issambres 36 cm (244) - Lum'art","isPartOf":{"@id":"https:\/\/lumart.fr\/fr\/#website"},"primaryImageOfPage":{"@id":"https:\/\/lumart.fr\/fr\/les-collections\/exterieur\/appliques-exterieur\/les-issambres-applique-36-cm-244\/#primaryimage"},"datePublished":"2017-12-18T14:34:26+00:00","dateModified":"2023-06-27T14:24:18+00:00","description":"Borne d'ext\u00e9rieur, la petite s\u0153ur de la collection Beg Meil, Les Issambres, se d\u00e9cline en plusieurs tailles. Elle est tout \u00e0 sa place autour d'une piscine, pour jalonner une all\u00e9e ou cr\u00e9er des points de lumi\u00e8res dans des massifs, elle peut m\u00eame de venir applique dans sa version 22cm !","breadcrumb":{"@id":"https:\/\/lumart.fr\/fr\/les-collections\/exterieur\/appliques-exterieur\/les-issambres-applique-36-cm-244\/#breadcrumb"},"inLanguage":"fr-FR","potentialAction":[{"@type":"ReadAction","target":["https:\/\/lumart.fr\/fr\/les-collections\/exterieur\/appliques-exterieur\/les-issambres-applique-36-cm-244\/"]}]},{"@type":"BreadcrumbList","@id":"https:\/\/lumart.fr\/fr\/les-collections\/exterieur\/appliques-exterieur\/les-issambres-applique-36-cm-244\/#breadcrumb","itemListElement":[{"@type":"ListItem","position":1,"name":"Home","item":"https:\/\/lumart.fr\/fr\/"},{"@type":"ListItem","position":2,"name":"Les Collections","item":"https:\/\/lumart.fr\/fr\/les-collections\/"},{"@type":"ListItem","position":3,"name":"Les Issambres - Applique 36 cm"}]}]}},"_links":{"self":[{"href":"https:\/\/lumart.fr\/fr\/wp-json\/wp\/v2\/product\/6108"}],"collection":[{"href":"https:\/\/lumart.fr\/fr\/wp-json\/wp\/v2\/product"}],"about":[{"href":"https:\/\/lumart.fr\/fr\/wp-json\/wp\/v2\/types\/product"}],"wp:featuredmedia":[{"embeddable":true,"href":"https:\/\/lumart.fr\/fr\/wp-json\/wp\/v2\/media\/2252"}],"wp:attachment":[{"href":"https:\/\/lumart.fr\/fr\/wp-json\/wp\/v2\/media?parent=6108"}],"wp:term":[{"taxonomy":"product_cat","embeddable":true,"href":"https:\/\/lumart.fr\/fr\/wp-json\/wp\/v2\/product_cat?post=6108"},{"taxonomy":"product_tag","embeddable":true,"href":"https:\/\/lumart.fr\/fr\/wp-json\/wp\/v2\/product_tag?post=6108"}],"curies":[{"name":"wp","href":"https:\/\/api.w.org\/{rel}","templated":true}]}}