{"id":6105,"date":"2017-12-18T14:34:24","date_gmt":"2017-12-18T14:34:24","guid":{"rendered":"https:\/\/lumart.fr\/les-collections\/non%20class\u00e9\/les-issambres-borne-60-cm-82885-60\/"},"modified":"2021-06-17T14:30:43","modified_gmt":"2021-06-17T12:30:43","slug":"les-issambres-borne-65-cm-82885-65","status":"publish","type":"product","link":"https:\/\/lumart.fr\/fr\/les-collections\/exterieur\/bornes\/les-issambres-borne-65-cm-82885-65\/","title":{"rendered":"Les Issambres - Borne 65 cm"},"content":{"rendered":"<p>Borne d&rsquo;ext\u00e9rieur, la petite s\u0153ur de la collection Beg Meil, Les Issambres, se d\u00e9cline en plusieurs tailles. Elle est tout \u00e0 sa place autour d&rsquo;une piscine, pour jalonner une all\u00e9e ou cr\u00e9er des points de lumi\u00e8res dans des massifs, elle peut m\u00eame de venir applique dans sa version 25cm !<\/p>\n","protected":false},"excerpt":{"rendered":"<p>Borne d&rsquo;ext\u00e9rieur, la petite s\u0153ur de la collection Beg Meil, Les Issambres, se d\u00e9cline en plusieurs tailles. Elle est tout \u00e0 sa place autour d&rsquo;une piscine, pour jalonner une all\u00e9e ou cr\u00e9er des points de lumi\u00e8res dans des massifs, elle peut m\u00eame de venir applique dans sa version 25cm !<\/p>\n","protected":false},"featured_media":3945,"template":"","meta":[],"product_cat":[235],"product_tag":[],"acf":[],"yoast_head":"<!-- This site is optimized with the Yoast SEO plugin v17.8 - https:\/\/yoast.com\/wordpress\/plugins\/seo\/ -->\n<meta name=\"description\" content=\"Borne d&#039;ext\u00e9rieur, la petite s\u0153ur de la collection Beg Meil, Les Issambres, se d\u00e9cline en plusieurs tailles. Elle est tout \u00e0 sa place autour d&#039;une piscine, pour jalonner une all\u00e9e ou cr\u00e9er des points de lumi\u00e8res dans des massifs, elle peut m\u00eame de venir applique dans sa version 22cm !\" \/>\n<meta name=\"robots\" content=\"index, follow, max-snippet:-1, max-image-preview:large, max-video-preview:-1\" \/>\n<link rel=\"canonical\" href=\"https:\/\/lumart.fr\/fr\/les-collections\/exterieur\/bornes\/les-issambres-borne-65-cm-82885-65\/\" \/>\n<meta property=\"og:locale\" content=\"fr_FR\" \/>\n<meta property=\"og:type\" content=\"article\" \/>\n<meta property=\"og:title\" content=\"Borne Les Issambres 60 cm (82885\/60) - Lum&#039;art\" \/>\n<meta property=\"og:description\" content=\"Borne d&#039;ext\u00e9rieur, la petite s\u0153ur de la collection Beg Meil, Les Issambres, se d\u00e9cline en plusieurs tailles. Elle est tout \u00e0 sa place autour d&#039;une piscine, pour jalonner une all\u00e9e ou cr\u00e9er des points de lumi\u00e8res dans des massifs, elle peut m\u00eame de venir applique dans sa version 22cm !\" \/>\n<meta property=\"og:url\" content=\"https:\/\/lumart.fr\/fr\/les-collections\/exterieur\/bornes\/les-issambres-borne-65-cm-82885-65\/\" \/>\n<meta property=\"og:site_name\" content=\"Lum&#039;art\" \/>\n<meta property=\"article:publisher\" content=\"https:\/\/www.facebook.com\/LumArt-1543826629180391\/\" \/>\n<meta property=\"article:modified_time\" content=\"2021-06-17T12:30:43+00:00\" \/>\n<meta property=\"og:image\" content=\"https:\/\/lumart.fr\/wp-content\/uploads\/2017\/12\/82885-60-Borne-Les-Issambres-60cm-VLC-Lumart-BD.jpg\" \/>\n\t<meta property=\"og:image:width\" content=\"2551\" \/>\n\t<meta property=\"og:image:height\" content=\"1701\" \/>\n<meta name=\"twitter:card\" content=\"summary\" \/>\n<script type=\"application\/ld+json\" class=\"yoast-schema-graph\">{\"@context\":\"https:\/\/schema.org\",\"@graph\":[{\"@type\":\"WebSite\",\"@id\":\"https:\/\/lumart.fr\/fr\/#website\",\"url\":\"https:\/\/lumart.fr\/fr\/\",\"name\":\"Lum'art\",\"description\":\"\",\"potentialAction\":[{\"@type\":\"SearchAction\",\"target\":{\"@type\":\"EntryPoint\",\"urlTemplate\":\"https:\/\/lumart.fr\/fr\/?s={search_term_string}\"},\"query-input\":\"required name=search_term_string\"}],\"inLanguage\":\"fr-FR\"},{\"@type\":\"ImageObject\",\"@id\":\"https:\/\/lumart.fr\/fr\/les-collections\/exterieur\/bornes\/les-issambres-borne-65-cm-82885-65\/#primaryimage\",\"inLanguage\":\"fr-FR\",\"url\":\"\/wp-content\/uploads\/2017\/12\/82885-60-Borne-Les-Issambres-60cm-VLC-Lumart-BD.jpg\",\"contentUrl\":\"\/wp-content\/uploads\/2017\/12\/82885-60-Borne-Les-Issambres-60cm-VLC-Lumart-BD.jpg\",\"width\":2551,\"height\":1701,\"caption\":\"Borne Les Issambres 65 cm - Finition vieux laiton\"},{\"@type\":\"WebPage\",\"@id\":\"https:\/\/lumart.fr\/fr\/les-collections\/exterieur\/bornes\/les-issambres-borne-65-cm-82885-65\/#webpage\",\"url\":\"https:\/\/lumart.fr\/fr\/les-collections\/exterieur\/bornes\/les-issambres-borne-65-cm-82885-65\/\",\"name\":\"Borne Les Issambres 60 cm (82885\/60) - Lum'art\",\"isPartOf\":{\"@id\":\"https:\/\/lumart.fr\/fr\/#website\"},\"primaryImageOfPage\":{\"@id\":\"https:\/\/lumart.fr\/fr\/les-collections\/exterieur\/bornes\/les-issambres-borne-65-cm-82885-65\/#primaryimage\"},\"datePublished\":\"2017-12-18T14:34:24+00:00\",\"dateModified\":\"2021-06-17T12:30:43+00:00\",\"description\":\"Borne d'ext\\u00e9rieur, la petite s\\u0153ur de la collection Beg Meil, Les Issambres, se d\\u00e9cline en plusieurs tailles. Elle est tout \\u00e0 sa place autour d'une piscine, pour jalonner une all\\u00e9e ou cr\\u00e9er des points de lumi\\u00e8res dans des massifs, elle peut m\\u00eame de venir applique dans sa version 22cm !\",\"breadcrumb\":{\"@id\":\"https:\/\/lumart.fr\/fr\/les-collections\/exterieur\/bornes\/les-issambres-borne-65-cm-82885-65\/#breadcrumb\"},\"inLanguage\":\"fr-FR\",\"potentialAction\":[{\"@type\":\"ReadAction\",\"target\":[\"https:\/\/lumart.fr\/fr\/les-collections\/exterieur\/bornes\/les-issambres-borne-65-cm-82885-65\/\"]}]},{\"@type\":\"BreadcrumbList\",\"@id\":\"https:\/\/lumart.fr\/fr\/les-collections\/exterieur\/bornes\/les-issambres-borne-65-cm-82885-65\/#breadcrumb\",\"itemListElement\":[{\"@type\":\"ListItem\",\"position\":1,\"name\":\"Home\",\"item\":\"https:\/\/lumart.fr\/fr\/\"},{\"@type\":\"ListItem\",\"position\":2,\"name\":\"Les Collections\",\"item\":\"https:\/\/lumart.fr\/fr\/les-collections\/\"},{\"@type\":\"ListItem\",\"position\":3,\"name\":\"Les Issambres - Borne 65 cm\"}]}]}<\/script>\n<!-- \/ Yoast SEO plugin. -->","yoast_head_json":{"description":"Borne d'ext\u00e9rieur, la petite s\u0153ur de la collection Beg Meil, Les Issambres, se d\u00e9cline en plusieurs tailles. Elle est tout \u00e0 sa place autour d'une piscine, pour jalonner une all\u00e9e ou cr\u00e9er des points de lumi\u00e8res dans des massifs, elle peut m\u00eame de venir applique dans sa version 22cm !","robots":{"index":"index","follow":"follow","max-snippet":"max-snippet:-1","max-image-preview":"max-image-preview:large","max-video-preview":"max-video-preview:-1"},"canonical":"https:\/\/lumart.fr\/fr\/les-collections\/exterieur\/bornes\/les-issambres-borne-65-cm-82885-65\/","og_locale":"fr_FR","og_type":"article","og_title":"Borne Les Issambres 60 cm (82885\/60) - Lum'art","og_description":"Borne d'ext\u00e9rieur, la petite s\u0153ur de la collection Beg Meil, Les Issambres, se d\u00e9cline en plusieurs tailles. Elle est tout \u00e0 sa place autour d'une piscine, pour jalonner une all\u00e9e ou cr\u00e9er des points de lumi\u00e8res dans des massifs, elle peut m\u00eame de venir applique dans sa version 22cm !","og_url":"https:\/\/lumart.fr\/fr\/les-collections\/exterieur\/bornes\/les-issambres-borne-65-cm-82885-65\/","og_site_name":"Lum&#039;art","article_publisher":"https:\/\/www.facebook.com\/LumArt-1543826629180391\/","article_modified_time":"2021-06-17T12:30:43+00:00","og_image":[{"width":2551,"height":1701,"url":"https:\/\/lumart.fr\/wp-content\/uploads\/2017\/12\/82885-60-Borne-Les-Issambres-60cm-VLC-Lumart-BD.jpg","type":"image\/jpeg"}],"twitter_card":"summary","schema":{"@context":"https:\/\/schema.org","@graph":[{"@type":"WebSite","@id":"https:\/\/lumart.fr\/fr\/#website","url":"https:\/\/lumart.fr\/fr\/","name":"Lum'art","description":"","potentialAction":[{"@type":"SearchAction","target":{"@type":"EntryPoint","urlTemplate":"https:\/\/lumart.fr\/fr\/?s={search_term_string}"},"query-input":"required name=search_term_string"}],"inLanguage":"fr-FR"},{"@type":"ImageObject","@id":"https:\/\/lumart.fr\/fr\/les-collections\/exterieur\/bornes\/les-issambres-borne-65-cm-82885-65\/#primaryimage","inLanguage":"fr-FR","url":"\/wp-content\/uploads\/2017\/12\/82885-60-Borne-Les-Issambres-60cm-VLC-Lumart-BD.jpg","contentUrl":"\/wp-content\/uploads\/2017\/12\/82885-60-Borne-Les-Issambres-60cm-VLC-Lumart-BD.jpg","width":2551,"height":1701,"caption":"Borne Les Issambres 65 cm - Finition vieux laiton"},{"@type":"WebPage","@id":"https:\/\/lumart.fr\/fr\/les-collections\/exterieur\/bornes\/les-issambres-borne-65-cm-82885-65\/#webpage","url":"https:\/\/lumart.fr\/fr\/les-collections\/exterieur\/bornes\/les-issambres-borne-65-cm-82885-65\/","name":"Borne Les Issambres 60 cm (82885\/60) - Lum'art","isPartOf":{"@id":"https:\/\/lumart.fr\/fr\/#website"},"primaryImageOfPage":{"@id":"https:\/\/lumart.fr\/fr\/les-collections\/exterieur\/bornes\/les-issambres-borne-65-cm-82885-65\/#primaryimage"},"datePublished":"2017-12-18T14:34:24+00:00","dateModified":"2021-06-17T12:30:43+00:00","description":"Borne d'ext\u00e9rieur, la petite s\u0153ur de la collection Beg Meil, Les Issambres, se d\u00e9cline en plusieurs tailles. Elle est tout \u00e0 sa place autour d'une piscine, pour jalonner une all\u00e9e ou cr\u00e9er des points de lumi\u00e8res dans des massifs, elle peut m\u00eame de venir applique dans sa version 22cm !","breadcrumb":{"@id":"https:\/\/lumart.fr\/fr\/les-collections\/exterieur\/bornes\/les-issambres-borne-65-cm-82885-65\/#breadcrumb"},"inLanguage":"fr-FR","potentialAction":[{"@type":"ReadAction","target":["https:\/\/lumart.fr\/fr\/les-collections\/exterieur\/bornes\/les-issambres-borne-65-cm-82885-65\/"]}]},{"@type":"BreadcrumbList","@id":"https:\/\/lumart.fr\/fr\/les-collections\/exterieur\/bornes\/les-issambres-borne-65-cm-82885-65\/#breadcrumb","itemListElement":[{"@type":"ListItem","position":1,"name":"Home","item":"https:\/\/lumart.fr\/fr\/"},{"@type":"ListItem","position":2,"name":"Les Collections","item":"https:\/\/lumart.fr\/fr\/les-collections\/"},{"@type":"ListItem","position":3,"name":"Les Issambres - Borne 65 cm"}]}]}},"_links":{"self":[{"href":"https:\/\/lumart.fr\/fr\/wp-json\/wp\/v2\/product\/6105"}],"collection":[{"href":"https:\/\/lumart.fr\/fr\/wp-json\/wp\/v2\/product"}],"about":[{"href":"https:\/\/lumart.fr\/fr\/wp-json\/wp\/v2\/types\/product"}],"wp:featuredmedia":[{"embeddable":true,"href":"https:\/\/lumart.fr\/fr\/wp-json\/wp\/v2\/media\/3945"}],"wp:attachment":[{"href":"https:\/\/lumart.fr\/fr\/wp-json\/wp\/v2\/media?parent=6105"}],"wp:term":[{"taxonomy":"product_cat","embeddable":true,"href":"https:\/\/lumart.fr\/fr\/wp-json\/wp\/v2\/product_cat?post=6105"},{"taxonomy":"product_tag","embeddable":true,"href":"https:\/\/lumart.fr\/fr\/wp-json\/wp\/v2\/product_tag?post=6105"}],"curies":[{"name":"wp","href":"https:\/\/api.w.org\/{rel}","templated":true}]}}