{"id":6095,"date":"2017-12-18T14:34:20","date_gmt":"2017-12-18T14:34:20","guid":{"rendered":"https:\/\/lumart.fr\/les-collections\/non%20class\u00e9\/leman-applique-3476-2\/"},"modified":"2023-06-27T15:22:29","modified_gmt":"2023-06-27T13:22:29","slug":"leman-applique-3476-2","status":"publish","type":"product","link":"https:\/\/lumart.fr\/fr\/les-collections\/interieur\/appliques\/leman-applique-3476-2\/","title":{"rendered":"Leman - Applique"},"content":{"rendered":"<p>Applique ou suspension, la collection L\u00e9man tourne autour du laiton micro perfor\u00e9 qui diffuse une lumi\u00e8re tamis\u00e9e et subtile. Egalement disponible en spot de sol, section carr\u00e9e ou section ronde, cette fois-ci en laiton ou zinc, \u00e0 disposer le long d&rsquo;un mur ou au pied d&rsquo;une colonne pour un \u00e9clairage indirect du plus bel effet.<\/p>\n","protected":false},"excerpt":{"rendered":"<p>Applique ou suspension, la collection L\u00e9man tourne autour du laiton micro perfor\u00e9 qui diffuse une lumi\u00e8re tamis\u00e9e et subtile. Egalement disponible en spot de sol, section carr\u00e9e ou section ronde, cette fois-ci en laiton ou zinc, \u00e0 disposer le long d&rsquo;un mur ou au pied d&rsquo;une colonne pour un \u00e9clairage indirect du plus bel effet.<\/p>\n","protected":false},"featured_media":4093,"template":"","meta":[],"product_cat":[229],"product_tag":[],"acf":[],"yoast_head":"<!-- This site is optimized with the Yoast SEO plugin v17.8 - https:\/\/yoast.com\/wordpress\/plugins\/seo\/ -->\n<meta name=\"description\" content=\"Applique ou suspension, la collection L\u00e9man tourne autour du laiton micro perfor\u00e9 qui diffuse une lumi\u00e8re tamis\u00e9e et subtile. Egalement disponible en spot de sol, \u00e0 disposer le long d&#039;un mur ou au pied d&#039;une colonne pour un \u00e9clairage indirect du plus bel effet.\" \/>\n<meta name=\"robots\" content=\"index, follow, max-snippet:-1, max-image-preview:large, max-video-preview:-1\" \/>\n<link rel=\"canonical\" href=\"https:\/\/lumart.fr\/fr\/les-collections\/interieur\/appliques\/leman-applique-3476-2\/\" \/>\n<meta property=\"og:locale\" content=\"fr_FR\" \/>\n<meta property=\"og:type\" content=\"article\" \/>\n<meta property=\"og:title\" content=\"Applique Leman (3476\/2) - Lum&#039;art\" \/>\n<meta property=\"og:description\" content=\"Applique ou suspension, la collection L\u00e9man tourne autour du laiton micro perfor\u00e9 qui diffuse une lumi\u00e8re tamis\u00e9e et subtile. Egalement disponible en spot de sol, \u00e0 disposer le long d&#039;un mur ou au pied d&#039;une colonne pour un \u00e9clairage indirect du plus bel effet.\" \/>\n<meta property=\"og:url\" content=\"https:\/\/lumart.fr\/fr\/les-collections\/interieur\/appliques\/leman-applique-3476-2\/\" \/>\n<meta property=\"og:site_name\" content=\"Lum&#039;art\" \/>\n<meta property=\"article:publisher\" content=\"https:\/\/www.facebook.com\/LumArt-1543826629180391\/\" \/>\n<meta property=\"article:modified_time\" content=\"2023-06-27T13:22:29+00:00\" \/>\n<meta property=\"og:image\" content=\"https:\/\/lumart.fr\/wp-content\/uploads\/2017\/12\/3476-2-Applique-Leman-CDF-Lumart-BD-3.jpg\" \/>\n\t<meta property=\"og:image:width\" content=\"2551\" \/>\n\t<meta property=\"og:image:height\" content=\"1701\" \/>\n<meta name=\"twitter:card\" content=\"summary\" \/>\n<script type=\"application\/ld+json\" class=\"yoast-schema-graph\">{\"@context\":\"https:\/\/schema.org\",\"@graph\":[{\"@type\":\"WebSite\",\"@id\":\"https:\/\/lumart.fr\/fr\/#website\",\"url\":\"https:\/\/lumart.fr\/fr\/\",\"name\":\"Lum'art\",\"description\":\"\",\"potentialAction\":[{\"@type\":\"SearchAction\",\"target\":{\"@type\":\"EntryPoint\",\"urlTemplate\":\"https:\/\/lumart.fr\/fr\/?s={search_term_string}\"},\"query-input\":\"required name=search_term_string\"}],\"inLanguage\":\"fr-FR\"},{\"@type\":\"ImageObject\",\"@id\":\"https:\/\/lumart.fr\/fr\/les-collections\/interieur\/appliques\/leman-applique-3476-2\/#primaryimage\",\"inLanguage\":\"fr-FR\",\"url\":\"\/wp-content\/uploads\/2017\/12\/3476-2-Applique-Leman-CDF-Lumart-BD-3.jpg\",\"contentUrl\":\"\/wp-content\/uploads\/2017\/12\/3476-2-Applique-Leman-CDF-Lumart-BD-3.jpg\",\"width\":2551,\"height\":1701,\"caption\":\"Applique Leman - Finition canon de fusil\"},{\"@type\":\"WebPage\",\"@id\":\"https:\/\/lumart.fr\/fr\/les-collections\/interieur\/appliques\/leman-applique-3476-2\/#webpage\",\"url\":\"https:\/\/lumart.fr\/fr\/les-collections\/interieur\/appliques\/leman-applique-3476-2\/\",\"name\":\"Applique Leman (3476\/2) - Lum'art\",\"isPartOf\":{\"@id\":\"https:\/\/lumart.fr\/fr\/#website\"},\"primaryImageOfPage\":{\"@id\":\"https:\/\/lumart.fr\/fr\/les-collections\/interieur\/appliques\/leman-applique-3476-2\/#primaryimage\"},\"datePublished\":\"2017-12-18T14:34:20+00:00\",\"dateModified\":\"2023-06-27T13:22:29+00:00\",\"description\":\"Applique ou suspension, la collection L\\u00e9man tourne autour du laiton micro perfor\\u00e9 qui diffuse une lumi\\u00e8re tamis\\u00e9e et subtile. Egalement disponible en spot de sol, \\u00e0 disposer le long d'un mur ou au pied d'une colonne pour un \\u00e9clairage indirect du plus bel effet.\",\"breadcrumb\":{\"@id\":\"https:\/\/lumart.fr\/fr\/les-collections\/interieur\/appliques\/leman-applique-3476-2\/#breadcrumb\"},\"inLanguage\":\"fr-FR\",\"potentialAction\":[{\"@type\":\"ReadAction\",\"target\":[\"https:\/\/lumart.fr\/fr\/les-collections\/interieur\/appliques\/leman-applique-3476-2\/\"]}]},{\"@type\":\"BreadcrumbList\",\"@id\":\"https:\/\/lumart.fr\/fr\/les-collections\/interieur\/appliques\/leman-applique-3476-2\/#breadcrumb\",\"itemListElement\":[{\"@type\":\"ListItem\",\"position\":1,\"name\":\"Home\",\"item\":\"https:\/\/lumart.fr\/fr\/\"},{\"@type\":\"ListItem\",\"position\":2,\"name\":\"Les Collections\",\"item\":\"https:\/\/lumart.fr\/fr\/les-collections\/\"},{\"@type\":\"ListItem\",\"position\":3,\"name\":\"Leman - Applique\"}]}]}<\/script>\n<!-- \/ Yoast SEO plugin. -->","yoast_head_json":{"description":"Applique ou suspension, la collection L\u00e9man tourne autour du laiton micro perfor\u00e9 qui diffuse une lumi\u00e8re tamis\u00e9e et subtile. Egalement disponible en spot de sol, \u00e0 disposer le long d'un mur ou au pied d'une colonne pour un \u00e9clairage indirect du plus bel effet.","robots":{"index":"index","follow":"follow","max-snippet":"max-snippet:-1","max-image-preview":"max-image-preview:large","max-video-preview":"max-video-preview:-1"},"canonical":"https:\/\/lumart.fr\/fr\/les-collections\/interieur\/appliques\/leman-applique-3476-2\/","og_locale":"fr_FR","og_type":"article","og_title":"Applique Leman (3476\/2) - Lum'art","og_description":"Applique ou suspension, la collection L\u00e9man tourne autour du laiton micro perfor\u00e9 qui diffuse une lumi\u00e8re tamis\u00e9e et subtile. Egalement disponible en spot de sol, \u00e0 disposer le long d'un mur ou au pied d'une colonne pour un \u00e9clairage indirect du plus bel effet.","og_url":"https:\/\/lumart.fr\/fr\/les-collections\/interieur\/appliques\/leman-applique-3476-2\/","og_site_name":"Lum&#039;art","article_publisher":"https:\/\/www.facebook.com\/LumArt-1543826629180391\/","article_modified_time":"2023-06-27T13:22:29+00:00","og_image":[{"width":2551,"height":1701,"url":"https:\/\/lumart.fr\/wp-content\/uploads\/2017\/12\/3476-2-Applique-Leman-CDF-Lumart-BD-3.jpg","type":"image\/jpeg"}],"twitter_card":"summary","schema":{"@context":"https:\/\/schema.org","@graph":[{"@type":"WebSite","@id":"https:\/\/lumart.fr\/fr\/#website","url":"https:\/\/lumart.fr\/fr\/","name":"Lum'art","description":"","potentialAction":[{"@type":"SearchAction","target":{"@type":"EntryPoint","urlTemplate":"https:\/\/lumart.fr\/fr\/?s={search_term_string}"},"query-input":"required name=search_term_string"}],"inLanguage":"fr-FR"},{"@type":"ImageObject","@id":"https:\/\/lumart.fr\/fr\/les-collections\/interieur\/appliques\/leman-applique-3476-2\/#primaryimage","inLanguage":"fr-FR","url":"\/wp-content\/uploads\/2017\/12\/3476-2-Applique-Leman-CDF-Lumart-BD-3.jpg","contentUrl":"\/wp-content\/uploads\/2017\/12\/3476-2-Applique-Leman-CDF-Lumart-BD-3.jpg","width":2551,"height":1701,"caption":"Applique Leman - Finition canon de fusil"},{"@type":"WebPage","@id":"https:\/\/lumart.fr\/fr\/les-collections\/interieur\/appliques\/leman-applique-3476-2\/#webpage","url":"https:\/\/lumart.fr\/fr\/les-collections\/interieur\/appliques\/leman-applique-3476-2\/","name":"Applique Leman (3476\/2) - Lum'art","isPartOf":{"@id":"https:\/\/lumart.fr\/fr\/#website"},"primaryImageOfPage":{"@id":"https:\/\/lumart.fr\/fr\/les-collections\/interieur\/appliques\/leman-applique-3476-2\/#primaryimage"},"datePublished":"2017-12-18T14:34:20+00:00","dateModified":"2023-06-27T13:22:29+00:00","description":"Applique ou suspension, la collection L\u00e9man tourne autour du laiton micro perfor\u00e9 qui diffuse une lumi\u00e8re tamis\u00e9e et subtile. Egalement disponible en spot de sol, \u00e0 disposer le long d'un mur ou au pied d'une colonne pour un \u00e9clairage indirect du plus bel effet.","breadcrumb":{"@id":"https:\/\/lumart.fr\/fr\/les-collections\/interieur\/appliques\/leman-applique-3476-2\/#breadcrumb"},"inLanguage":"fr-FR","potentialAction":[{"@type":"ReadAction","target":["https:\/\/lumart.fr\/fr\/les-collections\/interieur\/appliques\/leman-applique-3476-2\/"]}]},{"@type":"BreadcrumbList","@id":"https:\/\/lumart.fr\/fr\/les-collections\/interieur\/appliques\/leman-applique-3476-2\/#breadcrumb","itemListElement":[{"@type":"ListItem","position":1,"name":"Home","item":"https:\/\/lumart.fr\/fr\/"},{"@type":"ListItem","position":2,"name":"Les Collections","item":"https:\/\/lumart.fr\/fr\/les-collections\/"},{"@type":"ListItem","position":3,"name":"Leman - Applique"}]}]}},"_links":{"self":[{"href":"https:\/\/lumart.fr\/fr\/wp-json\/wp\/v2\/product\/6095"}],"collection":[{"href":"https:\/\/lumart.fr\/fr\/wp-json\/wp\/v2\/product"}],"about":[{"href":"https:\/\/lumart.fr\/fr\/wp-json\/wp\/v2\/types\/product"}],"wp:featuredmedia":[{"embeddable":true,"href":"https:\/\/lumart.fr\/fr\/wp-json\/wp\/v2\/media\/4093"}],"wp:attachment":[{"href":"https:\/\/lumart.fr\/fr\/wp-json\/wp\/v2\/media?parent=6095"}],"wp:term":[{"taxonomy":"product_cat","embeddable":true,"href":"https:\/\/lumart.fr\/fr\/wp-json\/wp\/v2\/product_cat?post=6095"},{"taxonomy":"product_tag","embeddable":true,"href":"https:\/\/lumart.fr\/fr\/wp-json\/wp\/v2\/product_tag?post=6095"}],"curies":[{"name":"wp","href":"https:\/\/api.w.org\/{rel}","templated":true}]}}