{"id":6091,"date":"2017-12-18T14:34:17","date_gmt":"2017-12-18T14:34:17","guid":{"rendered":"https:\/\/lumart.fr\/les-collections\/non%20class\u00e9\/le-titien-rampe-a-tableau-50-cm-3490-2\/"},"modified":"2023-06-27T15:32:23","modified_gmt":"2023-06-27T13:32:23","slug":"le-titien-rampe-a-tableau-50-cm-3490-2","status":"publish","type":"product","link":"https:\/\/lumart.fr\/fr\/les-collections\/interieur\/rampes-a-tableau\/le-titien-rampe-a-tableau-50-cm-3490-2\/","title":{"rendered":"Le Titien - Rampe \u00e0 tableau 50 cm"},"content":{"rendered":"<p>La collection de rampes \u00e0 tableau Le Titien, d&rsquo;un design simple et discret, est \u00e0 privil\u00e9gier quand la sortie \u00e9lectrique se situe derri\u00e8re le cadre \u00e0 \u00e9clairer. Sp\u00e9cialement \u00e9tudi\u00e9e, la patte de fixation de l&rsquo;applique peut \u00eatre directement fix\u00e9e sur le cadre \u00e9vitant ainsi de faire multiplier les trous dans le mur.<\/p>\n","protected":false},"excerpt":{"rendered":"<p>La collection de rampes \u00e0 tableau Le Titien, d&rsquo;un design simple et discret, est \u00e0 privil\u00e9gier quand la sortie \u00e9lectrique se situe derri\u00e8re le cadre \u00e0 \u00e9clairer. Sp\u00e9cialement \u00e9tudi\u00e9e, la patte de fixation de l&rsquo;applique peut \u00eatre directement fix\u00e9e sur le cadre \u00e9vitant ainsi de faire multiplier les trous dans le mur.<\/p>\n","protected":false},"featured_media":4195,"template":"","meta":[],"product_cat":[243],"product_tag":[],"acf":[],"yoast_head":"<!-- This site is optimized with the Yoast SEO plugin v17.8 - https:\/\/yoast.com\/wordpress\/plugins\/seo\/ -->\n<meta name=\"description\" content=\"La collection de rampes \u00e0 tableau Le Titien, d&#039;un design simple et discret, est \u00e0 privil\u00e9gier quand la sortie \u00e9lectrique se situe derri\u00e8re le cadre \u00e0 \u00e9clairer. Sp\u00e9cialement \u00e9tudi\u00e9e, la patte de fixation de l&#039;applique peut \u00eatre directement fix\u00e9e sur le cadre \u00e9vitant ainsi de faire multiplier les trous dans le mur.\" \/>\n<meta name=\"robots\" content=\"index, follow, max-snippet:-1, max-image-preview:large, max-video-preview:-1\" \/>\n<link rel=\"canonical\" href=\"https:\/\/lumart.fr\/fr\/les-collections\/interieur\/rampes-a-tableau\/le-titien-rampe-a-tableau-50-cm-3490-2\/\" \/>\n<meta property=\"og:locale\" content=\"fr_FR\" \/>\n<meta property=\"og:type\" content=\"article\" \/>\n<meta property=\"og:title\" content=\"Rampe \u00e0 tableau Le Titien 50 cm (3490\/2) - Lum&#039;art\" \/>\n<meta property=\"og:description\" content=\"La collection de rampes \u00e0 tableau Le Titien, d&#039;un design simple et discret, est \u00e0 privil\u00e9gier quand la sortie \u00e9lectrique se situe derri\u00e8re le cadre \u00e0 \u00e9clairer. Sp\u00e9cialement \u00e9tudi\u00e9e, la patte de fixation de l&#039;applique peut \u00eatre directement fix\u00e9e sur le cadre \u00e9vitant ainsi de faire multiplier les trous dans le mur.\" \/>\n<meta property=\"og:url\" content=\"https:\/\/lumart.fr\/fr\/les-collections\/interieur\/rampes-a-tableau\/le-titien-rampe-a-tableau-50-cm-3490-2\/\" \/>\n<meta property=\"og:site_name\" content=\"Lum&#039;art\" \/>\n<meta property=\"article:publisher\" content=\"https:\/\/www.facebook.com\/LumArt-1543826629180391\/\" \/>\n<meta property=\"article:modified_time\" content=\"2023-06-27T13:32:23+00:00\" \/>\n<meta property=\"og:image\" content=\"https:\/\/lumart.fr\/wp-content\/uploads\/2017\/12\/3490-2-Rampe-tableau-Le-Titien-50cm-NBro-Lumart-BD-9.jpg\" \/>\n\t<meta property=\"og:image:width\" content=\"2551\" \/>\n\t<meta property=\"og:image:height\" content=\"1701\" \/>\n<meta name=\"twitter:card\" content=\"summary\" \/>\n<script type=\"application\/ld+json\" class=\"yoast-schema-graph\">{\"@context\":\"https:\/\/schema.org\",\"@graph\":[{\"@type\":\"WebSite\",\"@id\":\"https:\/\/lumart.fr\/fr\/#website\",\"url\":\"https:\/\/lumart.fr\/fr\/\",\"name\":\"Lum'art\",\"description\":\"\",\"potentialAction\":[{\"@type\":\"SearchAction\",\"target\":{\"@type\":\"EntryPoint\",\"urlTemplate\":\"https:\/\/lumart.fr\/fr\/?s={search_term_string}\"},\"query-input\":\"required name=search_term_string\"}],\"inLanguage\":\"fr-FR\"},{\"@type\":\"ImageObject\",\"@id\":\"https:\/\/lumart.fr\/fr\/les-collections\/interieur\/rampes-a-tableau\/le-titien-rampe-a-tableau-50-cm-3490-2\/#primaryimage\",\"inLanguage\":\"fr-FR\",\"url\":\"\/wp-content\/uploads\/2017\/12\/3490-2-Rampe-tableau-Le-Titien-50cm-NBro-Lumart-BD-9.jpg\",\"contentUrl\":\"\/wp-content\/uploads\/2017\/12\/3490-2-Rampe-tableau-Le-Titien-50cm-NBro-Lumart-BD-9.jpg\",\"width\":2551,\"height\":1701,\"caption\":\"Rampe \\u00e0 tableau Le Titien 50 cm - Finition nickel bross\\u00e9\"},{\"@type\":\"WebPage\",\"@id\":\"https:\/\/lumart.fr\/fr\/les-collections\/interieur\/rampes-a-tableau\/le-titien-rampe-a-tableau-50-cm-3490-2\/#webpage\",\"url\":\"https:\/\/lumart.fr\/fr\/les-collections\/interieur\/rampes-a-tableau\/le-titien-rampe-a-tableau-50-cm-3490-2\/\",\"name\":\"Rampe \\u00e0 tableau Le Titien 50 cm (3490\/2) - Lum'art\",\"isPartOf\":{\"@id\":\"https:\/\/lumart.fr\/fr\/#website\"},\"primaryImageOfPage\":{\"@id\":\"https:\/\/lumart.fr\/fr\/les-collections\/interieur\/rampes-a-tableau\/le-titien-rampe-a-tableau-50-cm-3490-2\/#primaryimage\"},\"datePublished\":\"2017-12-18T14:34:17+00:00\",\"dateModified\":\"2023-06-27T13:32:23+00:00\",\"description\":\"La collection de rampes \\u00e0 tableau Le Titien, d'un design simple et discret, est \\u00e0 privil\\u00e9gier quand la sortie \\u00e9lectrique se situe derri\\u00e8re le cadre \\u00e0 \\u00e9clairer. Sp\\u00e9cialement \\u00e9tudi\\u00e9e, la patte de fixation de l'applique peut \\u00eatre directement fix\\u00e9e sur le cadre \\u00e9vitant ainsi de faire multiplier les trous dans le mur.\",\"breadcrumb\":{\"@id\":\"https:\/\/lumart.fr\/fr\/les-collections\/interieur\/rampes-a-tableau\/le-titien-rampe-a-tableau-50-cm-3490-2\/#breadcrumb\"},\"inLanguage\":\"fr-FR\",\"potentialAction\":[{\"@type\":\"ReadAction\",\"target\":[\"https:\/\/lumart.fr\/fr\/les-collections\/interieur\/rampes-a-tableau\/le-titien-rampe-a-tableau-50-cm-3490-2\/\"]}]},{\"@type\":\"BreadcrumbList\",\"@id\":\"https:\/\/lumart.fr\/fr\/les-collections\/interieur\/rampes-a-tableau\/le-titien-rampe-a-tableau-50-cm-3490-2\/#breadcrumb\",\"itemListElement\":[{\"@type\":\"ListItem\",\"position\":1,\"name\":\"Home\",\"item\":\"https:\/\/lumart.fr\/fr\/\"},{\"@type\":\"ListItem\",\"position\":2,\"name\":\"Les Collections\",\"item\":\"https:\/\/lumart.fr\/fr\/les-collections\/\"},{\"@type\":\"ListItem\",\"position\":3,\"name\":\"Le Titien - Rampe \\u00e0 tableau 50 cm\"}]}]}<\/script>\n<!-- \/ Yoast SEO plugin. -->","yoast_head_json":{"description":"La collection de rampes \u00e0 tableau Le Titien, d'un design simple et discret, est \u00e0 privil\u00e9gier quand la sortie \u00e9lectrique se situe derri\u00e8re le cadre \u00e0 \u00e9clairer. Sp\u00e9cialement \u00e9tudi\u00e9e, la patte de fixation de l'applique peut \u00eatre directement fix\u00e9e sur le cadre \u00e9vitant ainsi de faire multiplier les trous dans le mur.","robots":{"index":"index","follow":"follow","max-snippet":"max-snippet:-1","max-image-preview":"max-image-preview:large","max-video-preview":"max-video-preview:-1"},"canonical":"https:\/\/lumart.fr\/fr\/les-collections\/interieur\/rampes-a-tableau\/le-titien-rampe-a-tableau-50-cm-3490-2\/","og_locale":"fr_FR","og_type":"article","og_title":"Rampe \u00e0 tableau Le Titien 50 cm (3490\/2) - Lum'art","og_description":"La collection de rampes \u00e0 tableau Le Titien, d'un design simple et discret, est \u00e0 privil\u00e9gier quand la sortie \u00e9lectrique se situe derri\u00e8re le cadre \u00e0 \u00e9clairer. Sp\u00e9cialement \u00e9tudi\u00e9e, la patte de fixation de l'applique peut \u00eatre directement fix\u00e9e sur le cadre \u00e9vitant ainsi de faire multiplier les trous dans le mur.","og_url":"https:\/\/lumart.fr\/fr\/les-collections\/interieur\/rampes-a-tableau\/le-titien-rampe-a-tableau-50-cm-3490-2\/","og_site_name":"Lum&#039;art","article_publisher":"https:\/\/www.facebook.com\/LumArt-1543826629180391\/","article_modified_time":"2023-06-27T13:32:23+00:00","og_image":[{"width":2551,"height":1701,"url":"https:\/\/lumart.fr\/wp-content\/uploads\/2017\/12\/3490-2-Rampe-tableau-Le-Titien-50cm-NBro-Lumart-BD-9.jpg","type":"image\/jpeg"}],"twitter_card":"summary","schema":{"@context":"https:\/\/schema.org","@graph":[{"@type":"WebSite","@id":"https:\/\/lumart.fr\/fr\/#website","url":"https:\/\/lumart.fr\/fr\/","name":"Lum'art","description":"","potentialAction":[{"@type":"SearchAction","target":{"@type":"EntryPoint","urlTemplate":"https:\/\/lumart.fr\/fr\/?s={search_term_string}"},"query-input":"required name=search_term_string"}],"inLanguage":"fr-FR"},{"@type":"ImageObject","@id":"https:\/\/lumart.fr\/fr\/les-collections\/interieur\/rampes-a-tableau\/le-titien-rampe-a-tableau-50-cm-3490-2\/#primaryimage","inLanguage":"fr-FR","url":"\/wp-content\/uploads\/2017\/12\/3490-2-Rampe-tableau-Le-Titien-50cm-NBro-Lumart-BD-9.jpg","contentUrl":"\/wp-content\/uploads\/2017\/12\/3490-2-Rampe-tableau-Le-Titien-50cm-NBro-Lumart-BD-9.jpg","width":2551,"height":1701,"caption":"Rampe \u00e0 tableau Le Titien 50 cm - Finition nickel bross\u00e9"},{"@type":"WebPage","@id":"https:\/\/lumart.fr\/fr\/les-collections\/interieur\/rampes-a-tableau\/le-titien-rampe-a-tableau-50-cm-3490-2\/#webpage","url":"https:\/\/lumart.fr\/fr\/les-collections\/interieur\/rampes-a-tableau\/le-titien-rampe-a-tableau-50-cm-3490-2\/","name":"Rampe \u00e0 tableau Le Titien 50 cm (3490\/2) - Lum'art","isPartOf":{"@id":"https:\/\/lumart.fr\/fr\/#website"},"primaryImageOfPage":{"@id":"https:\/\/lumart.fr\/fr\/les-collections\/interieur\/rampes-a-tableau\/le-titien-rampe-a-tableau-50-cm-3490-2\/#primaryimage"},"datePublished":"2017-12-18T14:34:17+00:00","dateModified":"2023-06-27T13:32:23+00:00","description":"La collection de rampes \u00e0 tableau Le Titien, d'un design simple et discret, est \u00e0 privil\u00e9gier quand la sortie \u00e9lectrique se situe derri\u00e8re le cadre \u00e0 \u00e9clairer. Sp\u00e9cialement \u00e9tudi\u00e9e, la patte de fixation de l'applique peut \u00eatre directement fix\u00e9e sur le cadre \u00e9vitant ainsi de faire multiplier les trous dans le mur.","breadcrumb":{"@id":"https:\/\/lumart.fr\/fr\/les-collections\/interieur\/rampes-a-tableau\/le-titien-rampe-a-tableau-50-cm-3490-2\/#breadcrumb"},"inLanguage":"fr-FR","potentialAction":[{"@type":"ReadAction","target":["https:\/\/lumart.fr\/fr\/les-collections\/interieur\/rampes-a-tableau\/le-titien-rampe-a-tableau-50-cm-3490-2\/"]}]},{"@type":"BreadcrumbList","@id":"https:\/\/lumart.fr\/fr\/les-collections\/interieur\/rampes-a-tableau\/le-titien-rampe-a-tableau-50-cm-3490-2\/#breadcrumb","itemListElement":[{"@type":"ListItem","position":1,"name":"Home","item":"https:\/\/lumart.fr\/fr\/"},{"@type":"ListItem","position":2,"name":"Les Collections","item":"https:\/\/lumart.fr\/fr\/les-collections\/"},{"@type":"ListItem","position":3,"name":"Le Titien - Rampe \u00e0 tableau 50 cm"}]}]}},"_links":{"self":[{"href":"https:\/\/lumart.fr\/fr\/wp-json\/wp\/v2\/product\/6091"}],"collection":[{"href":"https:\/\/lumart.fr\/fr\/wp-json\/wp\/v2\/product"}],"about":[{"href":"https:\/\/lumart.fr\/fr\/wp-json\/wp\/v2\/types\/product"}],"wp:featuredmedia":[{"embeddable":true,"href":"https:\/\/lumart.fr\/fr\/wp-json\/wp\/v2\/media\/4195"}],"wp:attachment":[{"href":"https:\/\/lumart.fr\/fr\/wp-json\/wp\/v2\/media?parent=6091"}],"wp:term":[{"taxonomy":"product_cat","embeddable":true,"href":"https:\/\/lumart.fr\/fr\/wp-json\/wp\/v2\/product_cat?post=6091"},{"taxonomy":"product_tag","embeddable":true,"href":"https:\/\/lumart.fr\/fr\/wp-json\/wp\/v2\/product_tag?post=6091"}],"curies":[{"name":"wp","href":"https:\/\/api.w.org\/{rel}","templated":true}]}}