{"id":6090,"date":"2017-12-18T14:34:17","date_gmt":"2017-12-18T14:34:17","guid":{"rendered":"https:\/\/lumart.fr\/les-collections\/non%20class\u00e9\/le-plessis-borne-90-cm-82887\/"},"modified":"2018-09-03T22:48:23","modified_gmt":"2018-09-03T22:48:23","slug":"le-plessis-borne-90-cm-82887","status":"publish","type":"product","link":"https:\/\/lumart.fr\/fr\/les-collections\/exterieur\/bornes\/le-plessis-borne-90-cm-82887\/","title":{"rendered":"Le Plessis - Borne 90 cm"},"content":{"rendered":"<p>Le Plessis est une borne de jardin contemporaine de forme triangulaire associant le laiton et l&rsquo;acacia du Perche. Le verre d\u00e9poli va diffuser une lumi\u00e8re subtile pour \u00e9clairer massifs, all\u00e9es ou passages. Parfait \u00e9galement pour \u00e9clairer le tour d&rsquo;une piscine !<\/p>\n","protected":false},"excerpt":{"rendered":"<p>Le Plessis est une borne de jardin contemporaine de forme triangulaire associant le laiton et l&rsquo;acacia du Perche. Le verre d\u00e9poli va diffuser une lumi\u00e8re subtile pour \u00e9clairer massifs, all\u00e9es ou passages. Parfait \u00e9galement pour \u00e9clairer le tour d&rsquo;une piscine !<\/p>\n","protected":false},"featured_media":3957,"template":"","meta":[],"product_cat":[235],"product_tag":[],"acf":[],"yoast_head":"<!-- This site is optimized with the Yoast SEO plugin v17.8 - https:\/\/yoast.com\/wordpress\/plugins\/seo\/ -->\n<meta name=\"description\" content=\"Le Plessis est une borne de jardin contemporaine de forme triangulaire associant le laiton et l&#039;acacia du Perche. Le verre d\u00e9poli va diffuser une lumi\u00e8re subtile pour \u00e9clairer massifs, all\u00e9es ou passages. Parfait \u00e9galement pour \u00e9clairer le tour d&#039;une piscine !\" \/>\n<meta name=\"robots\" content=\"index, follow, max-snippet:-1, max-image-preview:large, max-video-preview:-1\" \/>\n<link rel=\"canonical\" href=\"https:\/\/lumart.fr\/fr\/les-collections\/exterieur\/bornes\/le-plessis-borne-90-cm-82887\/\" \/>\n<meta property=\"og:locale\" content=\"fr_FR\" \/>\n<meta property=\"og:type\" content=\"article\" \/>\n<meta property=\"og:title\" content=\"Borne Le Plessis 90 cm (82887) - Lum&#039;art\" \/>\n<meta property=\"og:description\" content=\"Le Plessis est une borne de jardin contemporaine de forme triangulaire associant le laiton et l&#039;acacia du Perche. Le verre d\u00e9poli va diffuser une lumi\u00e8re subtile pour \u00e9clairer massifs, all\u00e9es ou passages. Parfait \u00e9galement pour \u00e9clairer le tour d&#039;une piscine !\" \/>\n<meta property=\"og:url\" content=\"https:\/\/lumart.fr\/fr\/les-collections\/exterieur\/bornes\/le-plessis-borne-90-cm-82887\/\" \/>\n<meta property=\"og:site_name\" content=\"Lum&#039;art\" \/>\n<meta property=\"article:publisher\" content=\"https:\/\/www.facebook.com\/LumArt-1543826629180391\/\" \/>\n<meta property=\"article:modified_time\" content=\"2018-09-03T22:48:23+00:00\" \/>\n<meta property=\"og:image\" content=\"https:\/\/lumart.fr\/wp-content\/uploads\/2017\/12\/82887-Borne-Le-Plessis-90cm-VDG-Lumart-BD-2.jpg\" \/>\n\t<meta property=\"og:image:width\" content=\"2551\" \/>\n\t<meta property=\"og:image:height\" content=\"1701\" \/>\n<meta name=\"twitter:card\" content=\"summary\" \/>\n<script type=\"application\/ld+json\" class=\"yoast-schema-graph\">{\"@context\":\"https:\/\/schema.org\",\"@graph\":[{\"@type\":\"WebSite\",\"@id\":\"https:\/\/lumart.fr\/fr\/#website\",\"url\":\"https:\/\/lumart.fr\/fr\/\",\"name\":\"Lum'art\",\"description\":\"\",\"potentialAction\":[{\"@type\":\"SearchAction\",\"target\":{\"@type\":\"EntryPoint\",\"urlTemplate\":\"https:\/\/lumart.fr\/fr\/?s={search_term_string}\"},\"query-input\":\"required name=search_term_string\"}],\"inLanguage\":\"fr-FR\"},{\"@type\":\"ImageObject\",\"@id\":\"https:\/\/lumart.fr\/fr\/les-collections\/exterieur\/bornes\/le-plessis-borne-90-cm-82887\/#primaryimage\",\"inLanguage\":\"fr-FR\",\"url\":\"\/wp-content\/uploads\/2017\/12\/82887-Borne-Le-Plessis-90cm-VDG-Lumart-BD-2.jpg\",\"contentUrl\":\"\/wp-content\/uploads\/2017\/12\/82887-Borne-Le-Plessis-90cm-VDG-Lumart-BD-2.jpg\",\"width\":2551,\"height\":1701,\"caption\":\"Borne Le Plessis 90 cm - Finition vert de gris\"},{\"@type\":\"WebPage\",\"@id\":\"https:\/\/lumart.fr\/fr\/les-collections\/exterieur\/bornes\/le-plessis-borne-90-cm-82887\/#webpage\",\"url\":\"https:\/\/lumart.fr\/fr\/les-collections\/exterieur\/bornes\/le-plessis-borne-90-cm-82887\/\",\"name\":\"Borne Le Plessis 90 cm (82887) - Lum'art\",\"isPartOf\":{\"@id\":\"https:\/\/lumart.fr\/fr\/#website\"},\"primaryImageOfPage\":{\"@id\":\"https:\/\/lumart.fr\/fr\/les-collections\/exterieur\/bornes\/le-plessis-borne-90-cm-82887\/#primaryimage\"},\"datePublished\":\"2017-12-18T14:34:17+00:00\",\"dateModified\":\"2018-09-03T22:48:23+00:00\",\"description\":\"Le Plessis est une borne de jardin contemporaine de forme triangulaire associant le laiton et l'acacia du Perche. Le verre d\\u00e9poli va diffuser une lumi\\u00e8re subtile pour \\u00e9clairer massifs, all\\u00e9es ou passages. Parfait \\u00e9galement pour \\u00e9clairer le tour d'une piscine !\",\"breadcrumb\":{\"@id\":\"https:\/\/lumart.fr\/fr\/les-collections\/exterieur\/bornes\/le-plessis-borne-90-cm-82887\/#breadcrumb\"},\"inLanguage\":\"fr-FR\",\"potentialAction\":[{\"@type\":\"ReadAction\",\"target\":[\"https:\/\/lumart.fr\/fr\/les-collections\/exterieur\/bornes\/le-plessis-borne-90-cm-82887\/\"]}]},{\"@type\":\"BreadcrumbList\",\"@id\":\"https:\/\/lumart.fr\/fr\/les-collections\/exterieur\/bornes\/le-plessis-borne-90-cm-82887\/#breadcrumb\",\"itemListElement\":[{\"@type\":\"ListItem\",\"position\":1,\"name\":\"Home\",\"item\":\"https:\/\/lumart.fr\/fr\/\"},{\"@type\":\"ListItem\",\"position\":2,\"name\":\"Les Collections\",\"item\":\"https:\/\/lumart.fr\/fr\/les-collections\/\"},{\"@type\":\"ListItem\",\"position\":3,\"name\":\"Le Plessis - Borne 90 cm\"}]}]}<\/script>\n<!-- \/ Yoast SEO plugin. -->","yoast_head_json":{"description":"Le Plessis est une borne de jardin contemporaine de forme triangulaire associant le laiton et l'acacia du Perche. Le verre d\u00e9poli va diffuser une lumi\u00e8re subtile pour \u00e9clairer massifs, all\u00e9es ou passages. Parfait \u00e9galement pour \u00e9clairer le tour d'une piscine !","robots":{"index":"index","follow":"follow","max-snippet":"max-snippet:-1","max-image-preview":"max-image-preview:large","max-video-preview":"max-video-preview:-1"},"canonical":"https:\/\/lumart.fr\/fr\/les-collections\/exterieur\/bornes\/le-plessis-borne-90-cm-82887\/","og_locale":"fr_FR","og_type":"article","og_title":"Borne Le Plessis 90 cm (82887) - Lum'art","og_description":"Le Plessis est une borne de jardin contemporaine de forme triangulaire associant le laiton et l'acacia du Perche. Le verre d\u00e9poli va diffuser une lumi\u00e8re subtile pour \u00e9clairer massifs, all\u00e9es ou passages. Parfait \u00e9galement pour \u00e9clairer le tour d'une piscine !","og_url":"https:\/\/lumart.fr\/fr\/les-collections\/exterieur\/bornes\/le-plessis-borne-90-cm-82887\/","og_site_name":"Lum&#039;art","article_publisher":"https:\/\/www.facebook.com\/LumArt-1543826629180391\/","article_modified_time":"2018-09-03T22:48:23+00:00","og_image":[{"width":2551,"height":1701,"url":"https:\/\/lumart.fr\/wp-content\/uploads\/2017\/12\/82887-Borne-Le-Plessis-90cm-VDG-Lumart-BD-2.jpg","type":"image\/jpeg"}],"twitter_card":"summary","schema":{"@context":"https:\/\/schema.org","@graph":[{"@type":"WebSite","@id":"https:\/\/lumart.fr\/fr\/#website","url":"https:\/\/lumart.fr\/fr\/","name":"Lum'art","description":"","potentialAction":[{"@type":"SearchAction","target":{"@type":"EntryPoint","urlTemplate":"https:\/\/lumart.fr\/fr\/?s={search_term_string}"},"query-input":"required name=search_term_string"}],"inLanguage":"fr-FR"},{"@type":"ImageObject","@id":"https:\/\/lumart.fr\/fr\/les-collections\/exterieur\/bornes\/le-plessis-borne-90-cm-82887\/#primaryimage","inLanguage":"fr-FR","url":"\/wp-content\/uploads\/2017\/12\/82887-Borne-Le-Plessis-90cm-VDG-Lumart-BD-2.jpg","contentUrl":"\/wp-content\/uploads\/2017\/12\/82887-Borne-Le-Plessis-90cm-VDG-Lumart-BD-2.jpg","width":2551,"height":1701,"caption":"Borne Le Plessis 90 cm - Finition vert de gris"},{"@type":"WebPage","@id":"https:\/\/lumart.fr\/fr\/les-collections\/exterieur\/bornes\/le-plessis-borne-90-cm-82887\/#webpage","url":"https:\/\/lumart.fr\/fr\/les-collections\/exterieur\/bornes\/le-plessis-borne-90-cm-82887\/","name":"Borne Le Plessis 90 cm (82887) - Lum'art","isPartOf":{"@id":"https:\/\/lumart.fr\/fr\/#website"},"primaryImageOfPage":{"@id":"https:\/\/lumart.fr\/fr\/les-collections\/exterieur\/bornes\/le-plessis-borne-90-cm-82887\/#primaryimage"},"datePublished":"2017-12-18T14:34:17+00:00","dateModified":"2018-09-03T22:48:23+00:00","description":"Le Plessis est une borne de jardin contemporaine de forme triangulaire associant le laiton et l'acacia du Perche. Le verre d\u00e9poli va diffuser une lumi\u00e8re subtile pour \u00e9clairer massifs, all\u00e9es ou passages. Parfait \u00e9galement pour \u00e9clairer le tour d'une piscine !","breadcrumb":{"@id":"https:\/\/lumart.fr\/fr\/les-collections\/exterieur\/bornes\/le-plessis-borne-90-cm-82887\/#breadcrumb"},"inLanguage":"fr-FR","potentialAction":[{"@type":"ReadAction","target":["https:\/\/lumart.fr\/fr\/les-collections\/exterieur\/bornes\/le-plessis-borne-90-cm-82887\/"]}]},{"@type":"BreadcrumbList","@id":"https:\/\/lumart.fr\/fr\/les-collections\/exterieur\/bornes\/le-plessis-borne-90-cm-82887\/#breadcrumb","itemListElement":[{"@type":"ListItem","position":1,"name":"Home","item":"https:\/\/lumart.fr\/fr\/"},{"@type":"ListItem","position":2,"name":"Les Collections","item":"https:\/\/lumart.fr\/fr\/les-collections\/"},{"@type":"ListItem","position":3,"name":"Le Plessis - Borne 90 cm"}]}]}},"_links":{"self":[{"href":"https:\/\/lumart.fr\/fr\/wp-json\/wp\/v2\/product\/6090"}],"collection":[{"href":"https:\/\/lumart.fr\/fr\/wp-json\/wp\/v2\/product"}],"about":[{"href":"https:\/\/lumart.fr\/fr\/wp-json\/wp\/v2\/types\/product"}],"wp:featuredmedia":[{"embeddable":true,"href":"https:\/\/lumart.fr\/fr\/wp-json\/wp\/v2\/media\/3957"}],"wp:attachment":[{"href":"https:\/\/lumart.fr\/fr\/wp-json\/wp\/v2\/media?parent=6090"}],"wp:term":[{"taxonomy":"product_cat","embeddable":true,"href":"https:\/\/lumart.fr\/fr\/wp-json\/wp\/v2\/product_cat?post=6090"},{"taxonomy":"product_tag","embeddable":true,"href":"https:\/\/lumart.fr\/fr\/wp-json\/wp\/v2\/product_tag?post=6090"}],"curies":[{"name":"wp","href":"https:\/\/api.w.org\/{rel}","templated":true}]}}