{"id":6068,"date":"2017-12-18T14:34:04","date_gmt":"2017-12-18T14:34:04","guid":{"rendered":"https:\/\/lumart.fr\/les-collections\/non%20class\u00e9\/isis-grille-rampe-a-tableau-36-cm-3335-2\/"},"modified":"2023-06-27T14:59:20","modified_gmt":"2023-06-27T12:59:20","slug":"isis-grille-rampe-a-tableau-36-cm-3335-2","status":"publish","type":"product","link":"https:\/\/lumart.fr\/fr\/les-collections\/interieur\/appliques\/isis-grille-rampe-a-tableau-36-cm-3335-2\/","title":{"rendered":"Isis Grille - Applique 36 cm"},"content":{"rendered":"<p>Rampes d&rsquo;\u00e9clairage \u00e0 jouer horizontalement ou verticalement, Isis encadrera une t\u00eate de lit, rythmera un couloir. On la placera partout o\u00f9 l&rsquo;espace est restreint pour un \u00e9clairage indirecte et orient\u00e9 avec sa fa\u00e7ade pivotante. Disponible avec un fronton m\u00e9tal ou grillage pour plus de luminosit\u00e9.<\/p>\n","protected":false},"excerpt":{"rendered":"<p>Rampes d&rsquo;\u00e9clairage \u00e0 jouer horizontalement ou verticalement, Isis encadrera une t\u00eate de lit, rythmera un couloir. On la placera partout o\u00f9 l&rsquo;espace est restreint pour un \u00e9clairage indirecte et orient\u00e9 avec sa fa\u00e7ade pivotante. Disponible avec un fronton m\u00e9tal ou grillage pour plus de luminosit\u00e9.<\/p>\n","protected":false},"featured_media":3694,"template":"","meta":[],"product_cat":[229],"product_tag":[],"acf":[],"yoast_head":"<!-- This site is optimized with the Yoast SEO plugin v17.8 - https:\/\/yoast.com\/wordpress\/plugins\/seo\/ -->\n<meta name=\"description\" content=\"Rampes d&#039;\u00e9clairage \u00e0 jouer horizontalement ou verticalement, Isis encadrera une t\u00eate de lit, rythmera un couloir. On la placera partout o\u00f9 l&#039;espace est restreint pour un \u00e9clairage indirecte et orient\u00e9 avec sa fa\u00e7ade pivotante. Disponible avec un fronton m\u00e9tal ou grillage pour plus de luminosit\u00e9.\" \/>\n<meta name=\"robots\" content=\"index, follow, max-snippet:-1, max-image-preview:large, max-video-preview:-1\" \/>\n<link rel=\"canonical\" href=\"https:\/\/lumart.fr\/fr\/les-collections\/interieur\/appliques\/isis-grille-rampe-a-tableau-36-cm-3335-2\/\" \/>\n<meta property=\"og:locale\" content=\"fr_FR\" \/>\n<meta property=\"og:type\" content=\"article\" \/>\n<meta property=\"og:title\" content=\"Rampe \u00e0 tableau Isis Grille 36 cm (3335\/2) - Lum&#039;art\" \/>\n<meta property=\"og:description\" content=\"Rampes d&#039;\u00e9clairage \u00e0 jouer horizontalement ou verticalement, Isis encadrera une t\u00eate de lit, rythmera un couloir. On la placera partout o\u00f9 l&#039;espace est restreint pour un \u00e9clairage indirecte et orient\u00e9 avec sa fa\u00e7ade pivotante. Disponible avec un fronton m\u00e9tal ou grillage pour plus de luminosit\u00e9.\" \/>\n<meta property=\"og:url\" content=\"https:\/\/lumart.fr\/fr\/les-collections\/interieur\/appliques\/isis-grille-rampe-a-tableau-36-cm-3335-2\/\" \/>\n<meta property=\"og:site_name\" content=\"Lum&#039;art\" \/>\n<meta property=\"article:publisher\" content=\"https:\/\/www.facebook.com\/LumArt-1543826629180391\/\" \/>\n<meta property=\"article:modified_time\" content=\"2023-06-27T12:59:20+00:00\" \/>\n<meta property=\"og:image\" content=\"https:\/\/lumart.fr\/wp-content\/uploads\/2017\/12\/3335-2-Rampe-tableau-Isis-grille-36cm-ZB-Lumart-BD-2.jpg\" \/>\n\t<meta property=\"og:image:width\" content=\"2551\" \/>\n\t<meta property=\"og:image:height\" content=\"1701\" \/>\n<meta name=\"twitter:card\" content=\"summary\" \/>\n<script type=\"application\/ld+json\" class=\"yoast-schema-graph\">{\"@context\":\"https:\/\/schema.org\",\"@graph\":[{\"@type\":\"WebSite\",\"@id\":\"https:\/\/lumart.fr\/fr\/#website\",\"url\":\"https:\/\/lumart.fr\/fr\/\",\"name\":\"Lum'art\",\"description\":\"\",\"potentialAction\":[{\"@type\":\"SearchAction\",\"target\":{\"@type\":\"EntryPoint\",\"urlTemplate\":\"https:\/\/lumart.fr\/fr\/?s={search_term_string}\"},\"query-input\":\"required name=search_term_string\"}],\"inLanguage\":\"fr-FR\"},{\"@type\":\"ImageObject\",\"@id\":\"https:\/\/lumart.fr\/fr\/les-collections\/interieur\/appliques\/isis-grille-rampe-a-tableau-36-cm-3335-2\/#primaryimage\",\"inLanguage\":\"fr-FR\",\"url\":\"\/wp-content\/uploads\/2017\/12\/3335-2-Rampe-tableau-Isis-grille-36cm-ZB-Lumart-BD-2.jpg\",\"contentUrl\":\"\/wp-content\/uploads\/2017\/12\/3335-2-Rampe-tableau-Isis-grille-36cm-ZB-Lumart-BD-2.jpg\",\"width\":2551,\"height\":1701,\"caption\":\"Rampe \\u00e0 tableau Isis Grille 36 cm - Finition zinc bross\\u00e9\"},{\"@type\":\"WebPage\",\"@id\":\"https:\/\/lumart.fr\/fr\/les-collections\/interieur\/appliques\/isis-grille-rampe-a-tableau-36-cm-3335-2\/#webpage\",\"url\":\"https:\/\/lumart.fr\/fr\/les-collections\/interieur\/appliques\/isis-grille-rampe-a-tableau-36-cm-3335-2\/\",\"name\":\"Rampe \\u00e0 tableau Isis Grille 36 cm (3335\/2) - Lum'art\",\"isPartOf\":{\"@id\":\"https:\/\/lumart.fr\/fr\/#website\"},\"primaryImageOfPage\":{\"@id\":\"https:\/\/lumart.fr\/fr\/les-collections\/interieur\/appliques\/isis-grille-rampe-a-tableau-36-cm-3335-2\/#primaryimage\"},\"datePublished\":\"2017-12-18T14:34:04+00:00\",\"dateModified\":\"2023-06-27T12:59:20+00:00\",\"description\":\"Rampes d'\\u00e9clairage \\u00e0 jouer horizontalement ou verticalement, Isis encadrera une t\\u00eate de lit, rythmera un couloir. On la placera partout o\\u00f9 l'espace est restreint pour un \\u00e9clairage indirecte et orient\\u00e9 avec sa fa\\u00e7ade pivotante. Disponible avec un fronton m\\u00e9tal ou grillage pour plus de luminosit\\u00e9.\",\"breadcrumb\":{\"@id\":\"https:\/\/lumart.fr\/fr\/les-collections\/interieur\/appliques\/isis-grille-rampe-a-tableau-36-cm-3335-2\/#breadcrumb\"},\"inLanguage\":\"fr-FR\",\"potentialAction\":[{\"@type\":\"ReadAction\",\"target\":[\"https:\/\/lumart.fr\/fr\/les-collections\/interieur\/appliques\/isis-grille-rampe-a-tableau-36-cm-3335-2\/\"]}]},{\"@type\":\"BreadcrumbList\",\"@id\":\"https:\/\/lumart.fr\/fr\/les-collections\/interieur\/appliques\/isis-grille-rampe-a-tableau-36-cm-3335-2\/#breadcrumb\",\"itemListElement\":[{\"@type\":\"ListItem\",\"position\":1,\"name\":\"Home\",\"item\":\"https:\/\/lumart.fr\/fr\/\"},{\"@type\":\"ListItem\",\"position\":2,\"name\":\"Les Collections\",\"item\":\"https:\/\/lumart.fr\/fr\/les-collections\/\"},{\"@type\":\"ListItem\",\"position\":3,\"name\":\"Isis Grille - Applique 36 cm\"}]}]}<\/script>\n<!-- \/ Yoast SEO plugin. -->","yoast_head_json":{"description":"Rampes d'\u00e9clairage \u00e0 jouer horizontalement ou verticalement, Isis encadrera une t\u00eate de lit, rythmera un couloir. On la placera partout o\u00f9 l'espace est restreint pour un \u00e9clairage indirecte et orient\u00e9 avec sa fa\u00e7ade pivotante. Disponible avec un fronton m\u00e9tal ou grillage pour plus de luminosit\u00e9.","robots":{"index":"index","follow":"follow","max-snippet":"max-snippet:-1","max-image-preview":"max-image-preview:large","max-video-preview":"max-video-preview:-1"},"canonical":"https:\/\/lumart.fr\/fr\/les-collections\/interieur\/appliques\/isis-grille-rampe-a-tableau-36-cm-3335-2\/","og_locale":"fr_FR","og_type":"article","og_title":"Rampe \u00e0 tableau Isis Grille 36 cm (3335\/2) - Lum'art","og_description":"Rampes d'\u00e9clairage \u00e0 jouer horizontalement ou verticalement, Isis encadrera une t\u00eate de lit, rythmera un couloir. On la placera partout o\u00f9 l'espace est restreint pour un \u00e9clairage indirecte et orient\u00e9 avec sa fa\u00e7ade pivotante. Disponible avec un fronton m\u00e9tal ou grillage pour plus de luminosit\u00e9.","og_url":"https:\/\/lumart.fr\/fr\/les-collections\/interieur\/appliques\/isis-grille-rampe-a-tableau-36-cm-3335-2\/","og_site_name":"Lum&#039;art","article_publisher":"https:\/\/www.facebook.com\/LumArt-1543826629180391\/","article_modified_time":"2023-06-27T12:59:20+00:00","og_image":[{"width":2551,"height":1701,"url":"https:\/\/lumart.fr\/wp-content\/uploads\/2017\/12\/3335-2-Rampe-tableau-Isis-grille-36cm-ZB-Lumart-BD-2.jpg","type":"image\/jpeg"}],"twitter_card":"summary","schema":{"@context":"https:\/\/schema.org","@graph":[{"@type":"WebSite","@id":"https:\/\/lumart.fr\/fr\/#website","url":"https:\/\/lumart.fr\/fr\/","name":"Lum'art","description":"","potentialAction":[{"@type":"SearchAction","target":{"@type":"EntryPoint","urlTemplate":"https:\/\/lumart.fr\/fr\/?s={search_term_string}"},"query-input":"required name=search_term_string"}],"inLanguage":"fr-FR"},{"@type":"ImageObject","@id":"https:\/\/lumart.fr\/fr\/les-collections\/interieur\/appliques\/isis-grille-rampe-a-tableau-36-cm-3335-2\/#primaryimage","inLanguage":"fr-FR","url":"\/wp-content\/uploads\/2017\/12\/3335-2-Rampe-tableau-Isis-grille-36cm-ZB-Lumart-BD-2.jpg","contentUrl":"\/wp-content\/uploads\/2017\/12\/3335-2-Rampe-tableau-Isis-grille-36cm-ZB-Lumart-BD-2.jpg","width":2551,"height":1701,"caption":"Rampe \u00e0 tableau Isis Grille 36 cm - Finition zinc bross\u00e9"},{"@type":"WebPage","@id":"https:\/\/lumart.fr\/fr\/les-collections\/interieur\/appliques\/isis-grille-rampe-a-tableau-36-cm-3335-2\/#webpage","url":"https:\/\/lumart.fr\/fr\/les-collections\/interieur\/appliques\/isis-grille-rampe-a-tableau-36-cm-3335-2\/","name":"Rampe \u00e0 tableau Isis Grille 36 cm (3335\/2) - Lum'art","isPartOf":{"@id":"https:\/\/lumart.fr\/fr\/#website"},"primaryImageOfPage":{"@id":"https:\/\/lumart.fr\/fr\/les-collections\/interieur\/appliques\/isis-grille-rampe-a-tableau-36-cm-3335-2\/#primaryimage"},"datePublished":"2017-12-18T14:34:04+00:00","dateModified":"2023-06-27T12:59:20+00:00","description":"Rampes d'\u00e9clairage \u00e0 jouer horizontalement ou verticalement, Isis encadrera une t\u00eate de lit, rythmera un couloir. On la placera partout o\u00f9 l'espace est restreint pour un \u00e9clairage indirecte et orient\u00e9 avec sa fa\u00e7ade pivotante. Disponible avec un fronton m\u00e9tal ou grillage pour plus de luminosit\u00e9.","breadcrumb":{"@id":"https:\/\/lumart.fr\/fr\/les-collections\/interieur\/appliques\/isis-grille-rampe-a-tableau-36-cm-3335-2\/#breadcrumb"},"inLanguage":"fr-FR","potentialAction":[{"@type":"ReadAction","target":["https:\/\/lumart.fr\/fr\/les-collections\/interieur\/appliques\/isis-grille-rampe-a-tableau-36-cm-3335-2\/"]}]},{"@type":"BreadcrumbList","@id":"https:\/\/lumart.fr\/fr\/les-collections\/interieur\/appliques\/isis-grille-rampe-a-tableau-36-cm-3335-2\/#breadcrumb","itemListElement":[{"@type":"ListItem","position":1,"name":"Home","item":"https:\/\/lumart.fr\/fr\/"},{"@type":"ListItem","position":2,"name":"Les Collections","item":"https:\/\/lumart.fr\/fr\/les-collections\/"},{"@type":"ListItem","position":3,"name":"Isis Grille - Applique 36 cm"}]}]}},"_links":{"self":[{"href":"https:\/\/lumart.fr\/fr\/wp-json\/wp\/v2\/product\/6068"}],"collection":[{"href":"https:\/\/lumart.fr\/fr\/wp-json\/wp\/v2\/product"}],"about":[{"href":"https:\/\/lumart.fr\/fr\/wp-json\/wp\/v2\/types\/product"}],"wp:featuredmedia":[{"embeddable":true,"href":"https:\/\/lumart.fr\/fr\/wp-json\/wp\/v2\/media\/3694"}],"wp:attachment":[{"href":"https:\/\/lumart.fr\/fr\/wp-json\/wp\/v2\/media?parent=6068"}],"wp:term":[{"taxonomy":"product_cat","embeddable":true,"href":"https:\/\/lumart.fr\/fr\/wp-json\/wp\/v2\/product_cat?post=6068"},{"taxonomy":"product_tag","embeddable":true,"href":"https:\/\/lumart.fr\/fr\/wp-json\/wp\/v2\/product_tag?post=6068"}],"curies":[{"name":"wp","href":"https:\/\/api.w.org\/{rel}","templated":true}]}}