{"id":6065,"date":"2017-12-18T14:34:03","date_gmt":"2017-12-18T14:34:03","guid":{"rendered":"https:\/\/lumart.fr\/les-collections\/non%20class\u00e9\/iena-lanterne-tgm-190-6\/"},"modified":"2023-06-27T15:05:08","modified_gmt":"2023-06-27T13:05:08","slug":"iena-lanterne-tgm-190-6","status":"publish","type":"product","link":"https:\/\/lumart.fr\/fr\/les-collections\/interieur\/lanternes-interieur\/iena-lanterne-tgm-190-6\/","title":{"rendered":"I\u00e9na - Lanterne TGM"},"content":{"rendered":"<p>D&rsquo;inspiration XIX\u00e8me mais d&rsquo;une grande sobri\u00e9t\u00e9, la collection I\u00e9na regroupe des lanternes int\u00e9rieures \u00e0 suspendre et les appliques qui peuvent leur \u00eatre associ\u00e9es. Fluidit\u00e9 des lignes mais \u00e9galement sophistication des boules en laiton qui viennent subtilement ench\u00e2sser le corps de la lanterne pour cette collection. Le bras, qui supporte 3 \u00e0 6 lumi\u00e8res selon la taille, est articul\u00e9. La lanterne Iena est la plus ramass\u00e9e de nos lanternes int\u00e9rieures, convient donc id\u00e9alement aux entr\u00e9es de demeure, halls, galeries et couloirs quand les hauteurs de plafond sont r\u00e9duites.<\/p>\n","protected":false},"excerpt":{"rendered":"<p>D&rsquo;inspiration XIX\u00e8me mais d&rsquo;une grande sobri\u00e9t\u00e9, la collection I\u00e9na regroupe des lanternes int\u00e9rieures \u00e0 suspendre et les appliques qui peuvent leur \u00eatre associ\u00e9es. Fluidit\u00e9 des lignes mais \u00e9galement sophistication des boules en laiton qui viennent subtilement ench\u00e2sser le corps de la lanterne pour cette collection. Le bras, qui supporte 3 \u00e0 6 lumi\u00e8res selon la taille, est articul\u00e9. La lanterne <a href=\"https:\/\/lumart.fr\/fr\/les-collections\/interieur\/lanternes-interieur\/iena-lanterne-tgm-190-6\/\" class=\"more\">[ &hellip; ]<\/a><\/p>\n","protected":false},"featured_media":10497,"template":"","meta":[],"product_cat":[241],"product_tag":[],"acf":[],"yoast_head":"<!-- This site is optimized with the Yoast SEO plugin v17.8 - https:\/\/yoast.com\/wordpress\/plugins\/seo\/ -->\n<meta name=\"description\" content=\"D&#039;inspiration XIX\u00e8me mais d&#039;une grande sobri\u00e9t\u00e9, la collection I\u00e9na regroupe des lanternes int\u00e9rieures \u00e0 suspendre et les appliques qui peuvent leur \u00eatre associ\u00e9es. Fluidit\u00e9 des lignes mais \u00e9galement sophistication des boules en laiton qui viennent subtilement ench\u00e2sser le corps de la lanterne pour cette collection.\" \/>\n<meta name=\"robots\" content=\"index, follow, max-snippet:-1, max-image-preview:large, max-video-preview:-1\" \/>\n<link rel=\"canonical\" href=\"https:\/\/lumart.fr\/fr\/les-collections\/interieur\/lanternes-interieur\/iena-lanterne-tgm-190-6\/\" \/>\n<meta property=\"og:locale\" content=\"fr_FR\" \/>\n<meta property=\"og:type\" content=\"article\" \/>\n<meta property=\"og:title\" content=\"Lanterne I\u00e9na TGM (190\/6) - Lum&#039;art\" \/>\n<meta property=\"og:description\" content=\"D&#039;inspiration XIX\u00e8me mais d&#039;une grande sobri\u00e9t\u00e9, la collection I\u00e9na regroupe des lanternes int\u00e9rieures \u00e0 suspendre et les appliques qui peuvent leur \u00eatre associ\u00e9es. Fluidit\u00e9 des lignes mais \u00e9galement sophistication des boules en laiton qui viennent subtilement ench\u00e2sser le corps de la lanterne pour cette collection.\" \/>\n<meta property=\"og:url\" content=\"https:\/\/lumart.fr\/fr\/les-collections\/interieur\/lanternes-interieur\/iena-lanterne-tgm-190-6\/\" \/>\n<meta property=\"og:site_name\" content=\"Lum&#039;art\" \/>\n<meta property=\"article:publisher\" content=\"https:\/\/www.facebook.com\/LumArt-1543826629180391\/\" \/>\n<meta property=\"article:modified_time\" content=\"2023-06-27T13:05:08+00:00\" \/>\n<meta property=\"og:image\" content=\"https:\/\/lumart.fr\/wp-content\/uploads\/2017\/12\/Iena-lanterne-TGM.jpg\" \/>\n\t<meta property=\"og:image:width\" content=\"2551\" \/>\n\t<meta property=\"og:image:height\" content=\"1708\" \/>\n<meta name=\"twitter:card\" content=\"summary\" \/>\n<script type=\"application\/ld+json\" class=\"yoast-schema-graph\">{\"@context\":\"https:\/\/schema.org\",\"@graph\":[{\"@type\":\"WebSite\",\"@id\":\"https:\/\/lumart.fr\/fr\/#website\",\"url\":\"https:\/\/lumart.fr\/fr\/\",\"name\":\"Lum'art\",\"description\":\"\",\"potentialAction\":[{\"@type\":\"SearchAction\",\"target\":{\"@type\":\"EntryPoint\",\"urlTemplate\":\"https:\/\/lumart.fr\/fr\/?s={search_term_string}\"},\"query-input\":\"required name=search_term_string\"}],\"inLanguage\":\"fr-FR\"},{\"@type\":\"ImageObject\",\"@id\":\"https:\/\/lumart.fr\/fr\/les-collections\/interieur\/lanternes-interieur\/iena-lanterne-tgm-190-6\/#primaryimage\",\"inLanguage\":\"fr-FR\",\"url\":\"\/wp-content\/uploads\/2017\/12\/Iena-lanterne-TGM.jpg\",\"contentUrl\":\"\/wp-content\/uploads\/2017\/12\/Iena-lanterne-TGM.jpg\",\"width\":2551,\"height\":1708,\"caption\":\"Lanterne I\\u00e9na TGM - Finition laiton patin\\u00e9 acide\"},{\"@type\":\"WebPage\",\"@id\":\"https:\/\/lumart.fr\/fr\/les-collections\/interieur\/lanternes-interieur\/iena-lanterne-tgm-190-6\/#webpage\",\"url\":\"https:\/\/lumart.fr\/fr\/les-collections\/interieur\/lanternes-interieur\/iena-lanterne-tgm-190-6\/\",\"name\":\"Lanterne I\\u00e9na TGM (190\/6) - Lum'art\",\"isPartOf\":{\"@id\":\"https:\/\/lumart.fr\/fr\/#website\"},\"primaryImageOfPage\":{\"@id\":\"https:\/\/lumart.fr\/fr\/les-collections\/interieur\/lanternes-interieur\/iena-lanterne-tgm-190-6\/#primaryimage\"},\"datePublished\":\"2017-12-18T14:34:03+00:00\",\"dateModified\":\"2023-06-27T13:05:08+00:00\",\"description\":\"D'inspiration XIX\\u00e8me mais d'une grande sobri\\u00e9t\\u00e9, la collection I\\u00e9na regroupe des lanternes int\\u00e9rieures \\u00e0 suspendre et les appliques qui peuvent leur \\u00eatre associ\\u00e9es. Fluidit\\u00e9 des lignes mais \\u00e9galement sophistication des boules en laiton qui viennent subtilement ench\\u00e2sser le corps de la lanterne pour cette collection.\",\"breadcrumb\":{\"@id\":\"https:\/\/lumart.fr\/fr\/les-collections\/interieur\/lanternes-interieur\/iena-lanterne-tgm-190-6\/#breadcrumb\"},\"inLanguage\":\"fr-FR\",\"potentialAction\":[{\"@type\":\"ReadAction\",\"target\":[\"https:\/\/lumart.fr\/fr\/les-collections\/interieur\/lanternes-interieur\/iena-lanterne-tgm-190-6\/\"]}]},{\"@type\":\"BreadcrumbList\",\"@id\":\"https:\/\/lumart.fr\/fr\/les-collections\/interieur\/lanternes-interieur\/iena-lanterne-tgm-190-6\/#breadcrumb\",\"itemListElement\":[{\"@type\":\"ListItem\",\"position\":1,\"name\":\"Home\",\"item\":\"https:\/\/lumart.fr\/fr\/\"},{\"@type\":\"ListItem\",\"position\":2,\"name\":\"Les Collections\",\"item\":\"https:\/\/lumart.fr\/fr\/les-collections\/\"},{\"@type\":\"ListItem\",\"position\":3,\"name\":\"I\\u00e9na - Lanterne TGM\"}]}]}<\/script>\n<!-- \/ Yoast SEO plugin. -->","yoast_head_json":{"description":"D'inspiration XIX\u00e8me mais d'une grande sobri\u00e9t\u00e9, la collection I\u00e9na regroupe des lanternes int\u00e9rieures \u00e0 suspendre et les appliques qui peuvent leur \u00eatre associ\u00e9es. Fluidit\u00e9 des lignes mais \u00e9galement sophistication des boules en laiton qui viennent subtilement ench\u00e2sser le corps de la lanterne pour cette collection.","robots":{"index":"index","follow":"follow","max-snippet":"max-snippet:-1","max-image-preview":"max-image-preview:large","max-video-preview":"max-video-preview:-1"},"canonical":"https:\/\/lumart.fr\/fr\/les-collections\/interieur\/lanternes-interieur\/iena-lanterne-tgm-190-6\/","og_locale":"fr_FR","og_type":"article","og_title":"Lanterne I\u00e9na TGM (190\/6) - Lum'art","og_description":"D'inspiration XIX\u00e8me mais d'une grande sobri\u00e9t\u00e9, la collection I\u00e9na regroupe des lanternes int\u00e9rieures \u00e0 suspendre et les appliques qui peuvent leur \u00eatre associ\u00e9es. Fluidit\u00e9 des lignes mais \u00e9galement sophistication des boules en laiton qui viennent subtilement ench\u00e2sser le corps de la lanterne pour cette collection.","og_url":"https:\/\/lumart.fr\/fr\/les-collections\/interieur\/lanternes-interieur\/iena-lanterne-tgm-190-6\/","og_site_name":"Lum&#039;art","article_publisher":"https:\/\/www.facebook.com\/LumArt-1543826629180391\/","article_modified_time":"2023-06-27T13:05:08+00:00","og_image":[{"width":2551,"height":1708,"url":"https:\/\/lumart.fr\/wp-content\/uploads\/2017\/12\/Iena-lanterne-TGM.jpg","type":"image\/jpeg"}],"twitter_card":"summary","schema":{"@context":"https:\/\/schema.org","@graph":[{"@type":"WebSite","@id":"https:\/\/lumart.fr\/fr\/#website","url":"https:\/\/lumart.fr\/fr\/","name":"Lum'art","description":"","potentialAction":[{"@type":"SearchAction","target":{"@type":"EntryPoint","urlTemplate":"https:\/\/lumart.fr\/fr\/?s={search_term_string}"},"query-input":"required name=search_term_string"}],"inLanguage":"fr-FR"},{"@type":"ImageObject","@id":"https:\/\/lumart.fr\/fr\/les-collections\/interieur\/lanternes-interieur\/iena-lanterne-tgm-190-6\/#primaryimage","inLanguage":"fr-FR","url":"\/wp-content\/uploads\/2017\/12\/Iena-lanterne-TGM.jpg","contentUrl":"\/wp-content\/uploads\/2017\/12\/Iena-lanterne-TGM.jpg","width":2551,"height":1708,"caption":"Lanterne I\u00e9na TGM - Finition laiton patin\u00e9 acide"},{"@type":"WebPage","@id":"https:\/\/lumart.fr\/fr\/les-collections\/interieur\/lanternes-interieur\/iena-lanterne-tgm-190-6\/#webpage","url":"https:\/\/lumart.fr\/fr\/les-collections\/interieur\/lanternes-interieur\/iena-lanterne-tgm-190-6\/","name":"Lanterne I\u00e9na TGM (190\/6) - Lum'art","isPartOf":{"@id":"https:\/\/lumart.fr\/fr\/#website"},"primaryImageOfPage":{"@id":"https:\/\/lumart.fr\/fr\/les-collections\/interieur\/lanternes-interieur\/iena-lanterne-tgm-190-6\/#primaryimage"},"datePublished":"2017-12-18T14:34:03+00:00","dateModified":"2023-06-27T13:05:08+00:00","description":"D'inspiration XIX\u00e8me mais d'une grande sobri\u00e9t\u00e9, la collection I\u00e9na regroupe des lanternes int\u00e9rieures \u00e0 suspendre et les appliques qui peuvent leur \u00eatre associ\u00e9es. Fluidit\u00e9 des lignes mais \u00e9galement sophistication des boules en laiton qui viennent subtilement ench\u00e2sser le corps de la lanterne pour cette collection.","breadcrumb":{"@id":"https:\/\/lumart.fr\/fr\/les-collections\/interieur\/lanternes-interieur\/iena-lanterne-tgm-190-6\/#breadcrumb"},"inLanguage":"fr-FR","potentialAction":[{"@type":"ReadAction","target":["https:\/\/lumart.fr\/fr\/les-collections\/interieur\/lanternes-interieur\/iena-lanterne-tgm-190-6\/"]}]},{"@type":"BreadcrumbList","@id":"https:\/\/lumart.fr\/fr\/les-collections\/interieur\/lanternes-interieur\/iena-lanterne-tgm-190-6\/#breadcrumb","itemListElement":[{"@type":"ListItem","position":1,"name":"Home","item":"https:\/\/lumart.fr\/fr\/"},{"@type":"ListItem","position":2,"name":"Les Collections","item":"https:\/\/lumart.fr\/fr\/les-collections\/"},{"@type":"ListItem","position":3,"name":"I\u00e9na - Lanterne TGM"}]}]}},"_links":{"self":[{"href":"https:\/\/lumart.fr\/fr\/wp-json\/wp\/v2\/product\/6065"}],"collection":[{"href":"https:\/\/lumart.fr\/fr\/wp-json\/wp\/v2\/product"}],"about":[{"href":"https:\/\/lumart.fr\/fr\/wp-json\/wp\/v2\/types\/product"}],"wp:featuredmedia":[{"embeddable":true,"href":"https:\/\/lumart.fr\/fr\/wp-json\/wp\/v2\/media\/10497"}],"wp:attachment":[{"href":"https:\/\/lumart.fr\/fr\/wp-json\/wp\/v2\/media?parent=6065"}],"wp:term":[{"taxonomy":"product_cat","embeddable":true,"href":"https:\/\/lumart.fr\/fr\/wp-json\/wp\/v2\/product_cat?post=6065"},{"taxonomy":"product_tag","embeddable":true,"href":"https:\/\/lumart.fr\/fr\/wp-json\/wp\/v2\/product_tag?post=6065"}],"curies":[{"name":"wp","href":"https:\/\/api.w.org\/{rel}","templated":true}]}}