{"id":6064,"date":"2017-12-18T14:34:02","date_gmt":"2017-12-18T14:34:02","guid":{"rendered":"https:\/\/lumart.fr\/les-collections\/non%20class\u00e9\/holland-park-applique-gm-2139\/"},"modified":"2023-06-27T15:11:00","modified_gmt":"2023-06-27T13:11:00","slug":"holland-park-applique-gm-2139","status":"publish","type":"product","link":"https:\/\/lumart.fr\/fr\/les-collections\/exterieur\/appliques-exterieur\/holland-park-applique-gm-2139\/","title":{"rendered":"Holland Park - Applique GM"},"content":{"rendered":"<p>L&rsquo;applique Holland Park, avec sa fa\u00e7ade quadrill\u00e9e peut jouer 2 partitions, l&rsquo;une tr\u00e8s britannique par la verticalit\u00e9 de ses lignes, presque edwardienne, l&rsquo;autre m\u00e9di\u00e9vale parce que sobre, presque d\u00e9pouill\u00e9e. A choisir dans ce dernier cas, une finition vieux fer rouill\u00e9 par exemple.<\/p>\n","protected":false},"excerpt":{"rendered":"<p>L&rsquo;applique Holland Park, avec sa fa\u00e7ade quadrill\u00e9e peut jouer 2 partitions, l&rsquo;une tr\u00e8s britannique par la verticalit\u00e9 de ses lignes, presque edwardienne, l&rsquo;autre m\u00e9di\u00e9vale parce que sobre, presque d\u00e9pouill\u00e9e. A choisir dans ce dernier cas, une finition vieux fer rouill\u00e9 par exemple.<\/p>\n","protected":false},"featured_media":3026,"template":"","meta":[],"product_cat":[231],"product_tag":[],"acf":[],"yoast_head":"<!-- This site is optimized with the Yoast SEO plugin v17.8 - https:\/\/yoast.com\/wordpress\/plugins\/seo\/ -->\n<meta name=\"description\" content=\"L&#039;applique Holland Park, avec sa fa\u00e7ade quadrill\u00e9e peut jouer 2 partitions, l&#039;une tr\u00e8s britannique par la verticalit\u00e9 de ses lignes, presque edwardienne, l&#039;autre m\u00e9di\u00e9vale parce que sobre, presque d\u00e9pouill\u00e9e. A choisir dans ce dernier cas, une finition vieux fer rouill\u00e9 par exemple.\" \/>\n<meta name=\"robots\" content=\"index, follow, max-snippet:-1, max-image-preview:large, max-video-preview:-1\" \/>\n<link rel=\"canonical\" href=\"https:\/\/lumart.fr\/fr\/les-collections\/exterieur\/appliques-exterieur\/holland-park-applique-gm-2139\/\" \/>\n<meta property=\"og:locale\" content=\"fr_FR\" \/>\n<meta property=\"og:type\" content=\"article\" \/>\n<meta property=\"og:title\" content=\"Applique Holland Park GM (2139) - Lum&#039;art\" \/>\n<meta property=\"og:description\" content=\"L&#039;applique Holland Park, avec sa fa\u00e7ade quadrill\u00e9e peut jouer 2 partitions, l&#039;une tr\u00e8s britannique par la verticalit\u00e9 de ses lignes, presque edwardienne, l&#039;autre m\u00e9di\u00e9vale parce que sobre, presque d\u00e9pouill\u00e9e. A choisir dans ce dernier cas, une finition vieux fer rouill\u00e9 par exemple.\" \/>\n<meta property=\"og:url\" content=\"https:\/\/lumart.fr\/fr\/les-collections\/exterieur\/appliques-exterieur\/holland-park-applique-gm-2139\/\" \/>\n<meta property=\"og:site_name\" content=\"Lum&#039;art\" \/>\n<meta property=\"article:publisher\" content=\"https:\/\/www.facebook.com\/LumArt-1543826629180391\/\" \/>\n<meta property=\"article:modified_time\" content=\"2023-06-27T13:11:00+00:00\" \/>\n<meta property=\"og:image\" content=\"https:\/\/lumart.fr\/wp-content\/uploads\/2017\/12\/2139-Applique-Holland-Park-GM-VDG-Lumart-BD-4.jpg\" \/>\n\t<meta property=\"og:image:width\" content=\"2551\" \/>\n\t<meta property=\"og:image:height\" content=\"1701\" \/>\n<meta name=\"twitter:card\" content=\"summary\" \/>\n<script type=\"application\/ld+json\" class=\"yoast-schema-graph\">{\"@context\":\"https:\/\/schema.org\",\"@graph\":[{\"@type\":\"WebSite\",\"@id\":\"https:\/\/lumart.fr\/fr\/#website\",\"url\":\"https:\/\/lumart.fr\/fr\/\",\"name\":\"Lum'art\",\"description\":\"\",\"potentialAction\":[{\"@type\":\"SearchAction\",\"target\":{\"@type\":\"EntryPoint\",\"urlTemplate\":\"https:\/\/lumart.fr\/fr\/?s={search_term_string}\"},\"query-input\":\"required name=search_term_string\"}],\"inLanguage\":\"fr-FR\"},{\"@type\":\"ImageObject\",\"@id\":\"https:\/\/lumart.fr\/fr\/les-collections\/exterieur\/appliques-exterieur\/holland-park-applique-gm-2139\/#primaryimage\",\"inLanguage\":\"fr-FR\",\"url\":\"\/wp-content\/uploads\/2017\/12\/2139-Applique-Holland-Park-GM-VDG-Lumart-BD-4.jpg\",\"contentUrl\":\"\/wp-content\/uploads\/2017\/12\/2139-Applique-Holland-Park-GM-VDG-Lumart-BD-4.jpg\",\"width\":2551,\"height\":1701,\"caption\":\"Applique Holland Park GM - Finition vert de gris\"},{\"@type\":\"WebPage\",\"@id\":\"https:\/\/lumart.fr\/fr\/les-collections\/exterieur\/appliques-exterieur\/holland-park-applique-gm-2139\/#webpage\",\"url\":\"https:\/\/lumart.fr\/fr\/les-collections\/exterieur\/appliques-exterieur\/holland-park-applique-gm-2139\/\",\"name\":\"Applique Holland Park GM (2139) - Lum'art\",\"isPartOf\":{\"@id\":\"https:\/\/lumart.fr\/fr\/#website\"},\"primaryImageOfPage\":{\"@id\":\"https:\/\/lumart.fr\/fr\/les-collections\/exterieur\/appliques-exterieur\/holland-park-applique-gm-2139\/#primaryimage\"},\"datePublished\":\"2017-12-18T14:34:02+00:00\",\"dateModified\":\"2023-06-27T13:11:00+00:00\",\"description\":\"L'applique Holland Park, avec sa fa\\u00e7ade quadrill\\u00e9e peut jouer 2 partitions, l'une tr\\u00e8s britannique par la verticalit\\u00e9 de ses lignes, presque edwardienne, l'autre m\\u00e9di\\u00e9vale parce que sobre, presque d\\u00e9pouill\\u00e9e. A choisir dans ce dernier cas, une finition vieux fer rouill\\u00e9 par exemple.\",\"breadcrumb\":{\"@id\":\"https:\/\/lumart.fr\/fr\/les-collections\/exterieur\/appliques-exterieur\/holland-park-applique-gm-2139\/#breadcrumb\"},\"inLanguage\":\"fr-FR\",\"potentialAction\":[{\"@type\":\"ReadAction\",\"target\":[\"https:\/\/lumart.fr\/fr\/les-collections\/exterieur\/appliques-exterieur\/holland-park-applique-gm-2139\/\"]}]},{\"@type\":\"BreadcrumbList\",\"@id\":\"https:\/\/lumart.fr\/fr\/les-collections\/exterieur\/appliques-exterieur\/holland-park-applique-gm-2139\/#breadcrumb\",\"itemListElement\":[{\"@type\":\"ListItem\",\"position\":1,\"name\":\"Home\",\"item\":\"https:\/\/lumart.fr\/fr\/\"},{\"@type\":\"ListItem\",\"position\":2,\"name\":\"Les Collections\",\"item\":\"https:\/\/lumart.fr\/fr\/les-collections\/\"},{\"@type\":\"ListItem\",\"position\":3,\"name\":\"Holland Park - Applique GM\"}]}]}<\/script>\n<!-- \/ Yoast SEO plugin. -->","yoast_head_json":{"description":"L'applique Holland Park, avec sa fa\u00e7ade quadrill\u00e9e peut jouer 2 partitions, l'une tr\u00e8s britannique par la verticalit\u00e9 de ses lignes, presque edwardienne, l'autre m\u00e9di\u00e9vale parce que sobre, presque d\u00e9pouill\u00e9e. A choisir dans ce dernier cas, une finition vieux fer rouill\u00e9 par exemple.","robots":{"index":"index","follow":"follow","max-snippet":"max-snippet:-1","max-image-preview":"max-image-preview:large","max-video-preview":"max-video-preview:-1"},"canonical":"https:\/\/lumart.fr\/fr\/les-collections\/exterieur\/appliques-exterieur\/holland-park-applique-gm-2139\/","og_locale":"fr_FR","og_type":"article","og_title":"Applique Holland Park GM (2139) - Lum'art","og_description":"L'applique Holland Park, avec sa fa\u00e7ade quadrill\u00e9e peut jouer 2 partitions, l'une tr\u00e8s britannique par la verticalit\u00e9 de ses lignes, presque edwardienne, l'autre m\u00e9di\u00e9vale parce que sobre, presque d\u00e9pouill\u00e9e. A choisir dans ce dernier cas, une finition vieux fer rouill\u00e9 par exemple.","og_url":"https:\/\/lumart.fr\/fr\/les-collections\/exterieur\/appliques-exterieur\/holland-park-applique-gm-2139\/","og_site_name":"Lum&#039;art","article_publisher":"https:\/\/www.facebook.com\/LumArt-1543826629180391\/","article_modified_time":"2023-06-27T13:11:00+00:00","og_image":[{"width":2551,"height":1701,"url":"https:\/\/lumart.fr\/wp-content\/uploads\/2017\/12\/2139-Applique-Holland-Park-GM-VDG-Lumart-BD-4.jpg","type":"image\/jpeg"}],"twitter_card":"summary","schema":{"@context":"https:\/\/schema.org","@graph":[{"@type":"WebSite","@id":"https:\/\/lumart.fr\/fr\/#website","url":"https:\/\/lumart.fr\/fr\/","name":"Lum'art","description":"","potentialAction":[{"@type":"SearchAction","target":{"@type":"EntryPoint","urlTemplate":"https:\/\/lumart.fr\/fr\/?s={search_term_string}"},"query-input":"required name=search_term_string"}],"inLanguage":"fr-FR"},{"@type":"ImageObject","@id":"https:\/\/lumart.fr\/fr\/les-collections\/exterieur\/appliques-exterieur\/holland-park-applique-gm-2139\/#primaryimage","inLanguage":"fr-FR","url":"\/wp-content\/uploads\/2017\/12\/2139-Applique-Holland-Park-GM-VDG-Lumart-BD-4.jpg","contentUrl":"\/wp-content\/uploads\/2017\/12\/2139-Applique-Holland-Park-GM-VDG-Lumart-BD-4.jpg","width":2551,"height":1701,"caption":"Applique Holland Park GM - Finition vert de gris"},{"@type":"WebPage","@id":"https:\/\/lumart.fr\/fr\/les-collections\/exterieur\/appliques-exterieur\/holland-park-applique-gm-2139\/#webpage","url":"https:\/\/lumart.fr\/fr\/les-collections\/exterieur\/appliques-exterieur\/holland-park-applique-gm-2139\/","name":"Applique Holland Park GM (2139) - Lum'art","isPartOf":{"@id":"https:\/\/lumart.fr\/fr\/#website"},"primaryImageOfPage":{"@id":"https:\/\/lumart.fr\/fr\/les-collections\/exterieur\/appliques-exterieur\/holland-park-applique-gm-2139\/#primaryimage"},"datePublished":"2017-12-18T14:34:02+00:00","dateModified":"2023-06-27T13:11:00+00:00","description":"L'applique Holland Park, avec sa fa\u00e7ade quadrill\u00e9e peut jouer 2 partitions, l'une tr\u00e8s britannique par la verticalit\u00e9 de ses lignes, presque edwardienne, l'autre m\u00e9di\u00e9vale parce que sobre, presque d\u00e9pouill\u00e9e. A choisir dans ce dernier cas, une finition vieux fer rouill\u00e9 par exemple.","breadcrumb":{"@id":"https:\/\/lumart.fr\/fr\/les-collections\/exterieur\/appliques-exterieur\/holland-park-applique-gm-2139\/#breadcrumb"},"inLanguage":"fr-FR","potentialAction":[{"@type":"ReadAction","target":["https:\/\/lumart.fr\/fr\/les-collections\/exterieur\/appliques-exterieur\/holland-park-applique-gm-2139\/"]}]},{"@type":"BreadcrumbList","@id":"https:\/\/lumart.fr\/fr\/les-collections\/exterieur\/appliques-exterieur\/holland-park-applique-gm-2139\/#breadcrumb","itemListElement":[{"@type":"ListItem","position":1,"name":"Home","item":"https:\/\/lumart.fr\/fr\/"},{"@type":"ListItem","position":2,"name":"Les Collections","item":"https:\/\/lumart.fr\/fr\/les-collections\/"},{"@type":"ListItem","position":3,"name":"Holland Park - Applique GM"}]}]}},"_links":{"self":[{"href":"https:\/\/lumart.fr\/fr\/wp-json\/wp\/v2\/product\/6064"}],"collection":[{"href":"https:\/\/lumart.fr\/fr\/wp-json\/wp\/v2\/product"}],"about":[{"href":"https:\/\/lumart.fr\/fr\/wp-json\/wp\/v2\/types\/product"}],"wp:featuredmedia":[{"embeddable":true,"href":"https:\/\/lumart.fr\/fr\/wp-json\/wp\/v2\/media\/3026"}],"wp:attachment":[{"href":"https:\/\/lumart.fr\/fr\/wp-json\/wp\/v2\/media?parent=6064"}],"wp:term":[{"taxonomy":"product_cat","embeddable":true,"href":"https:\/\/lumart.fr\/fr\/wp-json\/wp\/v2\/product_cat?post=6064"},{"taxonomy":"product_tag","embeddable":true,"href":"https:\/\/lumart.fr\/fr\/wp-json\/wp\/v2\/product_tag?post=6064"}],"curies":[{"name":"wp","href":"https:\/\/api.w.org\/{rel}","templated":true}]}}