{"id":6059,"date":"2017-12-18T14:33:59","date_gmt":"2017-12-18T14:33:59","guid":{"rendered":"https:\/\/lumart.fr\/les-collections\/non%20class\u00e9\/grignan-lanterne-gm-196-4\/"},"modified":"2018-01-16T14:53:18","modified_gmt":"2018-01-16T14:53:18","slug":"grignan-lanterne-gm-196-4","status":"publish","type":"product","link":"https:\/\/lumart.fr\/fr\/les-collections\/interieur\/lanternes-interieur\/grignan-lanterne-gm-196-4\/","title":{"rendered":"Grignan - Lanterne GM"},"content":{"rendered":"<p>Esprit XVII\u00e8me pour cette collection de lanternes int\u00e9rieures et d&rsquo;appliques assorties. Le ch\u00e2ssis de ces lanternes, de forme carr\u00e9e, est subtilement ourl\u00e9 d&rsquo;un rinceau tout en courbe. Egalement une des plus petites lanternes de nos collections pour la plus petite des tailles. Convient id\u00e9alement aux entr\u00e9es de demeure, halls, galeries et couloirs.<\/p>\n","protected":false},"excerpt":{"rendered":"<p>Esprit XVII\u00e8me pour cette collection de lanternes int\u00e9rieures et d&rsquo;appliques assorties. Le ch\u00e2ssis de ces lanternes, de forme carr\u00e9e, est subtilement ourl\u00e9 d&rsquo;un rinceau tout en courbe. Egalement une des plus petites lanternes de nos collections pour la plus petite des tailles. Convient id\u00e9alement aux entr\u00e9es de demeure, halls, galeries et couloirs.<\/p>\n","protected":false},"featured_media":1917,"template":"","meta":[],"product_cat":[241],"product_tag":[],"acf":[],"yoast_head":"<!-- This site is optimized with the Yoast SEO plugin v17.8 - https:\/\/yoast.com\/wordpress\/plugins\/seo\/ -->\n<meta name=\"description\" content=\"Esprit XVII\u00e8me pour cette collection de lanternes int\u00e9rieures et d&#039;appliques assorties. Le ch\u00e2ssis de ces lanternes, de forme carr\u00e9e, est subtilement ourl\u00e9 d&#039;un rinceau tout en courbe. Egalement une des plus petites lanternes de nos collections pour la plus petite des tailles.\" \/>\n<meta name=\"robots\" content=\"index, follow, max-snippet:-1, max-image-preview:large, max-video-preview:-1\" \/>\n<link rel=\"canonical\" href=\"https:\/\/lumart.fr\/fr\/les-collections\/interieur\/lanternes-interieur\/grignan-lanterne-gm-196-4\/\" \/>\n<meta property=\"og:locale\" content=\"fr_FR\" \/>\n<meta property=\"og:type\" content=\"article\" \/>\n<meta property=\"og:title\" content=\"Lanterne Grignan GM (196\/4) - Lum&#039;art\" \/>\n<meta property=\"og:description\" content=\"Esprit XVII\u00e8me pour cette collection de lanternes int\u00e9rieures et d&#039;appliques assorties. Le ch\u00e2ssis de ces lanternes, de forme carr\u00e9e, est subtilement ourl\u00e9 d&#039;un rinceau tout en courbe. Egalement une des plus petites lanternes de nos collections pour la plus petite des tailles.\" \/>\n<meta property=\"og:url\" content=\"https:\/\/lumart.fr\/fr\/les-collections\/interieur\/lanternes-interieur\/grignan-lanterne-gm-196-4\/\" \/>\n<meta property=\"og:site_name\" content=\"Lum&#039;art\" \/>\n<meta property=\"article:publisher\" content=\"https:\/\/www.facebook.com\/LumArt-1543826629180391\/\" \/>\n<meta property=\"article:modified_time\" content=\"2018-01-16T14:53:18+00:00\" \/>\n<meta property=\"og:image\" content=\"https:\/\/lumart.fr\/wp-content\/uploads\/2017\/12\/196-4-Lanterne-Grignan-GM-VDG-Lumart-BD-1.jpg\" \/>\n\t<meta property=\"og:image:width\" content=\"2551\" \/>\n\t<meta property=\"og:image:height\" content=\"1701\" \/>\n<meta name=\"twitter:card\" content=\"summary\" \/>\n<script type=\"application\/ld+json\" class=\"yoast-schema-graph\">{\"@context\":\"https:\/\/schema.org\",\"@graph\":[{\"@type\":\"WebSite\",\"@id\":\"https:\/\/lumart.fr\/fr\/#website\",\"url\":\"https:\/\/lumart.fr\/fr\/\",\"name\":\"Lum'art\",\"description\":\"\",\"potentialAction\":[{\"@type\":\"SearchAction\",\"target\":{\"@type\":\"EntryPoint\",\"urlTemplate\":\"https:\/\/lumart.fr\/fr\/?s={search_term_string}\"},\"query-input\":\"required name=search_term_string\"}],\"inLanguage\":\"fr-FR\"},{\"@type\":\"ImageObject\",\"@id\":\"https:\/\/lumart.fr\/fr\/les-collections\/interieur\/lanternes-interieur\/grignan-lanterne-gm-196-4\/#primaryimage\",\"inLanguage\":\"fr-FR\",\"url\":\"\/wp-content\/uploads\/2017\/12\/196-4-Lanterne-Grignan-GM-VDG-Lumart-BD-1.jpg\",\"contentUrl\":\"\/wp-content\/uploads\/2017\/12\/196-4-Lanterne-Grignan-GM-VDG-Lumart-BD-1.jpg\",\"width\":2551,\"height\":1701,\"caption\":\"Lanterne Grignan GM - Finition vert de gris\"},{\"@type\":\"WebPage\",\"@id\":\"https:\/\/lumart.fr\/fr\/les-collections\/interieur\/lanternes-interieur\/grignan-lanterne-gm-196-4\/#webpage\",\"url\":\"https:\/\/lumart.fr\/fr\/les-collections\/interieur\/lanternes-interieur\/grignan-lanterne-gm-196-4\/\",\"name\":\"Lanterne Grignan GM (196\/4) - Lum'art\",\"isPartOf\":{\"@id\":\"https:\/\/lumart.fr\/fr\/#website\"},\"primaryImageOfPage\":{\"@id\":\"https:\/\/lumart.fr\/fr\/les-collections\/interieur\/lanternes-interieur\/grignan-lanterne-gm-196-4\/#primaryimage\"},\"datePublished\":\"2017-12-18T14:33:59+00:00\",\"dateModified\":\"2018-01-16T14:53:18+00:00\",\"description\":\"Esprit XVII\\u00e8me pour cette collection de lanternes int\\u00e9rieures et d'appliques assorties. Le ch\\u00e2ssis de ces lanternes, de forme carr\\u00e9e, est subtilement ourl\\u00e9 d'un rinceau tout en courbe. Egalement une des plus petites lanternes de nos collections pour la plus petite des tailles.\",\"breadcrumb\":{\"@id\":\"https:\/\/lumart.fr\/fr\/les-collections\/interieur\/lanternes-interieur\/grignan-lanterne-gm-196-4\/#breadcrumb\"},\"inLanguage\":\"fr-FR\",\"potentialAction\":[{\"@type\":\"ReadAction\",\"target\":[\"https:\/\/lumart.fr\/fr\/les-collections\/interieur\/lanternes-interieur\/grignan-lanterne-gm-196-4\/\"]}]},{\"@type\":\"BreadcrumbList\",\"@id\":\"https:\/\/lumart.fr\/fr\/les-collections\/interieur\/lanternes-interieur\/grignan-lanterne-gm-196-4\/#breadcrumb\",\"itemListElement\":[{\"@type\":\"ListItem\",\"position\":1,\"name\":\"Home\",\"item\":\"https:\/\/lumart.fr\/fr\/\"},{\"@type\":\"ListItem\",\"position\":2,\"name\":\"Les Collections\",\"item\":\"https:\/\/lumart.fr\/fr\/les-collections\/\"},{\"@type\":\"ListItem\",\"position\":3,\"name\":\"Grignan - Lanterne GM\"}]}]}<\/script>\n<!-- \/ Yoast SEO plugin. -->","yoast_head_json":{"description":"Esprit XVII\u00e8me pour cette collection de lanternes int\u00e9rieures et d'appliques assorties. Le ch\u00e2ssis de ces lanternes, de forme carr\u00e9e, est subtilement ourl\u00e9 d'un rinceau tout en courbe. Egalement une des plus petites lanternes de nos collections pour la plus petite des tailles.","robots":{"index":"index","follow":"follow","max-snippet":"max-snippet:-1","max-image-preview":"max-image-preview:large","max-video-preview":"max-video-preview:-1"},"canonical":"https:\/\/lumart.fr\/fr\/les-collections\/interieur\/lanternes-interieur\/grignan-lanterne-gm-196-4\/","og_locale":"fr_FR","og_type":"article","og_title":"Lanterne Grignan GM (196\/4) - Lum'art","og_description":"Esprit XVII\u00e8me pour cette collection de lanternes int\u00e9rieures et d'appliques assorties. Le ch\u00e2ssis de ces lanternes, de forme carr\u00e9e, est subtilement ourl\u00e9 d'un rinceau tout en courbe. Egalement une des plus petites lanternes de nos collections pour la plus petite des tailles.","og_url":"https:\/\/lumart.fr\/fr\/les-collections\/interieur\/lanternes-interieur\/grignan-lanterne-gm-196-4\/","og_site_name":"Lum&#039;art","article_publisher":"https:\/\/www.facebook.com\/LumArt-1543826629180391\/","article_modified_time":"2018-01-16T14:53:18+00:00","og_image":[{"width":2551,"height":1701,"url":"https:\/\/lumart.fr\/wp-content\/uploads\/2017\/12\/196-4-Lanterne-Grignan-GM-VDG-Lumart-BD-1.jpg","type":"image\/jpeg"}],"twitter_card":"summary","schema":{"@context":"https:\/\/schema.org","@graph":[{"@type":"WebSite","@id":"https:\/\/lumart.fr\/fr\/#website","url":"https:\/\/lumart.fr\/fr\/","name":"Lum'art","description":"","potentialAction":[{"@type":"SearchAction","target":{"@type":"EntryPoint","urlTemplate":"https:\/\/lumart.fr\/fr\/?s={search_term_string}"},"query-input":"required name=search_term_string"}],"inLanguage":"fr-FR"},{"@type":"ImageObject","@id":"https:\/\/lumart.fr\/fr\/les-collections\/interieur\/lanternes-interieur\/grignan-lanterne-gm-196-4\/#primaryimage","inLanguage":"fr-FR","url":"\/wp-content\/uploads\/2017\/12\/196-4-Lanterne-Grignan-GM-VDG-Lumart-BD-1.jpg","contentUrl":"\/wp-content\/uploads\/2017\/12\/196-4-Lanterne-Grignan-GM-VDG-Lumart-BD-1.jpg","width":2551,"height":1701,"caption":"Lanterne Grignan GM - Finition vert de gris"},{"@type":"WebPage","@id":"https:\/\/lumart.fr\/fr\/les-collections\/interieur\/lanternes-interieur\/grignan-lanterne-gm-196-4\/#webpage","url":"https:\/\/lumart.fr\/fr\/les-collections\/interieur\/lanternes-interieur\/grignan-lanterne-gm-196-4\/","name":"Lanterne Grignan GM (196\/4) - Lum'art","isPartOf":{"@id":"https:\/\/lumart.fr\/fr\/#website"},"primaryImageOfPage":{"@id":"https:\/\/lumart.fr\/fr\/les-collections\/interieur\/lanternes-interieur\/grignan-lanterne-gm-196-4\/#primaryimage"},"datePublished":"2017-12-18T14:33:59+00:00","dateModified":"2018-01-16T14:53:18+00:00","description":"Esprit XVII\u00e8me pour cette collection de lanternes int\u00e9rieures et d'appliques assorties. Le ch\u00e2ssis de ces lanternes, de forme carr\u00e9e, est subtilement ourl\u00e9 d'un rinceau tout en courbe. Egalement une des plus petites lanternes de nos collections pour la plus petite des tailles.","breadcrumb":{"@id":"https:\/\/lumart.fr\/fr\/les-collections\/interieur\/lanternes-interieur\/grignan-lanterne-gm-196-4\/#breadcrumb"},"inLanguage":"fr-FR","potentialAction":[{"@type":"ReadAction","target":["https:\/\/lumart.fr\/fr\/les-collections\/interieur\/lanternes-interieur\/grignan-lanterne-gm-196-4\/"]}]},{"@type":"BreadcrumbList","@id":"https:\/\/lumart.fr\/fr\/les-collections\/interieur\/lanternes-interieur\/grignan-lanterne-gm-196-4\/#breadcrumb","itemListElement":[{"@type":"ListItem","position":1,"name":"Home","item":"https:\/\/lumart.fr\/fr\/"},{"@type":"ListItem","position":2,"name":"Les Collections","item":"https:\/\/lumart.fr\/fr\/les-collections\/"},{"@type":"ListItem","position":3,"name":"Grignan - Lanterne GM"}]}]}},"_links":{"self":[{"href":"https:\/\/lumart.fr\/fr\/wp-json\/wp\/v2\/product\/6059"}],"collection":[{"href":"https:\/\/lumart.fr\/fr\/wp-json\/wp\/v2\/product"}],"about":[{"href":"https:\/\/lumart.fr\/fr\/wp-json\/wp\/v2\/types\/product"}],"wp:featuredmedia":[{"embeddable":true,"href":"https:\/\/lumart.fr\/fr\/wp-json\/wp\/v2\/media\/1917"}],"wp:attachment":[{"href":"https:\/\/lumart.fr\/fr\/wp-json\/wp\/v2\/media?parent=6059"}],"wp:term":[{"taxonomy":"product_cat","embeddable":true,"href":"https:\/\/lumart.fr\/fr\/wp-json\/wp\/v2\/product_cat?post=6059"},{"taxonomy":"product_tag","embeddable":true,"href":"https:\/\/lumart.fr\/fr\/wp-json\/wp\/v2\/product_tag?post=6059"}],"curies":[{"name":"wp","href":"https:\/\/api.w.org\/{rel}","templated":true}]}}