{"id":6052,"date":"2017-12-18T14:33:55","date_gmt":"2017-12-18T14:33:55","guid":{"rendered":"https:\/\/lumart.fr\/les-collections\/non%20class\u00e9\/gerando-spot-7751\/"},"modified":"2023-06-27T13:54:55","modified_gmt":"2023-06-27T11:54:55","slug":"gerando-spot-pm-7751","status":"publish","type":"product","link":"https:\/\/lumart.fr\/fr\/les-collections\/interieur\/spots\/gerando-spot-pm-7751\/","title":{"rendered":"G\u00e9rando - Spot PM"},"content":{"rendered":"<p>\u00c9pur\u00e9 dans son design, le spot G\u00e9rando apporte une touche graphique quand il est jou\u00e9 en s\u00e9rie sur un plafond par exemple. Totalement orientable, il oriente la lumi\u00e8re de fa\u00e7on directionnelle.<\/p>\n","protected":false},"excerpt":{"rendered":"<p>\u00c9pur\u00e9 dans son design, le spot G\u00e9rando apporte une touche graphique quand il est jou\u00e9 en s\u00e9rie sur un plafond par exemple. Totalement orientable, il oriente la lumi\u00e8re de fa\u00e7on directionnelle.<\/p>\n","protected":false},"featured_media":5189,"template":"","meta":[],"product_cat":[240],"product_tag":[],"acf":[],"yoast_head":"<!-- This site is optimized with the Yoast SEO plugin v17.8 - https:\/\/yoast.com\/wordpress\/plugins\/seo\/ -->\n<meta name=\"description\" content=\"\u00c9pur\u00e9 dans son design, le spot G\u00e9rando apporte une touche graphique quand il est jou\u00e9 en s\u00e9rie sur un plafond par exemple. Totalement orientable, il oriente la lumi\u00e8re de fa\u00e7on directionnelle.\" \/>\n<meta name=\"robots\" content=\"index, follow, max-snippet:-1, max-image-preview:large, max-video-preview:-1\" \/>\n<link rel=\"canonical\" href=\"https:\/\/lumart.fr\/fr\/les-collections\/interieur\/spots\/gerando-spot-pm-7751\/\" \/>\n<meta property=\"og:locale\" content=\"fr_FR\" \/>\n<meta property=\"og:type\" content=\"article\" \/>\n<meta property=\"og:title\" content=\"Spot G\u00e9rando (7751) - Lum&#039;art\" \/>\n<meta property=\"og:description\" content=\"\u00c9pur\u00e9 dans son design, le spot G\u00e9rando apporte une touche graphique quand il est jou\u00e9 en s\u00e9rie sur un plafond par exemple. Totalement orientable, il oriente la lumi\u00e8re de fa\u00e7on directionnelle.\" \/>\n<meta property=\"og:url\" content=\"https:\/\/lumart.fr\/fr\/les-collections\/interieur\/spots\/gerando-spot-pm-7751\/\" \/>\n<meta property=\"og:site_name\" content=\"Lum&#039;art\" \/>\n<meta property=\"article:publisher\" content=\"https:\/\/www.facebook.com\/LumArt-1543826629180391\/\" \/>\n<meta property=\"article:modified_time\" content=\"2023-06-27T11:54:55+00:00\" \/>\n<meta property=\"og:image\" content=\"https:\/\/lumart.fr\/wp-content\/uploads\/2017\/12\/7751-Spot-Gerando-LB-Lumart-BD-4.jpg\" \/>\n\t<meta property=\"og:image:width\" content=\"2551\" \/>\n\t<meta property=\"og:image:height\" content=\"1701\" \/>\n<meta name=\"twitter:card\" content=\"summary\" \/>\n<script type=\"application\/ld+json\" class=\"yoast-schema-graph\">{\"@context\":\"https:\/\/schema.org\",\"@graph\":[{\"@type\":\"WebSite\",\"@id\":\"https:\/\/lumart.fr\/fr\/#website\",\"url\":\"https:\/\/lumart.fr\/fr\/\",\"name\":\"Lum'art\",\"description\":\"\",\"potentialAction\":[{\"@type\":\"SearchAction\",\"target\":{\"@type\":\"EntryPoint\",\"urlTemplate\":\"https:\/\/lumart.fr\/fr\/?s={search_term_string}\"},\"query-input\":\"required name=search_term_string\"}],\"inLanguage\":\"fr-FR\"},{\"@type\":\"ImageObject\",\"@id\":\"https:\/\/lumart.fr\/fr\/les-collections\/interieur\/spots\/gerando-spot-pm-7751\/#primaryimage\",\"inLanguage\":\"fr-FR\",\"url\":\"\/wp-content\/uploads\/2017\/12\/7751-Spot-Gerando-LB-Lumart-BD-4.jpg\",\"contentUrl\":\"\/wp-content\/uploads\/2017\/12\/7751-Spot-Gerando-LB-Lumart-BD-4.jpg\",\"width\":2551,\"height\":1701,\"caption\":\"Spot G\\u00e9rando PM - Finition laiton bross\\u00e9\"},{\"@type\":\"WebPage\",\"@id\":\"https:\/\/lumart.fr\/fr\/les-collections\/interieur\/spots\/gerando-spot-pm-7751\/#webpage\",\"url\":\"https:\/\/lumart.fr\/fr\/les-collections\/interieur\/spots\/gerando-spot-pm-7751\/\",\"name\":\"Spot G\\u00e9rando (7751) - Lum'art\",\"isPartOf\":{\"@id\":\"https:\/\/lumart.fr\/fr\/#website\"},\"primaryImageOfPage\":{\"@id\":\"https:\/\/lumart.fr\/fr\/les-collections\/interieur\/spots\/gerando-spot-pm-7751\/#primaryimage\"},\"datePublished\":\"2017-12-18T14:33:55+00:00\",\"dateModified\":\"2023-06-27T11:54:55+00:00\",\"description\":\"\\u00c9pur\\u00e9 dans son design, le spot G\\u00e9rando apporte une touche graphique quand il est jou\\u00e9 en s\\u00e9rie sur un plafond par exemple. Totalement orientable, il oriente la lumi\\u00e8re de fa\\u00e7on directionnelle.\",\"breadcrumb\":{\"@id\":\"https:\/\/lumart.fr\/fr\/les-collections\/interieur\/spots\/gerando-spot-pm-7751\/#breadcrumb\"},\"inLanguage\":\"fr-FR\",\"potentialAction\":[{\"@type\":\"ReadAction\",\"target\":[\"https:\/\/lumart.fr\/fr\/les-collections\/interieur\/spots\/gerando-spot-pm-7751\/\"]}]},{\"@type\":\"BreadcrumbList\",\"@id\":\"https:\/\/lumart.fr\/fr\/les-collections\/interieur\/spots\/gerando-spot-pm-7751\/#breadcrumb\",\"itemListElement\":[{\"@type\":\"ListItem\",\"position\":1,\"name\":\"Home\",\"item\":\"https:\/\/lumart.fr\/fr\/\"},{\"@type\":\"ListItem\",\"position\":2,\"name\":\"Les Collections\",\"item\":\"https:\/\/lumart.fr\/fr\/les-collections\/\"},{\"@type\":\"ListItem\",\"position\":3,\"name\":\"G\\u00e9rando - Spot PM\"}]}]}<\/script>\n<!-- \/ Yoast SEO plugin. -->","yoast_head_json":{"description":"\u00c9pur\u00e9 dans son design, le spot G\u00e9rando apporte une touche graphique quand il est jou\u00e9 en s\u00e9rie sur un plafond par exemple. Totalement orientable, il oriente la lumi\u00e8re de fa\u00e7on directionnelle.","robots":{"index":"index","follow":"follow","max-snippet":"max-snippet:-1","max-image-preview":"max-image-preview:large","max-video-preview":"max-video-preview:-1"},"canonical":"https:\/\/lumart.fr\/fr\/les-collections\/interieur\/spots\/gerando-spot-pm-7751\/","og_locale":"fr_FR","og_type":"article","og_title":"Spot G\u00e9rando (7751) - Lum'art","og_description":"\u00c9pur\u00e9 dans son design, le spot G\u00e9rando apporte une touche graphique quand il est jou\u00e9 en s\u00e9rie sur un plafond par exemple. Totalement orientable, il oriente la lumi\u00e8re de fa\u00e7on directionnelle.","og_url":"https:\/\/lumart.fr\/fr\/les-collections\/interieur\/spots\/gerando-spot-pm-7751\/","og_site_name":"Lum&#039;art","article_publisher":"https:\/\/www.facebook.com\/LumArt-1543826629180391\/","article_modified_time":"2023-06-27T11:54:55+00:00","og_image":[{"width":2551,"height":1701,"url":"https:\/\/lumart.fr\/wp-content\/uploads\/2017\/12\/7751-Spot-Gerando-LB-Lumart-BD-4.jpg","type":"image\/jpeg"}],"twitter_card":"summary","schema":{"@context":"https:\/\/schema.org","@graph":[{"@type":"WebSite","@id":"https:\/\/lumart.fr\/fr\/#website","url":"https:\/\/lumart.fr\/fr\/","name":"Lum'art","description":"","potentialAction":[{"@type":"SearchAction","target":{"@type":"EntryPoint","urlTemplate":"https:\/\/lumart.fr\/fr\/?s={search_term_string}"},"query-input":"required name=search_term_string"}],"inLanguage":"fr-FR"},{"@type":"ImageObject","@id":"https:\/\/lumart.fr\/fr\/les-collections\/interieur\/spots\/gerando-spot-pm-7751\/#primaryimage","inLanguage":"fr-FR","url":"\/wp-content\/uploads\/2017\/12\/7751-Spot-Gerando-LB-Lumart-BD-4.jpg","contentUrl":"\/wp-content\/uploads\/2017\/12\/7751-Spot-Gerando-LB-Lumart-BD-4.jpg","width":2551,"height":1701,"caption":"Spot G\u00e9rando PM - Finition laiton bross\u00e9"},{"@type":"WebPage","@id":"https:\/\/lumart.fr\/fr\/les-collections\/interieur\/spots\/gerando-spot-pm-7751\/#webpage","url":"https:\/\/lumart.fr\/fr\/les-collections\/interieur\/spots\/gerando-spot-pm-7751\/","name":"Spot G\u00e9rando (7751) - Lum'art","isPartOf":{"@id":"https:\/\/lumart.fr\/fr\/#website"},"primaryImageOfPage":{"@id":"https:\/\/lumart.fr\/fr\/les-collections\/interieur\/spots\/gerando-spot-pm-7751\/#primaryimage"},"datePublished":"2017-12-18T14:33:55+00:00","dateModified":"2023-06-27T11:54:55+00:00","description":"\u00c9pur\u00e9 dans son design, le spot G\u00e9rando apporte une touche graphique quand il est jou\u00e9 en s\u00e9rie sur un plafond par exemple. Totalement orientable, il oriente la lumi\u00e8re de fa\u00e7on directionnelle.","breadcrumb":{"@id":"https:\/\/lumart.fr\/fr\/les-collections\/interieur\/spots\/gerando-spot-pm-7751\/#breadcrumb"},"inLanguage":"fr-FR","potentialAction":[{"@type":"ReadAction","target":["https:\/\/lumart.fr\/fr\/les-collections\/interieur\/spots\/gerando-spot-pm-7751\/"]}]},{"@type":"BreadcrumbList","@id":"https:\/\/lumart.fr\/fr\/les-collections\/interieur\/spots\/gerando-spot-pm-7751\/#breadcrumb","itemListElement":[{"@type":"ListItem","position":1,"name":"Home","item":"https:\/\/lumart.fr\/fr\/"},{"@type":"ListItem","position":2,"name":"Les Collections","item":"https:\/\/lumart.fr\/fr\/les-collections\/"},{"@type":"ListItem","position":3,"name":"G\u00e9rando - Spot PM"}]}]}},"_links":{"self":[{"href":"https:\/\/lumart.fr\/fr\/wp-json\/wp\/v2\/product\/6052"}],"collection":[{"href":"https:\/\/lumart.fr\/fr\/wp-json\/wp\/v2\/product"}],"about":[{"href":"https:\/\/lumart.fr\/fr\/wp-json\/wp\/v2\/types\/product"}],"wp:featuredmedia":[{"embeddable":true,"href":"https:\/\/lumart.fr\/fr\/wp-json\/wp\/v2\/media\/5189"}],"wp:attachment":[{"href":"https:\/\/lumart.fr\/fr\/wp-json\/wp\/v2\/media?parent=6052"}],"wp:term":[{"taxonomy":"product_cat","embeddable":true,"href":"https:\/\/lumart.fr\/fr\/wp-json\/wp\/v2\/product_cat?post=6052"},{"taxonomy":"product_tag","embeddable":true,"href":"https:\/\/lumart.fr\/fr\/wp-json\/wp\/v2\/product_tag?post=6052"}],"curies":[{"name":"wp","href":"https:\/\/api.w.org\/{rel}","templated":true}]}}