{"id":6048,"date":"2017-12-18T14:33:53","date_gmt":"2017-12-18T14:33:53","guid":{"rendered":"https:\/\/lumart.fr\/les-collections\/non%20class\u00e9\/gatsby-applique-3152-2\/"},"modified":"2023-06-27T14:06:15","modified_gmt":"2023-06-27T12:06:15","slug":"gatsby-applique-3152-2","status":"publish","type":"product","link":"https:\/\/lumart.fr\/fr\/les-collections\/interieur\/appliques\/gatsby-applique-3152-2\/","title":{"rendered":"Gatsby - Applique"},"content":{"rendered":"<p>L&rsquo;applique design Gatsby joue les contrastes du laiton ou du zinc bross\u00e9 en fa\u00e7ade et du laiton ou zinc poli en arri\u00e8re plan pour un effet r\u00e9flecteur. La lumi\u00e8re est diffus\u00e9e vers le haut et vers le bas pour un rendu singulier tout en faisceaux lumineux. Sublime.<\/p>\n","protected":false},"excerpt":{"rendered":"<p>L&rsquo;applique design Gatsby joue les contrastes du laiton ou du zinc bross\u00e9 en fa\u00e7ade et du laiton ou zinc poli en arri\u00e8re plan pour un effet r\u00e9flecteur. La lumi\u00e8re est diffus\u00e9e vers le haut et vers le bas pour un rendu singulier tout en faisceaux lumineux. Sublime.<\/p>\n","protected":false},"featured_media":10163,"template":"","meta":[],"product_cat":[229],"product_tag":[],"acf":[],"yoast_head":"<!-- This site is optimized with the Yoast SEO plugin v17.8 - https:\/\/yoast.com\/wordpress\/plugins\/seo\/ -->\n<meta name=\"description\" content=\"L&#039;applique design Gatsby joue les contrastes du laiton ou du zinc bross\u00e9 en fa\u00e7ade et du laiton ou zinc poli en arri\u00e8re plan pour un effet r\u00e9flecteur. La lumi\u00e8re est diffus\u00e9e vers le haut et vers le bas pour un rendu singulier tout en faisceaux lumineux. Sublime.\" \/>\n<meta name=\"robots\" content=\"index, follow, max-snippet:-1, max-image-preview:large, max-video-preview:-1\" \/>\n<link rel=\"canonical\" href=\"https:\/\/lumart.fr\/fr\/les-collections\/interieur\/appliques\/gatsby-applique-3152-2\/\" \/>\n<meta property=\"og:locale\" content=\"fr_FR\" \/>\n<meta property=\"og:type\" content=\"article\" \/>\n<meta property=\"og:title\" content=\"Applique Gatsby (3152\/2) - Lum&#039;art\" \/>\n<meta property=\"og:description\" content=\"L&#039;applique design Gatsby joue les contrastes du laiton ou du zinc bross\u00e9 en fa\u00e7ade et du laiton ou zinc poli en arri\u00e8re plan pour un effet r\u00e9flecteur. La lumi\u00e8re est diffus\u00e9e vers le haut et vers le bas pour un rendu singulier tout en faisceaux lumineux. Sublime.\" \/>\n<meta property=\"og:url\" content=\"https:\/\/lumart.fr\/fr\/les-collections\/interieur\/appliques\/gatsby-applique-3152-2\/\" \/>\n<meta property=\"og:site_name\" content=\"Lum&#039;art\" \/>\n<meta property=\"article:publisher\" content=\"https:\/\/www.facebook.com\/LumArt-1543826629180391\/\" \/>\n<meta property=\"article:modified_time\" content=\"2023-06-27T12:06:15+00:00\" \/>\n<meta property=\"og:image\" content=\"https:\/\/lumart.fr\/wp-content\/uploads\/2018\/11\/Paris-Applique-Gatsby-LBro-2.jpg\" \/>\n\t<meta property=\"og:image:width\" content=\"2551\" \/>\n\t<meta property=\"og:image:height\" content=\"1701\" \/>\n<meta name=\"twitter:card\" content=\"summary\" \/>\n<script type=\"application\/ld+json\" class=\"yoast-schema-graph\">{\"@context\":\"https:\/\/schema.org\",\"@graph\":[{\"@type\":\"WebSite\",\"@id\":\"https:\/\/lumart.fr\/fr\/#website\",\"url\":\"https:\/\/lumart.fr\/fr\/\",\"name\":\"Lum'art\",\"description\":\"\",\"potentialAction\":[{\"@type\":\"SearchAction\",\"target\":{\"@type\":\"EntryPoint\",\"urlTemplate\":\"https:\/\/lumart.fr\/fr\/?s={search_term_string}\"},\"query-input\":\"required name=search_term_string\"}],\"inLanguage\":\"fr-FR\"},{\"@type\":\"ImageObject\",\"@id\":\"https:\/\/lumart.fr\/fr\/les-collections\/interieur\/appliques\/gatsby-applique-3152-2\/#primaryimage\",\"inLanguage\":\"fr-FR\",\"url\":\"\/wp-content\/uploads\/2018\/11\/Paris-Applique-Gatsby-LBro-2.jpg\",\"contentUrl\":\"\/wp-content\/uploads\/2018\/11\/Paris-Applique-Gatsby-LBro-2.jpg\",\"width\":2551,\"height\":1701,\"caption\":\"Applique Gatsby - Finition laiton bross\\u00e9\"},{\"@type\":\"WebPage\",\"@id\":\"https:\/\/lumart.fr\/fr\/les-collections\/interieur\/appliques\/gatsby-applique-3152-2\/#webpage\",\"url\":\"https:\/\/lumart.fr\/fr\/les-collections\/interieur\/appliques\/gatsby-applique-3152-2\/\",\"name\":\"Applique Gatsby (3152\/2) - Lum'art\",\"isPartOf\":{\"@id\":\"https:\/\/lumart.fr\/fr\/#website\"},\"primaryImageOfPage\":{\"@id\":\"https:\/\/lumart.fr\/fr\/les-collections\/interieur\/appliques\/gatsby-applique-3152-2\/#primaryimage\"},\"datePublished\":\"2017-12-18T14:33:53+00:00\",\"dateModified\":\"2023-06-27T12:06:15+00:00\",\"description\":\"L'applique design Gatsby joue les contrastes du laiton ou du zinc bross\\u00e9 en fa\\u00e7ade et du laiton ou zinc poli en arri\\u00e8re plan pour un effet r\\u00e9flecteur. La lumi\\u00e8re est diffus\\u00e9e vers le haut et vers le bas pour un rendu singulier tout en faisceaux lumineux. Sublime.\",\"breadcrumb\":{\"@id\":\"https:\/\/lumart.fr\/fr\/les-collections\/interieur\/appliques\/gatsby-applique-3152-2\/#breadcrumb\"},\"inLanguage\":\"fr-FR\",\"potentialAction\":[{\"@type\":\"ReadAction\",\"target\":[\"https:\/\/lumart.fr\/fr\/les-collections\/interieur\/appliques\/gatsby-applique-3152-2\/\"]}]},{\"@type\":\"BreadcrumbList\",\"@id\":\"https:\/\/lumart.fr\/fr\/les-collections\/interieur\/appliques\/gatsby-applique-3152-2\/#breadcrumb\",\"itemListElement\":[{\"@type\":\"ListItem\",\"position\":1,\"name\":\"Home\",\"item\":\"https:\/\/lumart.fr\/fr\/\"},{\"@type\":\"ListItem\",\"position\":2,\"name\":\"Les Collections\",\"item\":\"https:\/\/lumart.fr\/fr\/les-collections\/\"},{\"@type\":\"ListItem\",\"position\":3,\"name\":\"Gatsby - Applique\"}]}]}<\/script>\n<!-- \/ Yoast SEO plugin. -->","yoast_head_json":{"description":"L'applique design Gatsby joue les contrastes du laiton ou du zinc bross\u00e9 en fa\u00e7ade et du laiton ou zinc poli en arri\u00e8re plan pour un effet r\u00e9flecteur. La lumi\u00e8re est diffus\u00e9e vers le haut et vers le bas pour un rendu singulier tout en faisceaux lumineux. Sublime.","robots":{"index":"index","follow":"follow","max-snippet":"max-snippet:-1","max-image-preview":"max-image-preview:large","max-video-preview":"max-video-preview:-1"},"canonical":"https:\/\/lumart.fr\/fr\/les-collections\/interieur\/appliques\/gatsby-applique-3152-2\/","og_locale":"fr_FR","og_type":"article","og_title":"Applique Gatsby (3152\/2) - Lum'art","og_description":"L'applique design Gatsby joue les contrastes du laiton ou du zinc bross\u00e9 en fa\u00e7ade et du laiton ou zinc poli en arri\u00e8re plan pour un effet r\u00e9flecteur. La lumi\u00e8re est diffus\u00e9e vers le haut et vers le bas pour un rendu singulier tout en faisceaux lumineux. Sublime.","og_url":"https:\/\/lumart.fr\/fr\/les-collections\/interieur\/appliques\/gatsby-applique-3152-2\/","og_site_name":"Lum&#039;art","article_publisher":"https:\/\/www.facebook.com\/LumArt-1543826629180391\/","article_modified_time":"2023-06-27T12:06:15+00:00","og_image":[{"width":2551,"height":1701,"url":"https:\/\/lumart.fr\/wp-content\/uploads\/2018\/11\/Paris-Applique-Gatsby-LBro-2.jpg","type":"image\/jpeg"}],"twitter_card":"summary","schema":{"@context":"https:\/\/schema.org","@graph":[{"@type":"WebSite","@id":"https:\/\/lumart.fr\/fr\/#website","url":"https:\/\/lumart.fr\/fr\/","name":"Lum'art","description":"","potentialAction":[{"@type":"SearchAction","target":{"@type":"EntryPoint","urlTemplate":"https:\/\/lumart.fr\/fr\/?s={search_term_string}"},"query-input":"required name=search_term_string"}],"inLanguage":"fr-FR"},{"@type":"ImageObject","@id":"https:\/\/lumart.fr\/fr\/les-collections\/interieur\/appliques\/gatsby-applique-3152-2\/#primaryimage","inLanguage":"fr-FR","url":"\/wp-content\/uploads\/2018\/11\/Paris-Applique-Gatsby-LBro-2.jpg","contentUrl":"\/wp-content\/uploads\/2018\/11\/Paris-Applique-Gatsby-LBro-2.jpg","width":2551,"height":1701,"caption":"Applique Gatsby - Finition laiton bross\u00e9"},{"@type":"WebPage","@id":"https:\/\/lumart.fr\/fr\/les-collections\/interieur\/appliques\/gatsby-applique-3152-2\/#webpage","url":"https:\/\/lumart.fr\/fr\/les-collections\/interieur\/appliques\/gatsby-applique-3152-2\/","name":"Applique Gatsby (3152\/2) - Lum'art","isPartOf":{"@id":"https:\/\/lumart.fr\/fr\/#website"},"primaryImageOfPage":{"@id":"https:\/\/lumart.fr\/fr\/les-collections\/interieur\/appliques\/gatsby-applique-3152-2\/#primaryimage"},"datePublished":"2017-12-18T14:33:53+00:00","dateModified":"2023-06-27T12:06:15+00:00","description":"L'applique design Gatsby joue les contrastes du laiton ou du zinc bross\u00e9 en fa\u00e7ade et du laiton ou zinc poli en arri\u00e8re plan pour un effet r\u00e9flecteur. La lumi\u00e8re est diffus\u00e9e vers le haut et vers le bas pour un rendu singulier tout en faisceaux lumineux. Sublime.","breadcrumb":{"@id":"https:\/\/lumart.fr\/fr\/les-collections\/interieur\/appliques\/gatsby-applique-3152-2\/#breadcrumb"},"inLanguage":"fr-FR","potentialAction":[{"@type":"ReadAction","target":["https:\/\/lumart.fr\/fr\/les-collections\/interieur\/appliques\/gatsby-applique-3152-2\/"]}]},{"@type":"BreadcrumbList","@id":"https:\/\/lumart.fr\/fr\/les-collections\/interieur\/appliques\/gatsby-applique-3152-2\/#breadcrumb","itemListElement":[{"@type":"ListItem","position":1,"name":"Home","item":"https:\/\/lumart.fr\/fr\/"},{"@type":"ListItem","position":2,"name":"Les Collections","item":"https:\/\/lumart.fr\/fr\/les-collections\/"},{"@type":"ListItem","position":3,"name":"Gatsby - Applique"}]}]}},"_links":{"self":[{"href":"https:\/\/lumart.fr\/fr\/wp-json\/wp\/v2\/product\/6048"}],"collection":[{"href":"https:\/\/lumart.fr\/fr\/wp-json\/wp\/v2\/product"}],"about":[{"href":"https:\/\/lumart.fr\/fr\/wp-json\/wp\/v2\/types\/product"}],"wp:featuredmedia":[{"embeddable":true,"href":"https:\/\/lumart.fr\/fr\/wp-json\/wp\/v2\/media\/10163"}],"wp:attachment":[{"href":"https:\/\/lumart.fr\/fr\/wp-json\/wp\/v2\/media?parent=6048"}],"wp:term":[{"taxonomy":"product_cat","embeddable":true,"href":"https:\/\/lumart.fr\/fr\/wp-json\/wp\/v2\/product_cat?post=6048"},{"taxonomy":"product_tag","embeddable":true,"href":"https:\/\/lumart.fr\/fr\/wp-json\/wp\/v2\/product_tag?post=6048"}],"curies":[{"name":"wp","href":"https:\/\/api.w.org\/{rel}","templated":true}]}}