{"id":6047,"date":"2017-12-18T14:33:52","date_gmt":"2017-12-18T14:33:52","guid":{"rendered":"https:\/\/lumart.fr\/les-collections\/non%20class\u00e9\/gassin-applique-3364\/"},"modified":"2023-06-27T14:14:50","modified_gmt":"2023-06-27T12:14:50","slug":"gassin-applique-3364","status":"publish","type":"product","link":"https:\/\/lumart.fr\/fr\/les-collections\/interieur\/appliques\/gassin-applique-3364\/","title":{"rendered":"Gassin - Applique"},"content":{"rendered":"<p>The Gassin wall light is a small wall light that borrows the look of antique candle holders from an era before electricity and revamps it for today&rsquo;s modern interiors. Perfect for small spaces.<\/p>\n","protected":false},"excerpt":{"rendered":"<p>The Gassin wall light is a small wall light that borrows the look of antique candle holders from an era before electricity and revamps it for today&rsquo;s modern interiors. Perfect for small spaces.<\/p>\n","protected":false},"featured_media":11516,"template":"","meta":[],"product_cat":[229],"product_tag":[],"acf":[],"yoast_head":"<!-- This site is optimized with the Yoast SEO plugin v17.8 - https:\/\/yoast.com\/wordpress\/plugins\/seo\/ -->\n<meta name=\"description\" content=\"Petite applique qui reprend le design des anciens supports de bougie d&#039;une \u00e9poque o\u00f9 l&#039;\u00e9lectricit\u00e9 n&#039;avait pas encore fait son apparition, l&#039;applique Gassin revisite la fonction pour int\u00e9grer nos int\u00e9rieurs d&#039;aujourd&#039;hui. A privil\u00e9gier pour animer les petits espaces.\" \/>\n<meta name=\"robots\" content=\"index, follow, max-snippet:-1, max-image-preview:large, max-video-preview:-1\" \/>\n<link rel=\"canonical\" href=\"https:\/\/lumart.fr\/fr\/les-collections\/interieur\/appliques\/gassin-applique-3364\/\" \/>\n<meta property=\"og:locale\" content=\"fr_FR\" \/>\n<meta property=\"og:type\" content=\"article\" \/>\n<meta property=\"og:title\" content=\"Applique Gassin (3364) - Lum&#039;art\" \/>\n<meta property=\"og:description\" content=\"Petite applique qui reprend le design des anciens supports de bougie d&#039;une \u00e9poque o\u00f9 l&#039;\u00e9lectricit\u00e9 n&#039;avait pas encore fait son apparition, l&#039;applique Gassin revisite la fonction pour int\u00e9grer nos int\u00e9rieurs d&#039;aujourd&#039;hui. A privil\u00e9gier pour animer les petits espaces.\" \/>\n<meta property=\"og:url\" content=\"https:\/\/lumart.fr\/fr\/les-collections\/interieur\/appliques\/gassin-applique-3364\/\" \/>\n<meta property=\"og:site_name\" content=\"Lum&#039;art\" \/>\n<meta property=\"article:publisher\" content=\"https:\/\/www.facebook.com\/LumArt-1543826629180391\/\" \/>\n<meta property=\"article:modified_time\" content=\"2023-06-27T12:14:50+00:00\" \/>\n<meta property=\"og:image\" content=\"https:\/\/lumart.fr\/wp-content\/uploads\/2021\/09\/3364-Applique-Gassin-VZ-Lumart-1.jpg\" \/>\n\t<meta property=\"og:image:width\" content=\"1984\" \/>\n\t<meta property=\"og:image:height\" content=\"1323\" \/>\n<meta name=\"twitter:card\" content=\"summary\" \/>\n<meta name=\"twitter:label1\" content=\"Dur\u00e9e de lecture estim\u00e9e\" \/>\n\t<meta name=\"twitter:data1\" content=\"1 minute\" \/>\n<script type=\"application\/ld+json\" class=\"yoast-schema-graph\">{\"@context\":\"https:\/\/schema.org\",\"@graph\":[{\"@type\":\"WebSite\",\"@id\":\"https:\/\/lumart.fr\/fr\/#website\",\"url\":\"https:\/\/lumart.fr\/fr\/\",\"name\":\"Lum'art\",\"description\":\"\",\"potentialAction\":[{\"@type\":\"SearchAction\",\"target\":{\"@type\":\"EntryPoint\",\"urlTemplate\":\"https:\/\/lumart.fr\/fr\/?s={search_term_string}\"},\"query-input\":\"required name=search_term_string\"}],\"inLanguage\":\"fr-FR\"},{\"@type\":\"ImageObject\",\"@id\":\"https:\/\/lumart.fr\/fr\/les-collections\/interieur\/appliques\/gassin-applique-3364\/#primaryimage\",\"inLanguage\":\"fr-FR\",\"url\":\"\/wp-content\/uploads\/2021\/09\/3364-Applique-Gassin-VZ-Lumart-1.jpg\",\"contentUrl\":\"\/wp-content\/uploads\/2021\/09\/3364-Applique-Gassin-VZ-Lumart-1.jpg\",\"width\":1984,\"height\":1323,\"caption\":\"Applique Gassin - Finition vieux zinc\"},{\"@type\":\"WebPage\",\"@id\":\"https:\/\/lumart.fr\/fr\/les-collections\/interieur\/appliques\/gassin-applique-3364\/#webpage\",\"url\":\"https:\/\/lumart.fr\/fr\/les-collections\/interieur\/appliques\/gassin-applique-3364\/\",\"name\":\"Applique Gassin (3364) - Lum'art\",\"isPartOf\":{\"@id\":\"https:\/\/lumart.fr\/fr\/#website\"},\"primaryImageOfPage\":{\"@id\":\"https:\/\/lumart.fr\/fr\/les-collections\/interieur\/appliques\/gassin-applique-3364\/#primaryimage\"},\"datePublished\":\"2017-12-18T14:33:52+00:00\",\"dateModified\":\"2023-06-27T12:14:50+00:00\",\"description\":\"Petite applique qui reprend le design des anciens supports de bougie d'une \\u00e9poque o\\u00f9 l'\\u00e9lectricit\\u00e9 n'avait pas encore fait son apparition, l'applique Gassin revisite la fonction pour int\\u00e9grer nos int\\u00e9rieurs d'aujourd'hui. A privil\\u00e9gier pour animer les petits espaces.\",\"breadcrumb\":{\"@id\":\"https:\/\/lumart.fr\/fr\/les-collections\/interieur\/appliques\/gassin-applique-3364\/#breadcrumb\"},\"inLanguage\":\"fr-FR\",\"potentialAction\":[{\"@type\":\"ReadAction\",\"target\":[\"https:\/\/lumart.fr\/fr\/les-collections\/interieur\/appliques\/gassin-applique-3364\/\"]}]},{\"@type\":\"BreadcrumbList\",\"@id\":\"https:\/\/lumart.fr\/fr\/les-collections\/interieur\/appliques\/gassin-applique-3364\/#breadcrumb\",\"itemListElement\":[{\"@type\":\"ListItem\",\"position\":1,\"name\":\"Home\",\"item\":\"https:\/\/lumart.fr\/fr\/\"},{\"@type\":\"ListItem\",\"position\":2,\"name\":\"Les Collections\",\"item\":\"https:\/\/lumart.fr\/fr\/les-collections\/\"},{\"@type\":\"ListItem\",\"position\":3,\"name\":\"Gassin - Applique\"}]}]}<\/script>\n<!-- \/ Yoast SEO plugin. -->","yoast_head_json":{"description":"Petite applique qui reprend le design des anciens supports de bougie d'une \u00e9poque o\u00f9 l'\u00e9lectricit\u00e9 n'avait pas encore fait son apparition, l'applique Gassin revisite la fonction pour int\u00e9grer nos int\u00e9rieurs d'aujourd'hui. A privil\u00e9gier pour animer les petits espaces.","robots":{"index":"index","follow":"follow","max-snippet":"max-snippet:-1","max-image-preview":"max-image-preview:large","max-video-preview":"max-video-preview:-1"},"canonical":"https:\/\/lumart.fr\/fr\/les-collections\/interieur\/appliques\/gassin-applique-3364\/","og_locale":"fr_FR","og_type":"article","og_title":"Applique Gassin (3364) - Lum'art","og_description":"Petite applique qui reprend le design des anciens supports de bougie d'une \u00e9poque o\u00f9 l'\u00e9lectricit\u00e9 n'avait pas encore fait son apparition, l'applique Gassin revisite la fonction pour int\u00e9grer nos int\u00e9rieurs d'aujourd'hui. A privil\u00e9gier pour animer les petits espaces.","og_url":"https:\/\/lumart.fr\/fr\/les-collections\/interieur\/appliques\/gassin-applique-3364\/","og_site_name":"Lum&#039;art","article_publisher":"https:\/\/www.facebook.com\/LumArt-1543826629180391\/","article_modified_time":"2023-06-27T12:14:50+00:00","og_image":[{"width":1984,"height":1323,"url":"https:\/\/lumart.fr\/wp-content\/uploads\/2021\/09\/3364-Applique-Gassin-VZ-Lumart-1.jpg","type":"image\/jpeg"}],"twitter_card":"summary","twitter_misc":{"Dur\u00e9e de lecture estim\u00e9e":"1 minute"},"schema":{"@context":"https:\/\/schema.org","@graph":[{"@type":"WebSite","@id":"https:\/\/lumart.fr\/fr\/#website","url":"https:\/\/lumart.fr\/fr\/","name":"Lum'art","description":"","potentialAction":[{"@type":"SearchAction","target":{"@type":"EntryPoint","urlTemplate":"https:\/\/lumart.fr\/fr\/?s={search_term_string}"},"query-input":"required name=search_term_string"}],"inLanguage":"fr-FR"},{"@type":"ImageObject","@id":"https:\/\/lumart.fr\/fr\/les-collections\/interieur\/appliques\/gassin-applique-3364\/#primaryimage","inLanguage":"fr-FR","url":"\/wp-content\/uploads\/2021\/09\/3364-Applique-Gassin-VZ-Lumart-1.jpg","contentUrl":"\/wp-content\/uploads\/2021\/09\/3364-Applique-Gassin-VZ-Lumart-1.jpg","width":1984,"height":1323,"caption":"Applique Gassin - Finition vieux zinc"},{"@type":"WebPage","@id":"https:\/\/lumart.fr\/fr\/les-collections\/interieur\/appliques\/gassin-applique-3364\/#webpage","url":"https:\/\/lumart.fr\/fr\/les-collections\/interieur\/appliques\/gassin-applique-3364\/","name":"Applique Gassin (3364) - Lum'art","isPartOf":{"@id":"https:\/\/lumart.fr\/fr\/#website"},"primaryImageOfPage":{"@id":"https:\/\/lumart.fr\/fr\/les-collections\/interieur\/appliques\/gassin-applique-3364\/#primaryimage"},"datePublished":"2017-12-18T14:33:52+00:00","dateModified":"2023-06-27T12:14:50+00:00","description":"Petite applique qui reprend le design des anciens supports de bougie d'une \u00e9poque o\u00f9 l'\u00e9lectricit\u00e9 n'avait pas encore fait son apparition, l'applique Gassin revisite la fonction pour int\u00e9grer nos int\u00e9rieurs d'aujourd'hui. A privil\u00e9gier pour animer les petits espaces.","breadcrumb":{"@id":"https:\/\/lumart.fr\/fr\/les-collections\/interieur\/appliques\/gassin-applique-3364\/#breadcrumb"},"inLanguage":"fr-FR","potentialAction":[{"@type":"ReadAction","target":["https:\/\/lumart.fr\/fr\/les-collections\/interieur\/appliques\/gassin-applique-3364\/"]}]},{"@type":"BreadcrumbList","@id":"https:\/\/lumart.fr\/fr\/les-collections\/interieur\/appliques\/gassin-applique-3364\/#breadcrumb","itemListElement":[{"@type":"ListItem","position":1,"name":"Home","item":"https:\/\/lumart.fr\/fr\/"},{"@type":"ListItem","position":2,"name":"Les Collections","item":"https:\/\/lumart.fr\/fr\/les-collections\/"},{"@type":"ListItem","position":3,"name":"Gassin - Applique"}]}]}},"_links":{"self":[{"href":"https:\/\/lumart.fr\/fr\/wp-json\/wp\/v2\/product\/6047"}],"collection":[{"href":"https:\/\/lumart.fr\/fr\/wp-json\/wp\/v2\/product"}],"about":[{"href":"https:\/\/lumart.fr\/fr\/wp-json\/wp\/v2\/types\/product"}],"wp:featuredmedia":[{"embeddable":true,"href":"https:\/\/lumart.fr\/fr\/wp-json\/wp\/v2\/media\/11516"}],"wp:attachment":[{"href":"https:\/\/lumart.fr\/fr\/wp-json\/wp\/v2\/media?parent=6047"}],"wp:term":[{"taxonomy":"product_cat","embeddable":true,"href":"https:\/\/lumart.fr\/fr\/wp-json\/wp\/v2\/product_cat?post=6047"},{"taxonomy":"product_tag","embeddable":true,"href":"https:\/\/lumart.fr\/fr\/wp-json\/wp\/v2\/product_tag?post=6047"}],"curies":[{"name":"wp","href":"https:\/\/api.w.org\/{rel}","templated":true}]}}