{"id":6044,"date":"2017-12-18T14:33:51","date_gmt":"2017-12-18T14:33:51","guid":{"rendered":"https:\/\/lumart.fr\/les-collections\/non%20class\u00e9\/etrier-forge-etrier-forge-20-cm-82845\/"},"modified":"2023-06-27T14:20:32","modified_gmt":"2023-06-27T12:20:32","slug":"etrier-forge-etrier-forge-20-cm-82845","status":"publish","type":"product","link":"https:\/\/lumart.fr\/fr\/les-collections\/exterieur\/accroches\/etrier-forge-etrier-forge-20-cm-82845\/","title":{"rendered":" 20 cm"},"content":{"rendered":"<p>L&rsquo;\u00e9trier en fer forg\u00e9 est le compl\u00e9ment n\u00e9cessaire \u00e0 votre lanterne quand votre choix se porte sur une lanterne sur muret ou sur pilier. Les lanternes choisies sur \u00e9trier sont munies, pour la plupart, d&rsquo;une porte qui permet le changement de l&rsquo;ampoule. L&rsquo;\u00e9quipe Lum&rsquo;art est \u00e0 votre disposition pour vous aider dans votre choix.<\/p>\n","protected":false},"excerpt":{"rendered":"<p>L&rsquo;\u00e9trier en fer forg\u00e9 est le compl\u00e9ment n\u00e9cessaire \u00e0 votre lanterne quand votre choix se porte sur une lanterne sur muret ou sur pilier. Les lanternes choisies sur \u00e9trier sont munies, pour la plupart, d&rsquo;une porte qui permet le changement de l&rsquo;ampoule. L&rsquo;\u00e9quipe Lum&rsquo;art est \u00e0 votre disposition pour vous aider dans votre choix.<\/p>\n","protected":false},"featured_media":5757,"template":"","meta":[],"product_cat":[244],"product_tag":[],"acf":[],"yoast_head":"<!-- This site is optimized with the Yoast SEO plugin v17.8 - https:\/\/yoast.com\/wordpress\/plugins\/seo\/ -->\n<meta name=\"description\" content=\"L&#039;\u00e9trier en fer forg\u00e9 est le compl\u00e9ment n\u00e9cessaire \u00e0 votre lanterne quand votre choix se porte sur une lanterne sur muret ou sur pilier. Les lanternes choisies sur \u00e9trier sont munies, pour la plupart, d&#039;une porte qui permet le changement de l&#039;ampoule.\" \/>\n<meta name=\"robots\" content=\"index, follow, max-snippet:-1, max-image-preview:large, max-video-preview:-1\" \/>\n<link rel=\"canonical\" href=\"https:\/\/lumart.fr\/fr\/les-collections\/exterieur\/accroches\/etrier-forge-etrier-forge-20-cm-82845\/\" \/>\n<meta property=\"og:locale\" content=\"fr_FR\" \/>\n<meta property=\"og:type\" content=\"article\" \/>\n<meta property=\"og:title\" content=\"\u00c9trier Forg\u00e9 20 cm (82845) - Lum&#039;art\" \/>\n<meta property=\"og:description\" content=\"L&#039;\u00e9trier en fer forg\u00e9 est le compl\u00e9ment n\u00e9cessaire \u00e0 votre lanterne quand votre choix se porte sur une lanterne sur muret ou sur pilier. Les lanternes choisies sur \u00e9trier sont munies, pour la plupart, d&#039;une porte qui permet le changement de l&#039;ampoule.\" \/>\n<meta property=\"og:url\" content=\"https:\/\/lumart.fr\/fr\/les-collections\/exterieur\/accroches\/etrier-forge-etrier-forge-20-cm-82845\/\" \/>\n<meta property=\"og:site_name\" content=\"Lum&#039;art\" \/>\n<meta property=\"article:publisher\" content=\"https:\/\/www.facebook.com\/LumArt-1543826629180391\/\" \/>\n<meta property=\"article:modified_time\" content=\"2023-06-27T12:20:32+00:00\" \/>\n<meta property=\"og:image\" content=\"https:\/\/lumart.fr\/wp-content\/uploads\/2017\/12\/82845-Etrier-20cm-L-Lumart-BD-2.jpg\" \/>\n\t<meta property=\"og:image:width\" content=\"2551\" \/>\n\t<meta property=\"og:image:height\" content=\"1701\" \/>\n<meta name=\"twitter:card\" content=\"summary\" \/>\n<script type=\"application\/ld+json\" class=\"yoast-schema-graph\">{\"@context\":\"https:\/\/schema.org\",\"@graph\":[{\"@type\":\"WebSite\",\"@id\":\"https:\/\/lumart.fr\/fr\/#website\",\"url\":\"https:\/\/lumart.fr\/fr\/\",\"name\":\"Lum'art\",\"description\":\"\",\"potentialAction\":[{\"@type\":\"SearchAction\",\"target\":{\"@type\":\"EntryPoint\",\"urlTemplate\":\"https:\/\/lumart.fr\/fr\/?s={search_term_string}\"},\"query-input\":\"required name=search_term_string\"}],\"inLanguage\":\"fr-FR\"},{\"@type\":\"ImageObject\",\"@id\":\"https:\/\/lumart.fr\/fr\/les-collections\/exterieur\/accroches\/etrier-forge-etrier-forge-20-cm-82845\/#primaryimage\",\"inLanguage\":\"fr-FR\",\"url\":\"\/wp-content\/uploads\/2017\/12\/82845-Etrier-20cm-L-Lumart-BD-2.jpg\",\"contentUrl\":\"\/wp-content\/uploads\/2017\/12\/82845-Etrier-20cm-L-Lumart-BD-2.jpg\",\"width\":2551,\"height\":1701,\"caption\":\"\\u00c9trier Forg\\u00e9 20 cm - Finition laque noire\"},{\"@type\":\"WebPage\",\"@id\":\"https:\/\/lumart.fr\/fr\/les-collections\/exterieur\/accroches\/etrier-forge-etrier-forge-20-cm-82845\/#webpage\",\"url\":\"https:\/\/lumart.fr\/fr\/les-collections\/exterieur\/accroches\/etrier-forge-etrier-forge-20-cm-82845\/\",\"name\":\"\\u00c9trier Forg\\u00e9 20 cm (82845) - Lum'art\",\"isPartOf\":{\"@id\":\"https:\/\/lumart.fr\/fr\/#website\"},\"primaryImageOfPage\":{\"@id\":\"https:\/\/lumart.fr\/fr\/les-collections\/exterieur\/accroches\/etrier-forge-etrier-forge-20-cm-82845\/#primaryimage\"},\"datePublished\":\"2017-12-18T14:33:51+00:00\",\"dateModified\":\"2023-06-27T12:20:32+00:00\",\"description\":\"L'\\u00e9trier en fer forg\\u00e9 est le compl\\u00e9ment n\\u00e9cessaire \\u00e0 votre lanterne quand votre choix se porte sur une lanterne sur muret ou sur pilier. Les lanternes choisies sur \\u00e9trier sont munies, pour la plupart, d'une porte qui permet le changement de l'ampoule.\",\"breadcrumb\":{\"@id\":\"https:\/\/lumart.fr\/fr\/les-collections\/exterieur\/accroches\/etrier-forge-etrier-forge-20-cm-82845\/#breadcrumb\"},\"inLanguage\":\"fr-FR\",\"potentialAction\":[{\"@type\":\"ReadAction\",\"target\":[\"https:\/\/lumart.fr\/fr\/les-collections\/exterieur\/accroches\/etrier-forge-etrier-forge-20-cm-82845\/\"]}]},{\"@type\":\"BreadcrumbList\",\"@id\":\"https:\/\/lumart.fr\/fr\/les-collections\/exterieur\/accroches\/etrier-forge-etrier-forge-20-cm-82845\/#breadcrumb\",\"itemListElement\":[{\"@type\":\"ListItem\",\"position\":1,\"name\":\"Home\",\"item\":\"https:\/\/lumart.fr\/fr\/\"},{\"@type\":\"ListItem\",\"position\":2,\"name\":\"Les Collections\",\"item\":\"https:\/\/lumart.fr\/fr\/les-collections\/\"},{\"@type\":\"ListItem\",\"position\":3,\"name\":\"20 cm\"}]}]}<\/script>\n<!-- \/ Yoast SEO plugin. -->","yoast_head_json":{"description":"L'\u00e9trier en fer forg\u00e9 est le compl\u00e9ment n\u00e9cessaire \u00e0 votre lanterne quand votre choix se porte sur une lanterne sur muret ou sur pilier. Les lanternes choisies sur \u00e9trier sont munies, pour la plupart, d'une porte qui permet le changement de l'ampoule.","robots":{"index":"index","follow":"follow","max-snippet":"max-snippet:-1","max-image-preview":"max-image-preview:large","max-video-preview":"max-video-preview:-1"},"canonical":"https:\/\/lumart.fr\/fr\/les-collections\/exterieur\/accroches\/etrier-forge-etrier-forge-20-cm-82845\/","og_locale":"fr_FR","og_type":"article","og_title":"\u00c9trier Forg\u00e9 20 cm (82845) - Lum'art","og_description":"L'\u00e9trier en fer forg\u00e9 est le compl\u00e9ment n\u00e9cessaire \u00e0 votre lanterne quand votre choix se porte sur une lanterne sur muret ou sur pilier. Les lanternes choisies sur \u00e9trier sont munies, pour la plupart, d'une porte qui permet le changement de l'ampoule.","og_url":"https:\/\/lumart.fr\/fr\/les-collections\/exterieur\/accroches\/etrier-forge-etrier-forge-20-cm-82845\/","og_site_name":"Lum&#039;art","article_publisher":"https:\/\/www.facebook.com\/LumArt-1543826629180391\/","article_modified_time":"2023-06-27T12:20:32+00:00","og_image":[{"width":2551,"height":1701,"url":"https:\/\/lumart.fr\/wp-content\/uploads\/2017\/12\/82845-Etrier-20cm-L-Lumart-BD-2.jpg","type":"image\/jpeg"}],"twitter_card":"summary","schema":{"@context":"https:\/\/schema.org","@graph":[{"@type":"WebSite","@id":"https:\/\/lumart.fr\/fr\/#website","url":"https:\/\/lumart.fr\/fr\/","name":"Lum'art","description":"","potentialAction":[{"@type":"SearchAction","target":{"@type":"EntryPoint","urlTemplate":"https:\/\/lumart.fr\/fr\/?s={search_term_string}"},"query-input":"required name=search_term_string"}],"inLanguage":"fr-FR"},{"@type":"ImageObject","@id":"https:\/\/lumart.fr\/fr\/les-collections\/exterieur\/accroches\/etrier-forge-etrier-forge-20-cm-82845\/#primaryimage","inLanguage":"fr-FR","url":"\/wp-content\/uploads\/2017\/12\/82845-Etrier-20cm-L-Lumart-BD-2.jpg","contentUrl":"\/wp-content\/uploads\/2017\/12\/82845-Etrier-20cm-L-Lumart-BD-2.jpg","width":2551,"height":1701,"caption":"\u00c9trier Forg\u00e9 20 cm - Finition laque noire"},{"@type":"WebPage","@id":"https:\/\/lumart.fr\/fr\/les-collections\/exterieur\/accroches\/etrier-forge-etrier-forge-20-cm-82845\/#webpage","url":"https:\/\/lumart.fr\/fr\/les-collections\/exterieur\/accroches\/etrier-forge-etrier-forge-20-cm-82845\/","name":"\u00c9trier Forg\u00e9 20 cm (82845) - Lum'art","isPartOf":{"@id":"https:\/\/lumart.fr\/fr\/#website"},"primaryImageOfPage":{"@id":"https:\/\/lumart.fr\/fr\/les-collections\/exterieur\/accroches\/etrier-forge-etrier-forge-20-cm-82845\/#primaryimage"},"datePublished":"2017-12-18T14:33:51+00:00","dateModified":"2023-06-27T12:20:32+00:00","description":"L'\u00e9trier en fer forg\u00e9 est le compl\u00e9ment n\u00e9cessaire \u00e0 votre lanterne quand votre choix se porte sur une lanterne sur muret ou sur pilier. Les lanternes choisies sur \u00e9trier sont munies, pour la plupart, d'une porte qui permet le changement de l'ampoule.","breadcrumb":{"@id":"https:\/\/lumart.fr\/fr\/les-collections\/exterieur\/accroches\/etrier-forge-etrier-forge-20-cm-82845\/#breadcrumb"},"inLanguage":"fr-FR","potentialAction":[{"@type":"ReadAction","target":["https:\/\/lumart.fr\/fr\/les-collections\/exterieur\/accroches\/etrier-forge-etrier-forge-20-cm-82845\/"]}]},{"@type":"BreadcrumbList","@id":"https:\/\/lumart.fr\/fr\/les-collections\/exterieur\/accroches\/etrier-forge-etrier-forge-20-cm-82845\/#breadcrumb","itemListElement":[{"@type":"ListItem","position":1,"name":"Home","item":"https:\/\/lumart.fr\/fr\/"},{"@type":"ListItem","position":2,"name":"Les Collections","item":"https:\/\/lumart.fr\/fr\/les-collections\/"},{"@type":"ListItem","position":3,"name":"20 cm"}]}]}},"_links":{"self":[{"href":"https:\/\/lumart.fr\/fr\/wp-json\/wp\/v2\/product\/6044"}],"collection":[{"href":"https:\/\/lumart.fr\/fr\/wp-json\/wp\/v2\/product"}],"about":[{"href":"https:\/\/lumart.fr\/fr\/wp-json\/wp\/v2\/types\/product"}],"wp:featuredmedia":[{"embeddable":true,"href":"https:\/\/lumart.fr\/fr\/wp-json\/wp\/v2\/media\/5757"}],"wp:attachment":[{"href":"https:\/\/lumart.fr\/fr\/wp-json\/wp\/v2\/media?parent=6044"}],"wp:term":[{"taxonomy":"product_cat","embeddable":true,"href":"https:\/\/lumart.fr\/fr\/wp-json\/wp\/v2\/product_cat?post=6044"},{"taxonomy":"product_tag","embeddable":true,"href":"https:\/\/lumart.fr\/fr\/wp-json\/wp\/v2\/product_tag?post=6044"}],"curies":[{"name":"wp","href":"https:\/\/api.w.org\/{rel}","templated":true}]}}