{"id":6035,"date":"2017-12-18T14:33:47","date_gmt":"2017-12-18T14:33:47","guid":{"rendered":"https:\/\/lumart.fr\/les-collections\/non%20class\u00e9\/directoire-lanterne-tgm-154-3\/"},"modified":"2023-06-22T16:19:25","modified_gmt":"2023-06-22T14:19:25","slug":"directoire-lanterne-tgm-154-3","status":"publish","type":"product","link":"https:\/\/lumart.fr\/fr\/les-collections\/interieur\/lanternes-interieur\/directoire-lanterne-tgm-154-3\/","title":{"rendered":"Directoire - Lanterne TGM"},"content":{"rendered":"<p>D&rsquo;inspiration XIX\u00e8me mais d&rsquo;une grande sobri\u00e9t\u00e9, la collection Directoire regroupe des lanternes int\u00e9rieures \u00e0 suspendre et les appliques qui peuvent leur \u00eatre associ\u00e9es. Fluidit\u00e9 des lignes et sophistication des boules en laiton qui viennent subtilement ench\u00e2sser le corps de la lanterne pour cette collection. Le bras, qui supporte 3 \u00e0 6 lumi\u00e8res selon la taille, est articul\u00e9. Convient id\u00e9alement aux entr\u00e9es de demeure, halls, galeries et couloirs.<\/p>\n","protected":false},"excerpt":{"rendered":"<p>D&rsquo;inspiration XIX\u00e8me mais d&rsquo;une grande sobri\u00e9t\u00e9, la collection Directoire regroupe des lanternes int\u00e9rieures \u00e0 suspendre et les appliques qui peuvent leur \u00eatre associ\u00e9es. Fluidit\u00e9 des lignes et sophistication des boules en laiton qui viennent subtilement ench\u00e2sser le corps de la lanterne pour cette collection. Le bras, qui supporte 3 \u00e0 6 lumi\u00e8res selon la taille, est articul\u00e9. Convient id\u00e9alement aux <a href=\"https:\/\/lumart.fr\/fr\/les-collections\/interieur\/lanternes-interieur\/directoire-lanterne-tgm-154-3\/\" class=\"more\">[ &hellip; ]<\/a><\/p>\n","protected":false},"featured_media":1677,"template":"","meta":[],"product_cat":[241],"product_tag":[],"acf":[],"yoast_head":"<!-- This site is optimized with the Yoast SEO plugin v17.8 - https:\/\/yoast.com\/wordpress\/plugins\/seo\/ -->\n<meta name=\"description\" content=\"D&#039;inspiration XIX\u00e8me mais d&#039;une grande sobri\u00e9t\u00e9, la collection Directoire regroupe des lanternes int\u00e9rieures \u00e0 suspendre et les appliques qui peuvent leur \u00eatre associ\u00e9es. Fluidit\u00e9 des lignes et sophistication des boules en laiton qui viennent subtilement ench\u00e2sser le corps de la lanterne pour cette collection.\" \/>\n<meta name=\"robots\" content=\"index, follow, max-snippet:-1, max-image-preview:large, max-video-preview:-1\" \/>\n<link rel=\"canonical\" href=\"https:\/\/lumart.fr\/fr\/les-collections\/interieur\/lanternes-interieur\/directoire-lanterne-tgm-154-3\/\" \/>\n<meta property=\"og:locale\" content=\"fr_FR\" \/>\n<meta property=\"og:type\" content=\"article\" \/>\n<meta property=\"og:title\" content=\"Lanterne Directoire TGM (154\/3) - Lum&#039;art\" \/>\n<meta property=\"og:description\" content=\"D&#039;inspiration XIX\u00e8me mais d&#039;une grande sobri\u00e9t\u00e9, la collection Directoire regroupe des lanternes int\u00e9rieures \u00e0 suspendre et les appliques qui peuvent leur \u00eatre associ\u00e9es. Fluidit\u00e9 des lignes et sophistication des boules en laiton qui viennent subtilement ench\u00e2sser le corps de la lanterne pour cette collection.\" \/>\n<meta property=\"og:url\" content=\"https:\/\/lumart.fr\/fr\/les-collections\/interieur\/lanternes-interieur\/directoire-lanterne-tgm-154-3\/\" \/>\n<meta property=\"og:site_name\" content=\"Lum&#039;art\" \/>\n<meta property=\"article:publisher\" content=\"https:\/\/www.facebook.com\/LumArt-1543826629180391\/\" \/>\n<meta property=\"article:modified_time\" content=\"2023-06-22T14:19:25+00:00\" \/>\n<meta property=\"og:image\" content=\"https:\/\/lumart.fr\/wp-content\/uploads\/2017\/12\/154-3-Lanterne-Directoire-TGM-VL-Lumart-BD-4.jpg\" \/>\n\t<meta property=\"og:image:width\" content=\"2551\" \/>\n\t<meta property=\"og:image:height\" content=\"1701\" \/>\n<meta name=\"twitter:card\" content=\"summary\" \/>\n<script type=\"application\/ld+json\" class=\"yoast-schema-graph\">{\"@context\":\"https:\/\/schema.org\",\"@graph\":[{\"@type\":\"WebSite\",\"@id\":\"https:\/\/lumart.fr\/fr\/#website\",\"url\":\"https:\/\/lumart.fr\/fr\/\",\"name\":\"Lum'art\",\"description\":\"\",\"potentialAction\":[{\"@type\":\"SearchAction\",\"target\":{\"@type\":\"EntryPoint\",\"urlTemplate\":\"https:\/\/lumart.fr\/fr\/?s={search_term_string}\"},\"query-input\":\"required name=search_term_string\"}],\"inLanguage\":\"fr-FR\"},{\"@type\":\"ImageObject\",\"@id\":\"https:\/\/lumart.fr\/fr\/les-collections\/interieur\/lanternes-interieur\/directoire-lanterne-tgm-154-3\/#primaryimage\",\"inLanguage\":\"fr-FR\",\"url\":\"\/wp-content\/uploads\/2017\/12\/154-3-Lanterne-Directoire-TGM-VL-Lumart-BD-4.jpg\",\"contentUrl\":\"\/wp-content\/uploads\/2017\/12\/154-3-Lanterne-Directoire-TGM-VL-Lumart-BD-4.jpg\",\"width\":2551,\"height\":1701,\"caption\":\"Lanterne Directoire TGM - Finition vieux laiton\"},{\"@type\":\"WebPage\",\"@id\":\"https:\/\/lumart.fr\/fr\/les-collections\/interieur\/lanternes-interieur\/directoire-lanterne-tgm-154-3\/#webpage\",\"url\":\"https:\/\/lumart.fr\/fr\/les-collections\/interieur\/lanternes-interieur\/directoire-lanterne-tgm-154-3\/\",\"name\":\"Lanterne Directoire TGM (154\/3) - Lum'art\",\"isPartOf\":{\"@id\":\"https:\/\/lumart.fr\/fr\/#website\"},\"primaryImageOfPage\":{\"@id\":\"https:\/\/lumart.fr\/fr\/les-collections\/interieur\/lanternes-interieur\/directoire-lanterne-tgm-154-3\/#primaryimage\"},\"datePublished\":\"2017-12-18T14:33:47+00:00\",\"dateModified\":\"2023-06-22T14:19:25+00:00\",\"description\":\"D'inspiration XIX\\u00e8me mais d'une grande sobri\\u00e9t\\u00e9, la collection Directoire regroupe des lanternes int\\u00e9rieures \\u00e0 suspendre et les appliques qui peuvent leur \\u00eatre associ\\u00e9es. Fluidit\\u00e9 des lignes et sophistication des boules en laiton qui viennent subtilement ench\\u00e2sser le corps de la lanterne pour cette collection.\",\"breadcrumb\":{\"@id\":\"https:\/\/lumart.fr\/fr\/les-collections\/interieur\/lanternes-interieur\/directoire-lanterne-tgm-154-3\/#breadcrumb\"},\"inLanguage\":\"fr-FR\",\"potentialAction\":[{\"@type\":\"ReadAction\",\"target\":[\"https:\/\/lumart.fr\/fr\/les-collections\/interieur\/lanternes-interieur\/directoire-lanterne-tgm-154-3\/\"]}]},{\"@type\":\"BreadcrumbList\",\"@id\":\"https:\/\/lumart.fr\/fr\/les-collections\/interieur\/lanternes-interieur\/directoire-lanterne-tgm-154-3\/#breadcrumb\",\"itemListElement\":[{\"@type\":\"ListItem\",\"position\":1,\"name\":\"Home\",\"item\":\"https:\/\/lumart.fr\/fr\/\"},{\"@type\":\"ListItem\",\"position\":2,\"name\":\"Les Collections\",\"item\":\"https:\/\/lumart.fr\/fr\/les-collections\/\"},{\"@type\":\"ListItem\",\"position\":3,\"name\":\"Directoire - Lanterne TGM\"}]}]}<\/script>\n<!-- \/ Yoast SEO plugin. -->","yoast_head_json":{"description":"D'inspiration XIX\u00e8me mais d'une grande sobri\u00e9t\u00e9, la collection Directoire regroupe des lanternes int\u00e9rieures \u00e0 suspendre et les appliques qui peuvent leur \u00eatre associ\u00e9es. Fluidit\u00e9 des lignes et sophistication des boules en laiton qui viennent subtilement ench\u00e2sser le corps de la lanterne pour cette collection.","robots":{"index":"index","follow":"follow","max-snippet":"max-snippet:-1","max-image-preview":"max-image-preview:large","max-video-preview":"max-video-preview:-1"},"canonical":"https:\/\/lumart.fr\/fr\/les-collections\/interieur\/lanternes-interieur\/directoire-lanterne-tgm-154-3\/","og_locale":"fr_FR","og_type":"article","og_title":"Lanterne Directoire TGM (154\/3) - Lum'art","og_description":"D'inspiration XIX\u00e8me mais d'une grande sobri\u00e9t\u00e9, la collection Directoire regroupe des lanternes int\u00e9rieures \u00e0 suspendre et les appliques qui peuvent leur \u00eatre associ\u00e9es. Fluidit\u00e9 des lignes et sophistication des boules en laiton qui viennent subtilement ench\u00e2sser le corps de la lanterne pour cette collection.","og_url":"https:\/\/lumart.fr\/fr\/les-collections\/interieur\/lanternes-interieur\/directoire-lanterne-tgm-154-3\/","og_site_name":"Lum&#039;art","article_publisher":"https:\/\/www.facebook.com\/LumArt-1543826629180391\/","article_modified_time":"2023-06-22T14:19:25+00:00","og_image":[{"width":2551,"height":1701,"url":"https:\/\/lumart.fr\/wp-content\/uploads\/2017\/12\/154-3-Lanterne-Directoire-TGM-VL-Lumart-BD-4.jpg","type":"image\/jpeg"}],"twitter_card":"summary","schema":{"@context":"https:\/\/schema.org","@graph":[{"@type":"WebSite","@id":"https:\/\/lumart.fr\/fr\/#website","url":"https:\/\/lumart.fr\/fr\/","name":"Lum'art","description":"","potentialAction":[{"@type":"SearchAction","target":{"@type":"EntryPoint","urlTemplate":"https:\/\/lumart.fr\/fr\/?s={search_term_string}"},"query-input":"required name=search_term_string"}],"inLanguage":"fr-FR"},{"@type":"ImageObject","@id":"https:\/\/lumart.fr\/fr\/les-collections\/interieur\/lanternes-interieur\/directoire-lanterne-tgm-154-3\/#primaryimage","inLanguage":"fr-FR","url":"\/wp-content\/uploads\/2017\/12\/154-3-Lanterne-Directoire-TGM-VL-Lumart-BD-4.jpg","contentUrl":"\/wp-content\/uploads\/2017\/12\/154-3-Lanterne-Directoire-TGM-VL-Lumart-BD-4.jpg","width":2551,"height":1701,"caption":"Lanterne Directoire TGM - Finition vieux laiton"},{"@type":"WebPage","@id":"https:\/\/lumart.fr\/fr\/les-collections\/interieur\/lanternes-interieur\/directoire-lanterne-tgm-154-3\/#webpage","url":"https:\/\/lumart.fr\/fr\/les-collections\/interieur\/lanternes-interieur\/directoire-lanterne-tgm-154-3\/","name":"Lanterne Directoire TGM (154\/3) - Lum'art","isPartOf":{"@id":"https:\/\/lumart.fr\/fr\/#website"},"primaryImageOfPage":{"@id":"https:\/\/lumart.fr\/fr\/les-collections\/interieur\/lanternes-interieur\/directoire-lanterne-tgm-154-3\/#primaryimage"},"datePublished":"2017-12-18T14:33:47+00:00","dateModified":"2023-06-22T14:19:25+00:00","description":"D'inspiration XIX\u00e8me mais d'une grande sobri\u00e9t\u00e9, la collection Directoire regroupe des lanternes int\u00e9rieures \u00e0 suspendre et les appliques qui peuvent leur \u00eatre associ\u00e9es. Fluidit\u00e9 des lignes et sophistication des boules en laiton qui viennent subtilement ench\u00e2sser le corps de la lanterne pour cette collection.","breadcrumb":{"@id":"https:\/\/lumart.fr\/fr\/les-collections\/interieur\/lanternes-interieur\/directoire-lanterne-tgm-154-3\/#breadcrumb"},"inLanguage":"fr-FR","potentialAction":[{"@type":"ReadAction","target":["https:\/\/lumart.fr\/fr\/les-collections\/interieur\/lanternes-interieur\/directoire-lanterne-tgm-154-3\/"]}]},{"@type":"BreadcrumbList","@id":"https:\/\/lumart.fr\/fr\/les-collections\/interieur\/lanternes-interieur\/directoire-lanterne-tgm-154-3\/#breadcrumb","itemListElement":[{"@type":"ListItem","position":1,"name":"Home","item":"https:\/\/lumart.fr\/fr\/"},{"@type":"ListItem","position":2,"name":"Les Collections","item":"https:\/\/lumart.fr\/fr\/les-collections\/"},{"@type":"ListItem","position":3,"name":"Directoire - Lanterne TGM"}]}]}},"_links":{"self":[{"href":"https:\/\/lumart.fr\/fr\/wp-json\/wp\/v2\/product\/6035"}],"collection":[{"href":"https:\/\/lumart.fr\/fr\/wp-json\/wp\/v2\/product"}],"about":[{"href":"https:\/\/lumart.fr\/fr\/wp-json\/wp\/v2\/types\/product"}],"wp:featuredmedia":[{"embeddable":true,"href":"https:\/\/lumart.fr\/fr\/wp-json\/wp\/v2\/media\/1677"}],"wp:attachment":[{"href":"https:\/\/lumart.fr\/fr\/wp-json\/wp\/v2\/media?parent=6035"}],"wp:term":[{"taxonomy":"product_cat","embeddable":true,"href":"https:\/\/lumart.fr\/fr\/wp-json\/wp\/v2\/product_cat?post=6035"},{"taxonomy":"product_tag","embeddable":true,"href":"https:\/\/lumart.fr\/fr\/wp-json\/wp\/v2\/product_tag?post=6035"}],"curies":[{"name":"wp","href":"https:\/\/api.w.org\/{rel}","templated":true}]}}