{"id":6030,"date":"2017-12-18T14:33:44","date_gmt":"2017-12-18T14:33:44","guid":{"rendered":"https:\/\/lumart.fr\/les-collections\/non%20class\u00e9\/diderot-suspension-60-cm-491\/"},"modified":"2023-06-26T15:52:58","modified_gmt":"2023-06-26T13:52:58","slug":"diderot-suspension-60-cm-491","status":"publish","type":"product","link":"https:\/\/lumart.fr\/fr\/les-collections\/interieur\/suspensions\/diderot-suspension-60-cm-491\/","title":{"rendered":"Diderot - Suspension 60 cm"},"content":{"rendered":"<p>Subtilement industrielle dans sa conception, la collection Diderot, dans sa version C\u00f4ne, regroupe dans un design \u00e9pur\u00e9 lampe, lampadaire et applique. Cette derni\u00e8re peut en outre jouer les \u00e9clairages de tableaux. Dans sa version originale, Diderot se partage entre suspension et applique articul\u00e9e o\u00f9 l&rsquo;abat-jour en laiton ou zinc prend la premi\u00e8re place.<\/p>\n","protected":false},"excerpt":{"rendered":"<p>Subtilement industrielle dans sa conception, la collection Diderot, dans sa version C\u00f4ne, regroupe dans un design \u00e9pur\u00e9 lampe, lampadaire et applique. Cette derni\u00e8re peut en outre jouer les \u00e9clairages de tableaux. Dans sa version originale, Diderot se partage entre suspension et applique articul\u00e9e o\u00f9 l&rsquo;abat-jour en laiton ou zinc prend la premi\u00e8re place.<\/p>\n","protected":false},"featured_media":2730,"template":"","meta":[],"product_cat":[234],"product_tag":[],"acf":[],"yoast_head":"<!-- This site is optimized with the Yoast SEO plugin v17.8 - https:\/\/yoast.com\/wordpress\/plugins\/seo\/ -->\n<meta name=\"description\" content=\"Subtilement industrielle dans sa conception, la collection Diderot, dans sa version C\u00f4ne, regroupe dans un design \u00e9pur\u00e9 lampe, lampadaire et applique. Cette derni\u00e8re peut en outre jouer les \u00e9clairages de tableaux.\" \/>\n<meta name=\"robots\" content=\"index, follow, max-snippet:-1, max-image-preview:large, max-video-preview:-1\" \/>\n<link rel=\"canonical\" href=\"https:\/\/lumart.fr\/fr\/les-collections\/interieur\/suspensions\/diderot-suspension-60-cm-491\/\" \/>\n<meta property=\"og:locale\" content=\"fr_FR\" \/>\n<meta property=\"og:type\" content=\"article\" \/>\n<meta property=\"og:title\" content=\"Suspension Diderot 60 cm (491) - Lum&#039;art\" \/>\n<meta property=\"og:description\" content=\"Subtilement industrielle dans sa conception, la collection Diderot, dans sa version C\u00f4ne, regroupe dans un design \u00e9pur\u00e9 lampe, lampadaire et applique. Cette derni\u00e8re peut en outre jouer les \u00e9clairages de tableaux.\" \/>\n<meta property=\"og:url\" content=\"https:\/\/lumart.fr\/fr\/les-collections\/interieur\/suspensions\/diderot-suspension-60-cm-491\/\" \/>\n<meta property=\"og:site_name\" content=\"Lum&#039;art\" \/>\n<meta property=\"article:publisher\" content=\"https:\/\/www.facebook.com\/LumArt-1543826629180391\/\" \/>\n<meta property=\"article:modified_time\" content=\"2023-06-26T13:52:58+00:00\" \/>\n<meta property=\"og:image\" content=\"https:\/\/lumart.fr\/wp-content\/uploads\/2017\/12\/491-Suspension-Diderot-60cm-VZ-Lumart-BD-4.jpg\" \/>\n\t<meta property=\"og:image:width\" content=\"2551\" \/>\n\t<meta property=\"og:image:height\" content=\"1701\" \/>\n<meta name=\"twitter:card\" content=\"summary\" \/>\n<script type=\"application\/ld+json\" class=\"yoast-schema-graph\">{\"@context\":\"https:\/\/schema.org\",\"@graph\":[{\"@type\":\"WebSite\",\"@id\":\"https:\/\/lumart.fr\/fr\/#website\",\"url\":\"https:\/\/lumart.fr\/fr\/\",\"name\":\"Lum'art\",\"description\":\"\",\"potentialAction\":[{\"@type\":\"SearchAction\",\"target\":{\"@type\":\"EntryPoint\",\"urlTemplate\":\"https:\/\/lumart.fr\/fr\/?s={search_term_string}\"},\"query-input\":\"required name=search_term_string\"}],\"inLanguage\":\"fr-FR\"},{\"@type\":\"ImageObject\",\"@id\":\"https:\/\/lumart.fr\/fr\/les-collections\/interieur\/suspensions\/diderot-suspension-60-cm-491\/#primaryimage\",\"inLanguage\":\"fr-FR\",\"url\":\"\/wp-content\/uploads\/2017\/12\/491-Suspension-Diderot-60cm-VZ-Lumart-BD-4.jpg\",\"contentUrl\":\"\/wp-content\/uploads\/2017\/12\/491-Suspension-Diderot-60cm-VZ-Lumart-BD-4.jpg\",\"width\":2551,\"height\":1701,\"caption\":\"Suspension Diderot 60 cm - Finition vieux zinc\"},{\"@type\":\"WebPage\",\"@id\":\"https:\/\/lumart.fr\/fr\/les-collections\/interieur\/suspensions\/diderot-suspension-60-cm-491\/#webpage\",\"url\":\"https:\/\/lumart.fr\/fr\/les-collections\/interieur\/suspensions\/diderot-suspension-60-cm-491\/\",\"name\":\"Suspension Diderot 60 cm (491) - Lum'art\",\"isPartOf\":{\"@id\":\"https:\/\/lumart.fr\/fr\/#website\"},\"primaryImageOfPage\":{\"@id\":\"https:\/\/lumart.fr\/fr\/les-collections\/interieur\/suspensions\/diderot-suspension-60-cm-491\/#primaryimage\"},\"datePublished\":\"2017-12-18T14:33:44+00:00\",\"dateModified\":\"2023-06-26T13:52:58+00:00\",\"description\":\"Subtilement industrielle dans sa conception, la collection Diderot, dans sa version C\\u00f4ne, regroupe dans un design \\u00e9pur\\u00e9 lampe, lampadaire et applique. Cette derni\\u00e8re peut en outre jouer les \\u00e9clairages de tableaux.\",\"breadcrumb\":{\"@id\":\"https:\/\/lumart.fr\/fr\/les-collections\/interieur\/suspensions\/diderot-suspension-60-cm-491\/#breadcrumb\"},\"inLanguage\":\"fr-FR\",\"potentialAction\":[{\"@type\":\"ReadAction\",\"target\":[\"https:\/\/lumart.fr\/fr\/les-collections\/interieur\/suspensions\/diderot-suspension-60-cm-491\/\"]}]},{\"@type\":\"BreadcrumbList\",\"@id\":\"https:\/\/lumart.fr\/fr\/les-collections\/interieur\/suspensions\/diderot-suspension-60-cm-491\/#breadcrumb\",\"itemListElement\":[{\"@type\":\"ListItem\",\"position\":1,\"name\":\"Home\",\"item\":\"https:\/\/lumart.fr\/fr\/\"},{\"@type\":\"ListItem\",\"position\":2,\"name\":\"Les Collections\",\"item\":\"https:\/\/lumart.fr\/fr\/les-collections\/\"},{\"@type\":\"ListItem\",\"position\":3,\"name\":\"Diderot - Suspension 60 cm\"}]}]}<\/script>\n<!-- \/ Yoast SEO plugin. -->","yoast_head_json":{"description":"Subtilement industrielle dans sa conception, la collection Diderot, dans sa version C\u00f4ne, regroupe dans un design \u00e9pur\u00e9 lampe, lampadaire et applique. Cette derni\u00e8re peut en outre jouer les \u00e9clairages de tableaux.","robots":{"index":"index","follow":"follow","max-snippet":"max-snippet:-1","max-image-preview":"max-image-preview:large","max-video-preview":"max-video-preview:-1"},"canonical":"https:\/\/lumart.fr\/fr\/les-collections\/interieur\/suspensions\/diderot-suspension-60-cm-491\/","og_locale":"fr_FR","og_type":"article","og_title":"Suspension Diderot 60 cm (491) - Lum'art","og_description":"Subtilement industrielle dans sa conception, la collection Diderot, dans sa version C\u00f4ne, regroupe dans un design \u00e9pur\u00e9 lampe, lampadaire et applique. Cette derni\u00e8re peut en outre jouer les \u00e9clairages de tableaux.","og_url":"https:\/\/lumart.fr\/fr\/les-collections\/interieur\/suspensions\/diderot-suspension-60-cm-491\/","og_site_name":"Lum&#039;art","article_publisher":"https:\/\/www.facebook.com\/LumArt-1543826629180391\/","article_modified_time":"2023-06-26T13:52:58+00:00","og_image":[{"width":2551,"height":1701,"url":"https:\/\/lumart.fr\/wp-content\/uploads\/2017\/12\/491-Suspension-Diderot-60cm-VZ-Lumart-BD-4.jpg","type":"image\/jpeg"}],"twitter_card":"summary","schema":{"@context":"https:\/\/schema.org","@graph":[{"@type":"WebSite","@id":"https:\/\/lumart.fr\/fr\/#website","url":"https:\/\/lumart.fr\/fr\/","name":"Lum'art","description":"","potentialAction":[{"@type":"SearchAction","target":{"@type":"EntryPoint","urlTemplate":"https:\/\/lumart.fr\/fr\/?s={search_term_string}"},"query-input":"required name=search_term_string"}],"inLanguage":"fr-FR"},{"@type":"ImageObject","@id":"https:\/\/lumart.fr\/fr\/les-collections\/interieur\/suspensions\/diderot-suspension-60-cm-491\/#primaryimage","inLanguage":"fr-FR","url":"\/wp-content\/uploads\/2017\/12\/491-Suspension-Diderot-60cm-VZ-Lumart-BD-4.jpg","contentUrl":"\/wp-content\/uploads\/2017\/12\/491-Suspension-Diderot-60cm-VZ-Lumart-BD-4.jpg","width":2551,"height":1701,"caption":"Suspension Diderot 60 cm - Finition vieux zinc"},{"@type":"WebPage","@id":"https:\/\/lumart.fr\/fr\/les-collections\/interieur\/suspensions\/diderot-suspension-60-cm-491\/#webpage","url":"https:\/\/lumart.fr\/fr\/les-collections\/interieur\/suspensions\/diderot-suspension-60-cm-491\/","name":"Suspension Diderot 60 cm (491) - Lum'art","isPartOf":{"@id":"https:\/\/lumart.fr\/fr\/#website"},"primaryImageOfPage":{"@id":"https:\/\/lumart.fr\/fr\/les-collections\/interieur\/suspensions\/diderot-suspension-60-cm-491\/#primaryimage"},"datePublished":"2017-12-18T14:33:44+00:00","dateModified":"2023-06-26T13:52:58+00:00","description":"Subtilement industrielle dans sa conception, la collection Diderot, dans sa version C\u00f4ne, regroupe dans un design \u00e9pur\u00e9 lampe, lampadaire et applique. Cette derni\u00e8re peut en outre jouer les \u00e9clairages de tableaux.","breadcrumb":{"@id":"https:\/\/lumart.fr\/fr\/les-collections\/interieur\/suspensions\/diderot-suspension-60-cm-491\/#breadcrumb"},"inLanguage":"fr-FR","potentialAction":[{"@type":"ReadAction","target":["https:\/\/lumart.fr\/fr\/les-collections\/interieur\/suspensions\/diderot-suspension-60-cm-491\/"]}]},{"@type":"BreadcrumbList","@id":"https:\/\/lumart.fr\/fr\/les-collections\/interieur\/suspensions\/diderot-suspension-60-cm-491\/#breadcrumb","itemListElement":[{"@type":"ListItem","position":1,"name":"Home","item":"https:\/\/lumart.fr\/fr\/"},{"@type":"ListItem","position":2,"name":"Les Collections","item":"https:\/\/lumart.fr\/fr\/les-collections\/"},{"@type":"ListItem","position":3,"name":"Diderot - Suspension 60 cm"}]}]}},"_links":{"self":[{"href":"https:\/\/lumart.fr\/fr\/wp-json\/wp\/v2\/product\/6030"}],"collection":[{"href":"https:\/\/lumart.fr\/fr\/wp-json\/wp\/v2\/product"}],"about":[{"href":"https:\/\/lumart.fr\/fr\/wp-json\/wp\/v2\/types\/product"}],"wp:featuredmedia":[{"embeddable":true,"href":"https:\/\/lumart.fr\/fr\/wp-json\/wp\/v2\/media\/2730"}],"wp:attachment":[{"href":"https:\/\/lumart.fr\/fr\/wp-json\/wp\/v2\/media?parent=6030"}],"wp:term":[{"taxonomy":"product_cat","embeddable":true,"href":"https:\/\/lumart.fr\/fr\/wp-json\/wp\/v2\/product_cat?post=6030"},{"taxonomy":"product_tag","embeddable":true,"href":"https:\/\/lumart.fr\/fr\/wp-json\/wp\/v2\/product_tag?post=6030"}],"curies":[{"name":"wp","href":"https:\/\/api.w.org\/{rel}","templated":true}]}}